{"id":648,"date":"2021-02-19T13:42:58","date_gmt":"2021-02-19T12:42:58","guid":{"rendered":"https:\/\/agora.xtec.cat\/esc-cabanes\/?page_id=648"},"modified":"2025-02-17T15:41:49","modified_gmt":"2025-02-17T14:41:49","slug":"projecte-interdisciplinar","status":"publish","type":"page","link":"https:\/\/agora.xtec.cat\/esc-cabanes\/projecte-educatiu\/projecte-interdisciplinar\/","title":{"rendered":"Projecte interdisciplinar"},"content":{"rendered":"<p>La nostra escola celebra des de fa anys la Setmana Cultural.<a href=\"https:\/\/agora.xtec.cat\/esc-cabanes\/wp-content\/uploads\/usu2421\/2021\/05\/Projecte-interdisciplinar-min.jpg\"><img loading=\"lazy\" decoding=\"async\" class=\"wp-image-908 alignright\" src=\"https:\/\/agora.xtec.cat\/esc-cabanes\/wp-content\/uploads\/usu2421\/2021\/05\/Projecte-interdisciplinar-min-1024x768.jpg\" alt=\"\" width=\"390\" height=\"292\" srcset=\"https:\/\/agora.xtec.cat\/esc-cabanes\/wp-content\/uploads\/usu2421\/2021\/05\/Projecte-interdisciplinar-min-1024x768.jpg 1024w, https:\/\/agora.xtec.cat\/esc-cabanes\/wp-content\/uploads\/usu2421\/2021\/05\/Projecte-interdisciplinar-min-300x225.jpg 300w, https:\/\/agora.xtec.cat\/esc-cabanes\/wp-content\/uploads\/usu2421\/2021\/05\/Projecte-interdisciplinar-min-768x576.jpg 768w, https:\/\/agora.xtec.cat\/esc-cabanes\/wp-content\/uploads\/usu2421\/2021\/05\/Projecte-interdisciplinar-min-200x150.jpg 200w\" sizes=\"auto, (max-width: 390px) 100vw, 390px\" \/><\/a><\/p>\n<p>Durant la Setmana Cultural, la programaci\u00f3 s\u2019organitza en funci\u00f3 del tema escollit, hi ha flexibilitat d\u2019agrupaments i s\u2019ofereix a l\u2019alumnat diversitat d\u2019activitats: dossiers, tallers, decoraci\u00f3 i activitats comunes per a tota l\u2019escola (teatre, espectacle musical, mostra gastron\u00f2mica, etc\u2026). Es pret\u00e9n, a m\u00e9s d\u2019aprofundir en el tema escollit, l\u2019intercanvi d\u2019opinions i informacions, el treball de reflexi\u00f3, d\u2019arribar a conclusions\u2026 en definitiva treballar de forma molt significativa i funcional per aconseguir l\u2019assimilaci\u00f3 dels continguts de forma l\u00fadica i atractiva. La realitzaci\u00f3 d\u2019aquestes Setmanes Culturals ens d\u00f3na la possibilitat, m\u00e9s que mai, de treballar el curr\u00edculum de manera interrelacionada.<\/p>\n","protected":false},"excerpt":{"rendered":"<p>La nostra escola celebra des de fa anys la Setmana Cultural.<a href=\"https:\/\/agora.xtec.cat\/esc-cabanes\/wp-content\/uploads\/usu2421\/2021\/05\/Projecte-interdisciplinar-min.jpg\"><\/a><br \/>\nDurant la Setmana Cultural, la programaci\u00f3 s\u2019organitza en funci\u00f3 del tema escollit, hi ha flexibilitat d\u2019agrupaments i s\u2019ofereix a l\u2019alumnat diversitat d\u2019activitats: dossiers, tallers, decoraci\u00f3 i activitats comunes per a tota l\u2019escola (teatre, espectacle&hellip;  <a href=\"https:\/\/agora.xtec.cat\/esc-cabanes\/projecte-educatiu\/projecte-interdisciplinar\/\" title=\"Read Projecte interdisciplinar\">Llegeix m\u00e9s\u00bb<\/a><\/p>\n","protected":false},"author":1,"featured_media":0,"parent":64,"menu_order":0,"comment_status":"closed","ping_status":"closed","template":"page-templates\/side-menu.php","meta":{"_bbp_topic_count":0,"_bbp_reply_count":0,"_bbp_total_topic_count":0,"_bbp_total_reply_count":0,"_bbp_voice_count":0,"_bbp_anonymous_reply_count":0,"_bbp_topic_count_hidden":0,"_bbp_reply_count_hidden":0,"_bbp_forum_subforum_count":0,"footnotes":""},"class_list":["post-648","page","type-page","status-publish","hentry"],"post_mailing_queue_ids":[],"_links":{"self":[{"href":"https:\/\/agora.xtec.cat\/esc-cabanes\/wp-json\/wp\/v2\/pages\/648","targetHints":{"allow":["GET"]}}],"collection":[{"href":"https:\/\/agora.xtec.cat\/esc-cabanes\/wp-json\/wp\/v2\/pages"}],"about":[{"href":"https:\/\/agora.xtec.cat\/esc-cabanes\/wp-json\/wp\/v2\/types\/page"}],"author":[{"embeddable":true,"href":"https:\/\/agora.xtec.cat\/esc-cabanes\/wp-json\/wp\/v2\/users\/1"}],"replies":[{"embeddable":true,"href":"https:\/\/agora.xtec.cat\/esc-cabanes\/wp-json\/wp\/v2\/comments?post=648"}],"version-history":[{"count":4,"href":"https:\/\/agora.xtec.cat\/esc-cabanes\/wp-json\/wp\/v2\/pages\/648\/revisions"}],"predecessor-version":[{"id":2021,"href":"https:\/\/agora.xtec.cat\/esc-cabanes\/wp-json\/wp\/v2\/pages\/648\/revisions\/2021"}],"up":[{"embeddable":true,"href":"https:\/\/agora.xtec.cat\/esc-cabanes\/wp-json\/wp\/v2\/pages\/64"}],"wp:attachment":[{"href":"https:\/\/agora.xtec.cat\/esc-cabanes\/wp-json\/wp\/v2\/media?parent=648"}],"curies":[{"name":"wp","href":"https:\/\/api.w.org\/{rel}","templated":true}]}}