{"id":640,"date":"2021-02-19T13:42:01","date_gmt":"2021-02-19T12:42:01","guid":{"rendered":"https:\/\/agora.xtec.cat\/esc-cabanes\/?page_id=640"},"modified":"2025-02-13T10:16:42","modified_gmt":"2025-02-13T09:16:42","slug":"sigues-tu","status":"publish","type":"page","link":"https:\/\/agora.xtec.cat\/esc-cabanes\/projecte-educatiu\/sigues-tu\/","title":{"rendered":"Sigues Tu"},"content":{"rendered":"<p>El programa <em>Sigues<\/em><em> tu: eines i actius per a la salut<\/em> aquest any es treballar\u00e0 des de p3 fins a 6\u00e8 i <strong>es dur\u00e0 a terme des de les tutories<\/strong>. T\u00e9 per objectius:<\/p>\n<ul>\n<li>Desenvolupar les capacitats dels infants i les persones <a href=\"https:\/\/agora.xtec.cat\/esc-cabanes\/wp-content\/uploads\/usu2421\/2021\/05\/Sigues-tu-min.jpg\"><img loading=\"lazy\" decoding=\"async\" class=\"wp-image-928 alignright\" src=\"https:\/\/agora.xtec.cat\/esc-cabanes\/wp-content\/uploads\/usu2421\/2021\/05\/Sigues-tu-min-768x1024.jpg\" alt=\"\" width=\"247\" height=\"329\" srcset=\"https:\/\/agora.xtec.cat\/esc-cabanes\/wp-content\/uploads\/usu2421\/2021\/05\/Sigues-tu-min-768x1024.jpg 768w, https:\/\/agora.xtec.cat\/esc-cabanes\/wp-content\/uploads\/usu2421\/2021\/05\/Sigues-tu-min-225x300.jpg 225w\" sizes=\"auto, (max-width: 247px) 100vw, 247px\" \/><\/a>joves per tal que puguin afrontar de forma positiva els desafiaments de la vida quotidiana.<\/li>\n<li>Promoure la incorporaci\u00f3 als centres educatius d\u2019un treball transversal d\u2019educaci\u00f3 per la salut i contribuir aix\u00ed a millorar la qualitat de vida tant de l\u2019alumnat com del professorat<\/li>\n<li>Facilitar a les fam\u00edlies espais de reflexi\u00f3 sobre la salut dels seus fills i estrat\u00e8gies per afrontar el seu proc\u00e9s de desenvolupament com a persones.<\/li>\n<\/ul>\n<p>Mitjan\u00e7ant metodologies actives i de caire vivencial en base als interessos i les experi\u00e8ncies de l\u2019alumnat, es desenvolupar\u00e0 el tractament de les deu habilitats per a la vida definides per l\u2019OMS (autoconeixement, empatia, presa de decisions, pensament creatiu, pensament cr\u00edtic, relacions personals, soluci\u00f3 de problemes, comunicaci\u00f3 assertiva, gesti\u00f3 de les emocions i els sentiments i gesti\u00f3 de les tensions i l\u2019estr\u00e8s) i els principals h\u00e0bits que afecten a la salut.<\/p>\n<p><img loading=\"lazy\" decoding=\"async\" class=\"wp-image-927 alignleft\" src=\"https:\/\/agora.xtec.cat\/esc-cabanes\/wp-content\/uploads\/usu2421\/2021\/05\/Sigues-tu-2-min-1024x768.jpg\" alt=\"\" width=\"441\" height=\"331\" srcset=\"https:\/\/agora.xtec.cat\/esc-cabanes\/wp-content\/uploads\/usu2421\/2021\/05\/Sigues-tu-2-min-1024x768.jpg 1024w, https:\/\/agora.xtec.cat\/esc-cabanes\/wp-content\/uploads\/usu2421\/2021\/05\/Sigues-tu-2-min-300x225.jpg 300w, https:\/\/agora.xtec.cat\/esc-cabanes\/wp-content\/uploads\/usu2421\/2021\/05\/Sigues-tu-2-min-768x576.jpg 768w, https:\/\/agora.xtec.cat\/esc-cabanes\/wp-content\/uploads\/usu2421\/2021\/05\/Sigues-tu-2-min-200x150.jpg 200w\" sizes=\"auto, (max-width: 441px) 100vw, 441px\" \/><\/p>\n<p>&nbsp;<\/p>\n<p>&nbsp;<\/p>\n","protected":false},"excerpt":{"rendered":"<p>El programa Sigues tu: eines i actius per a la salut aquest any es treballar\u00e0 des de p3 fins a 6\u00e8 i es dur\u00e0 a terme des de les tutories. T\u00e9 per objectius:<\/p>\n<ul>\n<li>Desenvolupar les capacitats dels infants i les persones <a href=\"https:\/\/agora.xtec.cat\/esc-cabanes\/wp-content\/uploads\/usu2421\/2021\/05\/Sigues-tu-min.jpg\"><\/a>joves per tal que&hellip;  <a href=\"https:\/\/agora.xtec.cat\/esc-cabanes\/projecte-educatiu\/sigues-tu\/\" title=\"Read Sigues Tu\">Llegeix m\u00e9s\u00bb<\/a><br \/>\n","protected":false},"author":1,"featured_media":0,"parent":64,"menu_order":0,"comment_status":"closed","ping_status":"closed","template":"page-templates\/side-menu.php","meta":{"_bbp_topic_count":0,"_bbp_reply_count":0,"_bbp_total_topic_count":0,"_bbp_total_reply_count":0,"_bbp_voice_count":0,"_bbp_anonymous_reply_count":0,"_bbp_topic_count_hidden":0,"_bbp_reply_count_hidden":0,"_bbp_forum_subforum_count":0,"footnotes":""},"class_list":["post-640","page","type-page","status-publish","hentry"],"post_mailing_queue_ids":[],"_links":{"self":[{"href":"https:\/\/agora.xtec.cat\/esc-cabanes\/wp-json\/wp\/v2\/pages\/640","targetHints":{"allow":["GET"]}}],"collection":[{"href":"https:\/\/agora.xtec.cat\/esc-cabanes\/wp-json\/wp\/v2\/pages"}],"about":[{"href":"https:\/\/agora.xtec.cat\/esc-cabanes\/wp-json\/wp\/v2\/types\/page"}],"author":[{"embeddable":true,"href":"https:\/\/agora.xtec.cat\/esc-cabanes\/wp-json\/wp\/v2\/users\/1"}],"replies":[{"embeddable":true,"href":"https:\/\/agora.xtec.cat\/esc-cabanes\/wp-json\/wp\/v2\/comments?post=640"}],"version-history":[{"count":3,"href":"https:\/\/agora.xtec.cat\/esc-cabanes\/wp-json\/wp\/v2\/pages\/640\/revisions"}],"predecessor-version":[{"id":934,"href":"https:\/\/agora.xtec.cat\/esc-cabanes\/wp-json\/wp\/v2\/pages\/640\/revisions\/934"}],"up":[{"embeddable":true,"href":"https:\/\/agora.xtec.cat\/esc-cabanes\/wp-json\/wp\/v2\/pages\/64"}],"wp:attachment":[{"href":"https:\/\/agora.xtec.cat\/esc-cabanes\/wp-json\/wp\/v2\/media?parent=640"}],"curies":[{"name":"wp","href":"https:\/\/api.w.org\/{rel}","templated":true}]}}