{"id":636,"date":"2021-02-19T13:41:39","date_gmt":"2021-02-19T12:41:39","guid":{"rendered":"https:\/\/agora.xtec.cat\/esc-cabanes\/?page_id=636"},"modified":"2025-02-13T10:02:44","modified_gmt":"2025-02-13T09:02:44","slug":"qui-som","status":"publish","type":"page","link":"https:\/\/agora.xtec.cat\/esc-cabanes\/projecte-educatiu\/qui-som\/","title":{"rendered":"Qui som?"},"content":{"rendered":"<p><strong>TRETS D\u2019IDENTITAT DEL CENTRE<\/strong><\/p>\n<ul>\n<li style=\"list-style-type: none;\">\n<ul>\n<li style=\"list-style-type: none;\">\n<ul>\n<li>Una escola p\u00fablica, rural, c\u00edclica, familiar i propera.<\/li>\n<li>Una escola catalana, que potencia i utilitza el catal\u00e0 com a llengua d\u2019aprenentatge, comunicaci\u00f3 interna i projecci\u00f3 exterior.<\/li>\n<li>Una escola inclusiva, que vetlla per l\u2019atenci\u00f3 a la diversitat de cada un dels nostres alumnes.<a href=\"https:\/\/agora.xtec.cat\/esc-cabanes\/wp-content\/uploads\/usu2421\/2021\/05\/Random-7-min.jpg\"><img loading=\"lazy\" decoding=\"async\" class=\"wp-image-913 alignright\" src=\"https:\/\/agora.xtec.cat\/esc-cabanes\/wp-content\/uploads\/usu2421\/2021\/05\/Random-7-min-1024x577.jpg\" alt=\"\" width=\"349\" height=\"197\" srcset=\"https:\/\/agora.xtec.cat\/esc-cabanes\/wp-content\/uploads\/usu2421\/2021\/05\/Random-7-min-1024x577.jpg 1024w, https:\/\/agora.xtec.cat\/esc-cabanes\/wp-content\/uploads\/usu2421\/2021\/05\/Random-7-min-300x169.jpg 300w, https:\/\/agora.xtec.cat\/esc-cabanes\/wp-content\/uploads\/usu2421\/2021\/05\/Random-7-min-768x433.jpg 768w, https:\/\/agora.xtec.cat\/esc-cabanes\/wp-content\/uploads\/usu2421\/2021\/05\/Random-7-min.jpg 1987w\" sizes=\"auto, (max-width: 349px) 100vw, 349px\" \/><\/a><\/li>\n<li>Una escola oberta a l\u2019entorn i al poble, sensibilitzada amb el medi i que aposta per una educaci\u00f3 mediambiental, basada en la cura, respecte i defensa de la natura.<\/li>\n<li>Una escola participativa i plural, que fomenta la relaci\u00f3 fam\u00edlia \u2013 escola<\/li>\n<li>Una escola que treballa per una educaci\u00f3 integral de l\u2019alumne, en totes les dimensions de la seva personalitat.<\/li>\n<li>Una escola que veu l\u2019alumne com a protagonista del seu proc\u00e9s d\u2019aprenentatge.<\/li>\n<li>Una escola que promou l\u2019educaci\u00f3 de persones aut\u00f2nomes i cr\u00edtiques.<\/li>\n<li>Una escola que vol avan\u00e7ar en el treball en equip i col\u00b7laboratiu, en la participaci\u00f3 i el di\u00e0leg en la presa de decisions.<\/li>\n<li>Una escola amb voluntat d\u2019adaptar-se a les necessitats actuals, capa\u00e7 d\u2019assumir canvis i gestionar noves realitats.<\/li>\n<\/ul>\n<\/li>\n<\/ul>\n<\/li>\n<\/ul>\n<p><a href=\"https:\/\/agora.xtec.cat\/esc-cabanes\/wp-content\/uploads\/usu2421\/2021\/02\/IMG-20190130-WA0004-e1621252040722.jpg\"><img loading=\"lazy\" decoding=\"async\" class=\"size-large wp-image-689 aligncenter\" src=\"https:\/\/agora.xtec.cat\/esc-cabanes\/wp-content\/uploads\/usu2421\/2021\/02\/IMG-20190130-WA0004-e1621252040722-1024x279.jpg\" alt=\"\" width=\"1024\" height=\"279\" srcset=\"https:\/\/agora.xtec.cat\/esc-cabanes\/wp-content\/uploads\/usu2421\/2021\/02\/IMG-20190130-WA0004-e1621252040722-1024x279.jpg 1024w, https:\/\/agora.xtec.cat\/esc-cabanes\/wp-content\/uploads\/usu2421\/2021\/02\/IMG-20190130-WA0004-e1621252040722-300x82.jpg 300w, https:\/\/agora.xtec.cat\/esc-cabanes\/wp-content\/uploads\/usu2421\/2021\/02\/IMG-20190130-WA0004-e1621252040722-768x209.jpg 768w, https:\/\/agora.xtec.cat\/esc-cabanes\/wp-content\/uploads\/usu2421\/2021\/02\/IMG-20190130-WA0004-e1621252040722.jpg 1496w\" sizes=\"auto, (max-width: 1024px) 100vw, 1024px\" \/><\/a><\/p>\n","protected":false},"excerpt":{"rendered":"<p>TRETS D\u2019IDENTITAT DEL CENTRE<\/p>\n<ul>\n<li style=\"list-style-type: none;\">\n<ul>\n<li style=\"list-style-type: none;\">\n<ul>\n<li>Una escola p\u00fablica, rural, c\u00edclica, familiar i propera.<\/li>\n<li>Una escola catalana, que potencia i utilitza el catal\u00e0 com a llengua d\u2019aprenentatge, comunicaci\u00f3 interna i projecci\u00f3 exterior.<\/li>\n<li>Una escola inclusiva, que vetlla per l\u2019atenci\u00f3 a la diversitat de cada un dels&hellip;  <a href=\"https:\/\/agora.xtec.cat\/esc-cabanes\/projecte-educatiu\/qui-som\/\" title=\"Read Qui som?\">Llegeix m\u00e9s\u00bb<\/a><br \/>\n","protected":false},"author":1,"featured_media":0,"parent":64,"menu_order":0,"comment_status":"closed","ping_status":"closed","template":"page-templates\/side-menu.php","meta":{"_bbp_topic_count":0,"_bbp_reply_count":0,"_bbp_total_topic_count":0,"_bbp_total_reply_count":0,"_bbp_voice_count":0,"_bbp_anonymous_reply_count":0,"_bbp_topic_count_hidden":0,"_bbp_reply_count_hidden":0,"_bbp_forum_subforum_count":0,"footnotes":""},"class_list":["post-636","page","type-page","status-publish","hentry"],"post_mailing_queue_ids":[],"_links":{"self":[{"href":"https:\/\/agora.xtec.cat\/esc-cabanes\/wp-json\/wp\/v2\/pages\/636","targetHints":{"allow":["GET"]}}],"collection":[{"href":"https:\/\/agora.xtec.cat\/esc-cabanes\/wp-json\/wp\/v2\/pages"}],"about":[{"href":"https:\/\/agora.xtec.cat\/esc-cabanes\/wp-json\/wp\/v2\/types\/page"}],"author":[{"embeddable":true,"href":"https:\/\/agora.xtec.cat\/esc-cabanes\/wp-json\/wp\/v2\/users\/1"}],"replies":[{"embeddable":true,"href":"https:\/\/agora.xtec.cat\/esc-cabanes\/wp-json\/wp\/v2\/comments?post=636"}],"version-history":[{"count":3,"href":"https:\/\/agora.xtec.cat\/esc-cabanes\/wp-json\/wp\/v2\/pages\/636\/revisions"}],"predecessor-version":[{"id":935,"href":"https:\/\/agora.xtec.cat\/esc-cabanes\/wp-json\/wp\/v2\/pages\/636\/revisions\/935"}],"up":[{"embeddable":true,"href":"https:\/\/agora.xtec.cat\/esc-cabanes\/wp-json\/wp\/v2\/pages\/64"}],"wp:attachment":[{"href":"https:\/\/agora.xtec.cat\/esc-cabanes\/wp-json\/wp\/v2\/media?parent=636"}],"curies":[{"name":"wp","href":"https:\/\/api.w.org\/{rel}","templated":true}]}}