{"id":38,"date":"2014-09-18T12:34:08","date_gmt":"2014-09-18T11:34:08","guid":{"rendered":"http:\/\/agora.xtec.cat\/esc-cabanes\/?page_id=38"},"modified":"2025-02-17T15:50:31","modified_gmt":"2025-02-17T14:50:31","slug":"salut","status":"publish","type":"page","link":"https:\/\/agora.xtec.cat\/esc-cabanes\/lescola\/salut\/","title":{"rendered":"Salut"},"content":{"rendered":"<p><strong>MEDICAMENTS I SANITAT<\/strong><\/p>\n<p>Si \u00e9s necessari que, des de l\u2019escola, haguem de donar un medicament a un\/ alumne\/a, cal signar <strong>una autoritzaci\u00f3 i adjuntar la recepta m\u00e8dica<\/strong>. Tindreu una c\u00f2pia d\u2019aquesta autoritzaci\u00f3 a l\u2019agenda o us la podeu descarregar <a href=\"https:\/\/agora.xtec.cat\/esc-cabanes\/wp-content\/uploads\/usu2421\/2021\/04\/autoritzaci\u00f3-de-medicaments.doc\">aqu\u00ed mateix<\/a>.<\/p>\n<p>En cas que un alumne tingui una <strong>malaltia infecciosa<\/strong> (conjuntivitis, varicel\u00b7la,&#8230;) no podr\u00e0 assistir a l\u2019escola fins que aquesta s\u2019hagi solucionat.<\/p>\n<p>Si un\/a alumne t\u00e9 <strong>polls<\/strong> agrairem no assisteixi a l\u2019escola fins estar totalment net de polls i ll\u00e9menes. \u00c9s important revisar els caps dels vostres fills\/es regularment i aplicar tractaments preventius de polls.<\/p>\n<p>En cas d\u2019<strong>urg\u00e8ncia<\/strong> per malaltia o accident us avisarem perqu\u00e8 vingueu a buscar el vostre fill o filla. \u00c9s important que estigueu localitzables i que els tel\u00e8fons de contacte que ens faciliteu estiguin actualitzats.<\/p>\n<p><strong> <a href=\"https:\/\/agora.xtec.cat\/esc-cabanes\/wp-content\/uploads\/usu2421\/2021\/05\/Random-15-min.jpg\"><img loading=\"lazy\" decoding=\"async\" class=\"wp-image-921 aligncenter\" src=\"https:\/\/agora.xtec.cat\/esc-cabanes\/wp-content\/uploads\/usu2421\/2021\/05\/Random-15-min-1024x768.jpg\" alt=\"\" width=\"394\" height=\"296\" srcset=\"https:\/\/agora.xtec.cat\/esc-cabanes\/wp-content\/uploads\/usu2421\/2021\/05\/Random-15-min-1024x768.jpg 1024w, https:\/\/agora.xtec.cat\/esc-cabanes\/wp-content\/uploads\/usu2421\/2021\/05\/Random-15-min-300x225.jpg 300w, https:\/\/agora.xtec.cat\/esc-cabanes\/wp-content\/uploads\/usu2421\/2021\/05\/Random-15-min-768x576.jpg 768w, https:\/\/agora.xtec.cat\/esc-cabanes\/wp-content\/uploads\/usu2421\/2021\/05\/Random-15-min-200x150.jpg 200w\" sizes=\"auto, (max-width: 394px) 100vw, 394px\" \/><\/a><\/strong><\/p>\n<p>&nbsp;<\/p>\n","protected":false},"excerpt":{"rendered":"<p>MEDICAMENTS I SANITAT<br \/>\nSi \u00e9s necessari que, des de l\u2019escola, haguem de donar un medicament a un\/ alumne\/a, cal signar una autoritzaci\u00f3 i adjuntar la recepta m\u00e8dica. Tindreu una c\u00f2pia d\u2019aquesta autoritzaci\u00f3 a l\u2019agenda o us la podeu descarregar <a href=\"https:\/\/agora.xtec.cat\/esc-cabanes\/wp-content\/uploads\/usu2421\/2021\/04\/autoritzaci\u00f3-de-medicaments.doc\">aqu\u00ed mateix<\/a>.<br \/>\nEn cas que un alumne&hellip;  <a href=\"https:\/\/agora.xtec.cat\/esc-cabanes\/lescola\/salut\/\" title=\"Read Salut\">Llegeix m\u00e9s\u00bb<\/a><\/p>\n","protected":false},"author":1,"featured_media":0,"parent":22,"menu_order":80,"comment_status":"closed","ping_status":"closed","template":"page-templates\/side-menu.php","meta":{"_bbp_topic_count":0,"_bbp_reply_count":0,"_bbp_total_topic_count":0,"_bbp_total_reply_count":0,"_bbp_voice_count":0,"_bbp_anonymous_reply_count":0,"_bbp_topic_count_hidden":0,"_bbp_reply_count_hidden":0,"_bbp_forum_subforum_count":0,"footnotes":""},"class_list":["post-38","page","type-page","status-publish","hentry"],"post_mailing_queue_ids":[],"_links":{"self":[{"href":"https:\/\/agora.xtec.cat\/esc-cabanes\/wp-json\/wp\/v2\/pages\/38","targetHints":{"allow":["GET"]}}],"collection":[{"href":"https:\/\/agora.xtec.cat\/esc-cabanes\/wp-json\/wp\/v2\/pages"}],"about":[{"href":"https:\/\/agora.xtec.cat\/esc-cabanes\/wp-json\/wp\/v2\/types\/page"}],"author":[{"embeddable":true,"href":"https:\/\/agora.xtec.cat\/esc-cabanes\/wp-json\/wp\/v2\/users\/1"}],"replies":[{"embeddable":true,"href":"https:\/\/agora.xtec.cat\/esc-cabanes\/wp-json\/wp\/v2\/comments?post=38"}],"version-history":[{"count":4,"href":"https:\/\/agora.xtec.cat\/esc-cabanes\/wp-json\/wp\/v2\/pages\/38\/revisions"}],"predecessor-version":[{"id":825,"href":"https:\/\/agora.xtec.cat\/esc-cabanes\/wp-json\/wp\/v2\/pages\/38\/revisions\/825"}],"up":[{"embeddable":true,"href":"https:\/\/agora.xtec.cat\/esc-cabanes\/wp-json\/wp\/v2\/pages\/22"}],"wp:attachment":[{"href":"https:\/\/agora.xtec.cat\/esc-cabanes\/wp-json\/wp\/v2\/media?parent=38"}],"curies":[{"name":"wp","href":"https:\/\/api.w.org\/{rel}","templated":true}]}}