{"id":36,"date":"2014-09-18T12:33:11","date_gmt":"2014-09-18T11:33:11","guid":{"rendered":"http:\/\/agora.xtec.cat\/esc-cabanes\/?page_id=36"},"modified":"2025-02-17T16:18:04","modified_gmt":"2025-02-17T15:18:04","slug":"material-escolar","status":"publish","type":"page","link":"https:\/\/agora.xtec.cat\/esc-cabanes\/lescola\/material-escolar\/","title":{"rendered":"Material escolar"},"content":{"rendered":"<p><strong>MATERIAL 1r CICLE EDUCACI\u00d3 INFANTIL (I1 i I2)<\/strong><\/p>\n<p>Cal que tots els nens i nenes portin:<\/p>\n<ul>\n<li style=\"list-style-type: none;\">\n<ul>\n<li style=\"list-style-type: none;\">\n<ul>\n<li>Una bata per la classe (cal posar\u2014hi una veta llarga)<\/li>\n<li>Un got de pl\u00e0stic o got d\u2019aprenentatge<\/li>\n<li>Una tovallola petita<\/li>\n<li>Una capsa de mocadors de paper<\/li>\n<li>Un paquet de bolquers<\/li>\n<li>Un paquet de tovalloletes humides<\/li>\n<li>Tub de crema pel canvi de bolquer (si \u00e9s necessari)<\/li>\n<li>Un paquet de bosses de pl\u00e0stic (tipus lavabo)<\/li>\n<li>Un pack d\u2019aigua embotellada<\/li>\n<li>Una muda de recanvi (calcetes\/cal\u00e7otets, mitjons, pantalons i samarreta o jersei) dins una bossa, amb la roba marcada<\/li>\n<li>Uns mitjons antilliscants<\/li>\n<li>Una motxilleta petita, on hi c\u00e0piga l\u2019agenda i la carmanyola amb l\u2019esmorzar (l\u2019agenda us la donarem els primers dies d\u2019escola).<\/li>\n<\/ul>\n<\/li>\n<\/ul>\n<\/li>\n<\/ul>\n<p><strong>Si el vostre fill\/a es queda al menjador i dormitori: <\/strong><\/p>\n<ul>\n<li style=\"list-style-type: none;\">\n<ul>\n<li style=\"list-style-type: none;\">\n<ul>\n<li>1 pitet per cada dia<\/li>\n<li>1 joc de llen\u00e7ols (sobre i sota) mida bressol (120 X 70cm) amb el nom visible a la part del davant.<\/li>\n<\/ul>\n<\/li>\n<\/ul>\n<\/li>\n<\/ul>\n<p><strong>Per als dies de psicomotricitat : <\/strong><\/p>\n<ul>\n<li style=\"list-style-type: none;\">\n<ul>\n<li style=\"list-style-type: none;\">\n<ul>\n<li>Xandall o roba c\u00f2moda<\/li>\n<li>Cal\u00e7at esportiu, que es puguin posar i treure f\u00e0cilment (recomanem amb velcro)<\/li>\n<\/ul>\n<\/li>\n<\/ul>\n<\/li>\n<\/ul>\n<p>&nbsp;<\/p>\n<p><strong>IMPORTANT<\/strong> que tota la roba i estris que el\/la nen\/a porti, caldr\u00e0 que estiguin <strong>MARCATS AMB EL NOM<\/strong><\/p>\n<p>&nbsp;<\/p>\n<p>&nbsp;<\/p>\n<p><strong>MATERIAL 2n CICLE EDUCACI\u00d3 INFANTIL (I3, I4 i I5)<\/strong><\/p>\n<p>Cal que tots els nens i nenes portin:<\/p>\n<ul>\n<li style=\"list-style-type: none;\">\n<ul>\n<li style=\"list-style-type: none;\">\n<ul>\n<li>Una bata per la classe (cal posar\u2014hi una veta llarga)<\/li>\n<li>Una cantimplora o ampolla (en lloc de l\u2019habitual got sense nansa)<\/li>\n<li>Un rotlle gran de paper \u201cmulti\u00fas\u201d per eixugar-se les mans<\/li>\n<li>Una capsa de mocadors de paper<\/li>\n<li>Un paquet de tovalloletes humides<\/li>\n<li>Un paquet de bosses de pl\u00e0stic (tipus lavabo)<\/li>\n<li>Una muda de recanvi (calcetes\/cal\u00e7otets, mitjons, pantalons i samarreta o jersei) dins una bossa, amb la roba marcada (P3, P4 i P5).<\/li>\n<li>Unes botes d\u2019aigua<\/li>\n<li>Una jaqueta vella pel pati<\/li>\n<li>Uns mitjons antilliscants<\/li>\n<li>Una motxilleta petita, on hi c\u00e0piga la carpeta amb l\u2019agenda i la carmanyola (l\u2019agenda us la donarem els primers dies d\u2019escola).<\/li>\n<li>Una bata o pitet gros per als alumnes que es quedin al menjador !<\/li>\n<\/ul>\n<\/li>\n<\/ul>\n<\/li>\n<\/ul>\n<p><strong>Per als dies de psicomotricitat :<a href=\"https:\/\/agora.xtec.cat\/esc-cabanes\/wp-content\/uploads\/usu2421\/2021\/05\/Random-10-min.jpg\"><img loading=\"lazy\" decoding=\"async\" class=\"wp-image-916 alignright\" src=\"https:\/\/agora.xtec.cat\/esc-cabanes\/wp-content\/uploads\/usu2421\/2021\/05\/Random-10-min-1024x768.jpg\" alt=\"\" width=\"406\" height=\"305\" srcset=\"https:\/\/agora.xtec.cat\/esc-cabanes\/wp-content\/uploads\/usu2421\/2021\/05\/Random-10-min-1024x768.jpg 1024w, https:\/\/agora.xtec.cat\/esc-cabanes\/wp-content\/uploads\/usu2421\/2021\/05\/Random-10-min-300x225.jpg 300w, https:\/\/agora.xtec.cat\/esc-cabanes\/wp-content\/uploads\/usu2421\/2021\/05\/Random-10-min-768x576.jpg 768w, https:\/\/agora.xtec.cat\/esc-cabanes\/wp-content\/uploads\/usu2421\/2021\/05\/Random-10-min-200x150.jpg 200w\" sizes=\"auto, (max-width: 406px) 100vw, 406px\" \/><\/a><\/strong><\/p>\n<ul>\n<li style=\"list-style-type: none;\">\n<ul>\n<li style=\"list-style-type: none;\">\n<ul>\n<li>Xandall o roba c\u00f2moda<\/li>\n<li>Cal\u00e7at esportiu, que es puguin posar i treure f\u00e0cilment (recomanem amb velcro)<\/li>\n<\/ul>\n<\/li>\n<\/ul>\n<\/li>\n<\/ul>\n<p>&nbsp;<\/p>\n<p><strong>MATERIAL EDUCACI\u00d3 PRIM\u00c0RIA (de 1r a 6\u00e8)<\/strong><\/p>\n<p>Cal que tots els nens i nenes portin:<\/p>\n<ul>\n<li style=\"list-style-type: none;\">\n<ul>\n<li style=\"list-style-type: none;\">\n<ul>\n<li>Una motxilla c\u00f2moda<\/li>\n<li>Una bata o samarreta vella per a les classes de pl\u00e0stica<\/li>\n<li>Un estoig de roba, amb un regle de 15 cm<\/li>\n<li>Una mascareta i un petit necesser o bossa per desar-la<\/li>\n<li>A m\u00e9s, per <strong>l\u2019alumnat de Cicle Mitj\u00e0 i Superior<\/strong>:<\/li>\n<li>Llapis, goma, maquineta, bol\u00edgraf blau, vermell i negre, tisores, cola i, opcionalment, un t\u00edpp-ex.<\/li>\n<li>Llapis de colors i retoladors<\/li>\n<li>Regle, escaire, cartab\u00f3 i transportador<\/li>\n<li>Comp\u00e0s<\/li>\n<li>Calculadora escolar<\/li>\n<li>Carpeta classificadora transparent de pl\u00e0stic (les que s\u00f3n de tipus acordi\u00f3).<\/li>\n<li>Carpeta amb gomes (per portar folis)<\/li>\n<\/ul>\n<\/li>\n<\/ul>\n<\/li>\n<\/ul>\n<p>* Per la situaci\u00f3 excepcional d\u2019aquest curs, no es far\u00e0 servir la flauta. Si la teniu, us demanem que la guardeu a casa.<\/p>\n<p>&nbsp;<\/p>\n<p><strong>MATERIAL PER A EDUCACI\u00d3 F\u00cdSICA<\/strong><\/p>\n<ul>\n<li style=\"list-style-type: none;\">\n<ul>\n<li style=\"list-style-type: none;\">\n<ul>\n<li>Xandall de l\u2019escola o roba c\u00f2moda i cal\u00e7at esportiu<\/li>\n<li>Per l\u2019alumnat de Cicle Inicial, una tovallola petita per a higiene personal i per l\u2019alumnat de Cicle Mitj\u00e0 i Superior un necesser amb una tovallola petita, una samarreta de recanvi i, opcionalment, un desodorant (recomanem que no sigui d\u2019esprai)<\/li>\n<\/ul>\n<\/li>\n<\/ul>\n<\/li>\n<\/ul>\n","protected":false},"excerpt":{"rendered":"<p>MATERIAL 1r CICLE EDUCACI\u00d3 INFANTIL (I1 i I2)<br \/>\nCal que tots els nens i nenes portin:<\/p>\n<ul>\n<li style=\"list-style-type: none;\">\n<ul>\n<li style=\"list-style-type: none;\">\n<ul>\n<li>Una bata per la classe (cal posar\u2014hi una veta llarga)<\/li>\n<li>Un got de pl\u00e0stic o got d\u2019aprenentatge<\/li>\n<li>Una tovallola petita<\/li>\n<li>Una capsa de mocadors de paper<\/li>\n<li>Un paquet de bolquers<\/li>\n<li>Un paquet&hellip;  <a href=\"https:\/\/agora.xtec.cat\/esc-cabanes\/lescola\/material-escolar\/\" title=\"Read Material escolar\">Llegeix m\u00e9s\u00bb<\/a><br \/>\n","protected":false},"author":1,"featured_media":0,"parent":22,"menu_order":70,"comment_status":"closed","ping_status":"closed","template":"page-templates\/side-menu.php","meta":{"_bbp_topic_count":0,"_bbp_reply_count":0,"_bbp_total_topic_count":0,"_bbp_total_reply_count":0,"_bbp_voice_count":0,"_bbp_anonymous_reply_count":0,"_bbp_topic_count_hidden":0,"_bbp_reply_count_hidden":0,"_bbp_forum_subforum_count":0,"footnotes":""},"class_list":["post-36","page","type-page","status-publish","hentry"],"post_mailing_queue_ids":[],"_links":{"self":[{"href":"https:\/\/agora.xtec.cat\/esc-cabanes\/wp-json\/wp\/v2\/pages\/36","targetHints":{"allow":["GET"]}}],"collection":[{"href":"https:\/\/agora.xtec.cat\/esc-cabanes\/wp-json\/wp\/v2\/pages"}],"about":[{"href":"https:\/\/agora.xtec.cat\/esc-cabanes\/wp-json\/wp\/v2\/types\/page"}],"author":[{"embeddable":true,"href":"https:\/\/agora.xtec.cat\/esc-cabanes\/wp-json\/wp\/v2\/users\/1"}],"replies":[{"embeddable":true,"href":"https:\/\/agora.xtec.cat\/esc-cabanes\/wp-json\/wp\/v2\/comments?post=36"}],"version-history":[{"count":4,"href":"https:\/\/agora.xtec.cat\/esc-cabanes\/wp-json\/wp\/v2\/pages\/36\/revisions"}],"predecessor-version":[{"id":827,"href":"https:\/\/agora.xtec.cat\/esc-cabanes\/wp-json\/wp\/v2\/pages\/36\/revisions\/827"}],"up":[{"embeddable":true,"href":"https:\/\/agora.xtec.cat\/esc-cabanes\/wp-json\/wp\/v2\/pages\/22"}],"wp:attachment":[{"href":"https:\/\/agora.xtec.cat\/esc-cabanes\/wp-json\/wp\/v2\/media?parent=36"}],"curies":[{"name":"wp","href":"https:\/\/api.w.org\/{rel}","templated":true}]}}