{"id":34,"date":"2014-09-18T12:32:18","date_gmt":"2014-09-18T11:32:18","guid":{"rendered":"http:\/\/agora.xtec.cat\/esc-cabanes\/?page_id=34"},"modified":"2025-09-15T15:23:04","modified_gmt":"2025-09-15T13:23:04","slug":"personal-escola","status":"publish","type":"page","link":"https:\/\/agora.xtec.cat\/esc-cabanes\/lescola\/personal-escola\/","title":{"rendered":"Personal de l&#8217;Escola"},"content":{"rendered":"<div>\n<p><strong>Educaci\u00f3 Infantil:<\/strong><\/p>\n<ul style=\"list-style-type: disc;\">\n<li>Mont Prats: TEI<\/li>\n<li>T\u00e0nia Agut: Tutora del primer cicle<\/li>\n<li>Raquel Casas: Tutora d&#8217;I3 i I4<\/li>\n<\/ul>\n<p><strong>Educaci\u00f3 Prim\u00e0ria:<\/strong><\/p>\n<ul style=\"list-style-type: disc;\">\n<li>Anna Su\u00f1er: tutora d&#8217;I5 i 1r<\/li>\n<li>Cristina Lloveras: tutora de 4t<\/li>\n<li>Feli Cabas: tutora de 4t<\/li>\n<li>Mireia Peral: tutora de 6\u00e8<\/li>\n<li>Pilar Insa: tutora de 2n i 3r<\/li>\n<li>Josep Punt\u00ed: especialista de m\u00fasica i tutor de 5\u00e8<\/li>\n<li>V\u00edctor Palau: especialista d&#8217;educaci\u00f3 f\u00edsica i suports a Prim\u00e0ria<\/li>\n<li>S\u00edlvia Girbal: especialista d\u2019angl\u00e8s<\/li>\n<li>Elisabeth Llamas: especialista d\u2019educaci\u00f3 especial i suports a Infantil<\/li>\n<li>Ignasi Batet: especialista de religi\u00f3<\/li>\n<\/ul>\n<div><\/div>\n<div><\/div>\n<div>\n<p><strong>L&#8217;EQUIP DIRECTIU\u00a0<\/strong>est\u00e0 format per:<\/p>\n<\/div>\n<ul>\n<li>Mireia Peral: Directora<\/li>\n<li>S\u00edlvia Girbal: Cap d&#8217;estudis<\/li>\n<li>Feli Cabas: Secret\u00e0ria<\/li>\n<\/ul>\n<\/div>\n<div><\/div>\n<div><\/div>\n","protected":false},"excerpt":{"rendered":"<p>Educaci\u00f3 Infantil:<\/p>\n<ul style=\"list-style-type: disc;\">\n<li>Mont Prats: TEI<\/li>\n<li>T\u00e0nia Agut: Tutora del primer cicle<\/li>\n<li>Raquel Casas: Tutora d&#8217;I3 i I4<\/li>\n<\/ul>\n<p>Educaci\u00f3 Prim\u00e0ria:<\/p>\n<ul style=\"list-style-type: disc;\">\n<li>Anna Su\u00f1er: tutora d&#8217;I5 i 1r<\/li>\n<li>Cristina Lloveras: tutora de 4t<\/li>\n<li>Feli Cabas: tutora de 4t<\/li>\n<li>Mireia Peral: tutora de 6\u00e8<\/li>\n<li>Pilar Insa: tutora de 2n i 3r<\/li>\n<li>Josep Punt\u00ed: especialista de&hellip;  <a href=\"https:\/\/agora.xtec.cat\/esc-cabanes\/lescola\/personal-escola\/\" title=\"Read Personal de l&#8217;Escola\">Llegeix m\u00e9s\u00bb<\/a><br \/>\n","protected":false},"author":1,"featured_media":0,"parent":22,"menu_order":60,"comment_status":"closed","ping_status":"closed","template":"page-templates\/side-menu.php","meta":{"_bbp_topic_count":0,"_bbp_reply_count":0,"_bbp_total_topic_count":0,"_bbp_total_reply_count":0,"_bbp_voice_count":0,"_bbp_anonymous_reply_count":0,"_bbp_topic_count_hidden":0,"_bbp_reply_count_hidden":0,"_bbp_forum_subforum_count":0,"footnotes":""},"class_list":["post-34","page","type-page","status-publish","hentry"],"post_mailing_queue_ids":[],"_links":{"self":[{"href":"https:\/\/agora.xtec.cat\/esc-cabanes\/wp-json\/wp\/v2\/pages\/34","targetHints":{"allow":["GET"]}}],"collection":[{"href":"https:\/\/agora.xtec.cat\/esc-cabanes\/wp-json\/wp\/v2\/pages"}],"about":[{"href":"https:\/\/agora.xtec.cat\/esc-cabanes\/wp-json\/wp\/v2\/types\/page"}],"author":[{"embeddable":true,"href":"https:\/\/agora.xtec.cat\/esc-cabanes\/wp-json\/wp\/v2\/users\/1"}],"replies":[{"embeddable":true,"href":"https:\/\/agora.xtec.cat\/esc-cabanes\/wp-json\/wp\/v2\/comments?post=34"}],"version-history":[{"count":6,"href":"https:\/\/agora.xtec.cat\/esc-cabanes\/wp-json\/wp\/v2\/pages\/34\/revisions"}],"predecessor-version":[{"id":2048,"href":"https:\/\/agora.xtec.cat\/esc-cabanes\/wp-json\/wp\/v2\/pages\/34\/revisions\/2048"}],"up":[{"embeddable":true,"href":"https:\/\/agora.xtec.cat\/esc-cabanes\/wp-json\/wp\/v2\/pages\/22"}],"wp:attachment":[{"href":"https:\/\/agora.xtec.cat\/esc-cabanes\/wp-json\/wp\/v2\/media?parent=34"}],"curies":[{"name":"wp","href":"https:\/\/api.w.org\/{rel}","templated":true}]}}