{"id":28,"date":"2014-09-18T12:29:35","date_gmt":"2014-09-18T11:29:35","guid":{"rendered":"http:\/\/agora.xtec.cat\/esc-cabanes\/?page_id=28"},"modified":"2023-10-16T13:30:06","modified_gmt":"2023-10-16T11:30:06","slug":"consell-escolar","status":"publish","type":"page","link":"https:\/\/agora.xtec.cat\/esc-cabanes\/lescola\/consell-escolar\/","title":{"rendered":"Consell escolar"},"content":{"rendered":"<p>Les funcions del consell escolar s\u00f3n les que estableix l\u2019article 148.3 de la Llei d\u2019Educaci\u00f3.<\/p>\n<ol>\n<li>Aprovar el projecte educatiu i les modificacions corresponents per una majoria de tres cinquenes parts dels membres.<\/li>\n<li>Aprovar les propostes d\u2019acords de coresponsabilitat, convenis i altres acords de\u00a0col\u00b7laboraci\u00f3 del centre amb entitats o institucions.<\/li>\n<li>Aprovar la programaci\u00f3 general anual del centre i avaluar-ne el desenvolupament i els resultats.<\/li>\n<li>Aprovar les normes d\u2019organitzaci\u00f3 i funcionament i les modificacions corresponents.<\/li>\n<li>Aprovar la carta de comprom\u00eds educatiu.<\/li>\n<li>Aprovar el pressupost del centre i el rendiment del comptes.<\/li>\n<li>Intervenir en el procediment d\u2019admissi\u00f3 d\u2019alumnes.<\/li>\n<li>Participar en el procediment de selecci\u00f3 i en la proposat de destituci\u00f3 del director o la <span style=\"font-family: inherit; font-size: 1em;\">directora.<\/span><\/li>\n<li>Intervenir en la resoluci\u00f3 dels conflictes i, si s\u2019escau, revisar les sancions als alumnes.<a href=\"https:\/\/agora.xtec.cat\/esc-cabanes\/wp-content\/uploads\/usu2421\/2021\/05\/Random-min.jpg\"><img loading=\"lazy\" decoding=\"async\" class=\"wp-image-926 alignright\" src=\"https:\/\/agora.xtec.cat\/esc-cabanes\/wp-content\/uploads\/usu2421\/2021\/05\/Random-min-1024x768.jpg\" alt=\"\" width=\"331\" height=\"248\" srcset=\"https:\/\/agora.xtec.cat\/esc-cabanes\/wp-content\/uploads\/usu2421\/2021\/05\/Random-min-1024x768.jpg 1024w, https:\/\/agora.xtec.cat\/esc-cabanes\/wp-content\/uploads\/usu2421\/2021\/05\/Random-min-300x225.jpg 300w, https:\/\/agora.xtec.cat\/esc-cabanes\/wp-content\/uploads\/usu2421\/2021\/05\/Random-min-768x576.jpg 768w, https:\/\/agora.xtec.cat\/esc-cabanes\/wp-content\/uploads\/usu2421\/2021\/05\/Random-min-200x150.jpg 200w\" sizes=\"auto, (max-width: 331px) 100vw, 331px\" \/><\/a> <span style=\"font-family: inherit; font-size: 1em;\">\u00a0<\/span><\/li>\n<li>Aprovar les directrius per a la programaci\u00f3 d\u2019activitats escolars complement\u00e0ries i\u00a0d\u2019activitats extraescolars, i avaluar-ne el desenvolupament.<\/li>\n<li>Participar en les an\u00e0lisis i les avaluacions del funcionament general del centre i con\u00e8ixer l\u2019evoluci\u00f3 del rendiment escolar.<\/li>\n<li>Aprovar els criteris de col\u00b7laboraci\u00f3 amb altres centres i amb l\u2019entorn.<\/li>\n<li>Qualsevol altra que li sigui atribu\u00efda per les normes legals o reglament\u00e0ries.<\/li>\n<\/ol>\n<p>A m\u00e9s, li correspon vetllar i donar suport a l\u2019equip directiu per al compliment de la programaci\u00f3 anual del centre i del projecte de direcci\u00f3 el qual, en el marc del projecte educatiu del centre, vincula l\u2019acci\u00f3 del conjunt d\u2019\u00f2rgans de govern unipersonals i col\u00b7legiats d\u2019acord amb l\u2019article 144.4 de la Llei d\u2019Educaci\u00f3 (D102\/2010. Art.46.1)<\/p>\n<ul>\n<li>El consell escolar d\u2019aquest centre p\u00fablic est\u00e0 integrat per les seg\u00fcents persones membres:\n<ul>\n<li>Directora: Mireia Peral<\/li>\n<li>Secret\u00e0ria: Feli Cabas<\/li>\n<li>Cap d\u2019estudis: S\u00edlvia Girbal<\/li>\n<li>Representants de mestres: Pilar Insa i Cristina Lloveras<\/li>\n<li>Representant del personal PAS: Mont Prats<\/li>\n<li>Representant de pares i mares: Montse Gim\u00e9nez<\/li>\n<li>Representant de pares i mares de l\u2019AMPA: Vanessa Santalla<\/li>\n<li>Representant de l\u2019Ajuntament: N\u00faria Campdelacreu<\/li>\n<\/ul>\n<\/li>\n<\/ul>\n","protected":false},"excerpt":{"rendered":"<p>Les funcions del consell escolar s\u00f3n les que estableix l\u2019article 148.3 de la Llei d\u2019Educaci\u00f3.<\/p>\n<ol>\n<li>Aprovar el projecte educatiu i les modificacions corresponents per una majoria de tres cinquenes parts dels membres.<\/li>\n<li>Aprovar les propostes d\u2019acords de coresponsabilitat, convenis i altres acords de\u00a0col\u00b7laboraci\u00f3 del centre amb entitats&hellip;  <a href=\"https:\/\/agora.xtec.cat\/esc-cabanes\/lescola\/consell-escolar\/\" title=\"Read Consell escolar\">Llegeix m\u00e9s\u00bb<\/a><br \/>\n","protected":false},"author":1,"featured_media":0,"parent":22,"menu_order":30,"comment_status":"closed","ping_status":"closed","template":"page-templates\/side-menu.php","meta":{"_bbp_topic_count":0,"_bbp_reply_count":0,"_bbp_total_topic_count":0,"_bbp_total_reply_count":0,"_bbp_voice_count":0,"_bbp_anonymous_reply_count":0,"_bbp_topic_count_hidden":0,"_bbp_reply_count_hidden":0,"_bbp_forum_subforum_count":0,"footnotes":""},"class_list":["post-28","page","type-page","status-publish","hentry"],"post_mailing_queue_ids":[],"_links":{"self":[{"href":"https:\/\/agora.xtec.cat\/esc-cabanes\/wp-json\/wp\/v2\/pages\/28","targetHints":{"allow":["GET"]}}],"collection":[{"href":"https:\/\/agora.xtec.cat\/esc-cabanes\/wp-json\/wp\/v2\/pages"}],"about":[{"href":"https:\/\/agora.xtec.cat\/esc-cabanes\/wp-json\/wp\/v2\/types\/page"}],"author":[{"embeddable":true,"href":"https:\/\/agora.xtec.cat\/esc-cabanes\/wp-json\/wp\/v2\/users\/1"}],"replies":[{"embeddable":true,"href":"https:\/\/agora.xtec.cat\/esc-cabanes\/wp-json\/wp\/v2\/comments?post=28"}],"version-history":[{"count":6,"href":"https:\/\/agora.xtec.cat\/esc-cabanes\/wp-json\/wp\/v2\/pages\/28\/revisions"}],"predecessor-version":[{"id":1766,"href":"https:\/\/agora.xtec.cat\/esc-cabanes\/wp-json\/wp\/v2\/pages\/28\/revisions\/1766"}],"up":[{"embeddable":true,"href":"https:\/\/agora.xtec.cat\/esc-cabanes\/wp-json\/wp\/v2\/pages\/22"}],"wp:attachment":[{"href":"https:\/\/agora.xtec.cat\/esc-cabanes\/wp-json\/wp\/v2\/media?parent=28"}],"curies":[{"name":"wp","href":"https:\/\/api.w.org\/{rel}","templated":true}]}}