{"id":26,"date":"2014-09-18T12:24:32","date_gmt":"2014-09-18T11:24:32","guid":{"rendered":"http:\/\/agora.xtec.cat\/esc-cabanes\/?page_id=26"},"modified":"2021-02-25T13:43:07","modified_gmt":"2021-02-25T12:43:07","slug":"historia","status":"publish","type":"page","link":"https:\/\/agora.xtec.cat\/esc-cabanes\/lescola\/historia\/","title":{"rendered":"Hist\u00f2ria"},"content":{"rendered":"<p>El setembre de 1998, Cabanes es va quedar sense\u00a0escola. El curs vinent, els seus \u00fanics sis alumnes haurien de\u00a0traslladar-se a\u00a0col\u00b7legis de Figueres o de\u00a0Peralada. El Departament\u00a0d\u2019Ensenyament de la\u00a0Generalitat ho va decidir\u00a0perqu\u00e8 aquest centre\u00a0municipal no comptava amb el\u00a0nombre m\u00ednim d\u2019alumnes per\u00a0classe. A:\u00a0<a href=\"http:\/\/www.bibgirona.cat\/pandora\/viewer.vm?id=0000538475&amp;page=33&amp;search=Cabanes%20zona%20esportiva&amp;lang=ca&amp;view=hemerotecaFigueres\" target=\"_blank\" rel=\"noopener noreferrer\">Assignatura pendent.\u00a0Ensenyament ha decidit tancar, a partir d\u2019aquest mes de juny, l\u2019escola municipal de Cabanes, per manca d\u2019alumnes<\/a>\u00a0(Hora Nova, 23\/6\/1998).<\/p>\n<p>A partir del 2003, l\u2019Ajuntament comen\u00e7a a treballar per retornar l\u2019escola al poble i el curs 2005\/06 Cabanes aconsegueix\u00a0l\u2019escola i la llar d\u2019infants. El maig de 2005 \u00a0es porta a terme la preinscripci\u00f3 i es comen\u00e7a amb un grup de P3 i P4, d\u2019onze nens i nenes (9 de P3 i 2 de P4) i un altre de P5 i 1r amb sis nens i nenes (2 de P5 i 4 de 1r), a c\u00e0rrec de dues mestres, la Neus i la Coral. La l\u2019escola bressol inicia el curs amb 20 inscripcions. Tamb\u00e9 es constitueix l\u2019AMPA que el juliol presenta el seu primer butllet\u00ed amb el motiu: \u201c<em>Aixequem les Escoles! Pares i Mares atrafegats hem fet l\u2019AMPA. Ja s\u2019han despertat les escoles de Cabanes!<\/em>\u201d<\/p>\n<p>El setembre de 2008 s\u2019estrena el nou edifici constru\u00eft sobre l\u2019antiga escola de nenes.<\/p>\n<ul>\n<li>Peytav\u00ed, N\u00faria.\u00a0<em>Cabanes cal\u00e7a els nounats. L\u2019Ajuntament d\u00f3na una ajuda de cent euros i unes diminutes espardenyes de veta a les parelles que tinguin fills<\/em>.\u00a0<a href=\"http:\/\/www.bibgirona.cat\/pandora\/viewer.vm?id=0000622165&amp;page=13&amp;search=escola%20cabanes&amp;lang=ca&amp;view=hemerotecaFigueres\" target=\"_blank\" rel=\"noopener noreferrer\">Hora Nova, 1360, 20\/4\/2004<\/a><\/li>\n<li>Bernils, J.M.\u00a0<em>Els nens tornen a l\u2019escola, a Cabanes. Educaci\u00f3 reobrir\u00e0 el centre de prim\u00e0ria al setembre, tancat per manca d\u2019alumnes, i oferir\u00e0 15 places de bressol<\/em>.\u00a0<a href=\"http:\/\/www.bibgirona.cat\/pandora\/viewer.vm?id=0000558101&amp;page=5&amp;search=escola%20cabanes&amp;lang=ca&amp;view=hemerotecaFigueres\" target=\"_blank\" rel=\"noopener noreferrer\">Hora Nova, 1419, 5\/4\/2005<\/a><\/li>\n<li><em>L\u2019AMPA de Cabanes comen\u00e7a a preparar la reobertura de les escoles aquest setembre<\/em>.<a href=\"http:\/\/www.bibgirona.cat\/pandora\/viewer.vm?id=0000559892&amp;page=18&amp;search=escola%20cabanes&amp;lang=ca&amp;view=hemerotecaFigueres\" target=\"_blank\" rel=\"noopener noreferrer\">\u00a0Hora Nova, 1450, 26\/7\/2005<\/a><\/li>\n<li><em>Cabanes recupera l\u2019escola i inaugura la llar d\u2019infants<\/em>.\u00a0<a href=\"http:\/\/www.bibgirona.cat\/pandora\/viewer.vm?id=0000560387&amp;page=3&amp;search=escola%20cabanes&amp;lang=ca&amp;view=hemerotecaFigueres\" target=\"_blank\" rel=\"noopener noreferrer\">Hora Nova, 1457, 13\/9\/2005<\/a><\/li>\n<li>Torres, Imma.\u00a0<em>L\u2019ampliaci\u00f3 de l\u2019escola de Cabanes, a l\u2019espera que Educaci\u00f3 signi un conveni<\/em>.<a href=\"http:\/\/www.bibgirona.cat\/pandora\/viewer.vm?id=0000569315&amp;page=16&amp;search=escola%20cabanes&amp;lang=ca&amp;view=hemerotecaFigueres\" target=\"_blank\" rel=\"noopener noreferrer\">\u00a0Hora Nova, 1597, 27\/2\/2007<\/a><\/li>\n<li><em>A l\u2019espera de poder fer una inauguraci\u00f3 oficial del nou edifici escolar de Cabanes, ahir l\u2019escola ja va posar-se en funcionament<\/em>.\u00a0<a href=\"http:\/\/www.bibgirona.cat\/pandora\/viewer.vm?id=0000577592&amp;page=12&amp;search=escola%20cabanes&amp;lang=ca&amp;view=hemerotecaFigueres\" target=\"_blank\" rel=\"noopener noreferrer\">Hora Nova, 1755 (16\/9\/2008)<\/a><\/li>\n<li><em>La nova escola de Cabanes es va inaugurar dissabte amb una jornada de portes obertes dirigida a pares i alumnes amb l\u2019objectiu de donar a con\u00e8ixer les instal\u00b7lacions. Tamb\u00e9 es va obrir l\u2019escola bressol, totalment reparada despr\u00e9s de les inundacions del juliol<\/em>.\u00a0<a href=\"http:\/\/www.bibgirona.cat\/pandora\/viewer.vm?id=0000578966&amp;page=9&amp;search=escola%20cabanes&amp;lang=ca&amp;view=hemerotecaFigueres\" target=\"_blank\" rel=\"noopener noreferrer\">Hora Nova, 1777 (2\/12\/2008)<\/a><\/li>\n<\/ul>\n<p>El setembre de 2016, la llar d\u2019infants de Cabanes s\u2019acull al Pla experimental de primer cicle d\u2019educaci\u00f3 infantil a les escoles rurals.<a href=\"https:\/\/cabanesemporda.files.wordpress.com\/2016\/10\/inauguracio.jpg\" target=\"_blank\" rel=\"noopener noreferrer\"><img loading=\"lazy\" decoding=\"async\" class=\"alignright wp-image-7381 size-medium\" src=\"https:\/\/cabanesemporda.files.wordpress.com\/2016\/10\/inauguracio.jpg?w=300&amp;h=199\" sizes=\"auto, (max-width: 300px) 100vw, 300px\" srcset=\"https:\/\/cabanesemporda.files.wordpress.com\/2016\/10\/inauguracio.jpg?w=300&amp;h=199 300w, https:\/\/cabanesemporda.files.wordpress.com\/2016\/10\/inauguracio.jpg?w=600&amp;h=398 600w, https:\/\/cabanesemporda.files.wordpress.com\/2016\/10\/inauguracio.jpg?w=150&amp;h=100 150w\" alt=\"inauguracio pati\" width=\"300\" height=\"199\" data-attachment-id=\"7381\" data-permalink=\"https:\/\/cabanesemporda.com\/2016\/10\/03\/escola-xxi\/inauguracio\/\" data-orig-file=\"https:\/\/cabanesemporda.files.wordpress.com\/2016\/10\/inauguracio.jpg\" data-orig-size=\"900,598\" data-comments-opened=\"1\" data-image-meta=\"{&quot;aperture&quot;:&quot;1.9&quot;,&quot;credit&quot;:&quot;&quot;,&quot;camera&quot;:&quot;SM-J730F&quot;,&quot;caption&quot;:&quot;&quot;,&quot;created_timestamp&quot;:&quot;1540567172&quot;,&quot;copyright&quot;:&quot;&quot;,&quot;focal_length&quot;:&quot;3.6&quot;,&quot;iso&quot;:&quot;40&quot;,&quot;shutter_speed&quot;:&quot;0.0026595744680851&quot;,&quot;title&quot;:&quot;&quot;,&quot;orientation&quot;:&quot;1&quot;}\" data-image-title=\"inauguracio\" data-image-description=\"\" data-medium-file=\"https:\/\/cabanesemporda.files.wordpress.com\/2016\/10\/inauguracio.jpg?w=300\" data-large-file=\"https:\/\/cabanesemporda.files.wordpress.com\/2016\/10\/inauguracio.jpg?w=611\" \/><\/a><\/p>\n<p>El 26 d\u2019octubre de 2018 va tenir lloc la inauguraci\u00f3 del nou pati de l\u2019escola. Despr\u00e9s dels parlaments de l\u2019alcalde, la directora de l\u2019escola, un representant dels pares i en Mart\u00ed i l\u2019Ariana, mestres i alumnes van prendre possessi\u00f3 de l\u2019espai i van gaudir dels inflables i el berenar.\u00a0\u00a0<a href=\"http:\/\/cabanesescola.blogspot.com\/2018\/10\/inauguracio-del-nou-pati-de-lescola.html\" target=\"_blank\" rel=\"noopener noreferrer\"><em>El pati \u00e9s un espai educatiu, un lloc ideal per estimular la capacitat de jugar i el desenvolupament dels infants. D\u2019ara endavant tots plegats gaudirem d\u2019aquest nou espai!<\/em><\/a><\/p>\n","protected":false},"excerpt":{"rendered":"<p>El setembre de 1998, Cabanes es va quedar sense\u00a0escola. El curs vinent, els seus \u00fanics sis alumnes haurien de\u00a0traslladar-se a\u00a0col\u00b7legis de Figueres o de\u00a0Peralada. El Departament\u00a0d\u2019Ensenyament de la\u00a0Generalitat ho va decidir\u00a0perqu\u00e8 aquest centre\u00a0municipal no comptava amb el\u00a0nombre m\u00ednim d\u2019alumnes per\u00a0classe. A:\u00a0<a href=\"http:\/\/www.bibgirona.cat\/pandora\/viewer.vm?id=0000538475&amp;page=33&amp;search=Cabanes%20zona%20esportiva&amp;lang=ca&amp;view=hemerotecaFigueres\" target=\"_blank\" rel=\"noopener noreferrer\">Assignatura&hellip;  <a href=\"https:\/\/agora.xtec.cat\/esc-cabanes\/lescola\/historia\/\" title=\"Read Hist\u00f2ria\">Llegeix m\u00e9s\u00bb<\/a><\/p>\n","protected":false},"author":1,"featured_media":0,"parent":22,"menu_order":20,"comment_status":"closed","ping_status":"closed","template":"page-templates\/side-menu.php","meta":{"_bbp_topic_count":0,"_bbp_reply_count":0,"_bbp_total_topic_count":0,"_bbp_total_reply_count":0,"_bbp_voice_count":0,"_bbp_anonymous_reply_count":0,"_bbp_topic_count_hidden":0,"_bbp_reply_count_hidden":0,"_bbp_forum_subforum_count":0,"footnotes":""},"class_list":["post-26","page","type-page","status-publish","hentry"],"post_mailing_queue_ids":[],"_links":{"self":[{"href":"https:\/\/agora.xtec.cat\/esc-cabanes\/wp-json\/wp\/v2\/pages\/26","targetHints":{"allow":["GET"]}}],"collection":[{"href":"https:\/\/agora.xtec.cat\/esc-cabanes\/wp-json\/wp\/v2\/pages"}],"about":[{"href":"https:\/\/agora.xtec.cat\/esc-cabanes\/wp-json\/wp\/v2\/types\/page"}],"author":[{"embeddable":true,"href":"https:\/\/agora.xtec.cat\/esc-cabanes\/wp-json\/wp\/v2\/users\/1"}],"replies":[{"embeddable":true,"href":"https:\/\/agora.xtec.cat\/esc-cabanes\/wp-json\/wp\/v2\/comments?post=26"}],"version-history":[{"count":2,"href":"https:\/\/agora.xtec.cat\/esc-cabanes\/wp-json\/wp\/v2\/pages\/26\/revisions"}],"predecessor-version":[{"id":706,"href":"https:\/\/agora.xtec.cat\/esc-cabanes\/wp-json\/wp\/v2\/pages\/26\/revisions\/706"}],"up":[{"embeddable":true,"href":"https:\/\/agora.xtec.cat\/esc-cabanes\/wp-json\/wp\/v2\/pages\/22"}],"wp:attachment":[{"href":"https:\/\/agora.xtec.cat\/esc-cabanes\/wp-json\/wp\/v2\/media?parent=26"}],"curies":[{"name":"wp","href":"https:\/\/api.w.org\/{rel}","templated":true}]}}