{"id":1803,"date":"2023-12-01T10:39:30","date_gmt":"2023-12-01T09:39:30","guid":{"rendered":"https:\/\/agora.xtec.cat\/esc-cabanes\/?page_id=1803"},"modified":"2025-04-07T10:21:39","modified_gmt":"2025-04-07T08:21:39","slug":"radio","status":"publish","type":"page","link":"https:\/\/agora.xtec.cat\/esc-cabanes\/projecte-educatiu\/radio\/","title":{"rendered":"R\u00e0dio"},"content":{"rendered":"<p>A continuaci\u00f3 trobareu els programes de r\u00e0dio duts a terme pel nostre alumnat a l&#8217;estudi del poble.<\/p>\n<h5><strong>CURS 2024-2025:<\/strong><\/h5>\n<p><a href=\"https:\/\/drive.google.com\/file\/d\/1uYpQqho8DDrQNR0qPqlMs0FS3txSEgqZ\/view?usp=sharing\"><img loading=\"lazy\" decoding=\"async\" class=\" wp-image-1991 alignleft\" src=\"https:\/\/agora.xtec.cat\/esc-cabanes\/wp-content\/uploads\/usu2421\/2024\/12\/El-text-del-paragraf-3.png\" alt=\"\" width=\"168\" height=\"168\" srcset=\"https:\/\/agora.xtec.cat\/esc-cabanes\/wp-content\/uploads\/usu2421\/2024\/12\/El-text-del-paragraf-3.png 626w, https:\/\/agora.xtec.cat\/esc-cabanes\/wp-content\/uploads\/usu2421\/2024\/12\/El-text-del-paragraf-3-300x300.png 300w, https:\/\/agora.xtec.cat\/esc-cabanes\/wp-content\/uploads\/usu2421\/2024\/12\/El-text-del-paragraf-3-150x150.png 150w\" sizes=\"auto, (max-width: 168px) 100vw, 168px\" \/><\/a><a href=\"https:\/\/drive.google.com\/file\/d\/1rm9COrUbXNZb8egP8xIpQGWpcmwGQ28t\/view?usp=drive_link\"><img loading=\"lazy\" decoding=\"async\" class=\"alignleft wp-image-1990\" src=\"https:\/\/agora.xtec.cat\/esc-cabanes\/wp-content\/uploads\/usu2421\/2024\/12\/El-text-del-paragraf-4.png\" alt=\"\" width=\"171\" height=\"171\" srcset=\"https:\/\/agora.xtec.cat\/esc-cabanes\/wp-content\/uploads\/usu2421\/2024\/12\/El-text-del-paragraf-4.png 626w, https:\/\/agora.xtec.cat\/esc-cabanes\/wp-content\/uploads\/usu2421\/2024\/12\/El-text-del-paragraf-4-300x300.png 300w, https:\/\/agora.xtec.cat\/esc-cabanes\/wp-content\/uploads\/usu2421\/2024\/12\/El-text-del-paragraf-4-150x150.png 150w\" sizes=\"auto, (max-width: 171px) 100vw, 171px\" \/><\/a><\/p>\n<p><a href=\"https:\/\/drive.google.com\/file\/d\/159l0DByVifeFG_WLGnsejUX5MfqxmJKJ\/view?usp=drive_link\"><img loading=\"lazy\" decoding=\"async\" class=\"wp-image-2034 alignleft\" src=\"https:\/\/agora.xtec.cat\/esc-cabanes\/wp-content\/uploads\/usu2421\/2025\/03\/Logos-radio-escola.png\" alt=\"\" width=\"160\" height=\"160\" srcset=\"https:\/\/agora.xtec.cat\/esc-cabanes\/wp-content\/uploads\/usu2421\/2025\/03\/Logos-radio-escola.png 626w, https:\/\/agora.xtec.cat\/esc-cabanes\/wp-content\/uploads\/usu2421\/2025\/03\/Logos-radio-escola-300x300.png 300w, https:\/\/agora.xtec.cat\/esc-cabanes\/wp-content\/uploads\/usu2421\/2025\/03\/Logos-radio-escola-150x150.png 150w\" sizes=\"auto, (max-width: 160px) 100vw, 160px\" \/><\/a><a href=\"https:\/\/drive.google.com\/file\/d\/1SnR7wrJgW35zaLY5Mf8-QMCuJycmKIDw\/view?usp=drive_link\"><img loading=\"lazy\" decoding=\"async\" class=\"alignnone wp-image-2035\" src=\"https:\/\/agora.xtec.cat\/esc-cabanes\/wp-content\/uploads\/usu2421\/2025\/03\/Logos-radio-escola-1.png\" alt=\"\" width=\"168\" height=\"168\" srcset=\"https:\/\/agora.xtec.cat\/esc-cabanes\/wp-content\/uploads\/usu2421\/2025\/03\/Logos-radio-escola-1.png 626w, https:\/\/agora.xtec.cat\/esc-cabanes\/wp-content\/uploads\/usu2421\/2025\/03\/Logos-radio-escola-1-300x300.png 300w, https:\/\/agora.xtec.cat\/esc-cabanes\/wp-content\/uploads\/usu2421\/2025\/03\/Logos-radio-escola-1-150x150.png 150w\" sizes=\"auto, (max-width: 168px) 100vw, 168px\" \/> <\/a><a href=\"https:\/\/drive.google.com\/file\/d\/1HBLmCGtMvEcmB_9QlyST3WsYzr4GIAUe\/view?usp=sharing\"><img loading=\"lazy\" decoding=\"async\" class=\"alignnone  wp-image-2037\" src=\"https:\/\/agora.xtec.cat\/esc-cabanes\/wp-content\/uploads\/usu2421\/2025\/04\/Logos-radio-escola-2.png\" alt=\"\" width=\"168\" height=\"168\" srcset=\"https:\/\/agora.xtec.cat\/esc-cabanes\/wp-content\/uploads\/usu2421\/2025\/04\/Logos-radio-escola-2.png 626w, https:\/\/agora.xtec.cat\/esc-cabanes\/wp-content\/uploads\/usu2421\/2025\/04\/Logos-radio-escola-2-300x300.png 300w, https:\/\/agora.xtec.cat\/esc-cabanes\/wp-content\/uploads\/usu2421\/2025\/04\/Logos-radio-escola-2-150x150.png 150w\" sizes=\"auto, (max-width: 168px) 100vw, 168px\" \/><\/a><\/p>\n<h5><\/h5>\n<h5><\/h5>\n<p>&nbsp;<\/p>\n<h5><\/h5>\n<h5><\/h5>\n<p>&nbsp;<\/p>\n<p>&nbsp;<\/p>\n<p>&nbsp;<\/p>\n<p>&nbsp;<\/p>\n<h5><strong>CURS 2023-2024:<\/strong><\/h5>\n<p><a href=\"https:\/\/drive.google.com\/file\/d\/1HbLwpcko5Od9arBqYHOEfCePNpnpwmdA\/view?usp=sharing\"><img loading=\"lazy\" decoding=\"async\" class=\"alignnone wp-image-1807\" src=\"https:\/\/agora.xtec.cat\/esc-cabanes\/wp-content\/uploads\/usu2421\/2023\/12\/Programa.png\" alt=\"\" width=\"166\" height=\"166\" srcset=\"https:\/\/agora.xtec.cat\/esc-cabanes\/wp-content\/uploads\/usu2421\/2023\/12\/Programa.png 626w, https:\/\/agora.xtec.cat\/esc-cabanes\/wp-content\/uploads\/usu2421\/2023\/12\/Programa-300x300.png 300w, https:\/\/agora.xtec.cat\/esc-cabanes\/wp-content\/uploads\/usu2421\/2023\/12\/Programa-150x150.png 150w\" sizes=\"auto, (max-width: 166px) 100vw, 166px\" \/><\/a><a href=\"https:\/\/drive.google.com\/file\/d\/1HEHAkkBXPZcSt0gCOhIpETMkjSeppy4b\/view?usp=sharing\"><img loading=\"lazy\" decoding=\"async\" class=\"alignnone wp-image-1886\" src=\"https:\/\/agora.xtec.cat\/esc-cabanes\/wp-content\/uploads\/usu2421\/2024\/02\/2.png\" alt=\"\" width=\"166\" height=\"166\" srcset=\"https:\/\/agora.xtec.cat\/esc-cabanes\/wp-content\/uploads\/usu2421\/2024\/02\/2.png 626w, https:\/\/agora.xtec.cat\/esc-cabanes\/wp-content\/uploads\/usu2421\/2024\/02\/2-300x300.png 300w, https:\/\/agora.xtec.cat\/esc-cabanes\/wp-content\/uploads\/usu2421\/2024\/02\/2-150x150.png 150w\" sizes=\"auto, (max-width: 166px) 100vw, 166px\" \/><\/a><a href=\"https:\/\/drive.google.com\/file\/d\/1Crpa_0hcYEdqJnb-bU5q1XVNsyPpt0jW\/view?usp=drive_link\"><img loading=\"lazy\" decoding=\"async\" class=\"wp-image-1887 alignnone\" src=\"https:\/\/agora.xtec.cat\/esc-cabanes\/wp-content\/uploads\/usu2421\/2024\/02\/3.png\" alt=\"\" width=\"174\" height=\"174\" srcset=\"https:\/\/agora.xtec.cat\/esc-cabanes\/wp-content\/uploads\/usu2421\/2024\/02\/3.png 626w, https:\/\/agora.xtec.cat\/esc-cabanes\/wp-content\/uploads\/usu2421\/2024\/02\/3-300x300.png 300w, https:\/\/agora.xtec.cat\/esc-cabanes\/wp-content\/uploads\/usu2421\/2024\/02\/3-150x150.png 150w\" sizes=\"auto, (max-width: 174px) 100vw, 174px\" \/><\/a><a href=\"https:\/\/drive.google.com\/file\/d\/1Pa6iFIT9j1DXABi5FJbCHCwHiWFINH5H\/view?usp=drive_link\"><img loading=\"lazy\" decoding=\"async\" class=\"wp-image-1888 alignnone\" src=\"https:\/\/agora.xtec.cat\/esc-cabanes\/wp-content\/uploads\/usu2421\/2024\/02\/4.png\" alt=\"\" width=\"177\" height=\"177\" srcset=\"https:\/\/agora.xtec.cat\/esc-cabanes\/wp-content\/uploads\/usu2421\/2024\/02\/4.png 626w, https:\/\/agora.xtec.cat\/esc-cabanes\/wp-content\/uploads\/usu2421\/2024\/02\/4-300x300.png 300w, https:\/\/agora.xtec.cat\/esc-cabanes\/wp-content\/uploads\/usu2421\/2024\/02\/4-150x150.png 150w\" sizes=\"auto, (max-width: 177px) 100vw, 177px\" \/><\/a><a href=\"https:\/\/drive.google.com\/file\/d\/1GnpXl7rj-pZta8Vobt4Xu4LZ2Xk_xbn_\/view?usp=sharing\"><img loading=\"lazy\" decoding=\"async\" class=\"alignnone wp-image-1913\" src=\"https:\/\/agora.xtec.cat\/esc-cabanes\/wp-content\/uploads\/usu2421\/2024\/05\/El-text-del-paragraf.png\" alt=\"\" width=\"177\" height=\"177\" srcset=\"https:\/\/agora.xtec.cat\/esc-cabanes\/wp-content\/uploads\/usu2421\/2024\/05\/El-text-del-paragraf.png 626w, https:\/\/agora.xtec.cat\/esc-cabanes\/wp-content\/uploads\/usu2421\/2024\/05\/El-text-del-paragraf-300x300.png 300w, https:\/\/agora.xtec.cat\/esc-cabanes\/wp-content\/uploads\/usu2421\/2024\/05\/El-text-del-paragraf-150x150.png 150w\" sizes=\"auto, (max-width: 177px) 100vw, 177px\" \/><\/a><a href=\"https:\/\/drive.google.com\/file\/d\/1cBjVXQ1CVURwIfW7tjNhYUTcsa5stVGh\/view?usp=sharing\"><img loading=\"lazy\" decoding=\"async\" class=\"alignnone wp-image-1914\" src=\"https:\/\/agora.xtec.cat\/esc-cabanes\/wp-content\/uploads\/usu2421\/2024\/05\/El-text-del-paragraf-1.png\" alt=\"\" width=\"174\" height=\"174\" srcset=\"https:\/\/agora.xtec.cat\/esc-cabanes\/wp-content\/uploads\/usu2421\/2024\/05\/El-text-del-paragraf-1.png 626w, https:\/\/agora.xtec.cat\/esc-cabanes\/wp-content\/uploads\/usu2421\/2024\/05\/El-text-del-paragraf-1-300x300.png 300w, https:\/\/agora.xtec.cat\/esc-cabanes\/wp-content\/uploads\/usu2421\/2024\/05\/El-text-del-paragraf-1-150x150.png 150w\" sizes=\"auto, (max-width: 174px) 100vw, 174px\" \/><\/a><a href=\"https:\/\/drive.google.com\/file\/d\/1jdTCTYkrHLjrwwDsTN_CefDFdE362XZX\/view?usp=sharing\"><img loading=\"lazy\" decoding=\"async\" class=\"alignnone wp-image-1941\" src=\"https:\/\/agora.xtec.cat\/esc-cabanes\/wp-content\/uploads\/usu2421\/2024\/06\/El-text-del-paragraf-2.png\" alt=\"\" width=\"178\" height=\"178\" srcset=\"https:\/\/agora.xtec.cat\/esc-cabanes\/wp-content\/uploads\/usu2421\/2024\/06\/El-text-del-paragraf-2.png 626w, https:\/\/agora.xtec.cat\/esc-cabanes\/wp-content\/uploads\/usu2421\/2024\/06\/El-text-del-paragraf-2-300x300.png 300w, https:\/\/agora.xtec.cat\/esc-cabanes\/wp-content\/uploads\/usu2421\/2024\/06\/El-text-del-paragraf-2-150x150.png 150w\" sizes=\"auto, (max-width: 178px) 100vw, 178px\" \/><\/a><\/p>\n","protected":false},"excerpt":{"rendered":"<p>A continuaci\u00f3 trobareu els programes de r\u00e0dio duts a terme pel nostre alumnat a l&#8217;estudi del poble.<br \/>\nCURS 2024-2025:<br \/>\n<a href=\"https:\/\/drive.google.com\/file\/d\/1uYpQqho8DDrQNR0qPqlMs0FS3txSEgqZ\/view?usp=sharing\"><\/a><a href=\"https:\/\/drive.google.com\/file\/d\/1rm9COrUbXNZb8egP8xIpQGWpcmwGQ28t\/view?usp=drive_link\"><\/a><br \/>\n<a href=\"https:\/\/drive.google.com\/file\/d\/159l0DByVifeFG_WLGnsejUX5MfqxmJKJ\/view?usp=drive_link\"><\/a><a href=\"https:\/\/drive.google.com\/file\/d\/1SnR7wrJgW35zaLY5Mf8-QMCuJycmKIDw\/view?usp=drive_link\"> <\/a><a href=\"https:\/\/drive.google.com\/file\/d\/1HBLmCGtMvEcmB_9QlyST3WsYzr4GIAUe\/view?usp=sharing\"><\/a><\/p>\n<p>&nbsp;<\/p>\n<p>&nbsp;<br \/>\n&nbsp;<br \/>\n&nbsp;<br \/>\n&nbsp;<br \/>\nCURS 2023-2024:<br \/>\n<a href=\"https:\/\/drive.google.com\/file\/d\/1HbLwpcko5Od9arBqYHOEfCePNpnpwmdA\/view?usp=sharing\"><\/a><a href=\"https:\/\/drive.google.com\/file\/d\/1HEHAkkBXPZcSt0gCOhIpETMkjSeppy4b\/view?usp=sharing\"><\/a><a href=\"https:\/\/drive.google.com\/file\/d\/1Crpa_0hcYEdqJnb-bU5q1XVNsyPpt0jW\/view?usp=drive_link\"><\/a><a href=\"https:\/\/drive.google.com\/file\/d\/1Pa6iFIT9j1DXABi5FJbCHCwHiWFINH5H\/view?usp=drive_link\"><\/a><a href=\"https:\/\/drive.google.com\/file\/d\/1GnpXl7rj-pZta8Vobt4Xu4LZ2Xk_xbn_\/view?usp=sharing\"><\/a><a href=\"https:\/\/drive.google.com\/file\/d\/1cBjVXQ1CVURwIfW7tjNhYUTcsa5stVGh\/view?usp=sharing\"><\/a><a href=\"https:\/\/drive.google.com\/file\/d\/1jdTCTYkrHLjrwwDsTN_CefDFdE362XZX\/view?usp=sharing\"><\/a><\/p>\n","protected":false},"author":1,"featured_media":0,"parent":64,"menu_order":0,"comment_status":"closed","ping_status":"closed","template":"page-templates\/side-menu.php","meta":{"_bbp_topic_count":0,"_bbp_reply_count":0,"_bbp_total_topic_count":0,"_bbp_total_reply_count":0,"_bbp_voice_count":0,"_bbp_anonymous_reply_count":0,"_bbp_topic_count_hidden":0,"_bbp_reply_count_hidden":0,"_bbp_forum_subforum_count":0,"footnotes":""},"class_list":["post-1803","page","type-page","status-publish","hentry"],"post_mailing_queue_ids":[],"_links":{"self":[{"href":"https:\/\/agora.xtec.cat\/esc-cabanes\/wp-json\/wp\/v2\/pages\/1803","targetHints":{"allow":["GET"]}}],"collection":[{"href":"https:\/\/agora.xtec.cat\/esc-cabanes\/wp-json\/wp\/v2\/pages"}],"about":[{"href":"https:\/\/agora.xtec.cat\/esc-cabanes\/wp-json\/wp\/v2\/types\/page"}],"author":[{"embeddable":true,"href":"https:\/\/agora.xtec.cat\/esc-cabanes\/wp-json\/wp\/v2\/users\/1"}],"replies":[{"embeddable":true,"href":"https:\/\/agora.xtec.cat\/esc-cabanes\/wp-json\/wp\/v2\/comments?post=1803"}],"version-history":[{"count":6,"href":"https:\/\/agora.xtec.cat\/esc-cabanes\/wp-json\/wp\/v2\/pages\/1803\/revisions"}],"predecessor-version":[{"id":2039,"href":"https:\/\/agora.xtec.cat\/esc-cabanes\/wp-json\/wp\/v2\/pages\/1803\/revisions\/2039"}],"up":[{"embeddable":true,"href":"https:\/\/agora.xtec.cat\/esc-cabanes\/wp-json\/wp\/v2\/pages\/64"}],"wp:attachment":[{"href":"https:\/\/agora.xtec.cat\/esc-cabanes\/wp-json\/wp\/v2\/media?parent=1803"}],"curies":[{"name":"wp","href":"https:\/\/api.w.org\/{rel}","templated":true}]}}