{"id":26,"date":"2014-09-18T12:24:32","date_gmt":"2014-09-18T11:24:32","guid":{"rendered":"http:\/\/agora.xtec.cat\/esc-bellvitge\/?page_id=26"},"modified":"2019-04-01T22:20:58","modified_gmt":"2019-04-01T20:20:58","slug":"historia","status":"publish","type":"page","link":"https:\/\/agora.xtec.cat\/esc-bellvitge\/lescola\/historia\/","title":{"rendered":"Hist\u00f2ria"},"content":{"rendered":"<p><a href=\"https:\/\/agora.xtec.cat\/esc-bellvitge\/wp-content\/uploads\/usu169\/2019\/04\/0567BD35-52D3-4BED-AD2B-0FE8A3F6F0AF.gif\"><img loading=\"lazy\" decoding=\"async\" class=\"alignnone size-full wp-image-477\" src=\"https:\/\/agora.xtec.cat\/esc-bellvitge\/wp-content\/uploads\/usu169\/2019\/04\/0567BD35-52D3-4BED-AD2B-0FE8A3F6F0AF.gif\" alt=\"\" width=\"481\" height=\"321\" \/><\/a><\/p>\n<p>La nostra escola es va crear en 1970 com a centre d\u2019Educaci\u00f3 General B\u00e0sica. \u00c9s l\u2019escola p\u00fablica m\u00e9s antiga del barri, per a la gent gran sempre serem el \u201cNacional\u201d. En el nostre centre es va formar el primer equip de Rugby de la ciutat de l\u2019Hospitalet. El nom de Mare de D\u00e9u de Bellvitge t\u00e9 el seu origen en l\u2019ermita que es va construir en dedicaci\u00f3 a la Verge sobre el segle XIII, on els viatgers que passaven entrant o sortint de Barcelona feien parada per reposar forces. El vocable Bellvitge significa \u201cbell viatge\u201d.<\/p>\n","protected":false},"excerpt":{"rendered":"<p>La nostra escola es va crear en 1970 com a centre d\u2019Educaci\u00f3 General B\u00e0sica. \u00c9s l\u2019escola p\u00fablica m\u00e9s antiga del barri, per a la gent gran sempre serem el \u201cNacional\u201d. En el nostre centre es va formar el primer equip de Rugby de la ciutat de l\u2019Hospitalet. El nom de Mare de D\u00e9u de Bellvitge [&hellip;]<\/p>\n","protected":false},"author":1,"featured_media":0,"parent":22,"menu_order":20,"comment_status":"closed","ping_status":"closed","template":"page-templates\/side-menu.php","meta":{"_bbp_topic_count":0,"_bbp_reply_count":0,"_bbp_total_topic_count":0,"_bbp_total_reply_count":0,"_bbp_voice_count":0,"_bbp_anonymous_reply_count":0,"_bbp_topic_count_hidden":0,"_bbp_reply_count_hidden":0,"_bbp_forum_subforum_count":0,"site-sidebar-layout":"default","site-content-layout":"","ast-site-content-layout":"","site-content-style":"default","site-sidebar-style":"default","ast-global-header-display":"","ast-banner-title-visibility":"","ast-main-header-display":"","ast-hfb-above-header-display":"","ast-hfb-below-header-display":"","ast-hfb-mobile-header-display":"","site-post-title":"","ast-breadcrumbs-content":"","ast-featured-img":"","footer-sml-layout":"","theme-transparent-header-meta":"","adv-header-id-meta":"","stick-header-meta":"","header-above-stick-meta":"","header-main-stick-meta":"","header-below-stick-meta":"","astra-migrate-meta-layouts":"default","ast-page-background-enabled":"default","ast-page-background-meta":{"desktop":{"background-color":"var(--ast-global-color-4)","background-image":"","background-repeat":"repeat","background-position":"center center","background-size":"auto","background-attachment":"scroll","background-type":"","background-media":"","overlay-type":"","overlay-color":"","overlay-opacity":"","overlay-gradient":""},"tablet":{"background-color":"","background-image":"","background-repeat":"repeat","background-position":"center center","background-size":"auto","background-attachment":"scroll","background-type":"","background-media":"","overlay-type":"","overlay-color":"","overlay-opacity":"","overlay-gradient":""},"mobile":{"background-color":"","background-image":"","background-repeat":"repeat","background-position":"center center","background-size":"auto","background-attachment":"scroll","background-type":"","background-media":"","overlay-type":"","overlay-color":"","overlay-opacity":"","overlay-gradient":""}},"ast-content-background-meta":{"desktop":{"background-color":"var(--ast-global-color-5)","background-image":"","background-repeat":"repeat","background-position":"center center","background-size":"auto","background-attachment":"scroll","background-type":"","background-media":"","overlay-type":"","overlay-color":"","overlay-opacity":"","overlay-gradient":""},"tablet":{"background-color":"var(--ast-global-color-5)","background-image":"","background-repeat":"repeat","background-position":"center center","background-size":"auto","background-attachment":"scroll","background-type":"","background-media":"","overlay-type":"","overlay-color":"","overlay-opacity":"","overlay-gradient":""},"mobile":{"background-color":"var(--ast-global-color-5)","background-image":"","background-repeat":"repeat","background-position":"center center","background-size":"auto","background-attachment":"scroll","background-type":"","background-media":"","overlay-type":"","overlay-color":"","overlay-opacity":"","overlay-gradient":""}},"footnotes":""},"class_list":["post-26","page","type-page","status-publish","hentry"],"post_mailing_queue_ids":[],"_links":{"self":[{"href":"https:\/\/agora.xtec.cat\/esc-bellvitge\/wp-json\/wp\/v2\/pages\/26","targetHints":{"allow":["GET"]}}],"collection":[{"href":"https:\/\/agora.xtec.cat\/esc-bellvitge\/wp-json\/wp\/v2\/pages"}],"about":[{"href":"https:\/\/agora.xtec.cat\/esc-bellvitge\/wp-json\/wp\/v2\/types\/page"}],"author":[{"embeddable":true,"href":"https:\/\/agora.xtec.cat\/esc-bellvitge\/wp-json\/wp\/v2\/users\/1"}],"replies":[{"embeddable":true,"href":"https:\/\/agora.xtec.cat\/esc-bellvitge\/wp-json\/wp\/v2\/comments?post=26"}],"version-history":[{"count":1,"href":"https:\/\/agora.xtec.cat\/esc-bellvitge\/wp-json\/wp\/v2\/pages\/26\/revisions"}],"predecessor-version":[{"id":478,"href":"https:\/\/agora.xtec.cat\/esc-bellvitge\/wp-json\/wp\/v2\/pages\/26\/revisions\/478"}],"up":[{"embeddable":true,"href":"https:\/\/agora.xtec.cat\/esc-bellvitge\/wp-json\/wp\/v2\/pages\/22"}],"wp:attachment":[{"href":"https:\/\/agora.xtec.cat\/esc-bellvitge\/wp-json\/wp\/v2\/media?parent=26"}],"curies":[{"name":"wp","href":"https:\/\/api.w.org\/{rel}","templated":true}]}}