{"id":2428,"date":"2023-03-06T15:25:00","date_gmt":"2023-03-06T14:25:00","guid":{"rendered":"https:\/\/agora.xtec.cat\/esc-bellvitge\/?page_id=2428"},"modified":"2023-04-21T15:25:12","modified_gmt":"2023-04-21T13:25:12","slug":"preinscripcio-22-23","status":"publish","type":"page","link":"https:\/\/agora.xtec.cat\/esc-bellvitge\/preinscripcio-22-23\/","title":{"rendered":"PREINSCRIPCI\u00d3 23-24"},"content":{"rendered":"<p>Benvolgudes fam\u00edlies,<\/p>\n<p>Us deixem l&#8217;enlla\u00e7 a la web del Departament per poder realitzar la preinscripci\u00f3.<\/p>\n<p><a href=\"https:\/\/educacio.gencat.cat\/ca\/tramits\/tramits-temes\/20483-obligatoris?moda=1\"><img loading=\"lazy\" decoding=\"async\" class=\"wp-image-2429 aligncenter\" src=\"https:\/\/agora.xtec.cat\/esc-bellvitge\/wp-content\/uploads\/usu169\/2023\/03\/DEP.-1024x462.jpg\" alt=\"\" width=\"330\" height=\"149\" srcset=\"https:\/\/agora.xtec.cat\/esc-bellvitge\/wp-content\/uploads\/usu169\/2023\/03\/DEP.-1024x462.jpg 1024w, https:\/\/agora.xtec.cat\/esc-bellvitge\/wp-content\/uploads\/usu169\/2023\/03\/DEP.-300x135.jpg 300w, https:\/\/agora.xtec.cat\/esc-bellvitge\/wp-content\/uploads\/usu169\/2023\/03\/DEP.-768x346.jpg 768w, https:\/\/agora.xtec.cat\/esc-bellvitge\/wp-content\/uploads\/usu169\/2023\/03\/DEP..jpg 1224w\" sizes=\"auto, (max-width: 330px) 100vw, 330px\" \/><\/a><\/p>\n<p>Si necessiteu ajuda, podeu fer la preinscripci\u00f3 de manera presencial a la nostra escola. Cliqueu a la imatge i seleccioneu una franja hor\u00e0ria per a venir.<\/p>\n<p><a href=\"https:\/\/forms.gle\/GaFcf4xLB3gkAizK7\"><img loading=\"lazy\" decoding=\"async\" class=\"wp-image-2430 aligncenter\" src=\"https:\/\/agora.xtec.cat\/esc-bellvitge\/wp-content\/uploads\/usu169\/2023\/03\/PREINS-1024x335.jpg\" alt=\"\" width=\"388\" height=\"127\" srcset=\"https:\/\/agora.xtec.cat\/esc-bellvitge\/wp-content\/uploads\/usu169\/2023\/03\/PREINS-1024x335.jpg 1024w, https:\/\/agora.xtec.cat\/esc-bellvitge\/wp-content\/uploads\/usu169\/2023\/03\/PREINS-300x98.jpg 300w, https:\/\/agora.xtec.cat\/esc-bellvitge\/wp-content\/uploads\/usu169\/2023\/03\/PREINS-768x252.jpg 768w, https:\/\/agora.xtec.cat\/esc-bellvitge\/wp-content\/uploads\/usu169\/2023\/03\/PREINS.jpg 1142w\" sizes=\"auto, (max-width: 388px) 100vw, 388px\" \/><\/a><\/p>\n<p>&nbsp;<\/p>\n","protected":false},"excerpt":{"rendered":"<p>Benvolgudes fam\u00edlies, Us deixem l&#8217;enlla\u00e7 a la web del Departament per poder realitzar la preinscripci\u00f3. Si necessiteu ajuda, podeu fer la preinscripci\u00f3 de manera presencial a la nostra escola. Cliqueu a la imatge i seleccioneu una franja hor\u00e0ria per a venir. &nbsp;<\/p>\n","protected":false},"author":1,"featured_media":0,"parent":0,"menu_order":0,"comment_status":"closed","ping_status":"closed","template":"","meta":{"_bbp_topic_count":0,"_bbp_reply_count":0,"_bbp_total_topic_count":0,"_bbp_total_reply_count":0,"_bbp_voice_count":0,"_bbp_anonymous_reply_count":0,"_bbp_topic_count_hidden":0,"_bbp_reply_count_hidden":0,"_bbp_forum_subforum_count":0,"site-sidebar-layout":"default","site-content-layout":"","ast-site-content-layout":"","site-content-style":"default","site-sidebar-style":"default","ast-global-header-display":"","ast-banner-title-visibility":"","ast-main-header-display":"","ast-hfb-above-header-display":"","ast-hfb-below-header-display":"","ast-hfb-mobile-header-display":"","site-post-title":"","ast-breadcrumbs-content":"","ast-featured-img":"","footer-sml-layout":"","theme-transparent-header-meta":"","adv-header-id-meta":"","stick-header-meta":"","header-above-stick-meta":"","header-main-stick-meta":"","header-below-stick-meta":"","astra-migrate-meta-layouts":"default","ast-page-background-enabled":"default","ast-page-background-meta":{"desktop":{"background-color":"var(--ast-global-color-4)","background-image":"","background-repeat":"repeat","background-position":"center center","background-size":"auto","background-attachment":"scroll","background-type":"","background-media":"","overlay-type":"","overlay-color":"","overlay-opacity":"","overlay-gradient":""},"tablet":{"background-color":"","background-image":"","background-repeat":"repeat","background-position":"center center","background-size":"auto","background-attachment":"scroll","background-type":"","background-media":"","overlay-type":"","overlay-color":"","overlay-opacity":"","overlay-gradient":""},"mobile":{"background-color":"","background-image":"","background-repeat":"repeat","background-position":"center center","background-size":"auto","background-attachment":"scroll","background-type":"","background-media":"","overlay-type":"","overlay-color":"","overlay-opacity":"","overlay-gradient":""}},"ast-content-background-meta":{"desktop":{"background-color":"var(--ast-global-color-5)","background-image":"","background-repeat":"repeat","background-position":"center center","background-size":"auto","background-attachment":"scroll","background-type":"","background-media":"","overlay-type":"","overlay-color":"","overlay-opacity":"","overlay-gradient":""},"tablet":{"background-color":"var(--ast-global-color-5)","background-image":"","background-repeat":"repeat","background-position":"center center","background-size":"auto","background-attachment":"scroll","background-type":"","background-media":"","overlay-type":"","overlay-color":"","overlay-opacity":"","overlay-gradient":""},"mobile":{"background-color":"var(--ast-global-color-5)","background-image":"","background-repeat":"repeat","background-position":"center center","background-size":"auto","background-attachment":"scroll","background-type":"","background-media":"","overlay-type":"","overlay-color":"","overlay-opacity":"","overlay-gradient":""}},"footnotes":""},"class_list":["post-2428","page","type-page","status-publish","hentry"],"post_mailing_queue_ids":[],"_links":{"self":[{"href":"https:\/\/agora.xtec.cat\/esc-bellvitge\/wp-json\/wp\/v2\/pages\/2428","targetHints":{"allow":["GET"]}}],"collection":[{"href":"https:\/\/agora.xtec.cat\/esc-bellvitge\/wp-json\/wp\/v2\/pages"}],"about":[{"href":"https:\/\/agora.xtec.cat\/esc-bellvitge\/wp-json\/wp\/v2\/types\/page"}],"author":[{"embeddable":true,"href":"https:\/\/agora.xtec.cat\/esc-bellvitge\/wp-json\/wp\/v2\/users\/1"}],"replies":[{"embeddable":true,"href":"https:\/\/agora.xtec.cat\/esc-bellvitge\/wp-json\/wp\/v2\/comments?post=2428"}],"version-history":[{"count":2,"href":"https:\/\/agora.xtec.cat\/esc-bellvitge\/wp-json\/wp\/v2\/pages\/2428\/revisions"}],"predecessor-version":[{"id":2500,"href":"https:\/\/agora.xtec.cat\/esc-bellvitge\/wp-json\/wp\/v2\/pages\/2428\/revisions\/2500"}],"wp:attachment":[{"href":"https:\/\/agora.xtec.cat\/esc-bellvitge\/wp-json\/wp\/v2\/media?parent=2428"}],"curies":[{"name":"wp","href":"https:\/\/api.w.org\/{rel}","templated":true}]}}