{"id":22,"date":"2014-09-18T12:19:57","date_gmt":"2014-09-18T11:19:57","guid":{"rendered":"http:\/\/agora.xtec.cat\/esc-bellvitge\/?page_id=22"},"modified":"2025-06-25T01:56:19","modified_gmt":"2025-06-24T23:56:19","slug":"lescola","status":"publish","type":"page","link":"https:\/\/agora.xtec.cat\/esc-bellvitge\/lescola\/","title":{"rendered":"L&#8217;ESCOLA"},"content":{"rendered":"\n<p>L\u2019Escola&nbsp; Bellvitge \u00e9s un centre d\u2019educaci\u00f3 infantil i prim\u00e0ria que va comen\u00e7ar a funcionar el 1970 I pret\u00e9n oferir un ensenyament de qualitat.<\/p>\n\n\n\n<p>Aquesta p\u00e0gina vol ser un vincle de comunicaci\u00f3 entre tota la comunitat educativa (alumnes, pares, mestres, \u2026) i a la vegada volem donar a con\u00e8ixer el nostre centre a totes les persones interessades.<\/p>\n\n\n\n<p>Donat que el nostre objectiu principal \u00e9s l\u2019educaci\u00f3 volem que aquesta p\u00e0gina sigui tamb\u00e9 una eina al servei de les activitats escolars aprofitant les noves tecnologies inform\u00e0tiques.<br>El nostre Projecte Educatiu es basa en l\u2019educaci\u00f3 integral dels nens i nenes i es defineix com a escola laica, democr\u00e0tica, coeducativa, integradora i respectuosa amb els altres i amb l\u2019entorn natural, impulsora de les tecnologies de la informaci\u00f3, de l\u2019angl\u00e8s com una llengua m\u00e9s a la nostra comunitat, participativa i oberta a les fam\u00edlies.<\/p>\n\n\n\n<p>Estem a la vostra disposici\u00f3.<\/p>\n","protected":false},"excerpt":{"rendered":"<p>L\u2019Escola&nbsp; Bellvitge \u00e9s un centre d\u2019educaci\u00f3 infantil i prim\u00e0ria que va comen\u00e7ar a funcionar el 1970 I pret\u00e9n oferir un ensenyament de qualitat. Aquesta p\u00e0gina vol ser un vincle de comunicaci\u00f3 entre tota la comunitat educativa (alumnes, pares, mestres, \u2026) i a la vegada volem donar a con\u00e8ixer el nostre centre a totes les persones [&hellip;]<\/p>\n","protected":false},"author":1,"featured_media":0,"parent":0,"menu_order":0,"comment_status":"closed","ping_status":"closed","template":"","meta":{"_bbp_topic_count":0,"_bbp_reply_count":0,"_bbp_total_topic_count":0,"_bbp_total_reply_count":0,"_bbp_voice_count":0,"_bbp_anonymous_reply_count":0,"_bbp_topic_count_hidden":0,"_bbp_reply_count_hidden":0,"_bbp_forum_subforum_count":0,"site-sidebar-layout":"default","site-content-layout":"","ast-site-content-layout":"default","site-content-style":"default","site-sidebar-style":"default","ast-global-header-display":"","ast-banner-title-visibility":"","ast-main-header-display":"","ast-hfb-above-header-display":"","ast-hfb-below-header-display":"","ast-hfb-mobile-header-display":"","site-post-title":"","ast-breadcrumbs-content":"","ast-featured-img":"","footer-sml-layout":"","theme-transparent-header-meta":"","adv-header-id-meta":"","stick-header-meta":"","header-above-stick-meta":"","header-main-stick-meta":"","header-below-stick-meta":"","astra-migrate-meta-layouts":"set","ast-page-background-enabled":"default","ast-page-background-meta":{"desktop":{"background-color":"var(--ast-global-color-4)","background-image":"","background-repeat":"repeat","background-position":"center center","background-size":"auto","background-attachment":"scroll","background-type":"","background-media":"","overlay-type":"","overlay-color":"","overlay-opacity":"","overlay-gradient":""},"tablet":{"background-color":"","background-image":"","background-repeat":"repeat","background-position":"center center","background-size":"auto","background-attachment":"scroll","background-type":"","background-media":"","overlay-type":"","overlay-color":"","overlay-opacity":"","overlay-gradient":""},"mobile":{"background-color":"","background-image":"","background-repeat":"repeat","background-position":"center center","background-size":"auto","background-attachment":"scroll","background-type":"","background-media":"","overlay-type":"","overlay-color":"","overlay-opacity":"","overlay-gradient":""}},"ast-content-background-meta":{"desktop":{"background-color":"var(--ast-global-color-5)","background-image":"","background-repeat":"repeat","background-position":"center center","background-size":"auto","background-attachment":"scroll","background-type":"","background-media":"","overlay-type":"","overlay-color":"","overlay-opacity":"","overlay-gradient":""},"tablet":{"background-color":"var(--ast-global-color-5)","background-image":"","background-repeat":"repeat","background-position":"center center","background-size":"auto","background-attachment":"scroll","background-type":"","background-media":"","overlay-type":"","overlay-color":"","overlay-opacity":"","overlay-gradient":""},"mobile":{"background-color":"var(--ast-global-color-5)","background-image":"","background-repeat":"repeat","background-position":"center center","background-size":"auto","background-attachment":"scroll","background-type":"","background-media":"","overlay-type":"","overlay-color":"","overlay-opacity":"","overlay-gradient":""}},"footnotes":""},"class_list":["post-22","page","type-page","status-publish","hentry"],"post_mailing_queue_ids":[],"_links":{"self":[{"href":"https:\/\/agora.xtec.cat\/esc-bellvitge\/wp-json\/wp\/v2\/pages\/22","targetHints":{"allow":["GET"]}}],"collection":[{"href":"https:\/\/agora.xtec.cat\/esc-bellvitge\/wp-json\/wp\/v2\/pages"}],"about":[{"href":"https:\/\/agora.xtec.cat\/esc-bellvitge\/wp-json\/wp\/v2\/types\/page"}],"author":[{"embeddable":true,"href":"https:\/\/agora.xtec.cat\/esc-bellvitge\/wp-json\/wp\/v2\/users\/1"}],"replies":[{"embeddable":true,"href":"https:\/\/agora.xtec.cat\/esc-bellvitge\/wp-json\/wp\/v2\/comments?post=22"}],"version-history":[{"count":3,"href":"https:\/\/agora.xtec.cat\/esc-bellvitge\/wp-json\/wp\/v2\/pages\/22\/revisions"}],"predecessor-version":[{"id":3256,"href":"https:\/\/agora.xtec.cat\/esc-bellvitge\/wp-json\/wp\/v2\/pages\/22\/revisions\/3256"}],"wp:attachment":[{"href":"https:\/\/agora.xtec.cat\/esc-bellvitge\/wp-json\/wp\/v2\/media?parent=22"}],"curies":[{"name":"wp","href":"https:\/\/api.w.org\/{rel}","templated":true}]}}