{"id":9863,"date":"2022-02-04T15:50:13","date_gmt":"2022-02-04T14:50:13","guid":{"rendered":"https:\/\/agora.xtec.cat\/esc-banyeres\/?page_id=9863"},"modified":"2025-10-16T09:11:02","modified_gmt":"2025-10-16T07:11:02","slug":"cros-escolar-23-24","status":"publish","type":"page","link":"https:\/\/agora.xtec.cat\/esc-banyeres\/atencio-a-les-families\/serveis\/cros-escolar-23-24\/","title":{"rendered":"Cros Escolar 25-26"},"content":{"rendered":"<p>Nom\u00e9s es podr\u00e0 correr de forma espor\u00e0dica el cros del propi municipi. Per a correr qualsevol altre cros, s&#8217;ha de fer la inscripci\u00f3 completa.<\/p>\n<p><a href=\"https:\/\/drive.google.com\/file\/d\/1-W8y7W_c09RJ01gEEOUp3WaiTRtvtg4c\/view?usp=sharing\"><strong><span style=\"vertical-align: inherit;\"><span style=\"vertical-align: inherit;\">NORMATIVA CROS ESCOLAR<\/span><\/span><\/strong><span style=\"vertical-align: inherit;\"><span style=\"vertical-align: inherit;\"><strong> 2025-2026<\/strong><\/span><\/span><\/a><\/p>\n<p><a href=\"https:\/\/drive.google.com\/file\/d\/1SZYJZin3LorrkVOxFrImwKbjpj_WHayW\/view?usp=sharing\"><strong><span style=\"vertical-align: inherit;\">NORMATIVA CROS POPULAR 2025-<\/span><span style=\"vertical-align: inherit;\">2026<\/span><\/strong><\/a><\/p>\n<p><a href=\"https:\/\/drive.google.com\/file\/d\/1C3GMOPid5Vpi9vEv-5TpAoNkMmOgXSLN\/view?usp=sharing\"><strong><span style=\"vertical-align: inherit;\"><span style=\"vertical-align: inherit;\">FULL INSCRIPCI\u00d3 CROS 25-26<\/span><\/span><\/strong><\/a><\/p>\n<p><a href=\"https:\/\/drive.google.com\/file\/d\/1vWaXdgOLjMClFrHaeqo5nyE49gLqQ3Lu\/view?usp=sharing\"><strong><span style=\"vertical-align: inherit;\"><span style=\"vertical-align: inherit;\">FULL INSCRIPCI\u00d3 CROS 25-26 ESPORT POPULAR<\/span><\/span><\/strong><\/a><\/p>\n<p><a href=\"https:\/\/drive.google.com\/file\/d\/1aWtYzZnMVe_Ugwe1gf_qgvac5djwhRc5\/view?usp=sharing\"><strong><span style=\"vertical-align: inherit;\">FULL INSCRIPCI\u00d3 CROS 25-26 CORREM TOTS I TOTES<\/span><\/strong><\/a><\/p>\n<p><strong>Dossiers dels cross:<\/strong><\/p>\n<ul>\n<li>Dossier Bellvei 16\/11<\/li>\n<li>Lloren\u00e7 18\/1<\/li>\n<li>Dossier L&#8217;Arbo\u00e7 1\/2<\/li>\n<li>Dossier Banyeres del Pened\u00e8s 22\/2<\/li>\n<li>Dossier La Bisbal 1\/3<\/li>\n<li>Dossier Sant Jaume 15\/3<\/li>\n<li>Dossier Santa Oliva 19\/4<\/li>\n<li>Dossier Vendrell 26\/4<\/li>\n<\/ul>\n","protected":false},"excerpt":{"rendered":"<p>Nom\u00e9s es podr\u00e0 correr de forma espor\u00e0dica el cros del propi municipi. Per a correr qualsevol altre cros, s&#8217;ha de fer la inscripci\u00f3 completa. NORMATIVA CROS ESCOLAR 2025-2026 NORMATIVA CROS POPULAR 2025-2026 FULL INSCRIPCI\u00d3 CROS 25-26 FULL INSCRIPCI\u00d3 CROS 25-26 ESPORT POPULAR FULL INSCRIPCI\u00d3 CROS 25-26 CORREM TOTS I TOTES Dossiers dels cross: Dossier Bellvei [&hellip;]<\/p>\n","protected":false},"author":36,"featured_media":0,"parent":66,"menu_order":1,"comment_status":"closed","ping_status":"closed","template":"page-templates\/side-menu.php","meta":{"_bbp_topic_count":0,"_bbp_reply_count":0,"_bbp_total_topic_count":0,"_bbp_total_reply_count":0,"_bbp_voice_count":0,"_bbp_anonymous_reply_count":0,"_bbp_topic_count_hidden":0,"_bbp_reply_count_hidden":0,"_bbp_forum_subforum_count":0,"site-sidebar-layout":"default","site-content-layout":"","ast-site-content-layout":"","site-content-style":"default","site-sidebar-style":"default","ast-global-header-display":"","ast-banner-title-visibility":"","ast-main-header-display":"","ast-hfb-above-header-display":"","ast-hfb-below-header-display":"","ast-hfb-mobile-header-display":"","site-post-title":"","ast-breadcrumbs-content":"","ast-featured-img":"","footer-sml-layout":"","theme-transparent-header-meta":"","adv-header-id-meta":"","stick-header-meta":"","header-above-stick-meta":"","header-main-stick-meta":"","header-below-stick-meta":"","astra-migrate-meta-layouts":"default","ast-page-background-enabled":"default","ast-page-background-meta":{"desktop":{"background-color":"var(--ast-global-color-4)","background-image":"","background-repeat":"repeat","background-position":"center center","background-size":"auto","background-attachment":"scroll","background-type":"","background-media":"","overlay-type":"","overlay-color":"","overlay-opacity":"","overlay-gradient":""},"tablet":{"background-color":"","background-image":"","background-repeat":"repeat","background-position":"center center","background-size":"auto","background-attachment":"scroll","background-type":"","background-media":"","overlay-type":"","overlay-color":"","overlay-opacity":"","overlay-gradient":""},"mobile":{"background-color":"","background-image":"","background-repeat":"repeat","background-position":"center center","background-size":"auto","background-attachment":"scroll","background-type":"","background-media":"","overlay-type":"","overlay-color":"","overlay-opacity":"","overlay-gradient":""}},"ast-content-background-meta":{"desktop":{"background-color":"var(--ast-global-color-5)","background-image":"","background-repeat":"repeat","background-position":"center center","background-size":"auto","background-attachment":"scroll","background-type":"","background-media":"","overlay-type":"","overlay-color":"","overlay-opacity":"","overlay-gradient":""},"tablet":{"background-color":"var(--ast-global-color-5)","background-image":"","background-repeat":"repeat","background-position":"center center","background-size":"auto","background-attachment":"scroll","background-type":"","background-media":"","overlay-type":"","overlay-color":"","overlay-opacity":"","overlay-gradient":""},"mobile":{"background-color":"var(--ast-global-color-5)","background-image":"","background-repeat":"repeat","background-position":"center center","background-size":"auto","background-attachment":"scroll","background-type":"","background-media":"","overlay-type":"","overlay-color":"","overlay-opacity":"","overlay-gradient":""}},"footnotes":""},"class_list":["post-9863","page","type-page","status-publish","hentry"],"post_mailing_queue_ids":[],"_links":{"self":[{"href":"https:\/\/agora.xtec.cat\/esc-banyeres\/wp-json\/wp\/v2\/pages\/9863","targetHints":{"allow":["GET"]}}],"collection":[{"href":"https:\/\/agora.xtec.cat\/esc-banyeres\/wp-json\/wp\/v2\/pages"}],"about":[{"href":"https:\/\/agora.xtec.cat\/esc-banyeres\/wp-json\/wp\/v2\/types\/page"}],"author":[{"embeddable":true,"href":"https:\/\/agora.xtec.cat\/esc-banyeres\/wp-json\/wp\/v2\/users\/36"}],"replies":[{"embeddable":true,"href":"https:\/\/agora.xtec.cat\/esc-banyeres\/wp-json\/wp\/v2\/comments?post=9863"}],"version-history":[{"count":6,"href":"https:\/\/agora.xtec.cat\/esc-banyeres\/wp-json\/wp\/v2\/pages\/9863\/revisions"}],"predecessor-version":[{"id":12250,"href":"https:\/\/agora.xtec.cat\/esc-banyeres\/wp-json\/wp\/v2\/pages\/9863\/revisions\/12250"}],"up":[{"embeddable":true,"href":"https:\/\/agora.xtec.cat\/esc-banyeres\/wp-json\/wp\/v2\/pages\/66"}],"wp:attachment":[{"href":"https:\/\/agora.xtec.cat\/esc-banyeres\/wp-json\/wp\/v2\/media?parent=9863"}],"curies":[{"name":"wp","href":"https:\/\/api.w.org\/{rel}","templated":true}]}}