{"id":77,"date":"2014-09-18T14:05:08","date_gmt":"2014-09-18T14:05:08","guid":{"rendered":"http:\/\/agora.xtec.cat\/esc-banyeres\/\/?page_id=77"},"modified":"2025-09-06T15:14:12","modified_gmt":"2025-09-06T13:14:12","slug":"acollida","status":"publish","type":"page","link":"https:\/\/agora.xtec.cat\/esc-banyeres\/atencio-a-les-families\/serveis\/acollida\/","title":{"rendered":"Acollida i menjador"},"content":{"rendered":"<p>Benvingudes fam\u00edlies<\/p>\n<p>L&#8217;empresa que dona el servei tant d&#8217;acollida com de menjador \u00e9s Campos Estela.<\/p>\n<p>L&#8217;horari d&#8217;acollida \u00e9s de 08:00 a 09:00 hores i es realitza al menjador de l&#8217;escola (podeu accedir a trav\u00e9s de la porta principal i queda al costat esquerre de la porta d&#8217;entrada a l&#8217;edifici de l&#8217;escola).<\/p>\n<p>Tots els alumnes de l&#8217;escola poden fer \u00fas de l&#8217;acollida. Si es tracta d&#8217;alumnes que facin \u00fas habitual del menjador o de l&#8217;acollida, es cobrar\u00e0 tot junt en el rebut mensual.<\/p>\n<p>Aqu\u00ed teniu la informaci\u00f3 de l&#8217;alta i benvinguda al servei: <a href=\"https:\/\/drive.google.com\/file\/d\/1UT2QkGUGT5bLSFJhZfF_IR0Kr6W0HGY-\/view?usp=sharing\">Document de benvinguda<\/a><\/p>\n<p>En cas de necessitar el servei o d&#8217;haver de notificar alguna incid\u00e8ncia de manera \u00e0gil, us podeu adre\u00e7ar a la coordinadora del menjador al tel\u00e8fon\u00a0692 682 911 (Susana). Tamb\u00e9 es recomana descarregar l&#8217;app de Campos Estela per a poder notificar les abs\u00e8ncies i consultar els men\u00fas (entre altres coses).<\/p>\n<p>Els preus fixats per la generalitat per aquest curs s\u00f3n:<\/p>\n<p><a href=\"https:\/\/agora.xtec.cat\/esc-banyeres\/preu-menjador\/\"><img loading=\"lazy\" decoding=\"async\" class=\"alignnone wp-image-12194\" src=\"https:\/\/agora.xtec.cat\/esc-banyeres\/wp-content\/uploads\/usu294\/2025\/08\/Preu-menjador-e1756409421842.png\" alt=\"\" width=\"550\" height=\"150\" srcset=\"https:\/\/agora.xtec.cat\/esc-banyeres\/wp-content\/uploads\/usu294\/2025\/08\/Preu-menjador-e1756409421842.png 704w, https:\/\/agora.xtec.cat\/esc-banyeres\/wp-content\/uploads\/usu294\/2025\/08\/Preu-menjador-e1756409421842-300x82.png 300w\" sizes=\"auto, (max-width: 550px) 100vw, 550px\" \/><\/a><\/p>\n<p><a href=\"https:\/\/agora.xtec.cat\/esc-banyeres\/preu-acollida\/\"><img loading=\"lazy\" decoding=\"async\" class=\"alignnone wp-image-12196\" src=\"https:\/\/agora.xtec.cat\/esc-banyeres\/wp-content\/uploads\/usu294\/2025\/08\/Preu-acollida-e1756409530926.png\" alt=\"\" width=\"400\" height=\"126\" srcset=\"https:\/\/agora.xtec.cat\/esc-banyeres\/wp-content\/uploads\/usu294\/2025\/08\/Preu-acollida-e1756409530926.png 528w, https:\/\/agora.xtec.cat\/esc-banyeres\/wp-content\/uploads\/usu294\/2025\/08\/Preu-acollida-e1756409530926-300x94.png 300w\" sizes=\"auto, (max-width: 400px) 100vw, 400px\" \/><\/a><\/p>\n<p><strong>Material per al menjador:<\/strong><\/p>\n<ul>\n<li>Una bata per als alumnes d&#8217;infantil.<\/li>\n<li>Una muda en una bossa de roba marcada amb el nom per als alumnes d&#8217;infantil.<\/li>\n<li>Raspall i pasta de dents en un necesser o bossa per a prim\u00e0ria i opcional per a infantil.<\/li>\n<\/ul>\n","protected":false},"excerpt":{"rendered":"<p>Benvingudes fam\u00edlies L&#8217;empresa que dona el servei tant d&#8217;acollida com de menjador \u00e9s Campos Estela. L&#8217;horari d&#8217;acollida \u00e9s de 08:00 a 09:00 hores i es realitza al menjador de l&#8217;escola (podeu accedir a trav\u00e9s de la porta principal i queda al costat esquerre de la porta d&#8217;entrada a l&#8217;edifici de l&#8217;escola). Tots els alumnes de [&hellip;]<\/p>\n","protected":false},"author":2,"featured_media":0,"parent":66,"menu_order":1,"comment_status":"closed","ping_status":"closed","template":"page-templates\/side-menu.php","meta":{"_bbp_topic_count":0,"_bbp_reply_count":0,"_bbp_total_topic_count":0,"_bbp_total_reply_count":0,"_bbp_voice_count":0,"_bbp_anonymous_reply_count":0,"_bbp_topic_count_hidden":0,"_bbp_reply_count_hidden":0,"_bbp_forum_subforum_count":0,"site-sidebar-layout":"default","site-content-layout":"","ast-site-content-layout":"","site-content-style":"default","site-sidebar-style":"default","ast-global-header-display":"","ast-banner-title-visibility":"","ast-main-header-display":"","ast-hfb-above-header-display":"","ast-hfb-below-header-display":"","ast-hfb-mobile-header-display":"","site-post-title":"","ast-breadcrumbs-content":"","ast-featured-img":"","footer-sml-layout":"","theme-transparent-header-meta":"","adv-header-id-meta":"","stick-header-meta":"","header-above-stick-meta":"","header-main-stick-meta":"","header-below-stick-meta":"","astra-migrate-meta-layouts":"default","ast-page-background-enabled":"default","ast-page-background-meta":{"desktop":{"background-color":"var(--ast-global-color-4)","background-image":"","background-repeat":"repeat","background-position":"center center","background-size":"auto","background-attachment":"scroll","background-type":"","background-media":"","overlay-type":"","overlay-color":"","overlay-opacity":"","overlay-gradient":""},"tablet":{"background-color":"","background-image":"","background-repeat":"repeat","background-position":"center center","background-size":"auto","background-attachment":"scroll","background-type":"","background-media":"","overlay-type":"","overlay-color":"","overlay-opacity":"","overlay-gradient":""},"mobile":{"background-color":"","background-image":"","background-repeat":"repeat","background-position":"center center","background-size":"auto","background-attachment":"scroll","background-type":"","background-media":"","overlay-type":"","overlay-color":"","overlay-opacity":"","overlay-gradient":""}},"ast-content-background-meta":{"desktop":{"background-color":"var(--ast-global-color-5)","background-image":"","background-repeat":"repeat","background-position":"center center","background-size":"auto","background-attachment":"scroll","background-type":"","background-media":"","overlay-type":"","overlay-color":"","overlay-opacity":"","overlay-gradient":""},"tablet":{"background-color":"var(--ast-global-color-5)","background-image":"","background-repeat":"repeat","background-position":"center center","background-size":"auto","background-attachment":"scroll","background-type":"","background-media":"","overlay-type":"","overlay-color":"","overlay-opacity":"","overlay-gradient":""},"mobile":{"background-color":"var(--ast-global-color-5)","background-image":"","background-repeat":"repeat","background-position":"center center","background-size":"auto","background-attachment":"scroll","background-type":"","background-media":"","overlay-type":"","overlay-color":"","overlay-opacity":"","overlay-gradient":""}},"footnotes":""},"class_list":["post-77","page","type-page","status-publish","hentry"],"post_mailing_queue_ids":[],"_links":{"self":[{"href":"https:\/\/agora.xtec.cat\/esc-banyeres\/wp-json\/wp\/v2\/pages\/77","targetHints":{"allow":["GET"]}}],"collection":[{"href":"https:\/\/agora.xtec.cat\/esc-banyeres\/wp-json\/wp\/v2\/pages"}],"about":[{"href":"https:\/\/agora.xtec.cat\/esc-banyeres\/wp-json\/wp\/v2\/types\/page"}],"author":[{"embeddable":true,"href":"https:\/\/agora.xtec.cat\/esc-banyeres\/wp-json\/wp\/v2\/users\/2"}],"replies":[{"embeddable":true,"href":"https:\/\/agora.xtec.cat\/esc-banyeres\/wp-json\/wp\/v2\/comments?post=77"}],"version-history":[{"count":7,"href":"https:\/\/agora.xtec.cat\/esc-banyeres\/wp-json\/wp\/v2\/pages\/77\/revisions"}],"predecessor-version":[{"id":12212,"href":"https:\/\/agora.xtec.cat\/esc-banyeres\/wp-json\/wp\/v2\/pages\/77\/revisions\/12212"}],"up":[{"embeddable":true,"href":"https:\/\/agora.xtec.cat\/esc-banyeres\/wp-json\/wp\/v2\/pages\/66"}],"wp:attachment":[{"href":"https:\/\/agora.xtec.cat\/esc-banyeres\/wp-json\/wp\/v2\/media?parent=77"}],"curies":[{"name":"wp","href":"https:\/\/api.w.org\/{rel}","templated":true}]}}