{"id":6814,"date":"2019-11-11T17:10:45","date_gmt":"2019-11-11T16:10:45","guid":{"rendered":"http:\/\/agora.xtec.cat\/esc-banyeres\/?page_id=6814"},"modified":"2019-11-11T17:10:45","modified_gmt":"2019-11-11T16:10:45","slug":"avaluacio-ambit-linguistic-5e","status":"publish","type":"page","link":"https:\/\/agora.xtec.cat\/esc-banyeres\/la-nostra-escola\/projecte-curricular-centre-avaluacio\/avaluacio-ambit-linguistic-5e\/","title":{"rendered":"AVALUACI\u00d3 \u00c0MBIT LING\u00dc\u00cdSTIC 5\u00e8"},"content":{"rendered":"<table style=\"width: 897px;\" width=\"563\">\n<tbody>\n<tr>\n<td style=\"width: 324px;\" rowspan=\"2\"><strong>Criteri d\u2019avaluaci\u00f3<\/strong><\/td>\n<td style=\"width: 565px;\" rowspan=\"2\"><strong>Indicador<\/strong><\/td>\n<\/tr>\n<\/tbody>\n<\/table>\n<table style=\"width: 346px;\" width=\"563\">\n<tbody>\n<tr>\n<td style=\"width: 340px;\" colspan=\"2\" rowspan=\"3\"><strong>Comunicaci\u00f3 oral<\/strong><\/td>\n<\/tr>\n<\/tbody>\n<\/table>\n<table style=\"width: 901px;\" width=\"563\">\n<tbody>\n<tr>\n<td style=\"width: 320px;\" rowspan=\"4\">Comprendre produccions orals (confer\u00e8ncies, exposicions, explicacions), provinents de diferents mitjans. Tenir capacitat per fer-ne una s\u00edntesi tamb\u00e9 oral a partir de les idees principals que s\u2019hi han exposat.(CA1)<\/td>\n<td style=\"width: 573px;\">Compr\u00e8n el sentit global i les idees m\u00e9s rellevants i secund\u00e0ries de discursos i exposicions i pot seguir el seu fil argumental<\/td>\n<\/tr>\n<tr>\n<td style=\"width: 573px;\">\u00c9s capa\u00e7 de captar la idea principal i fer deduccions tenint en compte els seus coneixements previs donant la seva opini\u00f3.<\/td>\n<\/tr>\n<tr>\n<td style=\"width: 573px;\">Compr\u00e8n les idees rellevants i secund\u00e0ries emeses en un mitj\u00e0 de comunicaci\u00f3: r\u00e0dio, TV internet, que tracten temes actuals o d&#8217;aspectes d&#8217;inter\u00e8s personal<\/td>\n<\/tr>\n<tr>\n<td style=\"width: 573px;\">Compr\u00e8n els discursos retransmesos de temes coneguts i amb una estructura clara.<\/td>\n<\/tr>\n<tr>\n<td style=\"width: 320px;\" rowspan=\"6\">Participar activament en les converses de classe i utilitzar un llenguatge comprensible per a les funcions b\u00e0siques, com ara relacionar-se, aprendre, expressar experi\u00e8ncies viscudes, imaginar. Saber escoltar els altres i respectar els torns de paraula.(CA2).<br \/>\nAdaptar el discurs a posibles situacions imprevistes (soni la m\u00fasica, interrupcions a la classe, no funcionen les TIC\u2026). APRENDRE A APRENDRE<\/td>\n<td style=\"width: 573px;\">Elabora un discurs ben estructurat i argumentat de manera elemental\u00a0 de temes diversos.<\/td>\n<\/tr>\n<tr>\n<td style=\"width: 573px;\">Utilitza vocabulari espec\u00edfic del tema que desenvolupa i estructures morfosint\u00e0ctiques de complexitat diversa. en diferents temes. Parla amb seguretat i domini del tema.<\/td>\n<\/tr>\n<tr>\n<td style=\"width: 573px;\">Acompanya el discurs amb gestos i mirades als interlocutors.<\/td>\n<\/tr>\n<tr>\n<td style=\"width: 573px;\">Utilitza suports m\u00e9s elaborats que complementen la seva exposici\u00f3 (TIC, audiovisuals\u2026)<\/td>\n<\/tr>\n<tr>\n<td style=\"width: 573px;\">Respecta el torn de paraula. i les idees dels altres<\/td>\n<\/tr>\n<tr>\n<td style=\"width: 573px;\">Escolta activament en qualsevol situaci\u00f3 comunicativa.<\/td>\n<\/tr>\n<tr>\n<td style=\"width: 320px;\" rowspan=\"5\">Exposar temes de producci\u00f3 pr\u00f2pia oralment (exposicions, processos, comentaris d\u2019actualitat, entre altres) amb preparaci\u00f3 pr\u00e8via, i adaptant l\u2019entonaci\u00f3, el to de veu o el gest a la situaci\u00f3 comunicativa. Utilitzaci\u00f3 de material gr\u00e0fic.(CA3)<\/td>\n<td style=\"width: 573px;\">Utilitza la majoria de les expressions adequades a les funcions comunicatives i amb el registre adequat.<\/td>\n<\/tr>\n<tr>\n<td style=\"width: 573px;\">Utilitza elements de comunicaci\u00f3 no verbal adequats a la situaci\u00f3 comunicativa.<\/td>\n<\/tr>\n<tr>\n<td style=\"width: 573px;\">Recolza les seves intervencions amb material gr\u00e0fic que facilita la l&#8217;exposici\u00f3.<\/td>\n<\/tr>\n<tr>\n<td style=\"width: 573px;\">Introdueix\u00a0 aclariments quan s\u2019adona que el seu discurs \u00e9s poc comprensible.<\/td>\n<\/tr>\n<tr>\n<td style=\"width: 573px;\">Modifica els seu discurs a partir de les idees de l\u2019interlocutor.<\/td>\n<\/tr>\n<\/tbody>\n<\/table>\n<table width=\"563\">\n<tbody>\n<tr>\n<td colspan=\"2\" rowspan=\"3\" width=\"563\"><strong>Comprensi\u00f3 lectora<\/strong><\/td>\n<\/tr>\n<\/tbody>\n<\/table>\n<table style=\"width: 894px;\" width=\"563\">\n<tbody>\n<tr>\n<td style=\"width: 322px;\" rowspan=\"4\">Aplicar tot tipus d&#8217;estrat\u00e8gies per comprendre el sentit global i la informaci\u00f3 espec\u00edfica de textos escrits de tipologia diversa i en diferents formats.<\/td>\n<td style=\"width: 564px;\">Anticipa el tema de qu\u00e8 tractar\u00e0 el text a partir dels elements contextuals i de manera aut\u00f2noma.<\/td>\n<\/tr>\n<tr>\n<td style=\"width: 564px;\">Compr\u00e8n el sentit global dels diferents textos i en diferents formats b\u00e0sics treballats de manera aut\u00f3noma<\/td>\n<\/tr>\n<tr>\n<td style=\"width: 564px;\">Dedueix la major part d\u2019informaci\u00f3 no expl\u00edcita en el text.<\/td>\n<\/tr>\n<tr>\n<td style=\"width: 564px;\">Opina i argumenta sobre el tot el text.<\/td>\n<\/tr>\n<tr>\n<td style=\"width: 322px;\" rowspan=\"2\">Elaborar s\u00edntesis de textos escrits en forma d&#8217;esquema o mapa conceptual.<\/td>\n<td style=\"width: 564px;\">\u00c9s capa\u00e7 d\u2019identificar les idees rellevants i algunes secund\u00e0ries.<\/td>\n<\/tr>\n<tr>\n<td style=\"width: 564px;\">Resumeix el text reorganitzant les<br \/>\nidees rellevants.<\/td>\n<\/tr>\n<tr>\n<td style=\"width: 322px;\" rowspan=\"3\">Respondre i formular preguntes referides als textos que s&#8217;han llegit (contes, poemes, articles, fullets informatius, entre d\u2019altres) mostrant comprensi\u00f3<\/td>\n<td style=\"width: 564px;\">Identifica les diferents parts del text tenint en compte el g\u00e8nere al qual pertany<\/td>\n<\/tr>\n<tr>\n<td style=\"width: 564px;\">Disposa d\u2019un bon repertori l\u00e8xic.<\/td>\n<\/tr>\n<tr>\n<td style=\"width: 564px;\">\u00c9s capa\u00e7 de respondre i formular preguntes de manera coherent sobre un text.<\/td>\n<\/tr>\n<tr>\n<td style=\"width: 322px;\" rowspan=\"6\">Llegir de manera aut\u00f2noma (en veu alta o interna) i comprensiva, mostrant inter\u00e8s per tot tipus de textos.<\/td>\n<td style=\"width: 564px;\">Llegeix amb pron\u00fancia i entonaci\u00f3 adequada en qualsevol tipus de paraules.<\/td>\n<\/tr>\n<tr>\n<td style=\"width: 564px;\">Llegeix amb una flu\u00efdesa i expressivitat que permet al receptor entendre el contingut del text.<\/td>\n<\/tr>\n<tr>\n<td style=\"width: 564px;\">Utilitza els signes de puntuaci\u00f3 del text treballats per interpretar-lo.<\/td>\n<\/tr>\n<tr>\n<td style=\"width: 564px;\">Mostra inter\u00e8s per la majoria de tipus de text.<\/td>\n<\/tr>\n<tr>\n<td style=\"width: 564px;\">Mostra una predisposici\u00f3 adequada a la lectura interna (postura, concentraci\u00f3, silenci\u2026).<\/td>\n<\/tr>\n<tr>\n<td style=\"width: 564px;\">\u00c9s capa\u00e7 de resumir les idees principals, identificar els personatges, argumentar i recomanar la lectura o no del llibre.<\/td>\n<\/tr>\n<tr>\n<td style=\"width: 322px;\" rowspan=\"3\">Saber sintetitzar informaci\u00f3 provinent de webs utilitzant el format hipertext (enlla\u00e7ar la informaci\u00f3 d\u2019una p\u00e0gina amb la d\u2019una altra).<\/td>\n<td style=\"width: 564px;\">Defineix els l\u00edmits de la cerca abans de buscar la informaci\u00f3.<\/td>\n<\/tr>\n<tr>\n<td style=\"width: 564px;\">Sintetitza la informaci\u00f3 de la<br \/>\ncerca a exposar.<\/td>\n<\/tr>\n<tr>\n<td style=\"width: 564px;\">Comunica les conclusions de la<br \/>\ncerca i fa una valoraci\u00f3.<\/td>\n<\/tr>\n<\/tbody>\n<\/table>\n<table width=\"563\">\n<tbody>\n<tr>\n<td colspan=\"2\" rowspan=\"3\" width=\"563\"><strong>Expressi\u00f3 escrita<\/strong><\/td>\n<\/tr>\n<\/tbody>\n<\/table>\n<table style=\"width: 888px;\" width=\"563\">\n<tbody>\n<tr>\n<td style=\"width: 325px;\" rowspan=\"3\">Planificar el text .<\/td>\n<td style=\"width: 555px;\">Genera, una llista d&#8217;idees relacionades amb el tema.<\/td>\n<\/tr>\n<tr>\n<td style=\"width: 555px;\">Relaciona les idees mitjan\u00e7ant esquemes o mapa conceptual.<\/td>\n<\/tr>\n<tr>\n<td style=\"width: 555px;\">Sap expressar aquestes idees en par\u00e0graf coherents i cohesionats..<\/td>\n<\/tr>\n<tr>\n<td style=\"width: 325px;\" rowspan=\"4\">Escriure textos de g\u00e8neres diversos i en diferents formats (contes, poemes, c\u00f2mics, diaris personals, not\u00edcies\u2026) amb coher\u00e8ncia, cohesi\u00f3 i correcci\u00f3 ling\u00fc\u00edstica i amb riquesa de llenguatge, partint del proc\u00e9s de pensar, escriure o elaborar i revisar.<\/td>\n<td style=\"width: 555px;\">Reconeix quin tipus de text ha d\u2019escriure i la seva estructura i ordena\u00a0 les idees de manera l\u00f2gica.<\/td>\n<\/tr>\n<tr>\n<td style=\"width: 555px;\">Escriu textos de tipologies diverses i en diferents formats.<\/td>\n<\/tr>\n<tr>\n<td style=\"width: 555px;\">Utilitza varietat de connectors que s\u2019ajusten al tipus de text que escriu. La tria de connectors d\u00f3na una bona cohesi\u00f3 al text.<\/td>\n<\/tr>\n<tr>\n<td style=\"width: 555px;\">Revisa acuradament el text escrit tenint en compte la coher\u00e8ncia, cohesi\u00f3 i correcci\u00f3 ling\u00fc\u00edstica, amb riquesa de llenguatge. (autoavaluaci\u00f3 o coavaluaci\u00f3).<\/td>\n<\/tr>\n<tr>\n<td style=\"width: 325px;\" rowspan=\"2\">Mostrar seguretat en l\u2019ortografia de base, bon coneixement de les normes ortogr\u00e0fiques que responen a lleis constants i haver apr\u00e8s algunes normes d\u2019excepci\u00f3 i algunes excepcions; haver memoritzat les paraules d\u2019\u00fas freq\u00fcent<\/td>\n<td style=\"width: 555px;\">Aplica les normes ortogr\u00e0fiques i excepcions de l\u00e8xic espec\u00edfic de les<br \/>\n\u00e0rees.<\/td>\n<\/tr>\n<tr>\n<td style=\"width: 555px;\">Utilitza els signes de puntuaci\u00f3 que requereix el tipus de text.<\/td>\n<\/tr>\n<tr>\n<td style=\"width: 325px;\" rowspan=\"3\">Con\u00e8ixer la terminologia gramatical b\u00e0sica i la funci\u00f3 de cada element en un enunciat.<\/td>\n<td style=\"width: 555px;\">Escriu amb varietat d\u2019oracions: simples i complexes.<\/td>\n<\/tr>\n<tr>\n<td style=\"width: 555px;\">Coneix la majoria de categories gramaticals b\u00e0siques m\u00e9s els pronoms personals.<\/td>\n<\/tr>\n<tr>\n<td style=\"width: 555px;\">Identifica la funci\u00f3 la majoria de categories gramaticals b\u00e0siques m\u00e9s els pronoms personals.<\/td>\n<\/tr>\n<tr>\n<td style=\"width: 325px;\">Con\u00e8ixer els mecanismes de la llengua per crear significat, com derivaci\u00f3, composici\u00f3, sentit figurat i tots els treballats durant el curs. Aplicaci\u00f3 en els textos de producci\u00f3 pr\u00f2pia.<\/td>\n<td style=\"width: 555px;\">Utilitza els recursos de consulta m\u00e9s habituals per revisar (diccionari ortogr\u00e0fic, de sin\u00f2nims, biling\u00fce, llista de connectors, pautes amb les caracter\u00edstiques textuals&#8230;) i millorar el text (ortografia, connectors, algun aspecte de l\u00e8xic&#8230;).<\/td>\n<\/tr>\n<\/tbody>\n<\/table>\n<table width=\"563\">\n<tbody>\n<tr>\n<td colspan=\"2\" rowspan=\"3\" width=\"563\"><strong>Liter\u00e0ria<\/strong><\/td>\n<\/tr>\n<\/tbody>\n<\/table>\n<table style=\"width: 881px;\" width=\"563\">\n<tbody>\n<tr>\n<td style=\"width: 331px;\" rowspan=\"6\">Mostrar comprensi\u00f3 dels llibres de literatura llegits: saber explicar com s\u00f3n els protagonistes, la trama, els escenaris. Valorar el llenguatge i la il\u00b7lustraci\u00f3. Saber-ne fer una valoraci\u00f3 global.(CA20)<\/td>\n<td style=\"width: 542px;\">Incorporar la lectura com una activitat freq\u00fcent d\u2019oci.<\/td>\n<\/tr>\n<tr>\n<td style=\"width: 542px;\">Coneix i localitza totes les dades bibliogr\u00e0fiques d\u2019un llibre, i \u00e9s capa\u00e7 d&#8217;inferir-ne l&#8217;argument i el g\u00e8nere<\/td>\n<\/tr>\n<tr>\n<td style=\"width: 542px;\">Coneix les caracter\u00edstiques m\u00e9s rellevant dels g\u00e8neres textuals treballats i algunes caracter\u00edstiques dels subg\u00e8neres.<\/td>\n<\/tr>\n<tr>\n<td style=\"width: 542px;\">Estableix connexions entre elements de l\u2019obra i experi\u00e8ncies viscudes i les diferencia entre les que s\u00f3n literals (identificaci\u00f3 de situacions, fets, espais\u2026) i les que comporten un grau d\u2019infer\u00e8ncia (car\u00e0cter dels personatges, sentiments, sensacions, problem\u00e0tiques similars\u2026.).<\/td>\n<\/tr>\n<tr>\n<td style=\"width: 542px;\">Recomana el llibre amb una bona argumentaci\u00f3 i transmetent les emocions que li han produit el llibre.<\/td>\n<\/tr>\n<tr>\n<td style=\"width: 542px;\">Fa un promig anual de 14 llibres per alumne\/a.<\/td>\n<\/tr>\n<tr>\n<td style=\"width: 331px;\" rowspan=\"2\">Con\u00e8ixer i gaudir del funcionament de la biblioteca del centre, per localitzar llibres de coneixements i lectures liter\u00e0ries i fer una recerca fiable.(CA7)<\/td>\n<td style=\"width: 542px;\">Utilitza el servei de pr\u00e9stec regularment.<\/td>\n<\/tr>\n<tr>\n<td style=\"width: 542px;\">Gaudeix de visitar la biblioteca per trobar gust per la lectura.<\/td>\n<\/tr>\n<tr>\n<td style=\"width: 331px;\" rowspan=\"5\">Escriure textos de g\u00e8neres diversos i en diferents formats (contes, poemes, c\u00f2mics, diaris personals, not\u00edcies\u2026) amb coher\u00e8ncia, cohesi\u00f3 i correcci\u00f3 ling\u00fc\u00edstica i amb riquesa de llenguatge, partint del proc\u00e9s de pensar, escriure o elaborar i revisar.(CA9)<\/td>\n<td style=\"width: 542px;\">Incorpora l\u2019escriptura com una activitat freq\u00fcent d\u2019oci.<\/td>\n<\/tr>\n<tr>\n<td style=\"width: 542px;\">Escriu a partir de models expl\u00edcits, per\u00f2 se\u2019n pot apartar, produint un text allunyat del model.<\/td>\n<\/tr>\n<tr>\n<td style=\"width: 542px;\">Fa versions de textos literaris, utilitzant els elements que coneix de diversos textos per fer-ne un de creatiu.<\/td>\n<\/tr>\n<tr>\n<td style=\"width: 542px;\">Utilitza for\u00e7a recursos estil\u00edstics de forma espont\u00e0nia i creativa.<\/td>\n<\/tr>\n<tr>\n<td style=\"width: 542px;\">Produeix de manera aut\u00f2noma textos literaris de la majoria de g\u00e8neres textuals (poemas, contes, narracions, descripcions, diaris personal)<\/td>\n<\/tr>\n<\/tbody>\n<\/table>\n<table width=\"563\">\n<tbody>\n<tr>\n<td colspan=\"2\" rowspan=\"3\" width=\"563\"><strong>Pluriling\u00fce i intercultural<\/strong><\/td>\n<\/tr>\n<\/tbody>\n<\/table>\n<table style=\"width: 874px;\" width=\"563\">\n<tbody>\n<tr>\n<td style=\"width: 332px;\" rowspan=\"2\">Con\u00e8ixer i valorar la diversitat ling\u00fc\u00edstica i cultural de Catalunya, d\u2019Espanya i del m\u00f3n, amb actitud de respecte cap a les persones que parlen altres lleng\u00fces i inter\u00e8s a comprendre-les.(CA21)<\/td>\n<td style=\"width: 534px;\">Coneix les caracter\u00edstiques principals dels territoris de parla castellana (situaci\u00f3, caracter\u00edstiques socioling\u00fc\u00edstiques i culturals).<\/td>\n<\/tr>\n<tr>\n<td style=\"width: 534px;\">Respecta a les persones que parlen altres lleng\u00fces i t\u00e9 inter\u00e8s a comprendre-les.<\/td>\n<\/tr>\n<tr>\n<td style=\"width: 332px;\">Tenir inter\u00e8s per solucionar el problemes de comprensi\u00f3 i comunicaci\u00f3 que es produeixen en contextos multiling\u00fces sabent adaptar els missatges.(CA22)<\/td>\n<td style=\"width: 534px;\">S\u2019implica en el proc\u00e9s d\u2019aprenentatge de la llengua d\u2019altres companys.<\/td>\n<\/tr>\n<tr>\n<td style=\"width: 332px;\" rowspan=\"2\">Usar un llenguatge no discriminatori i respectu\u00f3s amb els altres i ser cr\u00edtic amb els prejudicis racistes, sexistes, religiosos i classistes.(CA24)<\/td>\n<td style=\"width: 534px;\">T\u00e9 una actitud cr\u00edtica amb aquells que recorren els prejudicis ling\u00fc\u00edstics i sap argumentar-la quan cal.<\/td>\n<\/tr>\n<tr>\n<td style=\"width: 534px;\">Usa un llenguatge no discriminatori i respectu\u00f3s amb els altres.<\/td>\n<\/tr>\n<tr>\n<td style=\"width: 332px;\"><\/td>\n<td style=\"width: 534px;\">Usa un llenguatge no discriminatori i respectu\u00f3s amb els altres.<\/td>\n<\/tr>\n<\/tbody>\n<\/table>\n","protected":false},"excerpt":{"rendered":"<p>Criteri d\u2019avaluaci\u00f3 Indicador Comunicaci\u00f3 oral Comprendre produccions orals (confer\u00e8ncies, exposicions, explicacions), provinents de diferents mitjans. Tenir capacitat per fer-ne una s\u00edntesi tamb\u00e9 oral a partir de les idees principals que s\u2019hi han exposat.(CA1) Compr\u00e8n el sentit global i les idees m\u00e9s rellevants i secund\u00e0ries de discursos i exposicions i pot seguir el seu fil argumental [&hellip;]<\/p>\n","protected":false},"author":8,"featured_media":0,"parent":6790,"menu_order":0,"comment_status":"closed","ping_status":"closed","template":"","meta":{"_bbp_topic_count":0,"_bbp_reply_count":0,"_bbp_total_topic_count":0,"_bbp_total_reply_count":0,"_bbp_voice_count":0,"_bbp_anonymous_reply_count":0,"_bbp_topic_count_hidden":0,"_bbp_reply_count_hidden":0,"_bbp_forum_subforum_count":0,"site-sidebar-layout":"default","site-content-layout":"","ast-site-content-layout":"","site-content-style":"default","site-sidebar-style":"default","ast-global-header-display":"","ast-banner-title-visibility":"","ast-main-header-display":"","ast-hfb-above-header-display":"","ast-hfb-below-header-display":"","ast-hfb-mobile-header-display":"","site-post-title":"","ast-breadcrumbs-content":"","ast-featured-img":"","footer-sml-layout":"","theme-transparent-header-meta":"","adv-header-id-meta":"","stick-header-meta":"","header-above-stick-meta":"","header-main-stick-meta":"","header-below-stick-meta":"","astra-migrate-meta-layouts":"default","ast-page-background-enabled":"default","ast-page-background-meta":{"desktop":{"background-color":"var(--ast-global-color-4)","background-image":"","background-repeat":"repeat","background-position":"center center","background-size":"auto","background-attachment":"scroll","background-type":"","background-media":"","overlay-type":"","overlay-color":"","overlay-opacity":"","overlay-gradient":""},"tablet":{"background-color":"","background-image":"","background-repeat":"repeat","background-position":"center center","background-size":"auto","background-attachment":"scroll","background-type":"","background-media":"","overlay-type":"","overlay-color":"","overlay-opacity":"","overlay-gradient":""},"mobile":{"background-color":"","background-image":"","background-repeat":"repeat","background-position":"center center","background-size":"auto","background-attachment":"scroll","background-type":"","background-media":"","overlay-type":"","overlay-color":"","overlay-opacity":"","overlay-gradient":""}},"ast-content-background-meta":{"desktop":{"background-color":"var(--ast-global-color-5)","background-image":"","background-repeat":"repeat","background-position":"center center","background-size":"auto","background-attachment":"scroll","background-type":"","background-media":"","overlay-type":"","overlay-color":"","overlay-opacity":"","overlay-gradient":""},"tablet":{"background-color":"var(--ast-global-color-5)","background-image":"","background-repeat":"repeat","background-position":"center center","background-size":"auto","background-attachment":"scroll","background-type":"","background-media":"","overlay-type":"","overlay-color":"","overlay-opacity":"","overlay-gradient":""},"mobile":{"background-color":"var(--ast-global-color-5)","background-image":"","background-repeat":"repeat","background-position":"center center","background-size":"auto","background-attachment":"scroll","background-type":"","background-media":"","overlay-type":"","overlay-color":"","overlay-opacity":"","overlay-gradient":""}},"footnotes":""},"class_list":["post-6814","page","type-page","status-publish","hentry"],"post_mailing_queue_ids":[],"_links":{"self":[{"href":"https:\/\/agora.xtec.cat\/esc-banyeres\/wp-json\/wp\/v2\/pages\/6814","targetHints":{"allow":["GET"]}}],"collection":[{"href":"https:\/\/agora.xtec.cat\/esc-banyeres\/wp-json\/wp\/v2\/pages"}],"about":[{"href":"https:\/\/agora.xtec.cat\/esc-banyeres\/wp-json\/wp\/v2\/types\/page"}],"author":[{"embeddable":true,"href":"https:\/\/agora.xtec.cat\/esc-banyeres\/wp-json\/wp\/v2\/users\/8"}],"replies":[{"embeddable":true,"href":"https:\/\/agora.xtec.cat\/esc-banyeres\/wp-json\/wp\/v2\/comments?post=6814"}],"version-history":[{"count":1,"href":"https:\/\/agora.xtec.cat\/esc-banyeres\/wp-json\/wp\/v2\/pages\/6814\/revisions"}],"predecessor-version":[{"id":6815,"href":"https:\/\/agora.xtec.cat\/esc-banyeres\/wp-json\/wp\/v2\/pages\/6814\/revisions\/6815"}],"up":[{"embeddable":true,"href":"https:\/\/agora.xtec.cat\/esc-banyeres\/wp-json\/wp\/v2\/pages\/6790"}],"wp:attachment":[{"href":"https:\/\/agora.xtec.cat\/esc-banyeres\/wp-json\/wp\/v2\/media?parent=6814"}],"curies":[{"name":"wp","href":"https:\/\/api.w.org\/{rel}","templated":true}]}}