{"id":64,"date":"2014-09-18T12:39:08","date_gmt":"2014-09-18T12:39:08","guid":{"rendered":"http:\/\/agora.xtec.cat\/esc-banyeres\/\/?page_id=64"},"modified":"2023-09-18T16:09:08","modified_gmt":"2023-09-18T14:09:08","slug":"projecte-educatiu","status":"publish","type":"page","link":"https:\/\/agora.xtec.cat\/esc-banyeres\/la-nostra-escola\/projecte-educatiu\/","title":{"rendered":"Projecte educatiu"},"content":{"rendered":"<p>En aquesta secci\u00f3 cada centre pot crear les p\u00e0gines necess\u00e0ries per a descriure el seu projecte educatiu. D&#8217;acord amb la <a title=\"Article 91 LEC\" href=\"http:\/\/www20.gencat.cat\/portal\/site\/portaljuridic\/menuitem.d15a4e5dfb99396dc366ec10b0c0e1a0\/?vgnextoid=b85297b5a87d6210VgnVCM1000000b0c1e0aRCRD&amp;vgnextchannel=b85297b5a87d6210VgnVCM1000000b0c1e0aRCRD&amp;vgnextfmt=default&amp;action=fitxa&amp;portalId=1&amp;documentId=480169&amp;newLang=ca_ES#fragment-1182442\" target=\"_blank\" rel=\"noopener noreferrer\">Llei d&#8217;Educaci\u00f3 de Catalunya<\/a>, el projecte educatiu incorpora el car\u00e0cter propi del centre i ha de contenir com a m\u00ednim els elements seg\u00fcents:<\/p>\n<ul>\n<li>Criteris d&#8217;ordenaci\u00f3 pedag\u00f2gica, prioritats i plantejaments educatius, procediments d&#8217;inclusi\u00f3 i altres actuacions que caracteritzen el centre.<\/li>\n<li>Indicadors de progr\u00e9s.<\/li>\n<li>Concreci\u00f3 i desenvolupament dels curr\u00edculums.<\/li>\n<li>Criteris que defineixen l&#8217;estructura organitzativa.<\/li>\n<li>Projecte ling\u00fc\u00edstic.<\/li>\n<li>Car\u00e0cter propi del centre, si n&#8217;hi ha.<\/li>\n<\/ul>\n<p>Es poden incloure tamb\u00e9 en aquesta secci\u00f3 altres documents m\u00e9s espec\u00edfics que tamb\u00e9 formen part del projecte educatiu, com ara: Projecte de conviv\u00e8ncia, Pla TAC, Pla d&#8217;acollida, Projecte d&#8217;escola i fam\u00edlia, Comunitat d&#8217;aprenentatge, etc.<\/p>\n<p>Tamb\u00e9 pot ser interessant fer refer\u00e8ncia a altres projectes i activitats, com ara: Escola verda, R\u00e0dio a l&#8217;escola, Art a l&#8217;escola, Cinema en curs, Taller de rob\u00f2tica, Aprenentatge integrat de Continguts i Lleng\u00fces Estrangeres (AICLE), Revista de l&#8217;escola, Agenda 21, Hort, Patis oberts&#8230;<\/p>\n<p>Donada la diversitat de seccions possibles, s&#8217;ha cregut oport\u00fa no crear\u00a0cap p\u00e0gina espec\u00edfica en la maqueta inicial, deixant a criteri del centre la decisi\u00f3 sobre la millor manera\u00a0d&#8217;estructurar la descripci\u00f3 del seu projecte educatiu. En crear els apartats\u00a0\u00e9s\u00a0important que la caixa <em>Atributs de la p\u00e0gina<\/em>\u00a0tingui com a pare\/mare \u201c<em>Projecte educatiu<\/em>\u201c, i que se seleccioni com a plantilla l&#8217;opci\u00f3 \u201c<em>Men\u00fa lateral<\/em>\u201c.<\/p>\n<p>A continuaci\u00f3 teniu el\u00a0document sencer per si \u00e9s del vostre inter\u00e8s<\/p>\n<p><a href=\"https:\/\/agora.xtec.cat\/esc-banyeres\/wp-content\/uploads\/usu294\/2023\/09\/PROJECTE-EDUCATIU-ESCOLA-MARE-DE-DEU-DEL-PRIORAT-2022-23.pdf\">PROJECTE EDUCATIU DE CENTRE<\/a><\/p>\n<p><a href=\"http:\/\/agora.xtec.cat\/esc-banyeres\/la-nostra-escola\/projecte-educatiu\/attachment\/projecte-linguistic-2\/\" rel=\"attachment wp-att-7009\">PROJECTE LING\u00dc\u00cdSTIC<\/a><\/p>\n<p>En data 7 de setembre de 2017, en consell escolar s&#8217;introdueixen les seg\u00fcents disposicions addicionals:<\/p>\n<p><strong>Modificacions:<\/strong><\/p>\n<p>&nbsp;<\/p>\n<p>Es fa el recull dels documents realitzats per les aportacions del claustre durant els cursos 2014-15 i 16-17.<\/p>\n<p><u>Es modifica la p\u00e0g. 84<\/u>: a <strong>l\u2019apartat de llibres de text i material did\u00e0ctic<\/strong> a l\u2019\u00faltim par\u00e0graf: Ha de dir: L\u2019escola porta a terme un programa de socialitzaci\u00f3 amb la col\u00b7laboraci\u00f3 de l\u2019AMPA i Ajuntament. S\u2019adjunta el reglament del Projecte de Socialitzaci\u00f3.<\/p>\n<p>&nbsp;<\/p>\n<table width=\"100%\">\n<tbody>\n<tr>\n<td>PROJECTE DE SOCIALITZACI\u00d3<\/td>\n<\/tr>\n<\/tbody>\n<\/table>\n<p>En aquest apartat, llibres de text i material did\u00e0ctic s\u2019introdueix el seg\u00fcent par\u00e0graf:<\/p>\n<p>&nbsp;<\/p>\n<p>L\u2019escola recull aportacions econ\u00f2miques familiars per accedir al material escolar per a tot el curs.<\/p>\n<p><strong>Acords:<\/strong><\/p>\n<p>&nbsp;<\/p>\n<p>Durant el curs escolar el professorat de l\u2019escola en el treball docent, reunits per equips i claustre, acordem diferents aspectes de funcionalitat de l\u2019escola per definir una l\u00ednea de treball. Aquests acords fins aquests moments, inici del curs 2016-2017 s\u00f3n: acords de patis, acords de deures, acords sobre la gesti\u00f3 econ\u00f2mica. Queden recollits al dossier informatiu del mestre.<\/p>\n<p>&nbsp;<\/p>\n<p><strong>Es modifica la carta de comprom\u00eds<\/strong>. S\u2019adjunta el document.<\/p>\n<p><a href=\"http:\/\/agora.xtec.cat\/esc-banyeres\/la-nostra-escola\/projecte-educatiu\/attachment\/carta-de-compromis\/\" rel=\"attachment wp-att-6898\">CARTA DE COMPROM\u00cdS<\/a><\/p>\n<p><strong style=\"font-family: inherit; font-size: 1em;\">Projecte d\u2019angl\u00e8s: \u201cLet\u2019s explore science\u201d.<\/strong><span style=\"font-family: inherit; font-size: 1em;\"> Projecte que es posa en marxa a l\u2019escola al curs 2009-10 que consisteix en realitzar una \u00e0rea no pr\u00f2pia de la llengua estrangera amb angl\u00e8s. S\u2019adjunta el projecte.<\/span><strong>\u00a0<\/strong><\/p>\n<p>&nbsp;<\/p>\n<table width=\"100%\">\n<tbody>\n<tr>\n<td>Let\u2019s explore science<\/td>\n<\/tr>\n<\/tbody>\n<\/table>\n<p>&nbsp;<\/p>\n","protected":false},"excerpt":{"rendered":"<p>En aquesta secci\u00f3 cada centre pot crear les p\u00e0gines necess\u00e0ries per a descriure el seu projecte educatiu. D&#8217;acord amb la Llei d&#8217;Educaci\u00f3 de Catalunya, el projecte educatiu incorpora el car\u00e0cter propi del centre i ha de contenir com a m\u00ednim els elements seg\u00fcents: Criteris d&#8217;ordenaci\u00f3 pedag\u00f2gica, prioritats i plantejaments educatius, procediments d&#8217;inclusi\u00f3 i altres actuacions [&hellip;]<\/p>\n","protected":false},"author":2,"featured_media":0,"parent":1545,"menu_order":3,"comment_status":"closed","ping_status":"closed","template":"page-templates\/side-menu.php","meta":{"_bbp_topic_count":0,"_bbp_reply_count":0,"_bbp_total_topic_count":0,"_bbp_total_reply_count":0,"_bbp_voice_count":0,"_bbp_anonymous_reply_count":0,"_bbp_topic_count_hidden":0,"_bbp_reply_count_hidden":0,"_bbp_forum_subforum_count":0,"site-sidebar-layout":"default","site-content-layout":"","ast-site-content-layout":"","site-content-style":"default","site-sidebar-style":"default","ast-global-header-display":"","ast-banner-title-visibility":"","ast-main-header-display":"","ast-hfb-above-header-display":"","ast-hfb-below-header-display":"","ast-hfb-mobile-header-display":"","site-post-title":"","ast-breadcrumbs-content":"","ast-featured-img":"","footer-sml-layout":"","theme-transparent-header-meta":"","adv-header-id-meta":"","stick-header-meta":"","header-above-stick-meta":"","header-main-stick-meta":"","header-below-stick-meta":"","astra-migrate-meta-layouts":"default","ast-page-background-enabled":"default","ast-page-background-meta":{"desktop":{"background-color":"var(--ast-global-color-4)","background-image":"","background-repeat":"repeat","background-position":"center center","background-size":"auto","background-attachment":"scroll","background-type":"","background-media":"","overlay-type":"","overlay-color":"","overlay-opacity":"","overlay-gradient":""},"tablet":{"background-color":"","background-image":"","background-repeat":"repeat","background-position":"center center","background-size":"auto","background-attachment":"scroll","background-type":"","background-media":"","overlay-type":"","overlay-color":"","overlay-opacity":"","overlay-gradient":""},"mobile":{"background-color":"","background-image":"","background-repeat":"repeat","background-position":"center center","background-size":"auto","background-attachment":"scroll","background-type":"","background-media":"","overlay-type":"","overlay-color":"","overlay-opacity":"","overlay-gradient":""}},"ast-content-background-meta":{"desktop":{"background-color":"var(--ast-global-color-5)","background-image":"","background-repeat":"repeat","background-position":"center center","background-size":"auto","background-attachment":"scroll","background-type":"","background-media":"","overlay-type":"","overlay-color":"","overlay-opacity":"","overlay-gradient":""},"tablet":{"background-color":"var(--ast-global-color-5)","background-image":"","background-repeat":"repeat","background-position":"center center","background-size":"auto","background-attachment":"scroll","background-type":"","background-media":"","overlay-type":"","overlay-color":"","overlay-opacity":"","overlay-gradient":""},"mobile":{"background-color":"var(--ast-global-color-5)","background-image":"","background-repeat":"repeat","background-position":"center center","background-size":"auto","background-attachment":"scroll","background-type":"","background-media":"","overlay-type":"","overlay-color":"","overlay-opacity":"","overlay-gradient":""}},"footnotes":""},"class_list":["post-64","page","type-page","status-publish","hentry"],"post_mailing_queue_ids":[],"_links":{"self":[{"href":"https:\/\/agora.xtec.cat\/esc-banyeres\/wp-json\/wp\/v2\/pages\/64","targetHints":{"allow":["GET"]}}],"collection":[{"href":"https:\/\/agora.xtec.cat\/esc-banyeres\/wp-json\/wp\/v2\/pages"}],"about":[{"href":"https:\/\/agora.xtec.cat\/esc-banyeres\/wp-json\/wp\/v2\/types\/page"}],"author":[{"embeddable":true,"href":"https:\/\/agora.xtec.cat\/esc-banyeres\/wp-json\/wp\/v2\/users\/2"}],"replies":[{"embeddable":true,"href":"https:\/\/agora.xtec.cat\/esc-banyeres\/wp-json\/wp\/v2\/comments?post=64"}],"version-history":[{"count":4,"href":"https:\/\/agora.xtec.cat\/esc-banyeres\/wp-json\/wp\/v2\/pages\/64\/revisions"}],"predecessor-version":[{"id":11651,"href":"https:\/\/agora.xtec.cat\/esc-banyeres\/wp-json\/wp\/v2\/pages\/64\/revisions\/11651"}],"up":[{"embeddable":true,"href":"https:\/\/agora.xtec.cat\/esc-banyeres\/wp-json\/wp\/v2\/pages\/1545"}],"wp:attachment":[{"href":"https:\/\/agora.xtec.cat\/esc-banyeres\/wp-json\/wp\/v2\/media?parent=64"}],"curies":[{"name":"wp","href":"https:\/\/api.w.org\/{rel}","templated":true}]}}