{"id":32,"date":"2014-09-18T12:31:33","date_gmt":"2014-09-18T12:31:33","guid":{"rendered":"http:\/\/agora.xtec.cat\/esc-banyeres\/\/?page_id=32"},"modified":"2025-09-09T11:38:03","modified_gmt":"2025-09-09T09:38:03","slug":"calendari-del-curs","status":"publish","type":"page","link":"https:\/\/agora.xtec.cat\/esc-banyeres\/atencio-a-les-families\/calendari-del-curs\/","title":{"rendered":"Calendari del curs"},"content":{"rendered":"<h4><a href=\"https:\/\/agora.xtec.cat\/esc-banyeres\/wp-content\/uploads\/usu294\/2025\/09\/CALENDARI-CURS-25-26.png\"><img loading=\"lazy\" decoding=\"async\" class=\"alignnone size-large wp-image-12227\" src=\"https:\/\/agora.xtec.cat\/esc-banyeres\/wp-content\/uploads\/usu294\/2025\/09\/CALENDARI-CURS-25-26-724x1024.png\" alt=\"\" width=\"724\" height=\"1024\" srcset=\"https:\/\/agora.xtec.cat\/esc-banyeres\/wp-content\/uploads\/usu294\/2025\/09\/CALENDARI-CURS-25-26-724x1024.png 724w, https:\/\/agora.xtec.cat\/esc-banyeres\/wp-content\/uploads\/usu294\/2025\/09\/CALENDARI-CURS-25-26-212x300.png 212w, https:\/\/agora.xtec.cat\/esc-banyeres\/wp-content\/uploads\/usu294\/2025\/09\/CALENDARI-CURS-25-26-768x1086.png 768w, https:\/\/agora.xtec.cat\/esc-banyeres\/wp-content\/uploads\/usu294\/2025\/09\/CALENDARI-CURS-25-26-1086x1536.png 1086w, https:\/\/agora.xtec.cat\/esc-banyeres\/wp-content\/uploads\/usu294\/2025\/09\/CALENDARI-CURS-25-26.png 1414w\" sizes=\"auto, (max-width: 724px) 100vw, 724px\" \/><\/a><\/h4>\n<h4 style=\"text-align: justify;\">Horari lectiu:<\/h4>\n<p style=\"text-align: justify;\">L\u2019horari lectiu del centre \u00e9s de 9 a 12:30 h i de 15:00 a 16:30 h per a tot l&#8217;alumnat del centre.<\/p>\n<p style=\"text-align: justify;\">L\u2019escola obrir\u00e0 les portes a les 9:00 i a les 15:00 h. L\u2019alumnat no pot entrar al recinte escolar abans d\u2019aquesta hora. Nom\u00e9s podran fer-ho els que utilitzin el servei d\u2019acollida de l\u2019AMPA.<\/p>\n<p style=\"text-align: justify;\">Pel que fa a la sortida de la tarda, \u00e9s responsabilitat de l\u2019escola organitzar-la i de les fam\u00edlies ser puntuals en recollir els seus fills i filles a les 16:30\u202fh .<\/p>\n<p style=\"text-align: justify;\">Durant la jornada compactada l&#8217;horari \u00e9s de 9 a 13\u202fh. (l&#8217;alumnat que utilitzen el servei de menjador surten a les 15:00\u202fh.)<\/p>\n<p style=\"text-align: justify;\">Per l&#8217;alumnat que inicien l\u2019escolaritzaci\u00f3 a I3 s\u2019organitza un breu per\u00edode d\u2019adaptaci\u00f3 que suposa una certa modificaci\u00f3 dels horaris dels primers dies de classe, i que es fa saber a les fam\u00edlies en les reunions pr\u00e8vies corresponents.<\/p>\n<p style=\"text-align: justify;\">Horari d&#8217;atenci\u00f3 a les fam\u00edlies:<\/p>\n<p style=\"text-align: justify;\">Segons el\/la tutor\/a.<\/p>\n","protected":false},"excerpt":{"rendered":"<p>Horari lectiu: L\u2019horari lectiu del centre \u00e9s de 9 a 12:30 h i de 15:00 a 16:30 h per a tot l&#8217;alumnat del centre. L\u2019escola obrir\u00e0 les portes a les 9:00 i a les 15:00 h. L\u2019alumnat no pot entrar al recinte escolar abans d\u2019aquesta hora. Nom\u00e9s podran fer-ho els que utilitzin el servei d\u2019acollida [&hellip;]<\/p>\n","protected":false},"author":2,"featured_media":0,"parent":1470,"menu_order":1,"comment_status":"closed","ping_status":"closed","template":"page-templates\/side-menu.php","meta":{"_bbp_topic_count":0,"_bbp_reply_count":0,"_bbp_total_topic_count":0,"_bbp_total_reply_count":0,"_bbp_voice_count":0,"_bbp_anonymous_reply_count":0,"_bbp_topic_count_hidden":0,"_bbp_reply_count_hidden":0,"_bbp_forum_subforum_count":0,"site-sidebar-layout":"default","site-content-layout":"","ast-site-content-layout":"","site-content-style":"default","site-sidebar-style":"default","ast-global-header-display":"","ast-banner-title-visibility":"","ast-main-header-display":"","ast-hfb-above-header-display":"","ast-hfb-below-header-display":"","ast-hfb-mobile-header-display":"","site-post-title":"","ast-breadcrumbs-content":"","ast-featured-img":"","footer-sml-layout":"","theme-transparent-header-meta":"","adv-header-id-meta":"","stick-header-meta":"","header-above-stick-meta":"","header-main-stick-meta":"","header-below-stick-meta":"","astra-migrate-meta-layouts":"default","ast-page-background-enabled":"default","ast-page-background-meta":{"desktop":{"background-color":"var(--ast-global-color-4)","background-image":"","background-repeat":"repeat","background-position":"center center","background-size":"auto","background-attachment":"scroll","background-type":"","background-media":"","overlay-type":"","overlay-color":"","overlay-opacity":"","overlay-gradient":""},"tablet":{"background-color":"","background-image":"","background-repeat":"repeat","background-position":"center center","background-size":"auto","background-attachment":"scroll","background-type":"","background-media":"","overlay-type":"","overlay-color":"","overlay-opacity":"","overlay-gradient":""},"mobile":{"background-color":"","background-image":"","background-repeat":"repeat","background-position":"center center","background-size":"auto","background-attachment":"scroll","background-type":"","background-media":"","overlay-type":"","overlay-color":"","overlay-opacity":"","overlay-gradient":""}},"ast-content-background-meta":{"desktop":{"background-color":"var(--ast-global-color-5)","background-image":"","background-repeat":"repeat","background-position":"center center","background-size":"auto","background-attachment":"scroll","background-type":"","background-media":"","overlay-type":"","overlay-color":"","overlay-opacity":"","overlay-gradient":""},"tablet":{"background-color":"var(--ast-global-color-5)","background-image":"","background-repeat":"repeat","background-position":"center center","background-size":"auto","background-attachment":"scroll","background-type":"","background-media":"","overlay-type":"","overlay-color":"","overlay-opacity":"","overlay-gradient":""},"mobile":{"background-color":"var(--ast-global-color-5)","background-image":"","background-repeat":"repeat","background-position":"center center","background-size":"auto","background-attachment":"scroll","background-type":"","background-media":"","overlay-type":"","overlay-color":"","overlay-opacity":"","overlay-gradient":""}},"footnotes":""},"class_list":["post-32","page","type-page","status-publish","hentry"],"post_mailing_queue_ids":[],"_links":{"self":[{"href":"https:\/\/agora.xtec.cat\/esc-banyeres\/wp-json\/wp\/v2\/pages\/32","targetHints":{"allow":["GET"]}}],"collection":[{"href":"https:\/\/agora.xtec.cat\/esc-banyeres\/wp-json\/wp\/v2\/pages"}],"about":[{"href":"https:\/\/agora.xtec.cat\/esc-banyeres\/wp-json\/wp\/v2\/types\/page"}],"author":[{"embeddable":true,"href":"https:\/\/agora.xtec.cat\/esc-banyeres\/wp-json\/wp\/v2\/users\/2"}],"replies":[{"embeddable":true,"href":"https:\/\/agora.xtec.cat\/esc-banyeres\/wp-json\/wp\/v2\/comments?post=32"}],"version-history":[{"count":9,"href":"https:\/\/agora.xtec.cat\/esc-banyeres\/wp-json\/wp\/v2\/pages\/32\/revisions"}],"predecessor-version":[{"id":12228,"href":"https:\/\/agora.xtec.cat\/esc-banyeres\/wp-json\/wp\/v2\/pages\/32\/revisions\/12228"}],"up":[{"embeddable":true,"href":"https:\/\/agora.xtec.cat\/esc-banyeres\/wp-json\/wp\/v2\/pages\/1470"}],"wp:attachment":[{"href":"https:\/\/agora.xtec.cat\/esc-banyeres\/wp-json\/wp\/v2\/media?parent=32"}],"curies":[{"name":"wp","href":"https:\/\/api.w.org\/{rel}","templated":true}]}}