{"id":28,"date":"2014-09-18T12:29:35","date_gmt":"2014-09-18T12:29:35","guid":{"rendered":"http:\/\/agora.xtec.cat\/esc-banyeres\/\/?page_id=28"},"modified":"2026-03-09T12:33:32","modified_gmt":"2026-03-09T11:33:32","slug":"consell-escolar","status":"publish","type":"page","link":"https:\/\/agora.xtec.cat\/esc-banyeres\/la-nostra-escola\/consell-escolar\/","title":{"rendered":"Consell escolar"},"content":{"rendered":"<p style=\"color: #444444;\"><strong>El consell escolar est\u00e0 format per:<\/strong><\/p>\n<p style=\"color: #444444;\"><strong><span style=\"text-decoration: underline;\">PRESIDENTA:<\/span><\/strong> Eva Torras<\/p>\n<p style=\"color: #444444;\"><strong><span style=\"text-decoration: underline;\">CAP D&#8217;ESTUDIS:<\/span><\/strong> Esther Vilar<\/p>\n<p style=\"color: #444444;\"><strong><span style=\"text-decoration: underline;\">SECRET\u00c0RIA:<\/span><\/strong> M\u00aa Carmen Navarro<\/p>\n<p style=\"color: #444444;\"><strong><span style=\"text-decoration: underline;\">SECTOR DE MESTRES:<\/span><\/strong><\/p>\n<ul>\n<li style=\"color: #444444;\"><span style=\"font-size: small;\"><span style=\"color: #000000;\"><span style=\"font-size: medium;\">Miriam Corredera<\/span><\/span><\/span><\/li>\n<li>Bea Colomer<\/li>\n<li style=\"color: #444444;\">Helena Cabr\u00e9<\/li>\n<li style=\"color: #444444;\"><span style=\"font-size: small;\"><span style=\"font-size: medium;\">Silvia Bart\u00e8s<\/span><\/span><\/li>\n<li>Anna Gormaz<\/li>\n<\/ul>\n<p><strong style=\"color: #444444; font-family: inherit; font-size: 1em;\"><span style=\"text-decoration: underline;\">SECTOR DE PARES:<\/span><\/strong><\/p>\n<ul>\n<li style=\"color: #444444;\">Nat\u00e0lia Vives<\/li>\n<li style=\"color: #444444;\">Lorena Mar\u00edn<\/li>\n<li>Laura Urgell<\/li>\n<li>Noelia Garay<\/li>\n<\/ul>\n<p style=\"color: #444444;\"><strong><span style=\"text-decoration: underline;\">A.M.P.A:<\/span><\/strong> Maria Jos\u00e9 Carvajal<\/p>\n<p style=\"color: #444444;\"><strong><span style=\"text-decoration: underline;\">AJUNTAMENT:<\/span><\/strong> Sofia Sainz<\/p>\n<p style=\"color: #444444;\"><strong><span style=\"text-decoration: underline;\">P.A.S:<\/span><\/strong> Maite Canabal<\/p>\n","protected":false},"excerpt":{"rendered":"<p>El consell escolar est\u00e0 format per: PRESIDENTA: Eva Torras CAP D&#8217;ESTUDIS: Esther Vilar SECRET\u00c0RIA: M\u00aa Carmen Navarro SECTOR DE MESTRES: Miriam Corredera Bea Colomer Helena Cabr\u00e9 Silvia Bart\u00e8s Anna Gormaz SECTOR DE PARES: Nat\u00e0lia Vives Lorena Mar\u00edn Laura Urgell Noelia Garay A.M.P.A: Maria Jos\u00e9 Carvajal AJUNTAMENT: Sofia Sainz P.A.S: Maite Canabal<\/p>\n","protected":false},"author":2,"featured_media":0,"parent":1545,"menu_order":8,"comment_status":"closed","ping_status":"closed","template":"","meta":{"_bbp_topic_count":0,"_bbp_reply_count":0,"_bbp_total_topic_count":0,"_bbp_total_reply_count":0,"_bbp_voice_count":0,"_bbp_anonymous_reply_count":0,"_bbp_topic_count_hidden":0,"_bbp_reply_count_hidden":0,"_bbp_forum_subforum_count":0,"site-sidebar-layout":"default","site-content-layout":"","ast-site-content-layout":"default","site-content-style":"default","site-sidebar-style":"default","ast-global-header-display":"","ast-banner-title-visibility":"","ast-main-header-display":"","ast-hfb-above-header-display":"","ast-hfb-below-header-display":"","ast-hfb-mobile-header-display":"","site-post-title":"","ast-breadcrumbs-content":"","ast-featured-img":"","footer-sml-layout":"","theme-transparent-header-meta":"default","adv-header-id-meta":"","stick-header-meta":"","header-above-stick-meta":"","header-main-stick-meta":"","header-below-stick-meta":"","astra-migrate-meta-layouts":"set","ast-page-background-enabled":"default","ast-page-background-meta":{"desktop":{"background-color":"var(--ast-global-color-4)","background-image":"","background-repeat":"repeat","background-position":"center center","background-size":"auto","background-attachment":"scroll","background-type":"","background-media":"","overlay-type":"","overlay-color":"","overlay-opacity":"","overlay-gradient":""},"tablet":{"background-color":"","background-image":"","background-repeat":"repeat","background-position":"center center","background-size":"auto","background-attachment":"scroll","background-type":"","background-media":"","overlay-type":"","overlay-color":"","overlay-opacity":"","overlay-gradient":""},"mobile":{"background-color":"","background-image":"","background-repeat":"repeat","background-position":"center center","background-size":"auto","background-attachment":"scroll","background-type":"","background-media":"","overlay-type":"","overlay-color":"","overlay-opacity":"","overlay-gradient":""}},"ast-content-background-meta":{"desktop":{"background-color":"var(--ast-global-color-5)","background-image":"","background-repeat":"repeat","background-position":"center center","background-size":"auto","background-attachment":"scroll","background-type":"","background-media":"","overlay-type":"","overlay-color":"","overlay-opacity":"","overlay-gradient":""},"tablet":{"background-color":"var(--ast-global-color-5)","background-image":"","background-repeat":"repeat","background-position":"center center","background-size":"auto","background-attachment":"scroll","background-type":"","background-media":"","overlay-type":"","overlay-color":"","overlay-opacity":"","overlay-gradient":""},"mobile":{"background-color":"var(--ast-global-color-5)","background-image":"","background-repeat":"repeat","background-position":"center center","background-size":"auto","background-attachment":"scroll","background-type":"","background-media":"","overlay-type":"","overlay-color":"","overlay-opacity":"","overlay-gradient":""}},"footnotes":""},"class_list":["post-28","page","type-page","status-publish","hentry"],"post_mailing_queue_ids":[],"_links":{"self":[{"href":"https:\/\/agora.xtec.cat\/esc-banyeres\/wp-json\/wp\/v2\/pages\/28","targetHints":{"allow":["GET"]}}],"collection":[{"href":"https:\/\/agora.xtec.cat\/esc-banyeres\/wp-json\/wp\/v2\/pages"}],"about":[{"href":"https:\/\/agora.xtec.cat\/esc-banyeres\/wp-json\/wp\/v2\/types\/page"}],"author":[{"embeddable":true,"href":"https:\/\/agora.xtec.cat\/esc-banyeres\/wp-json\/wp\/v2\/users\/2"}],"replies":[{"embeddable":true,"href":"https:\/\/agora.xtec.cat\/esc-banyeres\/wp-json\/wp\/v2\/comments?post=28"}],"version-history":[{"count":7,"href":"https:\/\/agora.xtec.cat\/esc-banyeres\/wp-json\/wp\/v2\/pages\/28\/revisions"}],"predecessor-version":[{"id":12342,"href":"https:\/\/agora.xtec.cat\/esc-banyeres\/wp-json\/wp\/v2\/pages\/28\/revisions\/12342"}],"up":[{"embeddable":true,"href":"https:\/\/agora.xtec.cat\/esc-banyeres\/wp-json\/wp\/v2\/pages\/1545"}],"wp:attachment":[{"href":"https:\/\/agora.xtec.cat\/esc-banyeres\/wp-json\/wp\/v2\/media?parent=28"}],"curies":[{"name":"wp","href":"https:\/\/api.w.org\/{rel}","templated":true}]}}