{"id":240,"date":"2012-03-02T20:29:29","date_gmt":"2012-03-02T18:29:29","guid":{"rendered":"http:\/\/blocs.xtec.cat\/escolabanyeres\/?page_id=240"},"modified":"2021-09-10T12:50:32","modified_gmt":"2021-09-10T10:50:32","slug":"normes-de-funcionament","status":"publish","type":"page","link":"https:\/\/agora.xtec.cat\/esc-banyeres\/la-nostra-escola\/normes-de-funcionament\/","title":{"rendered":"Funcionament del centre"},"content":{"rendered":"<h6>L&#8217;escola ha fixat un conjunt de normes, funcions, drets i deures que, respectuosos amb la normativa vigent, estan dotats d\u2019un car\u00e0cter propi. Aquests han estat elaborats amb la participaci\u00f3 del Claustre de Professors i l\u2019aprovaci\u00f3 dels mateixos per part del Consell Escolar.<\/h6>\n<h6><\/h6>\n<h6>A continuaci\u00f3 n&#8217;anomenem uns quants:<\/h6>\n<h6 style=\"text-align: justify;\"><span style=\"color: #ffffff;\">Norma<\/span><\/h6>\n<ul>\n<li style=\"text-align: justify;\"><strong>NORMATIVA GENERAL<\/strong><\/li>\n<\/ul>\n<p style=\"text-align: justify;\">Els pares o persones que acompanyen als alumnes procuraran no parlar amb els mestres, a les hores d&#8217;entrada, ja que es\u00a0 trenca la din\u00e0mica de l&#8217;aula en aquell moment. El dia de la setmana previst per a les entrevistes amb els pares o tutors es comunicar\u00e0 en la reuni\u00f3 general d\u2019inici de curs. En cap cas s&#8217;ha de venir a parlar amb els mestres en hores de classe.<\/p>\n<p style=\"text-align: justify;\">Durant les hores de classe no s&#8217;ha de portar coses als alumnes (material escolar, claus, entrepans&#8230;) perqu\u00e8 s&#8217;obstaculitza la din\u00e0mica de la classe. Es deixar\u00e0 a Direcci\u00f3.<\/p>\n<p style=\"text-align: justify;\">Els mestres porten un control d&#8217;assist\u00e8ncia i puntualitat a classe. Cal justificar totes les faltes que es facin. Les portes es tancaran cinc minuts despr\u00e9s de les hores d&#8217;entrada.<\/p>\n<p style=\"text-align: justify;\">Quan els alumnes utilitzin la discriminaci\u00f3, la viol\u00e8ncia i els maltractaments envers els seus companys, seran sancionats, aplicant el r\u00e8gim disciplinari que recull els drets i deures dels alumnes.<\/p>\n<p style=\"text-align: justify;\">Cal que els pares portin el seu fill sense cap s\u00edmptoma de malaltia o parasitisme, aix\u00ed tamb\u00e9 respectaran els per\u00edodes de baixa establerts per a cada malaltia i hauran de presentar els certificats m\u00e8dics que l\u2019escola li demani.<\/p>\n<p style=\"text-align: justify;\">Els nens no han de venir a l&#8217;escola amb cap manca d&#8217;higiene.<\/p>\n<h6 style=\"text-align: justify;\"><\/h6>\n<ul>\n<li style=\"text-align: justify;\"><strong>DEURES DELS PARES O TUTORS LEGALS<\/strong><\/li>\n<\/ul>\n<p style=\"text-align: justify;\">a) Assistir a les entrevistes\u00a0 personals i reunions col\u00b7lectives convocades pels professors, tutors o altres \u00f2rgans del Centre per tractar assumptes relacionats amb el rendiment i la conducta dels seus fills (&#8230;).<\/p>\n<p style=\"text-align: justify;\">b) Comunicar a l\u2019escola si el seu fill pateix malalties infeccioses, de contagi o parasit\u00e0ries o altres que puguin incidir en el normal desenvolupament de l\u2019activitat escolar. En cas de venir a l\u2019escola, portar el justificant m\u00e8dic corresponent.<\/p>\n<p style=\"text-align: justify;\">c) Justificar les abs\u00e8ncies dels seus fills davant del seu tutor.<\/p>\n<p style=\"text-align: justify;\">d) Portar els seus fills puntualment a l\u2019escola i justificar les seves abs\u00e8ncies.<\/p>\n<p style=\"text-align: justify;\">e) Signar i complir la carta de comprom\u00eds.\u00a0Informar als fills\/es el contingut de la carta de comprom\u00eds.<\/p>\n<h6 style=\"text-align: justify;\"><\/h6>\n<ul>\n<li style=\"text-align: justify;\"><strong>DEURES DELS I LES ALUMNES<\/strong><\/li>\n<\/ul>\n<p style=\"text-align: justify;\">L&#8217;estudi constitueix un deure b\u00e0sic dels alumnes que comporta l&#8217;aprofitament de les\u00a0 seves\u00a0 aptituds personals\u00a0 i de coneixements que s\u2019imparteixen amb la finalitat d&#8217;assolir una bona preparaci\u00f3 humana i acad\u00e8mica. Aquest deure es concreta en les obligacions seg\u00fcents:<\/p>\n<p style=\"text-align: justify;\">a) Assistir a classe, participar en les activitats acordades en el calendari escolar i respectar els horaris establerts.<\/p>\n<p style=\"text-align: justify;\">b) Realitzar les tasques encomanades pels mestres en l&#8217;exercici de les seves funcions docents.<\/p>\n<p style=\"text-align: justify;\">c) Respectar l&#8217;exercici del dret a l&#8217;estudi dels seus companys\/es.<\/p>\n<p style=\"text-align: justify;\">d) El respecte a les normes de conviv\u00e8ncia dins de l&#8217;escola.<\/p>\n<p style=\"text-align: justify;\">e) Portar el material necessari per realitzar les activitats escolars.<\/p>\n<p style=\"text-align: justify;\">f) Con\u00e8ixer el contingut de la carta de comprom\u00eds.<\/p>\n<ul>\n<li style=\"text-align: justify;\"><strong>CARTA DE COMPROM\u00cdS EDUCATIU<\/strong><\/li>\n<\/ul>\n<p style=\"text-align: justify;\">El director i les fam\u00edlies del centre hauran de signar una carta de comprom\u00eds educatiu, en la qual s\u2019exposen una s\u00e8rie de compromisos que s\u2019han de realitzar tant per part del centre com per part de les fam\u00edlies per a fomentar molt m\u00e9s la responsabilitat i l\u2019esfor\u00e7 de l&#8217;alumnat.<\/p>\n<p>Podeu consultar la\u00a0<a href=\"http:\/\/agora.xtec.cat\/esc-banyeres\/wp-content\/uploads\/usu294\/2012\/03\/carta-comprom\u00eds.pdf\">carta comprom\u00eds<\/a> en format pdf.<\/p>\n<p>A continuaci\u00f3 adjuntem tot el document de Normes de Funcionament de Centre<\/p>\n<p><a href=\"http:\/\/agora.xtec.cat\/esc-banyeres\/wp-content\/uploads\/usu294\/2014\/09\/NOFC.pdf\">NOFC<\/a><\/p>\n<ul style=\"list-style-type: disc;\">\n<li><strong>ALTRES PROJECTES DEL CENTRE:\u00a0<\/strong><\/li>\n<\/ul>\n<ul style=\"list-style-type: square;\">\n<li><a href=\"http:\/\/agora.xtec.cat\/esc-banyeres\/wp-content\/uploads\/usu294\/2016\/03\/PROJECTE-EDUCACI\u00d3-EMOCIONAL.pdf\">PROJECTE EDUCACI\u00d3 EMOCIONAL<\/a><\/li>\n<li><a href=\"http:\/\/agora.xtec.cat\/esc-banyeres\/wp-content\/uploads\/usu294\/2016\/03\/PLA-DACCI\u00d3-TUTORIAL.pdf\">PLA D&#8217;ACCI\u00d3 TUTORIAL<\/a><\/li>\n<\/ul>\n","protected":false},"excerpt":{"rendered":"<p>L&#8217;escola ha fixat un conjunt de normes, funcions, drets i deures que, respectuosos amb la normativa vigent, estan dotats d\u2019un car\u00e0cter propi. Aquests han estat elaborats amb la participaci\u00f3 del Claustre de Professors i l\u2019aprovaci\u00f3 dels mateixos per part del Consell Escolar. A continuaci\u00f3 n&#8217;anomenem uns quants: Norma NORMATIVA GENERAL Els pares o persones que [&hellip;]<\/p>\n","protected":false},"author":1,"featured_media":0,"parent":1545,"menu_order":6,"comment_status":"closed","ping_status":"closed","template":"page-templates\/side-menu.php","meta":{"_bbp_topic_count":0,"_bbp_reply_count":0,"_bbp_total_topic_count":0,"_bbp_total_reply_count":0,"_bbp_voice_count":0,"_bbp_anonymous_reply_count":0,"_bbp_topic_count_hidden":0,"_bbp_reply_count_hidden":0,"_bbp_forum_subforum_count":0,"site-sidebar-layout":"default","site-content-layout":"","ast-site-content-layout":"","site-content-style":"default","site-sidebar-style":"default","ast-global-header-display":"","ast-banner-title-visibility":"","ast-main-header-display":"","ast-hfb-above-header-display":"","ast-hfb-below-header-display":"","ast-hfb-mobile-header-display":"","site-post-title":"","ast-breadcrumbs-content":"","ast-featured-img":"","footer-sml-layout":"","theme-transparent-header-meta":"","adv-header-id-meta":"","stick-header-meta":"","header-above-stick-meta":"","header-main-stick-meta":"","header-below-stick-meta":"","astra-migrate-meta-layouts":"default","ast-page-background-enabled":"default","ast-page-background-meta":{"desktop":{"background-color":"var(--ast-global-color-4)","background-image":"","background-repeat":"repeat","background-position":"center center","background-size":"auto","background-attachment":"scroll","background-type":"","background-media":"","overlay-type":"","overlay-color":"","overlay-opacity":"","overlay-gradient":""},"tablet":{"background-color":"","background-image":"","background-repeat":"repeat","background-position":"center center","background-size":"auto","background-attachment":"scroll","background-type":"","background-media":"","overlay-type":"","overlay-color":"","overlay-opacity":"","overlay-gradient":""},"mobile":{"background-color":"","background-image":"","background-repeat":"repeat","background-position":"center center","background-size":"auto","background-attachment":"scroll","background-type":"","background-media":"","overlay-type":"","overlay-color":"","overlay-opacity":"","overlay-gradient":""}},"ast-content-background-meta":{"desktop":{"background-color":"var(--ast-global-color-5)","background-image":"","background-repeat":"repeat","background-position":"center center","background-size":"auto","background-attachment":"scroll","background-type":"","background-media":"","overlay-type":"","overlay-color":"","overlay-opacity":"","overlay-gradient":""},"tablet":{"background-color":"var(--ast-global-color-5)","background-image":"","background-repeat":"repeat","background-position":"center center","background-size":"auto","background-attachment":"scroll","background-type":"","background-media":"","overlay-type":"","overlay-color":"","overlay-opacity":"","overlay-gradient":""},"mobile":{"background-color":"var(--ast-global-color-5)","background-image":"","background-repeat":"repeat","background-position":"center center","background-size":"auto","background-attachment":"scroll","background-type":"","background-media":"","overlay-type":"","overlay-color":"","overlay-opacity":"","overlay-gradient":""}},"footnotes":""},"class_list":["post-240","page","type-page","status-publish","hentry"],"post_mailing_queue_ids":[],"_links":{"self":[{"href":"https:\/\/agora.xtec.cat\/esc-banyeres\/wp-json\/wp\/v2\/pages\/240","targetHints":{"allow":["GET"]}}],"collection":[{"href":"https:\/\/agora.xtec.cat\/esc-banyeres\/wp-json\/wp\/v2\/pages"}],"about":[{"href":"https:\/\/agora.xtec.cat\/esc-banyeres\/wp-json\/wp\/v2\/types\/page"}],"author":[{"embeddable":true,"href":"https:\/\/agora.xtec.cat\/esc-banyeres\/wp-json\/wp\/v2\/users\/1"}],"replies":[{"embeddable":true,"href":"https:\/\/agora.xtec.cat\/esc-banyeres\/wp-json\/wp\/v2\/comments?post=240"}],"version-history":[{"count":3,"href":"https:\/\/agora.xtec.cat\/esc-banyeres\/wp-json\/wp\/v2\/pages\/240\/revisions"}],"predecessor-version":[{"id":9070,"href":"https:\/\/agora.xtec.cat\/esc-banyeres\/wp-json\/wp\/v2\/pages\/240\/revisions\/9070"}],"up":[{"embeddable":true,"href":"https:\/\/agora.xtec.cat\/esc-banyeres\/wp-json\/wp\/v2\/pages\/1545"}],"wp:attachment":[{"href":"https:\/\/agora.xtec.cat\/esc-banyeres\/wp-json\/wp\/v2\/media?parent=240"}],"curies":[{"name":"wp","href":"https:\/\/api.w.org\/{rel}","templated":true}]}}