{"id":238,"date":"2012-03-02T20:28:46","date_gmt":"2012-03-02T18:28:46","guid":{"rendered":"http:\/\/blocs.xtec.cat\/escolabanyeres\/?page_id=238"},"modified":"2015-03-29T18:18:08","modified_gmt":"2015-03-29T17:18:08","slug":"trets-didentitat","status":"publish","type":"page","link":"https:\/\/agora.xtec.cat\/esc-banyeres\/la-nostra-escola\/trets-didentitat\/","title":{"rendered":"Trets d&#8217;identitat"},"content":{"rendered":"<p style=\"text-align: justify;\">L\u2019<em>Escola Mare de D\u00e9u del Priorat<\/em> \u00e9s una <strong>escola p\u00fablica, oberta a tothom i catalana<\/strong>.<\/p>\n<p style=\"text-align: justify;\">Intentem formar persones compromeses amb el seu entorn, solid\u00e0ries, tolerants, aut\u00f2nomes i responsables.<\/p>\n<p style=\"text-align: justify;\">A l\u2019escola tamb\u00e9 tenim com objectiu la formaci\u00f3 intel\u00b7lectual dels i de les nostres alumnes, fent que siguin persones amb criteri, amb capacitat de discussi\u00f3, d\u2019expressi\u00f3 i\u00a0 respectuoses amb els altres.<\/p>\n<p style=\"text-align: justify;\">Els <strong>objectius principals<\/strong> s\u00f3n els seg\u00fcents:<\/p>\n<ul style=\"text-align: justify;\">\n<li>Desenvolupar totes les possibilitats del noi i de la noia en quant a formaci\u00f3 corporal, salut f\u00edsica, afectivitat, educaci\u00f3 sexual, educaci\u00f3 del pensament, llengua i expressi\u00f3 en general&#8230; Aquestes possibilitats els han de permetre contribuir a la realitzaci\u00f3 d\u2019una societat on puguin progressar i gaudir dels resultats positius del proc\u00e9s hist\u00f2ric.<\/li>\n<li>Donar tanta import\u00e0ncia a la relaci\u00f3 educativa com a l\u2019adquisici\u00f3 de continguts. Intentant formar persones amb personalitats i criteris propis.<\/li>\n<li>Coeducar, no discriminant entre nois i noies pel que fa a determinats mites, tab\u00fas i diferenciadors de rols entre home i dona.<\/li>\n<li>Impartir l\u2019ensenyament en catal\u00e0 segons la llei, tant a l\u2019hora d\u2019impartir classes com als continguts.<\/li>\n<li>Democratitzar tant la gesti\u00f3 i l\u2019organitzaci\u00f3 interior del centre com a qualsevol altra decisi\u00f3 que afecti al centre.<\/li>\n<li>Estimular en l\u2019alumne\/a els valors d\u2019una societat democr\u00e0tica: solidaritat, respecte a l\u2019altre, actitud de di\u00e0leg&#8230; i proporcionar elements necessaris d\u2019an\u00e0lisi i cr\u00edtica a fi d\u2019obtenir una formaci\u00f3 integral.<\/li>\n<\/ul>\n","protected":false},"excerpt":{"rendered":"<p>L\u2019Escola Mare de D\u00e9u del Priorat \u00e9s una escola p\u00fablica, oberta a tothom i catalana. Intentem formar persones compromeses amb el seu entorn, solid\u00e0ries, tolerants, aut\u00f2nomes i responsables. A l\u2019escola tamb\u00e9 tenim com objectiu la formaci\u00f3 intel\u00b7lectual dels i de les nostres alumnes, fent que siguin persones amb criteri, amb capacitat de discussi\u00f3, d\u2019expressi\u00f3 i\u00a0 [&hellip;]<\/p>\n","protected":false},"author":1,"featured_media":0,"parent":1545,"menu_order":2,"comment_status":"closed","ping_status":"closed","template":"page-templates\/side-menu.php","meta":{"_bbp_topic_count":0,"_bbp_reply_count":0,"_bbp_total_topic_count":0,"_bbp_total_reply_count":0,"_bbp_voice_count":0,"_bbp_anonymous_reply_count":0,"_bbp_topic_count_hidden":0,"_bbp_reply_count_hidden":0,"_bbp_forum_subforum_count":0,"site-sidebar-layout":"default","site-content-layout":"","ast-site-content-layout":"","site-content-style":"default","site-sidebar-style":"default","ast-global-header-display":"","ast-banner-title-visibility":"","ast-main-header-display":"","ast-hfb-above-header-display":"","ast-hfb-below-header-display":"","ast-hfb-mobile-header-display":"","site-post-title":"","ast-breadcrumbs-content":"","ast-featured-img":"","footer-sml-layout":"","theme-transparent-header-meta":"","adv-header-id-meta":"","stick-header-meta":"","header-above-stick-meta":"","header-main-stick-meta":"","header-below-stick-meta":"","astra-migrate-meta-layouts":"default","ast-page-background-enabled":"default","ast-page-background-meta":{"desktop":{"background-color":"var(--ast-global-color-4)","background-image":"","background-repeat":"repeat","background-position":"center center","background-size":"auto","background-attachment":"scroll","background-type":"","background-media":"","overlay-type":"","overlay-color":"","overlay-opacity":"","overlay-gradient":""},"tablet":{"background-color":"","background-image":"","background-repeat":"repeat","background-position":"center center","background-size":"auto","background-attachment":"scroll","background-type":"","background-media":"","overlay-type":"","overlay-color":"","overlay-opacity":"","overlay-gradient":""},"mobile":{"background-color":"","background-image":"","background-repeat":"repeat","background-position":"center center","background-size":"auto","background-attachment":"scroll","background-type":"","background-media":"","overlay-type":"","overlay-color":"","overlay-opacity":"","overlay-gradient":""}},"ast-content-background-meta":{"desktop":{"background-color":"var(--ast-global-color-5)","background-image":"","background-repeat":"repeat","background-position":"center center","background-size":"auto","background-attachment":"scroll","background-type":"","background-media":"","overlay-type":"","overlay-color":"","overlay-opacity":"","overlay-gradient":""},"tablet":{"background-color":"var(--ast-global-color-5)","background-image":"","background-repeat":"repeat","background-position":"center center","background-size":"auto","background-attachment":"scroll","background-type":"","background-media":"","overlay-type":"","overlay-color":"","overlay-opacity":"","overlay-gradient":""},"mobile":{"background-color":"var(--ast-global-color-5)","background-image":"","background-repeat":"repeat","background-position":"center center","background-size":"auto","background-attachment":"scroll","background-type":"","background-media":"","overlay-type":"","overlay-color":"","overlay-opacity":"","overlay-gradient":""}},"footnotes":""},"class_list":["post-238","page","type-page","status-publish","hentry"],"post_mailing_queue_ids":[],"_links":{"self":[{"href":"https:\/\/agora.xtec.cat\/esc-banyeres\/wp-json\/wp\/v2\/pages\/238","targetHints":{"allow":["GET"]}}],"collection":[{"href":"https:\/\/agora.xtec.cat\/esc-banyeres\/wp-json\/wp\/v2\/pages"}],"about":[{"href":"https:\/\/agora.xtec.cat\/esc-banyeres\/wp-json\/wp\/v2\/types\/page"}],"author":[{"embeddable":true,"href":"https:\/\/agora.xtec.cat\/esc-banyeres\/wp-json\/wp\/v2\/users\/1"}],"replies":[{"embeddable":true,"href":"https:\/\/agora.xtec.cat\/esc-banyeres\/wp-json\/wp\/v2\/comments?post=238"}],"version-history":[{"count":1,"href":"https:\/\/agora.xtec.cat\/esc-banyeres\/wp-json\/wp\/v2\/pages\/238\/revisions"}],"predecessor-version":[{"id":1238,"href":"https:\/\/agora.xtec.cat\/esc-banyeres\/wp-json\/wp\/v2\/pages\/238\/revisions\/1238"}],"up":[{"embeddable":true,"href":"https:\/\/agora.xtec.cat\/esc-banyeres\/wp-json\/wp\/v2\/pages\/1545"}],"wp:attachment":[{"href":"https:\/\/agora.xtec.cat\/esc-banyeres\/wp-json\/wp\/v2\/media?parent=238"}],"curies":[{"name":"wp","href":"https:\/\/api.w.org\/{rel}","templated":true}]}}