{"id":26,"date":"2014-09-18T12:24:32","date_gmt":"2014-09-18T11:24:32","guid":{"rendered":"http:\/\/agora.xtec.cat\/esc-balmes-mataro\/?page_id=26"},"modified":"2018-02-20T20:15:10","modified_gmt":"2018-02-20T19:15:10","slug":"historia","status":"publish","type":"page","link":"https:\/\/agora.xtec.cat\/esc-balmes-mataro\/lescola\/historia\/","title":{"rendered":"Hist\u00f2ria"},"content":{"rendered":"<p align=\"JUSTIFY\">L\u2019Escola Balmes del Centre Cat\u00f2lic de Matar\u00f3 \u00e9s una instituci\u00f3 educativa privada concertada, que nasqu\u00e9 l\u2019any 1896 amb la finalitat de donar-hi cabuda als fills\/es de la classe treballadora a fi de promocionar-los com a persones responsables, mitjan\u00e7ant la formaci\u00f3 de llur car\u00e0cter i del desenvolupament d\u2019h\u00e0bits civicosocials.<\/p>\n<p align=\"JUSTIFY\">En aquesta l\u00ednia, reafirmada, renovada i adaptada als temps actuals: noves metodologies, noves tecnologies, nous estudis que ens parlen d\u2019educar tamb\u00e9 les emocions\u2026 continuem educant i ensenyant als nostres alumnes.<\/p>\n<p><b>ENS DEFINIM com una escola:<\/b><\/p>\n<p>* <b>Laica<\/b><\/p>\n<p>(si b\u00e9 donem opci\u00f3 a l\u2019ensenyament de la cultura religiosa).<\/p>\n<p>* <b>Coeducadora<\/b><\/p>\n<p>(educaci\u00f3 que disminueix el sexisme i reconeix i respecta<\/p>\n<p>la difer\u00e8ncia entre persones. Potencia el coneixement, la comprensi\u00f3 i el<\/p>\n<p>respecte i vetlla perqu\u00e8 l\u2019alumne\/a tingui una visi\u00f3 positiva i equilibrada de si<\/p>\n<p>mateix).<\/p>\n<p align=\"JUSTIFY\"><b>* Plural:<\/b><\/p>\n<p align=\"JUSTIFY\">L\u2019escola es manifesta com una comunitat solid\u00e0ria on totes les<\/p>\n<p align=\"JUSTIFY\">parts implicades en el proc\u00e9s educatiu: pares, mares, mestres, personal no<\/p>\n<p align=\"JUSTIFY\">docent i alumnes faran de la col\u00b7laboraci\u00f3 i del respecte mutu, principi<\/p>\n<p align=\"JUSTIFY\">fonamental.<\/p>\n","protected":false},"excerpt":{"rendered":"<p>L\u2019Escola Balmes del Centre Cat\u00f2lic de Matar\u00f3 \u00e9s una instituci\u00f3 educativa privada concertada, que nasqu\u00e9 l\u2019any 1896 amb la finalitat de donar-hi cabuda als fills\/es de la classe treballadora a fi de promocionar-los com a persones responsables, mitjan\u00e7ant la formaci\u00f3 de llur car\u00e0cter i del&hellip;  <a href=\"https:\/\/agora.xtec.cat\/esc-balmes-mataro\/lescola\/historia\/\" title=\"Read Hist\u00f2ria\">Llegeix m\u00e9s\u00bb<\/a><\/p>\n","protected":false},"author":1,"featured_media":0,"parent":22,"menu_order":20,"comment_status":"closed","ping_status":"closed","template":"page-templates\/side-menu.php","meta":{"_bbp_topic_count":0,"_bbp_reply_count":0,"_bbp_total_topic_count":0,"_bbp_total_reply_count":0,"_bbp_voice_count":0,"_bbp_anonymous_reply_count":0,"_bbp_topic_count_hidden":0,"_bbp_reply_count_hidden":0,"_bbp_forum_subforum_count":0,"footnotes":""},"class_list":["post-26","page","type-page","status-publish","hentry"],"post_mailing_queue_ids":[],"_links":{"self":[{"href":"https:\/\/agora.xtec.cat\/esc-balmes-mataro\/wp-json\/wp\/v2\/pages\/26","targetHints":{"allow":["GET"]}}],"collection":[{"href":"https:\/\/agora.xtec.cat\/esc-balmes-mataro\/wp-json\/wp\/v2\/pages"}],"about":[{"href":"https:\/\/agora.xtec.cat\/esc-balmes-mataro\/wp-json\/wp\/v2\/types\/page"}],"author":[{"embeddable":true,"href":"https:\/\/agora.xtec.cat\/esc-balmes-mataro\/wp-json\/wp\/v2\/users\/1"}],"replies":[{"embeddable":true,"href":"https:\/\/agora.xtec.cat\/esc-balmes-mataro\/wp-json\/wp\/v2\/comments?post=26"}],"version-history":[{"count":2,"href":"https:\/\/agora.xtec.cat\/esc-balmes-mataro\/wp-json\/wp\/v2\/pages\/26\/revisions"}],"predecessor-version":[{"id":705,"href":"https:\/\/agora.xtec.cat\/esc-balmes-mataro\/wp-json\/wp\/v2\/pages\/26\/revisions\/705"}],"up":[{"embeddable":true,"href":"https:\/\/agora.xtec.cat\/esc-balmes-mataro\/wp-json\/wp\/v2\/pages\/22"}],"wp:attachment":[{"href":"https:\/\/agora.xtec.cat\/esc-balmes-mataro\/wp-json\/wp\/v2\/media?parent=26"}],"curies":[{"name":"wp","href":"https:\/\/api.w.org\/{rel}","templated":true}]}}