{"id":30,"date":"2014-09-18T12:30:23","date_gmt":"2014-09-18T11:30:23","guid":{"rendered":"http:\/\/agora.xtec.cat\/esc-arnaumir\/?page_id=30"},"modified":"2019-02-21T19:23:02","modified_gmt":"2019-02-21T18:23:02","slug":"instal%c2%b7lacions","status":"publish","type":"page","link":"https:\/\/agora.xtec.cat\/esc-arnaumir\/lescola\/instal%c2%b7lacions\/","title":{"rendered":"Instal\u00b7lacions"},"content":{"rendered":"<p>L&#8217;escola consta de dos edificis, un d&#8217;infantil i l&#8217;altre de prim\u00e0ria. Tots dos disposen de pati i hort.<br \/>\nA l&#8217;edifici d&#8217;infantil disposem de 2 aules, una d&#8217;elles amb pissarra digital i ordinadors.<br \/>\nA prim\u00e0ria comptem amb 3 aules, totes amb pissarres digitals i ordinadors, a m\u00e9s de tablets i port\u00e0tils que es van movent segons necessitats. Tamb\u00e9 tenim un petit quartet de material, el despatx de l&#8217;equip directiu i un gran menjador.<\/p>\n<div id=\"1CB76\" style=\"width:600px; height:400px; display:none;\">\n<img decoding=\"async\" src=\"https:\/\/lh3.googleusercontent.com\/SOWEG7_OCZ9M0c2cdxhXGKzMbieQzRZUapdYlmn62CQVrvofWCConQ3TPP-tkQ4sMDvjKD19LvW0WY5KZwkcjoPiVrVqHPI0xUF9RhJ_9PvrKdB18E8fke2W_XoVJP0EfFPWsJL5mgtQaAetUebestiHC8cyGoLxjCp0UKvpqSrK_b1u0IAo31vehypQUlYdFTz7SIHdihjmniwRYpB6YdlZFwNrJ7ePu80SiSQDFA_safrQQSzszTSo0sZj6rht1lJpr766pZCB_Wwjk-qAAtc2_1Q9vOBajXdavJ-DGaWRrDkwS_i37F2lfy8V5YxbjuGM4jSrYJsyDi0NqlVfw-XZQ6WMe9qPSAYoUBZhETYDpMz0pMtI4DdTb8b6E86Uz5lD8aYDMFNvrEHeShetmGg2ElAigEFcl8VO0iEXUrGtRNAHc678xM_o6WGi-f50HyyPmVdMQMtTaoSmFJNWJZj7DwbLS6bWPgW0fn617qd7nnx8V59_kRnH0-sFD9WOYFbfpU74HcKtf-tGn9Z_wFx6Z7VZ00M49F8ej-yShdQkchQuBKdNBYJbH_-9uz1TrwIbLYZYK7qgNKFEQefMBEOfefnbZ2AdrqbfT8OCsKBkvIXjEL_FLxSH6SnqhnETBiceUP-HlSF_ObOIsI2y1WWdhEbXXew=w800-h600-no\" data-link=\"https:\/\/photos.google.com\/album\/AF1QipP-RhEe9s-teP2HdApPkW1Pqu8G6NAhaTyLqGxm\/photo\/AF1QipOgILiSIhAzOJg8WhORPz8wWf6mf4yu0yLPmhEV\"><br \/>\n<img decoding=\"async\" src=\"https:\/\/lh3.googleusercontent.com\/xrLwOJwqhHq-pcp-Ivl8qC_6Skib9HbY172FSpGKeWAlGZic9be4tRZSwOFIHtxxFFukswdOXnkpo9fqaZseeLjWSy0ISOjhnl5u0YlSoPmlmOisRG0RS6NC6kASHG7lv546lRrVW6xbTj82C35llNVXKtnEJ5x6hW7KwNXRfmUnmjsUczw197lxO3rYIAqTEvGkL1dgZ-4DmseHqVsbJBn0dl5U3jFLihM3mjXLnlmq4Hw0GzeHgy9r9a1x92RRCILKG5k7nw8iVtUa0OuWmpIg2O6R3vzlt6IiKQNYpPzbOJJpOMApHAlquVOa6UVJJh5HLv2-tbjyBTAiRrxogOVMM2o6Fzl0SxwgZquAY0z9Y5w3_v-o0lCRQxfTpL0fd03sAF6fNOTrlZPgSPABVXpoFIhKrO969k6fG8qBjxE3v7GwVVKSug5NEjHIpw4KfLh-zHNV-UmPTEHw8qXBkgh3MkT6ITxws64x0cLfNXxoy_twaKrOYkzVi6XmWBPMbmM7Fu30PJe1ilrJZd8kS8LDLVpAMxEALekLlO59zSt8xl2Ndy1DhmU1kZsaZwJHaxm7W2unuVf36GqL2BFxxxrnvPLmF6ppA6tORocPxmbFukGv-jD4-3wdu8SqsU-8UNm8Vn8m4R1r2Fgzq-pnBGi-tvTyeUY=w800-h600-no\" data-link=\"https:\/\/photos.google.com\/album\/AF1QipP-RhEe9s-teP2HdApPkW1Pqu8G6NAhaTyLqGxm\/photo\/AF1QipO6pFVnIpb2hfhLM_TKc268HlLyDd5kB9PtEgaI\"><br \/>\n<img decoding=\"async\" src=\"https:\/\/lh3.googleusercontent.com\/lDiiEUu-VB5cnopXoOPunqd00k0kqNjMJ7WiJWn8RwrPA4Jg_zjH1CBl8dO3bUsOZZYV8pQxBVI-UqdXInUhC7WxIYBJ4mks5vWRqVDtDJlDoxh7CR7OWGCiWr4dbF0N7BpUiyLSSxkLDK5oUl1UkwXyeWLFBUeRBa5__3QLqzDOLFdLHfsqSmsUwqJaSZWYdFxPMZl7BoEgN7S_RjRybfcW9a6Y27-8WOUEFTVI2Bs-7rhWyILbbnzIj8EjXKlOm5gQBzFZ2cHXexYFVejZbANVoyEV_jtwWSC3GjXLBf1VA7RAA7PVUMdXDedljOFZRse9imbXMmq7bVArdUZBAy3ABmQKAqLubh3gqMhGyS_G3eucW1hcFzRIt8jV144j3QIWgEKQvZlkB9oEIAE3tIjle_yKPPrTd9a9fapR2Y-xx4NF_NDXb2GRypo8pgSpSyzZzEijAg4Vg29csifKwMc6W1aXgiyEpoRe2dJ8Iyn0x2DAlqkHbe0Vvlmv8wplcUKLZzJPhXGGReGSJN8zwSnP5V-UoZ1j1STX_jkJcJAN0P3UvbD2A5Lxle2EIGOAyLx5nZ7k9t2S5TieDrTqiJpb9ngXR6Z2PMuml3QBHgEWDBhOUXD_f8Uk7O4hSCUIt8gRS_T5Zkxd874kdkm_kaRHLcCdEAE=w800-h600-no\" data-link=\"https:\/\/photos.google.com\/album\/AF1QipP-RhEe9s-teP2HdApPkW1Pqu8G6NAhaTyLqGxm\/photo\/AF1QipORRv7Rg_w3HC3en63C4AjCAww_Mw8w1IG2J-eh\">\n<\/div>\n<p><script type=\"text\/javascript\" src=\"https:\/\/cdn.jsdelivr.net\/jquery\/1.12.3\/jquery.min.js\"><\/script><br \/>\n<script>\n (MyGalleries=(typeof MyGalleries === 'undefined' ? [] : MyGalleries)).push({gallId:'#1CB76',autoplay:true,lightbox:true,debug:false,popupLinks:true});\n if(typeof GalleryLoaded === 'undefined'){\n  GalleryLoaded = jQuery(function(){\n   jQuery.ajax({url:'https:\/\/cdn.jsdelivr.net\/galleria\/1.4.2\/galleria.min.js',dataType:'script',cache:true}).done(function(){\n    Galleria.loadTheme('https:\/\/cdn.jsdelivr.net\/galleria\/1.4.2\/themes\/classic\/galleria.classic.js');\n    for(var n in MyGalleries){\n     Galleria.run(MyGalleries[n].gallId, MyGalleries[n]);\n     jQuery(MyGalleries[n].gallId).css('display','block');\n    }\n   });\n  });\n }\n<\/script><\/p>\n","protected":false},"excerpt":{"rendered":"<p>L&#8217;escola consta de dos edificis, un d&#8217;infantil i l&#8217;altre de prim\u00e0ria. Tots dos disposen de pati i hort.<br \/>\nA l&#8217;edifici d&#8217;infantil disposem de 2 aules, una d&#8217;elles amb pissarra digital i ordinadors.<br \/>\nA prim\u00e0ria comptem amb 3 aules, totes amb pissarres digitals i ordinadors, a m\u00e9s de&hellip;  <a href=\"https:\/\/agora.xtec.cat\/esc-arnaumir\/lescola\/instal%c2%b7lacions\/\" title=\"Read Instal\u00b7lacions\">Llegeix m\u00e9s\u00bb<\/a><\/p>\n","protected":false},"author":1,"featured_media":0,"parent":22,"menu_order":40,"comment_status":"closed","ping_status":"closed","template":"page-templates\/side-menu.php","meta":{"_bbp_topic_count":0,"_bbp_reply_count":0,"_bbp_total_topic_count":0,"_bbp_total_reply_count":0,"_bbp_voice_count":0,"_bbp_anonymous_reply_count":0,"_bbp_topic_count_hidden":0,"_bbp_reply_count_hidden":0,"_bbp_forum_subforum_count":0,"footnotes":""},"class_list":["post-30","page","type-page","status-publish","hentry"],"post_mailing_queue_ids":[],"_links":{"self":[{"href":"https:\/\/agora.xtec.cat\/esc-arnaumir\/wp-json\/wp\/v2\/pages\/30","targetHints":{"allow":["GET"]}}],"collection":[{"href":"https:\/\/agora.xtec.cat\/esc-arnaumir\/wp-json\/wp\/v2\/pages"}],"about":[{"href":"https:\/\/agora.xtec.cat\/esc-arnaumir\/wp-json\/wp\/v2\/types\/page"}],"author":[{"embeddable":true,"href":"https:\/\/agora.xtec.cat\/esc-arnaumir\/wp-json\/wp\/v2\/users\/1"}],"replies":[{"embeddable":true,"href":"https:\/\/agora.xtec.cat\/esc-arnaumir\/wp-json\/wp\/v2\/comments?post=30"}],"version-history":[{"count":2,"href":"https:\/\/agora.xtec.cat\/esc-arnaumir\/wp-json\/wp\/v2\/pages\/30\/revisions"}],"predecessor-version":[{"id":820,"href":"https:\/\/agora.xtec.cat\/esc-arnaumir\/wp-json\/wp\/v2\/pages\/30\/revisions\/820"}],"up":[{"embeddable":true,"href":"https:\/\/agora.xtec.cat\/esc-arnaumir\/wp-json\/wp\/v2\/pages\/22"}],"wp:attachment":[{"href":"https:\/\/agora.xtec.cat\/esc-arnaumir\/wp-json\/wp\/v2\/media?parent=30"}],"curies":[{"name":"wp","href":"https:\/\/api.w.org\/{rel}","templated":true}]}}