{"id":22,"date":"2014-09-18T12:19:57","date_gmt":"2014-09-18T11:19:57","guid":{"rendered":"http:\/\/agora.xtec.cat\/esc-ardevol\/?page_id=22"},"modified":"2020-03-20T17:43:17","modified_gmt":"2020-03-20T16:43:17","slug":"lescola","status":"publish","type":"page","link":"https:\/\/agora.xtec.cat\/esc-ardevol\/lescola\/","title":{"rendered":"L&#8217;escola d&#8217;Ard\u00e8vol &#8211; Casa d&#8217;el Malindr\u00e9"},"content":{"rendered":"<p><strong>On es d\u00f3na l&#8217;expressi\u00f3, la comunicaci\u00f3, l&#8217;entusiasme i la creaci\u00f3&#8230;<\/strong><\/p>\n<p><strong>el tanteig experimental en qualsevol dels llenguatges de l&#8217;infant&#8230;<\/strong><\/p>\n<p><strong>la relaci\u00f3 amb la vida&#8230;<\/strong><\/p>\n<p><strong>On es posa en pr\u00e0ctica l&#8217;autoregulaci\u00f3 i la responsabilitat pr\u00f2pia&#8230;<\/strong><\/p>\n<p><strong>el protagonisme viu de l&#8217;acci\u00f3&#8230;<\/strong><\/p>\n<p><strong>On es propicia la posici\u00f3 activa, capa\u00e7 i competent&#8230;<\/strong><\/p>\n<p><strong>la coordinaci\u00f3 dels pensaments amb els altres&#8230;<\/strong><\/p>\n<p><strong>On s&#8217;afermen les relacions de vincle i afectivitat emocional&#8230;<\/strong><\/p>\n<p><strong>sentint-nos estimats i acceptats des d&#8217;una mirada respectuosa i positiva.<\/strong><\/p>\n","protected":false},"excerpt":{"rendered":"<p>On es d\u00f3na l&#8217;expressi\u00f3, la comunicaci\u00f3, l&#8217;entusiasme i la creaci\u00f3&#8230;<br \/>\nel tanteig experimental en qualsevol dels llenguatges de l&#8217;infant&#8230;<br \/>\nla relaci\u00f3 amb la vida&#8230;<br \/>\nOn es posa en pr\u00e0ctica l&#8217;autoregulaci\u00f3 i la responsabilitat pr\u00f2pia&#8230;<br \/>\nel protagonisme viu de l&#8217;acci\u00f3&#8230;<br \/>\nOn es propicia la posici\u00f3 activa, capa\u00e7 i competent&#8230;<br \/>\nla coordinaci\u00f3 dels&hellip;  <a href=\"https:\/\/agora.xtec.cat\/esc-ardevol\/lescola\/\" title=\"Read L&#8217;escola d&#8217;Ard\u00e8vol &#8211; Casa d&#8217;el Malindr\u00e9\">Llegeix m\u00e9s\u00bb<\/a><\/p>\n","protected":false},"author":1,"featured_media":0,"parent":0,"menu_order":0,"comment_status":"closed","ping_status":"closed","template":"page-templates\/side-menu.php","meta":{"_bbp_topic_count":0,"_bbp_reply_count":0,"_bbp_total_topic_count":0,"_bbp_total_reply_count":0,"_bbp_voice_count":0,"_bbp_anonymous_reply_count":0,"_bbp_topic_count_hidden":0,"_bbp_reply_count_hidden":0,"_bbp_forum_subforum_count":0,"footnotes":""},"class_list":["post-22","page","type-page","status-publish","hentry"],"post_mailing_queue_ids":[],"_links":{"self":[{"href":"https:\/\/agora.xtec.cat\/esc-ardevol\/wp-json\/wp\/v2\/pages\/22","targetHints":{"allow":["GET"]}}],"collection":[{"href":"https:\/\/agora.xtec.cat\/esc-ardevol\/wp-json\/wp\/v2\/pages"}],"about":[{"href":"https:\/\/agora.xtec.cat\/esc-ardevol\/wp-json\/wp\/v2\/types\/page"}],"author":[{"embeddable":true,"href":"https:\/\/agora.xtec.cat\/esc-ardevol\/wp-json\/wp\/v2\/users\/1"}],"replies":[{"embeddable":true,"href":"https:\/\/agora.xtec.cat\/esc-ardevol\/wp-json\/wp\/v2\/comments?post=22"}],"version-history":[{"count":4,"href":"https:\/\/agora.xtec.cat\/esc-ardevol\/wp-json\/wp\/v2\/pages\/22\/revisions"}],"predecessor-version":[{"id":1492,"href":"https:\/\/agora.xtec.cat\/esc-ardevol\/wp-json\/wp\/v2\/pages\/22\/revisions\/1492"}],"wp:attachment":[{"href":"https:\/\/agora.xtec.cat\/esc-ardevol\/wp-json\/wp\/v2\/media?parent=22"}],"curies":[{"name":"wp","href":"https:\/\/api.w.org\/{rel}","templated":true}]}}