{"id":9,"date":"2014-09-17T15:08:18","date_gmt":"2014-09-17T14:08:18","guid":{"rendered":"http:\/\/agora.xtec.cat\/esc-antoniubachisoler\/?page_id=9"},"modified":"2026-03-16T08:10:20","modified_gmt":"2026-03-16T07:10:20","slug":"pagina-dinici-buida","status":"publish","type":"page","link":"https:\/\/agora.xtec.cat\/esc-antoniubachisoler\/","title":{"rendered":"\u00daLTIMES NOT\u00cdCIES"},"content":{"rendered":"\n<p class=\"has-text-align-left\"><img decoding=\"async\" class=\"wp-image-15301\" style=\"width: NaNpx;\" src=\"https:\/\/agora.xtec.cat\/esc-antoniubachisoler\/wp-content\/uploads\/usu1903\/2025\/12\/Cartell-PRIMARIA-ESO.pdf\" alt=\"\"><\/p>\n\n\n\n<hr class=\"wp-block-separator has-alpha-channel-opacity\"\/>\n\n\n\n<hr class=\"wp-block-separator has-alpha-channel-opacity\"\/>\n\n\n\n<p class=\"has-large-font-size\">\ud83c\udfc0\u200b\u2600\ufe0f\u200b\u200b\ud83e\udd38\u200d\u2642\ufe0fESPORT EXTRAESCOLAR \ud83e\udd38\u200d\u2642\ufe0f\u200b\u2600\ufe0f\u200b\ud83c\udfc0\u200b<\/p>\n\n\n\n<figure class=\"wp-block-image size-large is-resized\"><a href=\"https:\/\/agora.xtec.cat\/esc-antoniubachisoler\/wp-content\/uploads\/usu1903\/2025\/11\/HORARIS-I-ESPAIS-25-26-1-1_page-0001.jpg\"><img decoding=\"async\" src=\"https:\/\/agora.xtec.cat\/esc-antoniubachisoler\/wp-content\/uploads\/usu1903\/2025\/11\/HORARIS-I-ESPAIS-25-26-1-1_page-0001-1024x724.jpg\" alt=\"\" class=\"wp-image-15160\" style=\"width:751px;height:auto\"\/><\/a><\/figure>\n\n\n\n<p class=\"has-text-align-center has-large-font-size\"><strong>DIA INTERNACIONAL DE LA DONA<\/strong><\/p>\n\n\n\n<p>Per commemorar&nbsp;el Dia Internacional de la Dona, l&#8217;alumnat de 2n d&#8217;ESO van realitzar uns cartells&nbsp;on havien de representar mitjan\u00e7ant un&nbsp;<u>COLLAGE<\/u>&nbsp;una frase i una composici\u00f3 relacionada amb el 8-M.<br>Posteriorment, un jurat de docents va triar les 5 opcions finalistes que es van sotmetre a votaci\u00f3 entre tot l&#8217;alumnat i professorat de secund\u00e0ria per triar els cartells guanyadors. Podeu observar els 3 cartells m\u00e9s votats.<\/p>\n\n\n\n<figure class=\"wp-block-gallery has-nested-images columns-default is-cropped wp-block-gallery-1 is-layout-flex wp-block-gallery-is-layout-flex\">\n<figure class=\"wp-block-image size-large\"><a href=\"https:\/\/agora.xtec.cat\/esc-antoniubachisoler\/wp-content\/uploads\/usu1903\/2026\/03\/IMG_4057-min-scaled.jpg\"><img loading=\"lazy\" decoding=\"async\" width=\"768\" height=\"1024\" data-id=\"15748\" src=\"https:\/\/agora.xtec.cat\/esc-antoniubachisoler\/wp-content\/uploads\/usu1903\/2026\/03\/IMG_4057-min-768x1024.jpg\" alt=\"\" class=\"wp-image-15748\" srcset=\"https:\/\/agora.xtec.cat\/esc-antoniubachisoler\/wp-content\/uploads\/usu1903\/2026\/03\/IMG_4057-min-768x1024.jpg 768w, https:\/\/agora.xtec.cat\/esc-antoniubachisoler\/wp-content\/uploads\/usu1903\/2026\/03\/IMG_4057-min-225x300.jpg 225w, https:\/\/agora.xtec.cat\/esc-antoniubachisoler\/wp-content\/uploads\/usu1903\/2026\/03\/IMG_4057-min-1152x1536.jpg 1152w, https:\/\/agora.xtec.cat\/esc-antoniubachisoler\/wp-content\/uploads\/usu1903\/2026\/03\/IMG_4057-min-1536x2048.jpg 1536w, https:\/\/agora.xtec.cat\/esc-antoniubachisoler\/wp-content\/uploads\/usu1903\/2026\/03\/IMG_4057-min-scaled.jpg 1920w\" sizes=\"auto, (max-width: 768px) 100vw, 768px\" \/><\/a><\/figure>\n\n\n\n<figure class=\"wp-block-image size-large\"><a href=\"https:\/\/agora.xtec.cat\/esc-antoniubachisoler\/wp-content\/uploads\/usu1903\/2026\/03\/IMG_4056-min-scaled.jpg\"><img loading=\"lazy\" decoding=\"async\" width=\"768\" height=\"1024\" data-id=\"15747\" src=\"https:\/\/agora.xtec.cat\/esc-antoniubachisoler\/wp-content\/uploads\/usu1903\/2026\/03\/IMG_4056-min-768x1024.jpg\" alt=\"\" class=\"wp-image-15747\" srcset=\"https:\/\/agora.xtec.cat\/esc-antoniubachisoler\/wp-content\/uploads\/usu1903\/2026\/03\/IMG_4056-min-768x1024.jpg 768w, https:\/\/agora.xtec.cat\/esc-antoniubachisoler\/wp-content\/uploads\/usu1903\/2026\/03\/IMG_4056-min-225x300.jpg 225w, https:\/\/agora.xtec.cat\/esc-antoniubachisoler\/wp-content\/uploads\/usu1903\/2026\/03\/IMG_4056-min-1152x1536.jpg 1152w, https:\/\/agora.xtec.cat\/esc-antoniubachisoler\/wp-content\/uploads\/usu1903\/2026\/03\/IMG_4056-min-1536x2048.jpg 1536w, https:\/\/agora.xtec.cat\/esc-antoniubachisoler\/wp-content\/uploads\/usu1903\/2026\/03\/IMG_4056-min-scaled.jpg 1920w\" sizes=\"auto, (max-width: 768px) 100vw, 768px\" \/><\/a><\/figure>\n\n\n\n<figure class=\"wp-block-image size-large\"><a href=\"https:\/\/agora.xtec.cat\/esc-antoniubachisoler\/wp-content\/uploads\/usu1903\/2026\/03\/C5-min-scaled.jpg\"><img loading=\"lazy\" decoding=\"async\" width=\"1024\" height=\"740\" data-id=\"15746\" src=\"https:\/\/agora.xtec.cat\/esc-antoniubachisoler\/wp-content\/uploads\/usu1903\/2026\/03\/C5-min-1024x740.jpg\" alt=\"\" class=\"wp-image-15746\" srcset=\"https:\/\/agora.xtec.cat\/esc-antoniubachisoler\/wp-content\/uploads\/usu1903\/2026\/03\/C5-min-1024x740.jpg 1024w, https:\/\/agora.xtec.cat\/esc-antoniubachisoler\/wp-content\/uploads\/usu1903\/2026\/03\/C5-min-300x217.jpg 300w, https:\/\/agora.xtec.cat\/esc-antoniubachisoler\/wp-content\/uploads\/usu1903\/2026\/03\/C5-min-768x555.jpg 768w, https:\/\/agora.xtec.cat\/esc-antoniubachisoler\/wp-content\/uploads\/usu1903\/2026\/03\/C5-min-1536x1110.jpg 1536w, https:\/\/agora.xtec.cat\/esc-antoniubachisoler\/wp-content\/uploads\/usu1903\/2026\/03\/C5-min-2048x1480.jpg 2048w\" sizes=\"auto, (max-width: 1024px) 100vw, 1024px\" \/><\/a><\/figure>\n\n\n\n<figure class=\"wp-block-image size-large\"><a href=\"https:\/\/agora.xtec.cat\/esc-antoniubachisoler\/wp-content\/uploads\/usu1903\/2026\/03\/C3-min-scaled.jpg\"><img loading=\"lazy\" decoding=\"async\" width=\"691\" height=\"1024\" data-id=\"15744\" src=\"https:\/\/agora.xtec.cat\/esc-antoniubachisoler\/wp-content\/uploads\/usu1903\/2026\/03\/C3-min-691x1024.jpg\" alt=\"\" class=\"wp-image-15744\" srcset=\"https:\/\/agora.xtec.cat\/esc-antoniubachisoler\/wp-content\/uploads\/usu1903\/2026\/03\/C3-min-691x1024.jpg 691w, https:\/\/agora.xtec.cat\/esc-antoniubachisoler\/wp-content\/uploads\/usu1903\/2026\/03\/C3-min-202x300.jpg 202w, https:\/\/agora.xtec.cat\/esc-antoniubachisoler\/wp-content\/uploads\/usu1903\/2026\/03\/C3-min-768x1139.jpg 768w, https:\/\/agora.xtec.cat\/esc-antoniubachisoler\/wp-content\/uploads\/usu1903\/2026\/03\/C3-min-1036x1536.jpg 1036w, https:\/\/agora.xtec.cat\/esc-antoniubachisoler\/wp-content\/uploads\/usu1903\/2026\/03\/C3-min-1381x2048.jpg 1381w, https:\/\/agora.xtec.cat\/esc-antoniubachisoler\/wp-content\/uploads\/usu1903\/2026\/03\/C3-min-scaled.jpg 1727w\" sizes=\"auto, (max-width: 691px) 100vw, 691px\" \/><\/a><\/figure>\n\n\n\n<figure class=\"wp-block-image size-large\"><a href=\"https:\/\/agora.xtec.cat\/esc-antoniubachisoler\/wp-content\/uploads\/usu1903\/2026\/03\/C2-min-scaled.jpg\"><img loading=\"lazy\" decoding=\"async\" width=\"717\" height=\"1024\" data-id=\"15743\" src=\"https:\/\/agora.xtec.cat\/esc-antoniubachisoler\/wp-content\/uploads\/usu1903\/2026\/03\/C2-min-717x1024.jpg\" alt=\"\" class=\"wp-image-15743\" srcset=\"https:\/\/agora.xtec.cat\/esc-antoniubachisoler\/wp-content\/uploads\/usu1903\/2026\/03\/C2-min-717x1024.jpg 717w, https:\/\/agora.xtec.cat\/esc-antoniubachisoler\/wp-content\/uploads\/usu1903\/2026\/03\/C2-min-210x300.jpg 210w, https:\/\/agora.xtec.cat\/esc-antoniubachisoler\/wp-content\/uploads\/usu1903\/2026\/03\/C2-min-768x1097.jpg 768w, https:\/\/agora.xtec.cat\/esc-antoniubachisoler\/wp-content\/uploads\/usu1903\/2026\/03\/C2-min-1076x1536.jpg 1076w, https:\/\/agora.xtec.cat\/esc-antoniubachisoler\/wp-content\/uploads\/usu1903\/2026\/03\/C2-min-1434x2048.jpg 1434w, https:\/\/agora.xtec.cat\/esc-antoniubachisoler\/wp-content\/uploads\/usu1903\/2026\/03\/C2-min-scaled.jpg 1793w\" sizes=\"auto, (max-width: 717px) 100vw, 717px\" \/><\/a><\/figure>\n<\/figure>\n\n\n\n<figure class=\"wp-block-image size-large is-resized\"><a href=\"https:\/\/agora.xtec.cat\/esc-antoniubachisoler\/wp-content\/uploads\/usu1903\/2026\/03\/Poster-Clases-de-Espanol-Mexico-Con-Fotos-Verde.png\"><img loading=\"lazy\" decoding=\"async\" width=\"724\" height=\"1024\" src=\"https:\/\/agora.xtec.cat\/esc-antoniubachisoler\/wp-content\/uploads\/usu1903\/2026\/03\/Poster-Clases-de-Espanol-Mexico-Con-Fotos-Verde-724x1024.png\" alt=\"\" class=\"wp-image-15717\" style=\"width:407px;height:auto\" srcset=\"https:\/\/agora.xtec.cat\/esc-antoniubachisoler\/wp-content\/uploads\/usu1903\/2026\/03\/Poster-Clases-de-Espanol-Mexico-Con-Fotos-Verde-724x1024.png 724w, https:\/\/agora.xtec.cat\/esc-antoniubachisoler\/wp-content\/uploads\/usu1903\/2026\/03\/Poster-Clases-de-Espanol-Mexico-Con-Fotos-Verde-212x300.png 212w, https:\/\/agora.xtec.cat\/esc-antoniubachisoler\/wp-content\/uploads\/usu1903\/2026\/03\/Poster-Clases-de-Espanol-Mexico-Con-Fotos-Verde-768x1086.png 768w, https:\/\/agora.xtec.cat\/esc-antoniubachisoler\/wp-content\/uploads\/usu1903\/2026\/03\/Poster-Clases-de-Espanol-Mexico-Con-Fotos-Verde-1086x1536.png 1086w, https:\/\/agora.xtec.cat\/esc-antoniubachisoler\/wp-content\/uploads\/usu1903\/2026\/03\/Poster-Clases-de-Espanol-Mexico-Con-Fotos-Verde.png 1414w\" sizes=\"auto, (max-width: 724px) 100vw, 724px\" \/><\/a><\/figure>\n","protected":false},"excerpt":{"rendered":"<p>\ud83c\udfc0\u200b\u2600\ufe0f\u200b\u200b\ud83e\udd38\u200d\u2642\ufe0fESPORT EXTRAESCOLAR \ud83e\udd38\u200d\u2642\ufe0f\u200b\u2600\ufe0f\u200b\ud83c\udfc0\u200b DIA INTERNACIONAL DE LA DONA Per commemorar&nbsp;el Dia Internacional de la Dona, l&#8217;alumnat de 2n d&#8217;ESO van realitzar uns cartells&nbsp;on havien de representar mitjan\u00e7ant un&nbsp;COLLAGE&nbsp;una frase i una composici\u00f3 relacionada amb el 8-M.Posteriorment, un jurat de docents va triar les 5 opcions finalistes que es van sotmetre a votaci\u00f3 entre tot l&#8217;alumnat [&hellip;]<\/p>\n","protected":false},"author":1,"featured_media":15191,"parent":7,"menu_order":0,"comment_status":"closed","ping_status":"closed","template":"","meta":{"site-sidebar-layout":"default","site-content-layout":"","ast-site-content-layout":"default","site-content-style":"default","site-sidebar-style":"default","ast-global-header-display":"","ast-banner-title-visibility":"","ast-main-header-display":"","ast-hfb-above-header-display":"","ast-hfb-below-header-display":"","ast-hfb-mobile-header-display":"","site-post-title":"","ast-breadcrumbs-content":"","ast-featured-img":"","footer-sml-layout":"","theme-transparent-header-meta":"default","adv-header-id-meta":"","stick-header-meta":"","header-above-stick-meta":"","header-main-stick-meta":"","header-below-stick-meta":"","astra-migrate-meta-layouts":"set","ast-page-background-enabled":"default","ast-page-background-meta":{"desktop":{"background-color":"var(--ast-global-color-4)","background-image":"","background-repeat":"repeat","background-position":"center center","background-size":"auto","background-attachment":"scroll","background-type":"","background-media":"","overlay-type":"","overlay-color":"","overlay-opacity":"","overlay-gradient":""},"tablet":{"background-color":"","background-image":"","background-repeat":"repeat","background-position":"center center","background-size":"auto","background-attachment":"scroll","background-type":"","background-media":"","overlay-type":"","overlay-color":"","overlay-opacity":"","overlay-gradient":""},"mobile":{"background-color":"","background-image":"","background-repeat":"repeat","background-position":"center center","background-size":"auto","background-attachment":"scroll","background-type":"","background-media":"","overlay-type":"","overlay-color":"","overlay-opacity":"","overlay-gradient":""}},"ast-content-background-meta":{"desktop":{"background-color":"var(--ast-global-color-5)","background-image":"","background-repeat":"repeat","background-position":"center center","background-size":"auto","background-attachment":"scroll","background-type":"","background-media":"","overlay-type":"","overlay-color":"","overlay-opacity":"","overlay-gradient":""},"tablet":{"background-color":"var(--ast-global-color-5)","background-image":"","background-repeat":"repeat","background-position":"center center","background-size":"auto","background-attachment":"scroll","background-type":"","background-media":"","overlay-type":"","overlay-color":"","overlay-opacity":"","overlay-gradient":""},"mobile":{"background-color":"var(--ast-global-color-5)","background-image":"","background-repeat":"repeat","background-position":"center center","background-size":"auto","background-attachment":"scroll","background-type":"","background-media":"","overlay-type":"","overlay-color":"","overlay-opacity":"","overlay-gradient":""}},"footnotes":""},"class_list":["post-9","page","type-page","status-publish","has-post-thumbnail","hentry"],"post_mailing_queue_ids":[],"_links":{"self":[{"href":"https:\/\/agora.xtec.cat\/esc-antoniubachisoler\/wp-json\/wp\/v2\/pages\/9","targetHints":{"allow":["GET"]}}],"collection":[{"href":"https:\/\/agora.xtec.cat\/esc-antoniubachisoler\/wp-json\/wp\/v2\/pages"}],"about":[{"href":"https:\/\/agora.xtec.cat\/esc-antoniubachisoler\/wp-json\/wp\/v2\/types\/page"}],"author":[{"embeddable":true,"href":"https:\/\/agora.xtec.cat\/esc-antoniubachisoler\/wp-json\/wp\/v2\/users\/1"}],"replies":[{"embeddable":true,"href":"https:\/\/agora.xtec.cat\/esc-antoniubachisoler\/wp-json\/wp\/v2\/comments?post=9"}],"version-history":[{"count":6,"href":"https:\/\/agora.xtec.cat\/esc-antoniubachisoler\/wp-json\/wp\/v2\/pages\/9\/revisions"}],"predecessor-version":[{"id":15751,"href":"https:\/\/agora.xtec.cat\/esc-antoniubachisoler\/wp-json\/wp\/v2\/pages\/9\/revisions\/15751"}],"up":[{"embeddable":true,"href":"https:\/\/agora.xtec.cat\/esc-antoniubachisoler\/wp-json\/wp\/v2\/pages\/7"}],"wp:featuredmedia":[{"embeddable":true,"href":"https:\/\/agora.xtec.cat\/esc-antoniubachisoler\/wp-json\/wp\/v2\/media\/15191"}],"wp:attachment":[{"href":"https:\/\/agora.xtec.cat\/esc-antoniubachisoler\/wp-json\/wp\/v2\/media?parent=9"}],"curies":[{"name":"wp","href":"https:\/\/api.w.org\/{rel}","templated":true}]}}