{"id":672,"date":"2018-10-06T18:37:00","date_gmt":"2018-10-06T16:37:00","guid":{"rendered":"http:\/\/agora.xtec.cat\/esc-antoniubachisoler\/?page_id=672"},"modified":"2026-01-15T13:16:16","modified_gmt":"2026-01-15T12:16:16","slug":"personal","status":"publish","type":"page","link":"https:\/\/agora.xtec.cat\/esc-antoniubachisoler\/lescola\/personal\/","title":{"rendered":"Equip hum\u00e0"},"content":{"rendered":"<p style=\"text-align: center;\"><span style=\"text-decoration: underline;\"><strong>EQUIP DIRECTIU<\/strong><\/span><\/p>\n<p><strong>Directora:<\/strong> Montserrat \u00c0. \u00a0\u00a0 <a href=\"https:\/\/agora.xtec.cat\/esc-antoniubachisoler\/wp-content\/uploads\/usu1903\/2023\/02\/Perfil-professional-Montse.pdf\">Perfil professional<\/a><\/p>\n<ul>\n<li>Horari atenci\u00f3 fam\u00edlies: Dilluns de 9h a 10h \/ Dimarts de 15h a 16:30h \/ Divendres de 11:30h a 12:30h. (Cita pr\u00e8via).<\/li>\n<\/ul>\n<p><strong style=\"font-family: inherit; font-size: 1em;\">Cap d&#8217;estudis de prim\u00e0ria<\/strong><span style=\"font-family: inherit; font-size: 1em;\">: Ruth S.\u00a0<\/span><\/p>\n<ul>\n<li>Horari atenci\u00f3 fam\u00edlies: Dimarts de 10 a 11h \/ Dimecres de 9 a 10h. (Cita pr\u00e8via).<\/li>\n<\/ul>\n<p><strong style=\"font-family: inherit; font-size: 1em;\">Cap d&#8217;estudis de secund\u00e0ria:<\/strong><span style=\"font-family: inherit; font-size: 1em;\"> Irene M. <\/span><\/p>\n<ul>\n<li>Horari atenci\u00f3 fam\u00edlies: Dimecres i divendres de 9:00h a 10:00h. (Cita pr\u00e8via).<\/li>\n<\/ul>\n<p><strong style=\"font-family: inherit; font-size: 1em;\">Secret\u00e0ria: <\/strong>Arnau V.<\/p>\n<ul>\n<li>Horari atenci\u00f3 fam\u00edlies: Dilluns de 15 a 16:30h i de dimarts a\u00a0 dijous de 9h a 11h. (Sempre amb cita pr\u00e8via).<\/li>\n<\/ul>\n<p><b>Coordinadora<\/b><strong>\u00a0pedag\u00f2gica<\/strong>: Laura P.<\/p>\n<ul>\n<li>Horari atenci\u00f3 fam\u00edlies: Dimarts i divendres de 9:00h a 10:00h. (Cita pr\u00e8via).<\/li>\n<\/ul>\n<p><b>Coordinadora<\/b><strong>\u00a0pedag\u00f2gica<\/strong>: Maria R.<\/p>\n<ul>\n<li>Horari atenci\u00f3 fam\u00edlies: Divendres de 9:00 a 10:00h. (Cita pr\u00e8via).<\/li>\n<\/ul>\n<p style=\"text-align: center;\"><span style=\"text-decoration: underline;\"><strong>TUTORIES<\/strong><\/span><\/p>\n<p style=\"text-align: center;\"><b>EDUCACI\u00d3 INFANTIL<\/b><\/p>\n<p><b>I3 A:<\/b><span style=\"font-weight: 400;\">\u00a0 Alicia I.\/ <\/span><b>I3 B: <\/b>Bet B.<span style=\"font-weight: 400;\">\u00a0<\/span><\/p>\n<p><b>I4 A: <\/b><span style=\"font-weight: 400;\">\u00a0Laura T.\/\u00a0 <\/span><b>I4 B:<\/b>Imma M<b><span style=\"font-weight: 400;\">.<\/span><\/b><span style=\"font-weight: 400;\">\u00a0<\/span><\/p>\n<p><b>I5 A: <\/b>Marta R<span style=\"font-weight: 400;\">. \/ <\/span><b>I5 B: <\/b>M. Pilar D<b><span style=\"font-weight: 400;\">.<\/span><\/b><\/p>\n<p><b>Refor\u00e7:<\/b><span style=\"font-weight: 400;\">\u00a0Anna S. i\u00a0 Olga C.<\/span><\/p>\n<p style=\"text-align: center;\"><b>CICLE INICIAL<\/b><\/p>\n<p><b>1r A: <\/b>Laura C.<span style=\"font-weight: 400;\">\u00a0\/ <\/span><b>1r<\/b> <b>B: <\/b><span style=\"font-weight: 400;\">Montserrat F.<\/span><\/p>\n<p><b>2n A: <\/b>Gerard G.<span style=\"font-weight: 400;\">\u00a0\/ <\/span><b>2n<\/b> <b>B: <span style=\"font-weight: 400;\">Isabel G.<\/span><\/b><\/p>\n<p style=\"text-align: center;\"><b>CICLE MITJ\u00c0<\/b><\/p>\n<p><b>3r A:<span style=\"font-weight: 400;\">Joel G.<\/span><\/b><span style=\"font-weight: 400;\">\u00a0 \/ <\/span><b>3r<\/b> <b>B: <\/b>Eva P.<\/p>\n<p><b>4t A: <\/b><span style=\"font-weight: 400;\">Gina G.\u00a0\u00a0 \/ <\/span><b>4t<\/b> <b>B: <\/b><span style=\"font-weight: 400;\">M\u00edriam J.<\/span><\/p>\n<p style=\"text-align: center;\"><b>CICLE SUPERIOR<\/b><\/p>\n<p><b>5\u00e8 A:\u00a0<\/b>C\u00e8lia C.\u00a0 \u00a0\/ <b>5\u00e8 B:<\/b> <span style=\"font-weight: 400;\">Marta G.<\/span><\/p>\n<p><b>6\u00e8 A:<\/b><span style=\"font-weight: 400;\"> N\u00faria M.\u00a0 \/ <\/span><b>6\u00e8 B: <\/b>Laura M.<span style=\"font-weight: 400;\"> \u00a0<\/span><\/p>\n<p style=\"text-align: center;\"><b>ESO<\/b><\/p>\n<p><b>1r ESO A<\/b><span style=\"font-weight: 400;\">: Joan B. \/ <\/span><b>1r ESO B<\/b><span style=\"font-weight: 400;\">:<\/span> <span style=\"font-weight: 400;\">Joaqu\u00edn Ll.<\/span><span style=\"font-weight: 400;\">\u00a0<\/span><\/p>\n<p><b>2n ESO A:<\/b><span style=\"font-weight: 400;\">\u00a0 Marta V.\u00a0 \/ <\/span><b>2n ESO B:<\/b><span style=\"font-weight: 400;\">\u00a0 Amanda T. \/ <strong>2n ESO C: <\/strong>Anna S.<\/span><\/p>\n<p><b>3r ESO A: <\/b>Jennifer S.<span style=\"font-weight: 400;\">\u00a0 \/<\/span><b> 3r ESO B: <\/b> <span style=\"font-weight: 400;\">Sergi O.<\/span><\/p>\n<p><b>4t ESO A:<\/b><span style=\"font-weight: 400;\"> Joan P. \/<\/span><b> 4t ESO B: <\/b>Oriol E<b>.<\/b><b>\u00a0\/ 4t ESO C:<\/b><span style=\"font-weight: 400;\">\u00a0 Aina S.<\/span><\/p>\n<p style=\"text-align: center;\"><b>ESPECIALISTES<\/b><\/p>\n<p><b>Biblioteca: <\/b><span style=\"font-weight: 400;\">Dolors D.<\/span><\/p>\n<p><b>M\u00fasica:<\/b><span style=\"font-weight: 400;\"> Eva S,\u00a0 Carlos L.<\/span><\/p>\n<p><b>Educaci\u00f3 Especial:<\/b><span style=\"font-weight: 400;\"> Anna C, Sergi R, Paula C, Laura S i Esther R.<\/span><\/p>\n<p><b>Educaci\u00f3 F\u00edsica:<\/b><span style=\"font-weight: 400;\"> Alberto V, N\u00faria M., Ricard M. i Joaqu\u00edn Ll.<\/span><\/p>\n<p><b>Llengua castellana:<\/b><span style=\"font-weight: 400;\"> Ruth S., Laura G, Iolanda C, Maria T i Ad\u00e1n M.\u00a0<\/span><\/p>\n<p><b>Angl\u00e8s:<\/b><span style=\"font-weight: 400;\"> Montse \u00c1., Olga C., Yusell A., Hector M i A\u00efda S.<\/span><\/p>\n<p><b>Biblioteca:<\/b><span style=\"font-weight: 400;\"> M\u00ba Dolors D. i Montse F.\u00a0<\/span><\/p>\n<p><b>Laboratori<\/b><span style=\"font-weight: 400;\">: Eva P.\u00a0<\/span><\/p>\n<p><b>Geografia i hist\u00f2ria: <\/b>Mar M i Juan P.<\/p>\n<p><b>Biologia i geologia:<\/b><span style=\"font-weight: 400;\"> Itziar F, Juan J i Mariana P.<\/span><\/p>\n<p><b>Visual i pl\u00e0stica:<\/b><span style=\"font-weight: 400;\">. Maria V i Iolanda C.<\/span><\/p>\n<p><b>Matem\u00e0tiques<\/b><span style=\"font-weight: 400;\">:. Oriol E., Anna S, i Jordi U.\u00a0<\/span><\/p>\n<p><b>Llengua catalana<\/b><span style=\"font-weight: 400;\">: Victor J, Aina S i Marta V.<\/span><\/p>\n<p><b>Tecnologia<\/b><span style=\"font-weight: 400;\">: J\u00falia G, Irene M, Sergi O. i David V.\u00a0<\/span><\/p>\n<p><b>F\u00edsica i qu\u00edmica<\/b><span style=\"font-weight: 400;\">: Mar A.\u00a0<\/span><\/p>\n<p><b>Orientaci\u00f3 educativa<\/b><span style=\"font-weight: 400;\">: Joan B, Carmen Q, Jennifer S, Amanda T i Laura F.<\/span><\/p>\n<p><b>Aula d\u2019Acollida:<\/b><span style=\"font-weight: 400;\"> Anabel M i Jessica M.<\/span><\/p>\n<p style=\"text-align: center;\"><b>SERVEIS EDUCATIUS:<\/b><\/p>\n<p><b>TEI: <\/b><span style=\"font-weight: 400;\">Yolanda S.<\/span><\/p>\n<p><b>INS:<\/b><span style=\"font-weight: 400;\"> Rosa M\u00ba A.<\/span><\/p>\n<p><b>Educadora social:<\/b><span style=\"font-weight: 400;\">\u00a0<\/span><\/p>\n<p><b>EAP<\/b><span style=\"font-weight: 400;\">: Jennifer S.<\/span><\/p>\n<p><b>Oficial de servei:<\/b><span style=\"font-weight: 400;\"> Ra\u00fal.<\/span><\/p>\n<p><b>Administrativa: <\/b><span style=\"font-weight: 400;\">Cristina.<\/span><\/p>\n<p><b>Conserge<\/b><span style=\"font-weight: 400;\">: Laura.<\/span><\/p>\n<p><b>Logopeda CREDA<\/b><span style=\"font-weight: 400;\">: Silvia.<\/span><\/p>\n<p><b>Neteja:<\/b><span style=\"font-weight: 400;\"> CLECE.<\/span><\/p>\n<p><b>Menjador:<\/b><span style=\"font-weight: 400;\"> Mediterr\u00e0nia Grup.<\/span><\/p>\n","protected":false},"excerpt":{"rendered":"<p>EQUIP DIRECTIU Directora: Montserrat \u00c0. \u00a0\u00a0 Perfil professional Horari atenci\u00f3 fam\u00edlies: Dilluns de 9h a 10h \/ Dimarts de 15h a 16:30h \/ Divendres de 11:30h a 12:30h. (Cita pr\u00e8via). Cap d&#8217;estudis de prim\u00e0ria: Ruth S.\u00a0 Horari atenci\u00f3 fam\u00edlies: Dimarts de 10 a 11h \/ Dimecres de 9 a 10h. (Cita pr\u00e8via). Cap d&#8217;estudis de [&hellip;]<\/p>\n","protected":false},"author":1,"featured_media":0,"parent":22,"menu_order":0,"comment_status":"closed","ping_status":"closed","template":"","meta":{"site-sidebar-layout":"default","site-content-layout":"","ast-site-content-layout":"default","site-content-style":"default","site-sidebar-style":"default","ast-global-header-display":"","ast-banner-title-visibility":"","ast-main-header-display":"","ast-hfb-above-header-display":"","ast-hfb-below-header-display":"","ast-hfb-mobile-header-display":"","site-post-title":"","ast-breadcrumbs-content":"","ast-featured-img":"","footer-sml-layout":"","theme-transparent-header-meta":"default","adv-header-id-meta":"","stick-header-meta":"","header-above-stick-meta":"","header-main-stick-meta":"","header-below-stick-meta":"","astra-migrate-meta-layouts":"set","ast-page-background-enabled":"default","ast-page-background-meta":{"desktop":{"background-color":"var(--ast-global-color-4)","background-image":"","background-repeat":"repeat","background-position":"center center","background-size":"auto","background-attachment":"scroll","background-type":"","background-media":"","overlay-type":"","overlay-color":"","overlay-opacity":"","overlay-gradient":""},"tablet":{"background-color":"","background-image":"","background-repeat":"repeat","background-position":"center center","background-size":"auto","background-attachment":"scroll","background-type":"","background-media":"","overlay-type":"","overlay-color":"","overlay-opacity":"","overlay-gradient":""},"mobile":{"background-color":"","background-image":"","background-repeat":"repeat","background-position":"center center","background-size":"auto","background-attachment":"scroll","background-type":"","background-media":"","overlay-type":"","overlay-color":"","overlay-opacity":"","overlay-gradient":""}},"ast-content-background-meta":{"desktop":{"background-color":"var(--ast-global-color-5)","background-image":"","background-repeat":"repeat","background-position":"center center","background-size":"auto","background-attachment":"scroll","background-type":"","background-media":"","overlay-type":"","overlay-color":"","overlay-opacity":"","overlay-gradient":""},"tablet":{"background-color":"var(--ast-global-color-5)","background-image":"","background-repeat":"repeat","background-position":"center center","background-size":"auto","background-attachment":"scroll","background-type":"","background-media":"","overlay-type":"","overlay-color":"","overlay-opacity":"","overlay-gradient":""},"mobile":{"background-color":"var(--ast-global-color-5)","background-image":"","background-repeat":"repeat","background-position":"center center","background-size":"auto","background-attachment":"scroll","background-type":"","background-media":"","overlay-type":"","overlay-color":"","overlay-opacity":"","overlay-gradient":""}},"footnotes":""},"class_list":["post-672","page","type-page","status-publish","hentry"],"post_mailing_queue_ids":[],"_links":{"self":[{"href":"https:\/\/agora.xtec.cat\/esc-antoniubachisoler\/wp-json\/wp\/v2\/pages\/672","targetHints":{"allow":["GET"]}}],"collection":[{"href":"https:\/\/agora.xtec.cat\/esc-antoniubachisoler\/wp-json\/wp\/v2\/pages"}],"about":[{"href":"https:\/\/agora.xtec.cat\/esc-antoniubachisoler\/wp-json\/wp\/v2\/types\/page"}],"author":[{"embeddable":true,"href":"https:\/\/agora.xtec.cat\/esc-antoniubachisoler\/wp-json\/wp\/v2\/users\/1"}],"replies":[{"embeddable":true,"href":"https:\/\/agora.xtec.cat\/esc-antoniubachisoler\/wp-json\/wp\/v2\/comments?post=672"}],"version-history":[{"count":6,"href":"https:\/\/agora.xtec.cat\/esc-antoniubachisoler\/wp-json\/wp\/v2\/pages\/672\/revisions"}],"predecessor-version":[{"id":15479,"href":"https:\/\/agora.xtec.cat\/esc-antoniubachisoler\/wp-json\/wp\/v2\/pages\/672\/revisions\/15479"}],"up":[{"embeddable":true,"href":"https:\/\/agora.xtec.cat\/esc-antoniubachisoler\/wp-json\/wp\/v2\/pages\/22"}],"wp:attachment":[{"href":"https:\/\/agora.xtec.cat\/esc-antoniubachisoler\/wp-json\/wp\/v2\/media?parent=672"}],"curies":[{"name":"wp","href":"https:\/\/api.w.org\/{rel}","templated":true}]}}