{"id":66,"date":"2014-09-18T12:40:47","date_gmt":"2014-09-18T11:40:47","guid":{"rendered":"http:\/\/agora.xtec.cat\/esc-antoniubachisoler\/?page_id=66"},"modified":"2025-02-18T07:14:48","modified_gmt":"2025-02-18T06:14:48","slug":"serveis","status":"publish","type":"page","link":"https:\/\/agora.xtec.cat\/esc-antoniubachisoler\/lescola\/serveis\/","title":{"rendered":"AMPA"},"content":{"rendered":"<p style=\"text-align: justify;\">Des de l&#8217;Associaci\u00f3 de Mares i Pares d&#8217;alumnes (AMPA) de l&#8217;Escola Antoni Ubach i Soler us donem la benvinguda al nou curs escolar. Aquesta secci\u00f3 pret\u00e9n informar-vos de les activitats i iniciatives que organitzem.<\/p>\n<p style=\"text-align: justify;\"><strong>Qu\u00e8 \u00e9s l&#8217;AMPA?<\/strong><\/p>\n<p style=\"text-align: justify;\">L&#8217;AMPA agrupa als pares, mares i tutors legals dels alumnes matriculats en el nostre centre per a l&#8217;obtenci\u00f3 de determinats objectius. No som una empresa que organitza activitats extraescolars, sin\u00f3 un grup de pares i mares que, dins de les seves possibilitats, i desinteressadament, volem participar en l&#8217;educaci\u00f3 dels nostres fills amb la il\u00b7lusi\u00f3 de treballar en la defensa i millar de la qualitat de l&#8217;ensenyament p\u00fablic. La nostra AMPA est\u00e0 formada per la Junta Directiva i pels Socis.<\/p>\n<p style=\"text-align: justify;\"><strong>Qu\u00e8 fem?\u00a0<\/strong><\/p>\n<p style=\"text-align: justify;\">La Junta Directiva de l&#8217;AMPA gestiona les activitats extraescolars, aporta iniciatives a l&#8217;escola i transmet les inquietuds dels pares a l&#8217;equip directiu del centre. A m\u00e9s a m\u00e9s, serveix de vincle entre els pares i els seus representants en el Consell Escolar amb l&#8217;objectiu de traslladar aquelles q\u00fcestions d&#8217;inter\u00e8s que vagin sorgint al llarg del curs.<\/p>\n<p style=\"text-align: justify;\">L&#8217;associaci\u00f3 tamb\u00e9 organitza les activitats extraescolars, el casal d&#8217;estiu, el fi de curs, el berenar anual, etc.\u00a0Una altra tasca que realitzem \u00e9s facilitar l&#8217;adquisici\u00f3 dels llibres de text als nostres socis.<\/p>\n<p style=\"text-align: justify;\">Es tracta d&#8217;una alternativa lliure i volunt\u00e0ria. Podr\u00edem trobar obstacles que s&#8217;hauran de superar, i per aquest motiu, us donem les gr\u00e0cies per la vostra comprensi\u00f3 i paci\u00e8ncia.<\/p>\n<p style=\"text-align: justify;\"><strong>Com formar part de l&#8217;AMPA ?\u00a0<\/strong><\/p>\n<p style=\"text-align: justify;\">Per formar part de l&#8217;AMPA nom\u00e9s cal pagar la quota anual de soci, la qual \u00e9s de 20\u20ac per fam\u00edlia. Aquesta quota \u00e9s molt important, ja que la nostra associaci\u00f3 no pot treballar sense recursos econ\u00f2mics. Per aquest motiu us demanem a tots que us associeu. Quants m\u00e9s pares i mares participin i s&#8217;impliquin de forma activa, m\u00e9s i millor resultats obtindrem.<\/p>\n<p style=\"text-align: justify;\"><strong>Quins avantatges t\u00e9 ser soci de l&#8217;AMPA ?\u00a0<\/strong><\/p>\n<p style=\"text-align: justify;\">A m\u00e9s a m\u00e9s de participar aportant idees i suggeriments, ser soci de l&#8217;AMPA et permet inscriure als teus fills a qualsevol de les activitats extraescolar que s&#8217;organitzen anualment i adquirir a trav\u00e9s de l&#8217;AMPA els llibres de text.<\/p>\n<p style=\"text-align: justify;\"><strong>Com contactar amb l&#8217;AMPA ?<\/strong><\/p>\n<p style=\"text-align: justify;\">Pots exposar els teus dubtes, preguntes, demandes o propostes al correu electr\u00f2nic<span style=\"text-decoration: underline;\"> ampaantoniubach@hotmail.com,<\/span> totes les tardes a partir de les 16:30 hores, a l&#8217;esplai o al despatx de l&#8217;AFA.<\/p>\n<p style=\"text-align: justify;\"><span style=\"text-decoration: underline;\"><strong>l&#8217;AMPA NO REP CAP BENEFICI ECON\u00d2MIC PEL QU\u00c8 FEM, NOM\u00c9S INVERTIM EL NOSTRE TEMPS EN LA FELICITAT DELS NOSTRES FILLS I FILLES I EN LES VOSTRES. TOTS ELS DINERS QUE RECOLLIM ESTAN DEDICATS \u00cdNTEGRAMENT ALS ALUMNES D&#8217;AQUESTA ESCOLA. PER AIX\u00d2 DONEM LES GR\u00c0CIES A TOTS AQUELLS QUE ENS AJUDEN I CONFIEN EN NOSALTRES.\u00a0<\/strong><\/span><\/p>\n<p style=\"text-align: justify;\">\n","protected":false},"excerpt":{"rendered":"<p>Des de l&#8217;Associaci\u00f3 de Mares i Pares d&#8217;alumnes (AMPA) de l&#8217;Escola Antoni Ubach i Soler us donem la benvinguda al nou curs escolar. Aquesta secci\u00f3 pret\u00e9n informar-vos de les activitats i iniciatives que organitzem. Qu\u00e8 \u00e9s l&#8217;AMPA? L&#8217;AMPA agrupa als pares, mares i tutors legals dels alumnes matriculats en el nostre centre per a l&#8217;obtenci\u00f3 [&hellip;]<\/p>\n","protected":false},"author":1,"featured_media":0,"parent":22,"menu_order":0,"comment_status":"closed","ping_status":"closed","template":"","meta":{"site-sidebar-layout":"default","site-content-layout":"","ast-site-content-layout":"default","site-content-style":"default","site-sidebar-style":"default","ast-global-header-display":"","ast-banner-title-visibility":"","ast-main-header-display":"","ast-hfb-above-header-display":"","ast-hfb-below-header-display":"","ast-hfb-mobile-header-display":"","site-post-title":"","ast-breadcrumbs-content":"","ast-featured-img":"","footer-sml-layout":"","theme-transparent-header-meta":"default","adv-header-id-meta":"","stick-header-meta":"","header-above-stick-meta":"","header-main-stick-meta":"","header-below-stick-meta":"","astra-migrate-meta-layouts":"set","ast-page-background-enabled":"default","ast-page-background-meta":{"desktop":{"background-color":"var(--ast-global-color-4)","background-image":"","background-repeat":"repeat","background-position":"center center","background-size":"auto","background-attachment":"scroll","background-type":"","background-media":"","overlay-type":"","overlay-color":"","overlay-opacity":"","overlay-gradient":""},"tablet":{"background-color":"","background-image":"","background-repeat":"repeat","background-position":"center center","background-size":"auto","background-attachment":"scroll","background-type":"","background-media":"","overlay-type":"","overlay-color":"","overlay-opacity":"","overlay-gradient":""},"mobile":{"background-color":"","background-image":"","background-repeat":"repeat","background-position":"center center","background-size":"auto","background-attachment":"scroll","background-type":"","background-media":"","overlay-type":"","overlay-color":"","overlay-opacity":"","overlay-gradient":""}},"ast-content-background-meta":{"desktop":{"background-color":"var(--ast-global-color-5)","background-image":"","background-repeat":"repeat","background-position":"center center","background-size":"auto","background-attachment":"scroll","background-type":"","background-media":"","overlay-type":"","overlay-color":"","overlay-opacity":"","overlay-gradient":""},"tablet":{"background-color":"var(--ast-global-color-5)","background-image":"","background-repeat":"repeat","background-position":"center center","background-size":"auto","background-attachment":"scroll","background-type":"","background-media":"","overlay-type":"","overlay-color":"","overlay-opacity":"","overlay-gradient":""},"mobile":{"background-color":"var(--ast-global-color-5)","background-image":"","background-repeat":"repeat","background-position":"center center","background-size":"auto","background-attachment":"scroll","background-type":"","background-media":"","overlay-type":"","overlay-color":"","overlay-opacity":"","overlay-gradient":""}},"footnotes":""},"class_list":["post-66","page","type-page","status-publish","hentry"],"post_mailing_queue_ids":[],"_links":{"self":[{"href":"https:\/\/agora.xtec.cat\/esc-antoniubachisoler\/wp-json\/wp\/v2\/pages\/66","targetHints":{"allow":["GET"]}}],"collection":[{"href":"https:\/\/agora.xtec.cat\/esc-antoniubachisoler\/wp-json\/wp\/v2\/pages"}],"about":[{"href":"https:\/\/agora.xtec.cat\/esc-antoniubachisoler\/wp-json\/wp\/v2\/types\/page"}],"author":[{"embeddable":true,"href":"https:\/\/agora.xtec.cat\/esc-antoniubachisoler\/wp-json\/wp\/v2\/users\/1"}],"replies":[{"embeddable":true,"href":"https:\/\/agora.xtec.cat\/esc-antoniubachisoler\/wp-json\/wp\/v2\/comments?post=66"}],"version-history":[{"count":5,"href":"https:\/\/agora.xtec.cat\/esc-antoniubachisoler\/wp-json\/wp\/v2\/pages\/66\/revisions"}],"predecessor-version":[{"id":14588,"href":"https:\/\/agora.xtec.cat\/esc-antoniubachisoler\/wp-json\/wp\/v2\/pages\/66\/revisions\/14588"}],"up":[{"embeddable":true,"href":"https:\/\/agora.xtec.cat\/esc-antoniubachisoler\/wp-json\/wp\/v2\/pages\/22"}],"wp:attachment":[{"href":"https:\/\/agora.xtec.cat\/esc-antoniubachisoler\/wp-json\/wp\/v2\/media?parent=66"}],"curies":[{"name":"wp","href":"https:\/\/api.w.org\/{rel}","templated":true}]}}