{"id":38,"date":"2014-09-18T12:34:08","date_gmt":"2014-09-18T11:34:08","guid":{"rendered":"http:\/\/agora.xtec.cat\/esc-antoniubachisoler\/?page_id=38"},"modified":"2019-02-06T20:14:45","modified_gmt":"2019-02-06T19:14:45","slug":"salut","status":"publish","type":"page","link":"https:\/\/agora.xtec.cat\/esc-antoniubachisoler\/lescola\/salut\/","title":{"rendered":"Salut"},"content":{"rendered":"<p>Seguint les pautes del Departament de Salut de la Generalitat de Catalunya, els centres educatius han de preveure i evitar situacions de possible contagi al seu entorn. Per aquest motiu, com a norma general, <strong>un\/a nen\/a malalt\/a ha de romandre a casa. <\/strong>En el cas que alguna d&#8217;aquestes malalties es detect\u00e9s amb l&#8217;infant present a l&#8217;escola, el protocol del centre estableix que en primer lloc s&#8217;avisaria trucant als familiars per tal que el vinguin a recollir.<\/p>\n<p>Abans de la reincorporaci\u00f3 d&#8217;un infant a l&#8217;escola, s\u00f3n recomanables les seg\u00fcents actuacions:<\/p>\n<ul>\n<li><strong>Febre:<\/strong>\u00a0ha de quedar-se a casa i podr\u00e0 tornar a l\u2019escola despr\u00e9s d\u2019un dia sencer sense s\u00edmptomes.<\/li>\n<li><strong>Conjuntivitis:<\/strong>\u00a0no pot assistir a l&#8217;escola per perill de contagi. Cal que un metge indiqui el tractament i no es pot tornar a l&#8217;escola fins que desapareguin les secrecions.<\/li>\n<li><strong>Polls:<\/strong> el nen\/a no pot assistir a l\u2019escola si t\u00e9 pres\u00e8ncia de ll\u00e9menes o polls, i cal informar a l\u2019escola si se\u2019n detecta la seva pres\u00e8ncia. S\u2019ha de realitzar el tractament corresponent per eliminar tots els par\u00e0sits i, un cop acabat, ja es pot reincorporar a l\u2019escola.<\/li>\n<li><strong>Diarrea:<\/strong> una gastroenteritis aguda (GEA) pot anar acompanyada de febre i\/o v\u00f2mits. L&#8217;alumne no podr\u00e0 reincorporar-se a l&#8217;escola fins despr\u00e9s de 48 hores, tot assegurant-se que les seves deposicions s\u00f3n normals i han desaparegut tots els s\u00edmptomes.<\/li>\n<li><strong>V\u00f2mits (amb o sense febre):\u00a0<\/strong>el nen\/a ha de quedar-se a casa m\u00ednim 24 hores, ja que podria ser s\u00edmptoma d&#8217;una infecci\u00f3. S&#8217;ha de mantenir en observaci\u00f3 fins que la sensaci\u00f3 de malestar desaparegui totalment.<\/li>\n<li><strong>Varicel\u00b7la:<\/strong> \u00e9s una malaltia molt contagiosa. Per aix\u00f2, el nen\/a no podr\u00e0 tornar a l&#8217;escola fins que totes les lesions estiguin en fase crosta. Aproximadament, aquest proc\u00e9s triga 8 dies.<\/li>\n<\/ul>\n<p>Per tal que l\u2019escola pugui administrar medicaments, \u00e9s necess\u00e0ria tant <a href=\"https:\/\/agora.xtec.cat\/esc-antoniubachisoler\/wp-content\/uploads\/usu1903\/2019\/02\/aut_paracetamol.pdf\" target=\"_blank\" rel=\"noopener\"><strong><span style=\"text-decoration: underline;\">l\u2019autoritzaci\u00f3<\/span><\/strong>\u00a0<\/a>per part dels pares o tutors com la <strong>recepta<\/strong> del metge. No s&#8217;administrar\u00e0 paracetamol a cap infant si la febre no \u00e9s igual o superior a 38\u00ba.<\/p>\n<p><span style=\"text-decoration: underline;\"><strong>Actuacions per part de l\u2019escola quan un alumne\/a t\u00e9 un accident:<\/strong><\/span><\/p>\n<p>Si es necessita assist\u00e8ncia m\u00e8dica, l\u2019escola ho comunicar\u00e0 a les fam\u00edlies perqu\u00e8 portin al nen\/a a urg\u00e8ncies. En cas de no localitzar a cap membre de la fam\u00edlia, un professor de l\u2019escola l\u2019 acompanyar\u00e0.<\/p>\n<p>\u00c9s molt important que les fam\u00edlies mantingueu les<strong>\u00a0dades de contacte<\/strong>\u00a0actualitzades i informeu a secret\u00e0ria dels canvis de n\u00famero de tel\u00e8fon per poder localitzar a les fam\u00edlies en cas de malaltia o emerg\u00e8ncia.<\/p>\n","protected":false},"excerpt":{"rendered":"<p>Seguint les pautes del Departament de Salut de la Generalitat de Catalunya, els centres educatius han de preveure i evitar situacions de possible contagi al seu entorn. Per aquest motiu, com a norma general, un\/a nen\/a malalt\/a ha de romandre a casa. En el cas que alguna d&#8217;aquestes malalties es detect\u00e9s amb l&#8217;infant present a [&hellip;]<\/p>\n","protected":false},"author":1,"featured_media":0,"parent":22,"menu_order":80,"comment_status":"closed","ping_status":"closed","template":"page-templates\/side-menu.php","meta":{"site-sidebar-layout":"default","site-content-layout":"","ast-site-content-layout":"","site-content-style":"default","site-sidebar-style":"default","ast-global-header-display":"","ast-banner-title-visibility":"","ast-main-header-display":"","ast-hfb-above-header-display":"","ast-hfb-below-header-display":"","ast-hfb-mobile-header-display":"","site-post-title":"","ast-breadcrumbs-content":"","ast-featured-img":"","footer-sml-layout":"","theme-transparent-header-meta":"","adv-header-id-meta":"","stick-header-meta":"","header-above-stick-meta":"","header-main-stick-meta":"","header-below-stick-meta":"","astra-migrate-meta-layouts":"default","ast-page-background-enabled":"default","ast-page-background-meta":{"desktop":{"background-color":"var(--ast-global-color-4)","background-image":"","background-repeat":"repeat","background-position":"center center","background-size":"auto","background-attachment":"scroll","background-type":"","background-media":"","overlay-type":"","overlay-color":"","overlay-opacity":"","overlay-gradient":""},"tablet":{"background-color":"","background-image":"","background-repeat":"repeat","background-position":"center center","background-size":"auto","background-attachment":"scroll","background-type":"","background-media":"","overlay-type":"","overlay-color":"","overlay-opacity":"","overlay-gradient":""},"mobile":{"background-color":"","background-image":"","background-repeat":"repeat","background-position":"center center","background-size":"auto","background-attachment":"scroll","background-type":"","background-media":"","overlay-type":"","overlay-color":"","overlay-opacity":"","overlay-gradient":""}},"ast-content-background-meta":{"desktop":{"background-color":"var(--ast-global-color-5)","background-image":"","background-repeat":"repeat","background-position":"center center","background-size":"auto","background-attachment":"scroll","background-type":"","background-media":"","overlay-type":"","overlay-color":"","overlay-opacity":"","overlay-gradient":""},"tablet":{"background-color":"var(--ast-global-color-5)","background-image":"","background-repeat":"repeat","background-position":"center center","background-size":"auto","background-attachment":"scroll","background-type":"","background-media":"","overlay-type":"","overlay-color":"","overlay-opacity":"","overlay-gradient":""},"mobile":{"background-color":"var(--ast-global-color-5)","background-image":"","background-repeat":"repeat","background-position":"center center","background-size":"auto","background-attachment":"scroll","background-type":"","background-media":"","overlay-type":"","overlay-color":"","overlay-opacity":"","overlay-gradient":""}},"footnotes":""},"class_list":["post-38","page","type-page","status-publish","hentry"],"post_mailing_queue_ids":[],"_links":{"self":[{"href":"https:\/\/agora.xtec.cat\/esc-antoniubachisoler\/wp-json\/wp\/v2\/pages\/38","targetHints":{"allow":["GET"]}}],"collection":[{"href":"https:\/\/agora.xtec.cat\/esc-antoniubachisoler\/wp-json\/wp\/v2\/pages"}],"about":[{"href":"https:\/\/agora.xtec.cat\/esc-antoniubachisoler\/wp-json\/wp\/v2\/types\/page"}],"author":[{"embeddable":true,"href":"https:\/\/agora.xtec.cat\/esc-antoniubachisoler\/wp-json\/wp\/v2\/users\/1"}],"replies":[{"embeddable":true,"href":"https:\/\/agora.xtec.cat\/esc-antoniubachisoler\/wp-json\/wp\/v2\/comments?post=38"}],"version-history":[{"count":4,"href":"https:\/\/agora.xtec.cat\/esc-antoniubachisoler\/wp-json\/wp\/v2\/pages\/38\/revisions"}],"predecessor-version":[{"id":1853,"href":"https:\/\/agora.xtec.cat\/esc-antoniubachisoler\/wp-json\/wp\/v2\/pages\/38\/revisions\/1853"}],"up":[{"embeddable":true,"href":"https:\/\/agora.xtec.cat\/esc-antoniubachisoler\/wp-json\/wp\/v2\/pages\/22"}],"wp:attachment":[{"href":"https:\/\/agora.xtec.cat\/esc-antoniubachisoler\/wp-json\/wp\/v2\/media?parent=38"}],"curies":[{"name":"wp","href":"https:\/\/api.w.org\/{rel}","templated":true}]}}