{"id":28,"date":"2014-09-18T12:29:35","date_gmt":"2014-09-18T11:29:35","guid":{"rendered":"http:\/\/agora.xtec.cat\/esc-antoniubachisoler\/?page_id=28"},"modified":"2026-03-17T19:28:28","modified_gmt":"2026-03-17T18:28:28","slug":"consell-escolar","status":"publish","type":"page","link":"https:\/\/agora.xtec.cat\/esc-antoniubachisoler\/lescola\/consell-escolar\/","title":{"rendered":"Consell Escolar"},"content":{"rendered":"<table style=\"width: 55.1352%; height: 1632px;\">\n<tbody>\n<tr style=\"height: 146px;\">\n<td style=\"height: 146px; width: 110.193%;\" colspan=\"2\">\n<h1 style=\"text-align: center;\"><b>MEMBRES DEL CONSELL ESCOLAR DEL CURS 2024 &#8211; 25<\/b><\/h1>\n<\/td>\n<\/tr>\n<tr style=\"height: 56px;\">\n<td style=\"height: 56px; width: 52.3416%;\"><b>C\u00c0RREC<\/b><\/td>\n<td style=\"height: 56px; width: 57.8512%;\"><b>NOM I COGNOMS<\/b><\/td>\n<\/tr>\n<tr style=\"height: 56px;\">\n<td style=\"height: 56px; width: 52.3416%;\"><span style=\"font-weight: 400;\">Presidenta<\/span><\/td>\n<td style=\"height: 56px; width: 57.8512%;\"><span style=\"font-weight: 400;\">Montserrat \u00c1lvarez<\/span><\/td>\n<\/tr>\n<tr style=\"height: 56px;\">\n<td style=\"height: 56px; width: 52.3416%;\"><span style=\"font-weight: 400;\">Cap d&#8217;estudis<\/span><\/td>\n<td style=\"height: 56px; width: 57.8512%;\"><span style=\"font-weight: 400;\">Ruth S\u00e1nchez<\/span><\/td>\n<\/tr>\n<tr style=\"height: 56px;\">\n<td style=\"height: 56px; width: 52.3416%;\"><span style=\"font-weight: 400;\">Secretari<\/span><\/td>\n<td style=\"height: 56px; width: 57.8512%;\"><span style=\"font-weight: 400;\">Arnau Vidal.<\/span><\/td>\n<\/tr>\n<tr style=\"height: 56px;\">\n<td style=\"height: 56px; width: 52.3416%;\"><span style=\"font-weight: 400;\">Altres c\u00e0rrecs directius<\/span><\/td>\n<td style=\"height: 56px; width: 57.8512%;\"><span style=\"font-weight: 400;\">Irene Mart\u00ednez\u00a0<\/span><\/td>\n<\/tr>\n<tr style=\"height: 56px;\">\n<td style=\"height: 56px; width: 52.3416%;\"><span style=\"font-weight: 400;\">Altres c\u00e0rrecs directius<\/span><\/td>\n<td style=\"height: 56px; width: 57.8512%;\"><span style=\"font-weight: 400;\">Laura Panad\u00e9s<\/span><\/td>\n<\/tr>\n<tr style=\"height: 56px;\">\n<td style=\"height: 56px; width: 52.3416%;\"><span style=\"font-weight: 400;\">Altres c\u00e0rrecs directius<\/span><\/td>\n<td style=\"height: 56px; width: 57.8512%;\"><span style=\"font-weight: 400;\">Maria Riera<\/span><\/td>\n<\/tr>\n<tr style=\"height: 79px;\">\n<td style=\"height: 79px; width: 52.3416%;\"><span style=\"font-weight: 400;\">Representant de l&#8217;Ajuntament<\/span><\/td>\n<td style=\"height: 79px; width: 57.8512%;\"><span style=\"font-weight: 400;\">Llu\u00efsa Melgares<\/span><\/td>\n<\/tr>\n<tr style=\"height: 79px;\">\n<td style=\"height: 79px; width: 52.3416%;\"><span style=\"font-weight: 400;\">Representant del professorat<\/span><\/td>\n<td style=\"height: 79px; width: 57.8512%;\">Miriam J.<\/td>\n<\/tr>\n<tr style=\"height: 79px;\">\n<td style=\"height: 79px; width: 52.3416%;\"><span style=\"font-weight: 400;\">Representant del professorat<\/span><\/td>\n<td style=\"height: 79px; width: 57.8512%;\"><span style=\"font-weight: 400;\">Imma Guerra<\/span><\/td>\n<\/tr>\n<tr style=\"height: 79px;\">\n<td style=\"height: 79px; width: 52.3416%;\"><span style=\"font-weight: 400;\">Representant del professorat<\/span><\/td>\n<td style=\"height: 79px; width: 57.8512%;\"><span style=\"font-weight: 400;\">Gina Garcia<\/span><\/td>\n<\/tr>\n<tr style=\"height: 79px;\">\n<td style=\"height: 79px; width: 52.3416%;\"><span style=\"font-weight: 400;\">Representant del professorat<\/span><\/td>\n<td style=\"height: 79px; width: 57.8512%;\">N\u00faria Michavila<\/td>\n<\/tr>\n<tr style=\"height: 79px;\">\n<td style=\"height: 79px; width: 52.3416%;\"><span style=\"font-weight: 400;\">Representant del professorat<\/span><\/td>\n<td style=\"height: 79px; width: 57.8512%;\"><span style=\"font-weight: 400;\">Eva P\u00e9rez<\/span><\/td>\n<\/tr>\n<tr style=\"height: 79px;\">\n<td style=\"height: 79px; width: 52.3416%;\"><span style=\"font-weight: 400;\">Representant del professorat<\/span><\/td>\n<td style=\"height: 79px; width: 57.8512%;\">Eva Segurado<\/td>\n<\/tr>\n<tr style=\"height: 56px;\">\n<td style=\"height: 56px; width: 52.3416%;\"><span style=\"font-weight: 400;\">Representant de l\u2019alumnat\u00a0<\/span><\/td>\n<td style=\"height: 56px; width: 57.8512%;\"><span style=\"font-weight: 400;\">Alen<\/span><\/td>\n<\/tr>\n<tr style=\"height: 56px;\">\n<td style=\"height: 56px; width: 52.3416%;\"><span style=\"font-weight: 400;\">Representant de l\u2019alumnat<\/span><\/td>\n<td style=\"height: 56px; width: 57.8512%;\"><span style=\"font-weight: 400;\">Armando Alderete<\/span><\/td>\n<\/tr>\n<tr style=\"height: 79px;\">\n<td style=\"height: 79px; width: 52.3416%;\"><span style=\"font-weight: 400;\">Representant sector fam\u00edlies\u00a0<\/span><\/td>\n<td style=\"height: 79px; width: 57.8512%;\"><span style=\"font-weight: 400;\">Naima Arbiti\u00a0<\/span><\/td>\n<\/tr>\n<tr style=\"height: 57px;\">\n<td style=\"height: 57px; width: 52.3416%;\"><span style=\"font-weight: 400;\">Representant sector fam\u00edlies\u00a0<\/span><\/td>\n<td style=\"height: 57px; width: 57.8512%;\">Loubna Badene<\/td>\n<\/tr>\n<tr style=\"height: 79px;\">\n<td style=\"height: 79px; width: 52.3416%;\"><span style=\"font-weight: 400;\">Representant sector fam\u00edlies\u00a0<\/span><\/td>\n<td style=\"height: 79px; width: 57.8512%;\"><span style=\"font-weight: 400;\">Naima Mezouar <\/span><\/td>\n<\/tr>\n<tr style=\"height: 79px;\">\n<td style=\"height: 79px; width: 52.3416%;\"><span style=\"font-weight: 400;\">Representant sector fam\u00edlies\u00a0<\/span><\/td>\n<td style=\"height: 79px; width: 57.8512%;\"><span style=\"font-weight: 400;\">Loubna Nali<\/span><\/td>\n<\/tr>\n<tr style=\"height: 79px;\">\n<td style=\"height: 79px; width: 52.3416%;\"><span style=\"font-weight: 400;\">Representant de l&#8217;AMPA<\/span><\/td>\n<td style=\"height: 79px; width: 57.8512%;\"><span style=\"font-weight: 400;\">Paola Fernanda Cede\u00f1o<\/span><\/td>\n<\/tr>\n<tr style=\"height: 56px;\">\n<td style=\"height: 56px; width: 52.3416%;\"><span style=\"font-weight: 400;\">Representant del PAE<\/span><\/td>\n<td style=\"height: 56px; width: 57.8512%;\"><span style=\"font-weight: 400;\">Rosa Ant\u00f3n<\/span><\/td>\n<\/tr>\n<\/tbody>\n<\/table>\n","protected":false},"excerpt":{"rendered":"<p>MEMBRES DEL CONSELL ESCOLAR DEL CURS 2024 &#8211; 25 C\u00c0RREC NOM I COGNOMS Presidenta Montserrat \u00c1lvarez Cap d&#8217;estudis Ruth S\u00e1nchez Secretari Arnau Vidal. Altres c\u00e0rrecs directius Irene Mart\u00ednez\u00a0 Altres c\u00e0rrecs directius Laura Panad\u00e9s Altres c\u00e0rrecs directius Maria Riera Representant de l&#8217;Ajuntament Llu\u00efsa Melgares Representant del professorat Miriam J. Representant del professorat Imma Guerra Representant del [&hellip;]<\/p>\n","protected":false},"author":1,"featured_media":0,"parent":22,"menu_order":30,"comment_status":"closed","ping_status":"closed","template":"","meta":{"site-sidebar-layout":"default","site-content-layout":"","ast-site-content-layout":"default","site-content-style":"default","site-sidebar-style":"default","ast-global-header-display":"","ast-banner-title-visibility":"","ast-main-header-display":"","ast-hfb-above-header-display":"","ast-hfb-below-header-display":"","ast-hfb-mobile-header-display":"","site-post-title":"","ast-breadcrumbs-content":"","ast-featured-img":"","footer-sml-layout":"","theme-transparent-header-meta":"","adv-header-id-meta":"","stick-header-meta":"","header-above-stick-meta":"","header-main-stick-meta":"","header-below-stick-meta":"","astra-migrate-meta-layouts":"set","ast-page-background-enabled":"default","ast-page-background-meta":{"desktop":{"background-color":"var(--ast-global-color-4)","background-image":"","background-repeat":"repeat","background-position":"center center","background-size":"auto","background-attachment":"scroll","background-type":"","background-media":"","overlay-type":"","overlay-color":"","overlay-opacity":"","overlay-gradient":""},"tablet":{"background-color":"","background-image":"","background-repeat":"repeat","background-position":"center center","background-size":"auto","background-attachment":"scroll","background-type":"","background-media":"","overlay-type":"","overlay-color":"","overlay-opacity":"","overlay-gradient":""},"mobile":{"background-color":"","background-image":"","background-repeat":"repeat","background-position":"center center","background-size":"auto","background-attachment":"scroll","background-type":"","background-media":"","overlay-type":"","overlay-color":"","overlay-opacity":"","overlay-gradient":""}},"ast-content-background-meta":{"desktop":{"background-color":"var(--ast-global-color-5)","background-image":"","background-repeat":"repeat","background-position":"center center","background-size":"auto","background-attachment":"scroll","background-type":"","background-media":"","overlay-type":"","overlay-color":"","overlay-opacity":"","overlay-gradient":""},"tablet":{"background-color":"var(--ast-global-color-5)","background-image":"","background-repeat":"repeat","background-position":"center center","background-size":"auto","background-attachment":"scroll","background-type":"","background-media":"","overlay-type":"","overlay-color":"","overlay-opacity":"","overlay-gradient":""},"mobile":{"background-color":"var(--ast-global-color-5)","background-image":"","background-repeat":"repeat","background-position":"center center","background-size":"auto","background-attachment":"scroll","background-type":"","background-media":"","overlay-type":"","overlay-color":"","overlay-opacity":"","overlay-gradient":""}},"footnotes":""},"class_list":["post-28","page","type-page","status-publish","hentry"],"post_mailing_queue_ids":[],"_links":{"self":[{"href":"https:\/\/agora.xtec.cat\/esc-antoniubachisoler\/wp-json\/wp\/v2\/pages\/28","targetHints":{"allow":["GET"]}}],"collection":[{"href":"https:\/\/agora.xtec.cat\/esc-antoniubachisoler\/wp-json\/wp\/v2\/pages"}],"about":[{"href":"https:\/\/agora.xtec.cat\/esc-antoniubachisoler\/wp-json\/wp\/v2\/types\/page"}],"author":[{"embeddable":true,"href":"https:\/\/agora.xtec.cat\/esc-antoniubachisoler\/wp-json\/wp\/v2\/users\/1"}],"replies":[{"embeddable":true,"href":"https:\/\/agora.xtec.cat\/esc-antoniubachisoler\/wp-json\/wp\/v2\/comments?post=28"}],"version-history":[{"count":6,"href":"https:\/\/agora.xtec.cat\/esc-antoniubachisoler\/wp-json\/wp\/v2\/pages\/28\/revisions"}],"predecessor-version":[{"id":15762,"href":"https:\/\/agora.xtec.cat\/esc-antoniubachisoler\/wp-json\/wp\/v2\/pages\/28\/revisions\/15762"}],"up":[{"embeddable":true,"href":"https:\/\/agora.xtec.cat\/esc-antoniubachisoler\/wp-json\/wp\/v2\/pages\/22"}],"wp:attachment":[{"href":"https:\/\/agora.xtec.cat\/esc-antoniubachisoler\/wp-json\/wp\/v2\/media?parent=28"}],"curies":[{"name":"wp","href":"https:\/\/api.w.org\/{rel}","templated":true}]}}