{"id":24,"date":"2014-09-18T12:23:15","date_gmt":"2014-09-18T11:23:15","guid":{"rendered":"http:\/\/agora.xtec.cat\/esc-antoniubachisoler\/?page_id=24"},"modified":"2021-01-28T20:51:08","modified_gmt":"2021-01-28T19:51:08","slug":"on-som","status":"publish","type":"page","link":"https:\/\/agora.xtec.cat\/esc-antoniubachisoler\/lescola\/on-som\/","title":{"rendered":"On som"},"content":{"rendered":"<h4 style=\"color: #666666;\"><strong>Institut E<\/strong><strong>scola Antoni Ubach i Soler<\/strong><\/h4>\n<p style=\"color: #666666;\">C\/ Doctor Aymerich i Gilabert\u00f3 n\u00ba 35<br \/>\n08222 Terrassa<\/p>\n<p>Tel. 93. 785.76.37<br \/>\na8077125@xtec.cat<\/p>\n<p><a href=\"http:\/\/iframe%20src=https:\/\/www.google.com\/maps\/embed?pb=!1m18!1m12!1m3!1d2985.131893087427!2d2.0264696156296664!3d41.56638999284153!2m3!1f0!2f0!3f0!3m2!1i1024!2i768!4f13.1!3m3!1m2!1s0x12a49320f5238b09%3A0xf0109b47df2a27b0!2sEscuela+Antoni+Ubach+i+Soler!5e0!3m2!1ses-419!2sus!4v1537982740622%20width=600%20height=450%20frameborder=0%20style=border:0%20allowfullscreen\/iframe\"><iframe loading=\"lazy\" src=\"https:\/\/www.google.com\/maps\/embed?pb=!1m18!1m12!1m3!1d2985.131893087427!2d2.0264696156296664!3d41.56638999284153!2m3!1f0!2f0!3f0!3m2!1i1024!2i768!4f13.1!3m3!1m2!1s0x12a49320f5238b09%3A0xf0109b47df2a27b0!2sEscuela+Antoni+Ubach+i+Soler!5e0!3m2!1ses-419!2sus!4v1537982740622\" width=\"600\" height=\"450\" frameborder=\"0\" data-mce-fragment=\"1\"><\/iframe><\/a><\/p>\n<p>&nbsp;<\/p>\n<p><strong>Com arribar-hi:<\/strong><\/p>\n<p><strong>Tren:<\/strong> Estaci\u00f3 de Renfe <em>Terrassa Est.<\/em><br \/>\n<strong>Bus:<\/strong> L\u00ednies 3. Parada <em>Pla\u00e7a del treball.\u00a0<\/em><\/p>\n<p>&nbsp;<\/p>\n","protected":false},"excerpt":{"rendered":"<p>Institut Escola Antoni Ubach i Soler C\/ Doctor Aymerich i Gilabert\u00f3 n\u00ba 35 08222 Terrassa Tel. 93. 785.76.37 a8077125@xtec.cat &nbsp; Com arribar-hi: Tren: Estaci\u00f3 de Renfe Terrassa Est. Bus: L\u00ednies 3. Parada Pla\u00e7a del treball.\u00a0 &nbsp;<\/p>\n","protected":false},"author":1,"featured_media":0,"parent":22,"menu_order":10,"comment_status":"closed","ping_status":"closed","template":"page-templates\/side-menu.php","meta":{"site-sidebar-layout":"default","site-content-layout":"","ast-site-content-layout":"","site-content-style":"default","site-sidebar-style":"default","ast-global-header-display":"","ast-banner-title-visibility":"","ast-main-header-display":"","ast-hfb-above-header-display":"","ast-hfb-below-header-display":"","ast-hfb-mobile-header-display":"","site-post-title":"","ast-breadcrumbs-content":"","ast-featured-img":"","footer-sml-layout":"","theme-transparent-header-meta":"","adv-header-id-meta":"","stick-header-meta":"","header-above-stick-meta":"","header-main-stick-meta":"","header-below-stick-meta":"","astra-migrate-meta-layouts":"default","ast-page-background-enabled":"default","ast-page-background-meta":{"desktop":{"background-color":"var(--ast-global-color-4)","background-image":"","background-repeat":"repeat","background-position":"center center","background-size":"auto","background-attachment":"scroll","background-type":"","background-media":"","overlay-type":"","overlay-color":"","overlay-opacity":"","overlay-gradient":""},"tablet":{"background-color":"","background-image":"","background-repeat":"repeat","background-position":"center center","background-size":"auto","background-attachment":"scroll","background-type":"","background-media":"","overlay-type":"","overlay-color":"","overlay-opacity":"","overlay-gradient":""},"mobile":{"background-color":"","background-image":"","background-repeat":"repeat","background-position":"center center","background-size":"auto","background-attachment":"scroll","background-type":"","background-media":"","overlay-type":"","overlay-color":"","overlay-opacity":"","overlay-gradient":""}},"ast-content-background-meta":{"desktop":{"background-color":"var(--ast-global-color-5)","background-image":"","background-repeat":"repeat","background-position":"center center","background-size":"auto","background-attachment":"scroll","background-type":"","background-media":"","overlay-type":"","overlay-color":"","overlay-opacity":"","overlay-gradient":""},"tablet":{"background-color":"var(--ast-global-color-5)","background-image":"","background-repeat":"repeat","background-position":"center center","background-size":"auto","background-attachment":"scroll","background-type":"","background-media":"","overlay-type":"","overlay-color":"","overlay-opacity":"","overlay-gradient":""},"mobile":{"background-color":"var(--ast-global-color-5)","background-image":"","background-repeat":"repeat","background-position":"center center","background-size":"auto","background-attachment":"scroll","background-type":"","background-media":"","overlay-type":"","overlay-color":"","overlay-opacity":"","overlay-gradient":""}},"footnotes":""},"class_list":["post-24","page","type-page","status-publish","hentry"],"post_mailing_queue_ids":[],"_links":{"self":[{"href":"https:\/\/agora.xtec.cat\/esc-antoniubachisoler\/wp-json\/wp\/v2\/pages\/24","targetHints":{"allow":["GET"]}}],"collection":[{"href":"https:\/\/agora.xtec.cat\/esc-antoniubachisoler\/wp-json\/wp\/v2\/pages"}],"about":[{"href":"https:\/\/agora.xtec.cat\/esc-antoniubachisoler\/wp-json\/wp\/v2\/types\/page"}],"author":[{"embeddable":true,"href":"https:\/\/agora.xtec.cat\/esc-antoniubachisoler\/wp-json\/wp\/v2\/users\/1"}],"replies":[{"embeddable":true,"href":"https:\/\/agora.xtec.cat\/esc-antoniubachisoler\/wp-json\/wp\/v2\/comments?post=24"}],"version-history":[{"count":3,"href":"https:\/\/agora.xtec.cat\/esc-antoniubachisoler\/wp-json\/wp\/v2\/pages\/24\/revisions"}],"predecessor-version":[{"id":8520,"href":"https:\/\/agora.xtec.cat\/esc-antoniubachisoler\/wp-json\/wp\/v2\/pages\/24\/revisions\/8520"}],"up":[{"embeddable":true,"href":"https:\/\/agora.xtec.cat\/esc-antoniubachisoler\/wp-json\/wp\/v2\/pages\/22"}],"wp:attachment":[{"href":"https:\/\/agora.xtec.cat\/esc-antoniubachisoler\/wp-json\/wp\/v2\/media?parent=24"}],"curies":[{"name":"wp","href":"https:\/\/api.w.org\/{rel}","templated":true}]}}