{"id":22,"date":"2014-09-18T12:19:57","date_gmt":"2014-09-18T11:19:57","guid":{"rendered":"http:\/\/agora.xtec.cat\/esc-antoniubachisoler\/?page_id=22"},"modified":"2025-09-24T16:41:11","modified_gmt":"2025-09-24T14:41:11","slug":"lescola","status":"publish","type":"page","link":"https:\/\/agora.xtec.cat\/esc-antoniubachisoler\/lescola\/","title":{"rendered":"Institut Escola"},"content":{"rendered":"<p>L\u2019Institut Escola Antoni Ubach i Soler \u00e9s un centre de titularitat p\u00fablica situada a Terrassa, al barri de Ca N&#8217;Anglada. El nostre objectiu \u00e9s la <strong>formaci\u00f3 integral<\/strong> de l\u2019alumnat perqu\u00e8 es pugui desenvolupar a la societat global en la qual vivim i el nostre <strong>projecte de centre \u00e9s Comunitat d&#8217;Aprenentatge<\/strong>.<\/p>\n<p>De manera general, els trets caracter\u00edstics del centre s\u00f3n:<\/p>\n<p>\u25cf \u00c9s un centre laic i aconfessional, democr\u00e0tic i catal\u00e0.<br \/>\n\u25cf \u00c9s global i comprensiu i fomenta la conviv\u00e8ncia dins el pluralisme ideol\u00f2gic, econ\u00f2mic, social i cultural, i els valors democr\u00e0tics des del coneixement cr\u00edtic d\u2019all\u00f2 que els envolta.<br \/>\n\u25cf El seguiment de la situaci\u00f3 personal de l\u2019alumnat hi \u00e9s present per tal de poder prendre decisions per afavorir el proc\u00e9s d\u2019Ensenyament-Aprenentatge i vetllar pel seu <strong>benestar emocional.<\/strong><br \/>\n\u25cf Emprenem diferents t\u00e8cniques did\u00e0ctiques h\u00edbrides, adaptades a cada nivell, fent \u00fas de les noves tecnologies (rob\u00f2tica, tauletes, ordinadors, etc.) i dels llibres tradicionals.<br \/>\n\u25cf Es treballen les habilitats socials, les pautes de conducta i la intel\u00b7lig\u00e8ncia emocional per tal de garantir la compet\u00e8ncia social dels alumnes, mitjan\u00e7ant assemblees mixtes de conviv\u00e8ncia, el model dial\u00f2gic per la prevenci\u00f3 i resoluci\u00f3 de conflictes i Tutories Individualitzades.<br \/>\n\u25cf Tenim en compte el context sociocultural en l\u2019acci\u00f3 educativa.<br \/>\n\u25cf Potenciem l\u2019autonomia i l\u2019aprenentatge actiu i reflexiu.<br \/>\n\u25cf La <strong>coeducaci\u00f3 i perspectiva de g\u00e8nere<\/strong> l\u2019entenem com a un principi d\u2019igualtat entre tot l&#8217;alumnat.<br \/>\n\u25cf Implementem i sistematitzem l&#8217;aplicaci\u00f3 de les AEE (Actuacions Educatives d&#8217;\u00c8xit) de les Comunitats d&#8217;Aprenentatge: Grups Interactius, Tert\u00falies Liter\u00e0ries basades en els cl\u00e0ssics universals, Biblioteca tutoritzada, model dial\u00f2gic, formaci\u00f3 de fam\u00edlies i tert\u00falies pedag\u00f2giques, entre d&#8217;altres.<br \/>\n\u25cf Gr\u00e0cies als agermanaments des d&#8217;I3 fins a l&#8217;ESO constru\u00efm vincles, reforcem la conviv\u00e8ncia i el sentiment de pertinen\u00e7a al centre.<br \/>\n\u25cf Ens coordinem, fem xarxa i COMUNITAT amb el nostre entorn m\u00e9s proper, com ara el barri i les seves entitats, Pla d&#8217;Entorn i d&#8217;altres associacions i projectes per tal de vetllar per l&#8217;\u00e8xit educatiu del nostre alumnat.<br \/>\n\u25cf Establim lligams amb totes les nostres fam\u00edlies i fomentem la seva participaci\u00f3 de manera activa dins l&#8217;horari lectiu i extraescolar, els hi proporcionem espais de di\u00e0leg, formacions en llengua catalana, inform\u00e0tica i habilitats per a una educaci\u00f3 positiva amb els seus fills i filles.<\/p>\n<p>Apostem fermament pels valors que d\u00f3na l\u2019esport i, per aquest motiu, la import\u00e0ncia que li atorguem \u00e9s m\u00e0xima.<\/p>\n<p>En definitiva, la l\u00ednia pedag\u00f2gica del centre pret\u00e9n formar a futures persones <strong>aut\u00f2nomes<\/strong>,<strong> empoderades<\/strong>, <strong>cr\u00edtiques i reflexives<\/strong> assegurant d&#8217;aquesta manera la seva total inclusi\u00f3 a la nostra societat actual, vetllant per la seva millora a nivell de resultats educatius i de conviv\u00e8ncia al centre, al barri i a all\u00e0 on els porti la vida.<\/p>\n<p>A l&#8217;Institut Escola Antoni Ubach, <strong>eduquem des del cor \u2764!<br \/>\n<\/strong><\/p>\n<p>(Per saber m\u00e9s sobre nosaltres, vine a con\u00e8ixer-nos!)<\/p>\n","protected":false},"excerpt":{"rendered":"<p>L\u2019Institut Escola Antoni Ubach i Soler \u00e9s un centre de titularitat p\u00fablica situada a Terrassa, al barri de Ca N&#8217;Anglada. El nostre objectiu \u00e9s la formaci\u00f3 integral de l\u2019alumnat perqu\u00e8 es pugui desenvolupar a la societat global en la qual vivim i el nostre projecte de centre \u00e9s Comunitat d&#8217;Aprenentatge. De manera general, els trets [&hellip;]<\/p>\n","protected":false},"author":1,"featured_media":0,"parent":0,"menu_order":0,"comment_status":"closed","ping_status":"closed","template":"","meta":{"site-sidebar-layout":"default","site-content-layout":"","ast-site-content-layout":"default","site-content-style":"default","site-sidebar-style":"default","ast-global-header-display":"","ast-banner-title-visibility":"","ast-main-header-display":"","ast-hfb-above-header-display":"","ast-hfb-below-header-display":"","ast-hfb-mobile-header-display":"","site-post-title":"","ast-breadcrumbs-content":"","ast-featured-img":"","footer-sml-layout":"","theme-transparent-header-meta":"","adv-header-id-meta":"","stick-header-meta":"","header-above-stick-meta":"","header-main-stick-meta":"","header-below-stick-meta":"","astra-migrate-meta-layouts":"set","ast-page-background-enabled":"default","ast-page-background-meta":{"desktop":{"background-color":"var(--ast-global-color-4)","background-image":"","background-repeat":"repeat","background-position":"center center","background-size":"auto","background-attachment":"scroll","background-type":"","background-media":"","overlay-type":"","overlay-color":"","overlay-opacity":"","overlay-gradient":""},"tablet":{"background-color":"","background-image":"","background-repeat":"repeat","background-position":"center center","background-size":"auto","background-attachment":"scroll","background-type":"","background-media":"","overlay-type":"","overlay-color":"","overlay-opacity":"","overlay-gradient":""},"mobile":{"background-color":"","background-image":"","background-repeat":"repeat","background-position":"center center","background-size":"auto","background-attachment":"scroll","background-type":"","background-media":"","overlay-type":"","overlay-color":"","overlay-opacity":"","overlay-gradient":""}},"ast-content-background-meta":{"desktop":{"background-color":"var(--ast-global-color-5)","background-image":"","background-repeat":"repeat","background-position":"center center","background-size":"auto","background-attachment":"scroll","background-type":"","background-media":"","overlay-type":"","overlay-color":"","overlay-opacity":"","overlay-gradient":""},"tablet":{"background-color":"var(--ast-global-color-5)","background-image":"","background-repeat":"repeat","background-position":"center center","background-size":"auto","background-attachment":"scroll","background-type":"","background-media":"","overlay-type":"","overlay-color":"","overlay-opacity":"","overlay-gradient":""},"mobile":{"background-color":"var(--ast-global-color-5)","background-image":"","background-repeat":"repeat","background-position":"center center","background-size":"auto","background-attachment":"scroll","background-type":"","background-media":"","overlay-type":"","overlay-color":"","overlay-opacity":"","overlay-gradient":""}},"footnotes":""},"class_list":["post-22","page","type-page","status-publish","hentry"],"post_mailing_queue_ids":[],"_links":{"self":[{"href":"https:\/\/agora.xtec.cat\/esc-antoniubachisoler\/wp-json\/wp\/v2\/pages\/22","targetHints":{"allow":["GET"]}}],"collection":[{"href":"https:\/\/agora.xtec.cat\/esc-antoniubachisoler\/wp-json\/wp\/v2\/pages"}],"about":[{"href":"https:\/\/agora.xtec.cat\/esc-antoniubachisoler\/wp-json\/wp\/v2\/types\/page"}],"author":[{"embeddable":true,"href":"https:\/\/agora.xtec.cat\/esc-antoniubachisoler\/wp-json\/wp\/v2\/users\/1"}],"replies":[{"embeddable":true,"href":"https:\/\/agora.xtec.cat\/esc-antoniubachisoler\/wp-json\/wp\/v2\/comments?post=22"}],"version-history":[{"count":4,"href":"https:\/\/agora.xtec.cat\/esc-antoniubachisoler\/wp-json\/wp\/v2\/pages\/22\/revisions"}],"predecessor-version":[{"id":15081,"href":"https:\/\/agora.xtec.cat\/esc-antoniubachisoler\/wp-json\/wp\/v2\/pages\/22\/revisions\/15081"}],"wp:attachment":[{"href":"https:\/\/agora.xtec.cat\/esc-antoniubachisoler\/wp-json\/wp\/v2\/media?parent=22"}],"curies":[{"name":"wp","href":"https:\/\/api.w.org\/{rel}","templated":true}]}}