{"id":1896,"date":"2019-02-25T12:13:26","date_gmt":"2019-02-25T11:13:26","guid":{"rendered":"http:\/\/agora.xtec.cat\/esc-antoniubachisoler\/?page_id=1896"},"modified":"2023-03-23T09:10:45","modified_gmt":"2023-03-23T08:10:45","slug":"secretaria","status":"publish","type":"page","link":"https:\/\/agora.xtec.cat\/esc-antoniubachisoler\/lescola\/secretaria\/","title":{"rendered":"Secretaria"},"content":{"rendered":"<p style=\"text-align: center;\"><span style=\"text-decoration: underline;\"><strong>INFORMACI\u00d3 IMPORTANT:\u00a0<\/strong><\/span><\/p>\n<ul>\n<li>L&#8217;horari <strong>d&#8217;atenci\u00f3 al p\u00fablic<\/strong> \u00e9s: de dilluns a divendres de 9h a 13h<\/li>\n<li>Els <strong>certificats<\/strong> s&#8217;han de demanar amb 3 dies d&#8217;antelaci\u00f3.<\/li>\n<\/ul>\n<ul>\n<li>Documents de secretaria:\n<ul>\n<li>Document per comunicar\u00a0<a href=\"https:\/\/agora.xtec.cat\/esc-antoniubachisoler\/wp-content\/uploads\/usu1903\/2019\/02\/Document-al\u00b7l\u00e8rgies.png\" target=\"_blank\" rel=\"noopener\"><span style=\"text-decoration: underline;\">al\u00b7l\u00e8rgies.<\/span><\/a><\/li>\n<li>Full d&#8217;<a href=\"https:\/\/agora.xtec.cat\/esc-antoniubachisoler\/wp-content\/uploads\/usu1903\/2019\/02\/Autoritzaci\u00f3_sortides.png\" target=\"_blank\" rel=\"noopener\"><span style=\"text-decoration: underline;\">autoritzaci\u00f3 de sortides<\/span><\/a>.<\/li>\n<\/ul>\n<ul>\n<li>Full d&#8217;autoritzaci\u00f3 de <a href=\"https:\/\/agora.xtec.cat\/esc-antoniubachisoler\/wp-content\/uploads\/usu1903\/2019\/02\/Autoritzaci\u00f3_recollida.png\" target=\"_blank\" rel=\"noopener\"><span style=\"text-decoration: underline;\">recollida d&#8217;alumnes<\/span><\/a>.<\/li>\n<\/ul>\n<\/li>\n<\/ul>\n<p>Tots els documents s&#8217;han d&#8217;entregar degudament emplenats i <strong>signats<\/strong> pel pare\/mare o tutor\/a.<\/p>\n","protected":false},"excerpt":{"rendered":"<p>INFORMACI\u00d3 IMPORTANT:\u00a0 L&#8217;horari d&#8217;atenci\u00f3 al p\u00fablic \u00e9s: de dilluns a divendres de 9h a 13h Els certificats s&#8217;han de demanar amb 3 dies d&#8217;antelaci\u00f3. Documents de secretaria: Document per comunicar\u00a0al\u00b7l\u00e8rgies. Full d&#8217;autoritzaci\u00f3 de sortides. Full d&#8217;autoritzaci\u00f3 de recollida d&#8217;alumnes. Tots els documents s&#8217;han d&#8217;entregar degudament emplenats i signats pel pare\/mare o tutor\/a.<\/p>\n","protected":false},"author":1,"featured_media":0,"parent":22,"menu_order":1,"comment_status":"closed","ping_status":"closed","template":"page-templates\/side-menu.php","meta":{"site-sidebar-layout":"default","site-content-layout":"","ast-site-content-layout":"","site-content-style":"default","site-sidebar-style":"default","ast-global-header-display":"","ast-banner-title-visibility":"","ast-main-header-display":"","ast-hfb-above-header-display":"","ast-hfb-below-header-display":"","ast-hfb-mobile-header-display":"","site-post-title":"","ast-breadcrumbs-content":"","ast-featured-img":"","footer-sml-layout":"","theme-transparent-header-meta":"","adv-header-id-meta":"","stick-header-meta":"","header-above-stick-meta":"","header-main-stick-meta":"","header-below-stick-meta":"","astra-migrate-meta-layouts":"default","ast-page-background-enabled":"default","ast-page-background-meta":{"desktop":{"background-color":"var(--ast-global-color-4)","background-image":"","background-repeat":"repeat","background-position":"center center","background-size":"auto","background-attachment":"scroll","background-type":"","background-media":"","overlay-type":"","overlay-color":"","overlay-opacity":"","overlay-gradient":""},"tablet":{"background-color":"","background-image":"","background-repeat":"repeat","background-position":"center center","background-size":"auto","background-attachment":"scroll","background-type":"","background-media":"","overlay-type":"","overlay-color":"","overlay-opacity":"","overlay-gradient":""},"mobile":{"background-color":"","background-image":"","background-repeat":"repeat","background-position":"center center","background-size":"auto","background-attachment":"scroll","background-type":"","background-media":"","overlay-type":"","overlay-color":"","overlay-opacity":"","overlay-gradient":""}},"ast-content-background-meta":{"desktop":{"background-color":"var(--ast-global-color-5)","background-image":"","background-repeat":"repeat","background-position":"center center","background-size":"auto","background-attachment":"scroll","background-type":"","background-media":"","overlay-type":"","overlay-color":"","overlay-opacity":"","overlay-gradient":""},"tablet":{"background-color":"var(--ast-global-color-5)","background-image":"","background-repeat":"repeat","background-position":"center center","background-size":"auto","background-attachment":"scroll","background-type":"","background-media":"","overlay-type":"","overlay-color":"","overlay-opacity":"","overlay-gradient":""},"mobile":{"background-color":"var(--ast-global-color-5)","background-image":"","background-repeat":"repeat","background-position":"center center","background-size":"auto","background-attachment":"scroll","background-type":"","background-media":"","overlay-type":"","overlay-color":"","overlay-opacity":"","overlay-gradient":""}},"footnotes":""},"class_list":["post-1896","page","type-page","status-publish","hentry"],"post_mailing_queue_ids":[],"_links":{"self":[{"href":"https:\/\/agora.xtec.cat\/esc-antoniubachisoler\/wp-json\/wp\/v2\/pages\/1896","targetHints":{"allow":["GET"]}}],"collection":[{"href":"https:\/\/agora.xtec.cat\/esc-antoniubachisoler\/wp-json\/wp\/v2\/pages"}],"about":[{"href":"https:\/\/agora.xtec.cat\/esc-antoniubachisoler\/wp-json\/wp\/v2\/types\/page"}],"author":[{"embeddable":true,"href":"https:\/\/agora.xtec.cat\/esc-antoniubachisoler\/wp-json\/wp\/v2\/users\/1"}],"replies":[{"embeddable":true,"href":"https:\/\/agora.xtec.cat\/esc-antoniubachisoler\/wp-json\/wp\/v2\/comments?post=1896"}],"version-history":[{"count":3,"href":"https:\/\/agora.xtec.cat\/esc-antoniubachisoler\/wp-json\/wp\/v2\/pages\/1896\/revisions"}],"predecessor-version":[{"id":12238,"href":"https:\/\/agora.xtec.cat\/esc-antoniubachisoler\/wp-json\/wp\/v2\/pages\/1896\/revisions\/12238"}],"up":[{"embeddable":true,"href":"https:\/\/agora.xtec.cat\/esc-antoniubachisoler\/wp-json\/wp\/v2\/pages\/22"}],"wp:attachment":[{"href":"https:\/\/agora.xtec.cat\/esc-antoniubachisoler\/wp-json\/wp\/v2\/media?parent=1896"}],"curies":[{"name":"wp","href":"https:\/\/api.w.org\/{rel}","templated":true}]}}