{"id":1888,"date":"2019-02-25T11:30:47","date_gmt":"2019-02-25T10:30:47","guid":{"rendered":"http:\/\/agora.xtec.cat\/esc-antoniubachisoler\/?page_id=1888"},"modified":"2024-09-17T19:15:53","modified_gmt":"2024-09-17T17:15:53","slug":"menu-del-menjador","status":"publish","type":"page","link":"https:\/\/agora.xtec.cat\/esc-antoniubachisoler\/lescola\/menjador-escolar\/menu-del-menjador\/","title":{"rendered":"Men\u00fa del menjador"},"content":{"rendered":"<p>Aqu\u00ed podeu consultar el men\u00fa del menjador d&#8217;aquest mes:<\/p>\n<p><a href=\"https:\/\/agora.xtec.cat\/esc-antoniubachisoler\/wp-content\/uploads\/usu1903\/2024\/09\/menu-basal-setembre-2024_terrassa.pdf\">Men\u00fa basal setembre 2024<\/a><\/p>\n<p><a href=\"https:\/\/agora.xtec.cat\/esc-antoniubachisoler\/wp-content\/uploads\/usu1903\/2024\/09\/menus-derivades-setembre-2024_terrassa-grup-1.pdf\">Men\u00fa derivades setembre 2024<\/a><\/p>\n<p><a href=\"https:\/\/agora.xtec.cat\/esc-antoniubachisoler\/wp-content\/uploads\/usu1903\/2024\/09\/menus-derivades-setembre-2024_terrassa-grup-2.pdf\">Men\u00fas derivades (2) setembre 2024<\/a><\/p>\n<p>&nbsp;<\/p>\n","protected":false},"excerpt":{"rendered":"<p>Aqu\u00ed podeu consultar el men\u00fa del menjador d&#8217;aquest mes: Men\u00fa basal setembre 2024 Men\u00fa derivades setembre 2024 Men\u00fas derivades (2) setembre 2024 &nbsp;<\/p>\n","protected":false},"author":1,"featured_media":0,"parent":841,"menu_order":1,"comment_status":"closed","ping_status":"closed","template":"page-templates\/side-menu.php","meta":{"site-sidebar-layout":"default","site-content-layout":"","ast-site-content-layout":"","site-content-style":"default","site-sidebar-style":"default","ast-global-header-display":"","ast-banner-title-visibility":"","ast-main-header-display":"","ast-hfb-above-header-display":"","ast-hfb-below-header-display":"","ast-hfb-mobile-header-display":"","site-post-title":"","ast-breadcrumbs-content":"","ast-featured-img":"","footer-sml-layout":"","theme-transparent-header-meta":"","adv-header-id-meta":"","stick-header-meta":"","header-above-stick-meta":"","header-main-stick-meta":"","header-below-stick-meta":"","astra-migrate-meta-layouts":"default","ast-page-background-enabled":"default","ast-page-background-meta":{"desktop":{"background-color":"var(--ast-global-color-4)","background-image":"","background-repeat":"repeat","background-position":"center center","background-size":"auto","background-attachment":"scroll","background-type":"","background-media":"","overlay-type":"","overlay-color":"","overlay-opacity":"","overlay-gradient":""},"tablet":{"background-color":"","background-image":"","background-repeat":"repeat","background-position":"center center","background-size":"auto","background-attachment":"scroll","background-type":"","background-media":"","overlay-type":"","overlay-color":"","overlay-opacity":"","overlay-gradient":""},"mobile":{"background-color":"","background-image":"","background-repeat":"repeat","background-position":"center center","background-size":"auto","background-attachment":"scroll","background-type":"","background-media":"","overlay-type":"","overlay-color":"","overlay-opacity":"","overlay-gradient":""}},"ast-content-background-meta":{"desktop":{"background-color":"var(--ast-global-color-5)","background-image":"","background-repeat":"repeat","background-position":"center center","background-size":"auto","background-attachment":"scroll","background-type":"","background-media":"","overlay-type":"","overlay-color":"","overlay-opacity":"","overlay-gradient":""},"tablet":{"background-color":"var(--ast-global-color-5)","background-image":"","background-repeat":"repeat","background-position":"center center","background-size":"auto","background-attachment":"scroll","background-type":"","background-media":"","overlay-type":"","overlay-color":"","overlay-opacity":"","overlay-gradient":""},"mobile":{"background-color":"var(--ast-global-color-5)","background-image":"","background-repeat":"repeat","background-position":"center center","background-size":"auto","background-attachment":"scroll","background-type":"","background-media":"","overlay-type":"","overlay-color":"","overlay-opacity":"","overlay-gradient":""}},"footnotes":""},"class_list":["post-1888","page","type-page","status-publish","hentry"],"post_mailing_queue_ids":[],"_links":{"self":[{"href":"https:\/\/agora.xtec.cat\/esc-antoniubachisoler\/wp-json\/wp\/v2\/pages\/1888","targetHints":{"allow":["GET"]}}],"collection":[{"href":"https:\/\/agora.xtec.cat\/esc-antoniubachisoler\/wp-json\/wp\/v2\/pages"}],"about":[{"href":"https:\/\/agora.xtec.cat\/esc-antoniubachisoler\/wp-json\/wp\/v2\/types\/page"}],"author":[{"embeddable":true,"href":"https:\/\/agora.xtec.cat\/esc-antoniubachisoler\/wp-json\/wp\/v2\/users\/1"}],"replies":[{"embeddable":true,"href":"https:\/\/agora.xtec.cat\/esc-antoniubachisoler\/wp-json\/wp\/v2\/comments?post=1888"}],"version-history":[{"count":8,"href":"https:\/\/agora.xtec.cat\/esc-antoniubachisoler\/wp-json\/wp\/v2\/pages\/1888\/revisions"}],"predecessor-version":[{"id":14045,"href":"https:\/\/agora.xtec.cat\/esc-antoniubachisoler\/wp-json\/wp\/v2\/pages\/1888\/revisions\/14045"}],"up":[{"embeddable":true,"href":"https:\/\/agora.xtec.cat\/esc-antoniubachisoler\/wp-json\/wp\/v2\/pages\/841"}],"wp:attachment":[{"href":"https:\/\/agora.xtec.cat\/esc-antoniubachisoler\/wp-json\/wp\/v2\/media?parent=1888"}],"curies":[{"name":"wp","href":"https:\/\/api.w.org\/{rel}","templated":true}]}}