{"id":14453,"date":"2025-02-03T12:12:50","date_gmt":"2025-02-03T11:12:50","guid":{"rendered":"https:\/\/agora.xtec.cat\/esc-antoniubachisoler\/?page_id=14453"},"modified":"2025-02-04T10:32:46","modified_gmt":"2025-02-04T09:32:46","slug":"que-es-una-comunitat-daprenentatges","status":"publish","type":"page","link":"https:\/\/agora.xtec.cat\/esc-antoniubachisoler\/lescola\/comunitat-daprenentatge\/que-es-una-comunitat-daprenentatges\/","title":{"rendered":"Qu\u00e8 \u00e9s una Comunitat d&#8217;Aprenentatge?"},"content":{"rendered":"<p>Les\u00a0<strong>comunitats d\u2019aprenentatge<\/strong>\u00a0s\u00f3n un projecte de transformaci\u00f3 social i cultural basat en l\u2019aplicaci\u00f3 d\u2019aquelles actuacions educatives d\u2019\u00e8xit (AEE) de les quals s\u2019ha demostrat cient\u00edficament que milloren el rendiment educatiu i la conviv\u00e8ncia. Les comunitats d&#8217;aprenentatge impliquen totes les persones que influeixen en l&#8217;\u00e8xit educatiu dels estudiants, incloent-hi mestres, professors, familiars, membres d&#8217;associacions i organitzacions ve\u00efnals i locals i persones volunt\u00e0ries.<\/p>\n<p>&nbsp;<\/p>\n<p><a href=\"https:\/\/agora.xtec.cat\/esc-antoniubachisoler\/wp-content\/uploads\/usu1903\/2025\/02\/CdA-Infografia.png\"><img loading=\"lazy\" decoding=\"async\" class=\"size-large wp-image-14481 aligncenter\" src=\"https:\/\/agora.xtec.cat\/esc-antoniubachisoler\/wp-content\/uploads\/usu1903\/2025\/02\/CdA-Infografia-724x1024.png\" alt=\"\" width=\"724\" height=\"1024\" srcset=\"https:\/\/agora.xtec.cat\/esc-antoniubachisoler\/wp-content\/uploads\/usu1903\/2025\/02\/CdA-Infografia-724x1024.png 724w, https:\/\/agora.xtec.cat\/esc-antoniubachisoler\/wp-content\/uploads\/usu1903\/2025\/02\/CdA-Infografia-212x300.png 212w, https:\/\/agora.xtec.cat\/esc-antoniubachisoler\/wp-content\/uploads\/usu1903\/2025\/02\/CdA-Infografia-768x1086.png 768w, https:\/\/agora.xtec.cat\/esc-antoniubachisoler\/wp-content\/uploads\/usu1903\/2025\/02\/CdA-Infografia-1086x1536.png 1086w, https:\/\/agora.xtec.cat\/esc-antoniubachisoler\/wp-content\/uploads\/usu1903\/2025\/02\/CdA-Infografia.png 1414w\" sizes=\"auto, (max-width: 724px) 100vw, 724px\" \/><\/a><\/p>\n","protected":false},"excerpt":{"rendered":"<p>Les\u00a0comunitats d\u2019aprenentatge\u00a0s\u00f3n un projecte de transformaci\u00f3 social i cultural basat en l\u2019aplicaci\u00f3 d\u2019aquelles actuacions educatives d\u2019\u00e8xit (AEE) de les quals s\u2019ha demostrat cient\u00edficament que milloren el rendiment educatiu i la conviv\u00e8ncia. Les comunitats d&#8217;aprenentatge impliquen totes les persones que influeixen en l&#8217;\u00e8xit educatiu dels estudiants, incloent-hi mestres, professors, familiars, membres d&#8217;associacions i organitzacions ve\u00efnals i [&hellip;]<\/p>\n","protected":false},"author":29,"featured_media":0,"parent":13602,"menu_order":1,"comment_status":"closed","ping_status":"closed","template":"","meta":{"site-sidebar-layout":"default","site-content-layout":"","ast-site-content-layout":"","site-content-style":"default","site-sidebar-style":"default","ast-global-header-display":"","ast-banner-title-visibility":"","ast-main-header-display":"","ast-hfb-above-header-display":"","ast-hfb-below-header-display":"","ast-hfb-mobile-header-display":"","site-post-title":"","ast-breadcrumbs-content":"","ast-featured-img":"","footer-sml-layout":"","theme-transparent-header-meta":"","adv-header-id-meta":"","stick-header-meta":"","header-above-stick-meta":"","header-main-stick-meta":"","header-below-stick-meta":"","astra-migrate-meta-layouts":"default","ast-page-background-enabled":"default","ast-page-background-meta":{"desktop":{"background-color":"var(--ast-global-color-4)","background-image":"","background-repeat":"repeat","background-position":"center center","background-size":"auto","background-attachment":"scroll","background-type":"","background-media":"","overlay-type":"","overlay-color":"","overlay-opacity":"","overlay-gradient":""},"tablet":{"background-color":"","background-image":"","background-repeat":"repeat","background-position":"center center","background-size":"auto","background-attachment":"scroll","background-type":"","background-media":"","overlay-type":"","overlay-color":"","overlay-opacity":"","overlay-gradient":""},"mobile":{"background-color":"","background-image":"","background-repeat":"repeat","background-position":"center center","background-size":"auto","background-attachment":"scroll","background-type":"","background-media":"","overlay-type":"","overlay-color":"","overlay-opacity":"","overlay-gradient":""}},"ast-content-background-meta":{"desktop":{"background-color":"var(--ast-global-color-5)","background-image":"","background-repeat":"repeat","background-position":"center center","background-size":"auto","background-attachment":"scroll","background-type":"","background-media":"","overlay-type":"","overlay-color":"","overlay-opacity":"","overlay-gradient":""},"tablet":{"background-color":"var(--ast-global-color-5)","background-image":"","background-repeat":"repeat","background-position":"center center","background-size":"auto","background-attachment":"scroll","background-type":"","background-media":"","overlay-type":"","overlay-color":"","overlay-opacity":"","overlay-gradient":""},"mobile":{"background-color":"var(--ast-global-color-5)","background-image":"","background-repeat":"repeat","background-position":"center center","background-size":"auto","background-attachment":"scroll","background-type":"","background-media":"","overlay-type":"","overlay-color":"","overlay-opacity":"","overlay-gradient":""}},"footnotes":""},"class_list":["post-14453","page","type-page","status-publish","hentry"],"post_mailing_queue_ids":[],"_links":{"self":[{"href":"https:\/\/agora.xtec.cat\/esc-antoniubachisoler\/wp-json\/wp\/v2\/pages\/14453","targetHints":{"allow":["GET"]}}],"collection":[{"href":"https:\/\/agora.xtec.cat\/esc-antoniubachisoler\/wp-json\/wp\/v2\/pages"}],"about":[{"href":"https:\/\/agora.xtec.cat\/esc-antoniubachisoler\/wp-json\/wp\/v2\/types\/page"}],"author":[{"embeddable":true,"href":"https:\/\/agora.xtec.cat\/esc-antoniubachisoler\/wp-json\/wp\/v2\/users\/29"}],"replies":[{"embeddable":true,"href":"https:\/\/agora.xtec.cat\/esc-antoniubachisoler\/wp-json\/wp\/v2\/comments?post=14453"}],"version-history":[{"count":3,"href":"https:\/\/agora.xtec.cat\/esc-antoniubachisoler\/wp-json\/wp\/v2\/pages\/14453\/revisions"}],"predecessor-version":[{"id":14482,"href":"https:\/\/agora.xtec.cat\/esc-antoniubachisoler\/wp-json\/wp\/v2\/pages\/14453\/revisions\/14482"}],"up":[{"embeddable":true,"href":"https:\/\/agora.xtec.cat\/esc-antoniubachisoler\/wp-json\/wp\/v2\/pages\/13602"}],"wp:attachment":[{"href":"https:\/\/agora.xtec.cat\/esc-antoniubachisoler\/wp-json\/wp\/v2\/media?parent=14453"}],"curies":[{"name":"wp","href":"https:\/\/api.w.org\/{rel}","templated":true}]}}