{"id":13602,"date":"2024-02-29T10:57:20","date_gmt":"2024-02-29T09:57:20","guid":{"rendered":"https:\/\/agora.xtec.cat\/esc-antoniubachisoler\/?page_id=13602"},"modified":"2024-06-10T19:25:49","modified_gmt":"2024-06-10T17:25:49","slug":"comunitat-daprenentatge","status":"publish","type":"page","link":"https:\/\/agora.xtec.cat\/esc-antoniubachisoler\/lescola\/comunitat-daprenentatge\/","title":{"rendered":"COMUNITAT D&#8217;APRENENTATGE"},"content":{"rendered":"<p>En aquest apartat del web, podreu anar seguint tot el proc\u00e9s que fa el centre fins a esdevenir Comunitat d&#8217;Aprenentatge<\/p>\n<p>Benvolgudes fam\u00edlies,<\/p>\n<p>Com ja sabeu, el nostre centre ha iniciat una important transformaci\u00f3 que vam comen\u00e7ar el curs passa<a href=\"https:\/\/agora.xtec.cat\/esc-antoniubachisoler\/wp-content\/uploads\/usu1903\/2024\/02\/Sin-titulo-2.jpg\"><img loading=\"lazy\" decoding=\"async\" class=\"wp-image-13574 alignright\" src=\"https:\/\/agora.xtec.cat\/esc-antoniubachisoler\/wp-content\/uploads\/usu1903\/2024\/02\/Sin-titulo-2.jpg\" alt=\"\" width=\"270\" height=\"262\" srcset=\"https:\/\/agora.xtec.cat\/esc-antoniubachisoler\/wp-content\/uploads\/usu1903\/2024\/02\/Sin-titulo-2.jpg 719w, https:\/\/agora.xtec.cat\/esc-antoniubachisoler\/wp-content\/uploads\/usu1903\/2024\/02\/Sin-titulo-2-300x292.jpg 300w\" sizes=\"auto, (max-width: 270px) 100vw, 270px\" \/><\/a>t, despr\u00e9s de molta reflexi\u00f3, estudi i observaci\u00f3 d&#8217;altres centres model, en el marc i Xarxa de Centres Educatius compromesos amb el Projecte d&#8217;Innovaci\u00f3 Pedag\u00f2gica\u00a0<strong><u>COMUNITATS d&#8217;APRENENTATGE<\/u><\/strong>.<\/p>\n<p>El nostre objectiu \u00e9s millorar la <strong>CONVIV\u00c8NCIA<\/strong> del centre i els <strong>RESULTATS EDUCATIUS<\/strong>, pel b\u00e9 dels nostres infants, el Futur de la nostra societat.<\/p>\n<p>\u00c9s per aquest motiu que el proper<strong><u> DIMARTS 20 de FEBRER i el DIMARTS 16 d&#8217; ABRIL de 17h a 19h<\/u><\/strong>, us volem convidar a compartir amb nosaltres la Formaci\u00f3 que estem realitzant. M\u00e9s endavant, farem una 3\u00aa sessi\u00f3. La formaci\u00f3 \u00e9s a c\u00e0rrec de la Directora de <strong>l&#8217;Escola &#8220;Mare de D\u00e9u de Montserrat&#8221;<\/strong>\u00a0i la Khadija tamb\u00e9 hi participa amb nosaltres.<\/p>\n<p>&nbsp;<\/p>\n<p>Alguns dels moments importants d&#8217;aquest curs han estat el 2 de maig on la comunitat va decidir que volia que el centre es convert\u00eds en Comunitat d&#8217;Aprenentatge i el seg\u00fcent moment decisiu va ser la setmana del somni que va viure l&#8217;Antoni Ubach des del 3 al 7 juny.<\/p>\n<p><a href=\"https:\/\/agora.xtec.cat\/esc-antoniubachisoler\/wp-content\/uploads\/usu1903\/2024\/05\/unnamed-file-scaled.jpg\"><img loading=\"lazy\" decoding=\"async\" class=\"wp-image-13886 alignright\" src=\"https:\/\/agora.xtec.cat\/esc-antoniubachisoler\/wp-content\/uploads\/usu1903\/2024\/05\/unnamed-file-724x1024.jpg\" alt=\"\" width=\"308\" height=\"435\" srcset=\"https:\/\/agora.xtec.cat\/esc-antoniubachisoler\/wp-content\/uploads\/usu1903\/2024\/05\/unnamed-file-724x1024.jpg 724w, https:\/\/agora.xtec.cat\/esc-antoniubachisoler\/wp-content\/uploads\/usu1903\/2024\/05\/unnamed-file-212x300.jpg 212w, https:\/\/agora.xtec.cat\/esc-antoniubachisoler\/wp-content\/uploads\/usu1903\/2024\/05\/unnamed-file-768x1086.jpg 768w, https:\/\/agora.xtec.cat\/esc-antoniubachisoler\/wp-content\/uploads\/usu1903\/2024\/05\/unnamed-file-1086x1536.jpg 1086w, https:\/\/agora.xtec.cat\/esc-antoniubachisoler\/wp-content\/uploads\/usu1903\/2024\/05\/unnamed-file-1448x2048.jpg 1448w, https:\/\/agora.xtec.cat\/esc-antoniubachisoler\/wp-content\/uploads\/usu1903\/2024\/05\/unnamed-file-scaled.jpg 1810w\" sizes=\"auto, (max-width: 308px) 100vw, 308px\" \/><\/a><a href=\"https:\/\/agora.xtec.cat\/esc-antoniubachisoler\/wp-content\/uploads\/usu1903\/2024\/04\/Cartel-Poster-CdA_page-0001.jpg\"><img loading=\"lazy\" decoding=\"async\" class=\"wp-image-13761 alignleft\" src=\"https:\/\/agora.xtec.cat\/esc-antoniubachisoler\/wp-content\/uploads\/usu1903\/2024\/04\/Cartel-Poster-CdA_page-0001-725x1024.jpg\" alt=\"\" width=\"319\" height=\"450\" srcset=\"https:\/\/agora.xtec.cat\/esc-antoniubachisoler\/wp-content\/uploads\/usu1903\/2024\/04\/Cartel-Poster-CdA_page-0001-725x1024.jpg 725w, https:\/\/agora.xtec.cat\/esc-antoniubachisoler\/wp-content\/uploads\/usu1903\/2024\/04\/Cartel-Poster-CdA_page-0001-212x300.jpg 212w, https:\/\/agora.xtec.cat\/esc-antoniubachisoler\/wp-content\/uploads\/usu1903\/2024\/04\/Cartel-Poster-CdA_page-0001-768x1085.jpg 768w, https:\/\/agora.xtec.cat\/esc-antoniubachisoler\/wp-content\/uploads\/usu1903\/2024\/04\/Cartel-Poster-CdA_page-0001-1087x1536.jpg 1087w, https:\/\/agora.xtec.cat\/esc-antoniubachisoler\/wp-content\/uploads\/usu1903\/2024\/04\/Cartel-Poster-CdA_page-0001-1449x2048.jpg 1449w, https:\/\/agora.xtec.cat\/esc-antoniubachisoler\/wp-content\/uploads\/usu1903\/2024\/04\/Cartel-Poster-CdA_page-0001.jpg 1755w\" sizes=\"auto, (max-width: 319px) 100vw, 319px\" \/><\/a><\/p>\n<p>&nbsp;<\/p>\n<p>&nbsp;<\/p>\n<p>&nbsp;<\/p>\n<p>&nbsp;<\/p>\n<p>&nbsp;<\/p>\n<p>&nbsp;<\/p>\n<p>&nbsp;<\/p>\n<p>&nbsp;<\/p>\n<p>&nbsp;<\/p>\n<p>&nbsp;<\/p>\n<p>&nbsp;<\/p>\n<p>&nbsp;<\/p>\n<p><a href=\"https:\/\/agora.xtec.cat\/esc-antoniubachisoler\/wp-content\/uploads\/usu1903\/2024\/02\/comunitat.jpg\"><img loading=\"lazy\" decoding=\"async\" class=\"wp-image-13575 aligncenter\" src=\"https:\/\/agora.xtec.cat\/esc-antoniubachisoler\/wp-content\/uploads\/usu1903\/2024\/02\/comunitat-1024x675.jpg\" alt=\"\" width=\"453\" height=\"299\" srcset=\"https:\/\/agora.xtec.cat\/esc-antoniubachisoler\/wp-content\/uploads\/usu1903\/2024\/02\/comunitat-1024x675.jpg 1024w, https:\/\/agora.xtec.cat\/esc-antoniubachisoler\/wp-content\/uploads\/usu1903\/2024\/02\/comunitat-300x198.jpg 300w, https:\/\/agora.xtec.cat\/esc-antoniubachisoler\/wp-content\/uploads\/usu1903\/2024\/02\/comunitat-768x506.jpg 768w, https:\/\/agora.xtec.cat\/esc-antoniubachisoler\/wp-content\/uploads\/usu1903\/2024\/02\/comunitat.jpg 1038w\" sizes=\"auto, (max-width: 453px) 100vw, 453px\" \/><\/a><\/p>\n","protected":false},"excerpt":{"rendered":"<p>En aquest apartat del web, podreu anar seguint tot el proc\u00e9s que fa el centre fins a esdevenir Comunitat d&#8217;Aprenentatge Benvolgudes fam\u00edlies, Com ja sabeu, el nostre centre ha iniciat una important transformaci\u00f3 que vam comen\u00e7ar el curs passat, despr\u00e9s de molta reflexi\u00f3, estudi i observaci\u00f3 d&#8217;altres centres model, en el marc i Xarxa de [&hellip;]<\/p>\n","protected":false},"author":29,"featured_media":0,"parent":22,"menu_order":0,"comment_status":"closed","ping_status":"closed","template":"page-templates\/side-menu.php","meta":{"site-sidebar-layout":"default","site-content-layout":"","ast-site-content-layout":"","site-content-style":"default","site-sidebar-style":"default","ast-global-header-display":"","ast-banner-title-visibility":"","ast-main-header-display":"","ast-hfb-above-header-display":"","ast-hfb-below-header-display":"","ast-hfb-mobile-header-display":"","site-post-title":"","ast-breadcrumbs-content":"","ast-featured-img":"","footer-sml-layout":"","theme-transparent-header-meta":"","adv-header-id-meta":"","stick-header-meta":"","header-above-stick-meta":"","header-main-stick-meta":"","header-below-stick-meta":"","astra-migrate-meta-layouts":"default","ast-page-background-enabled":"default","ast-page-background-meta":{"desktop":{"background-color":"var(--ast-global-color-4)","background-image":"","background-repeat":"repeat","background-position":"center center","background-size":"auto","background-attachment":"scroll","background-type":"","background-media":"","overlay-type":"","overlay-color":"","overlay-opacity":"","overlay-gradient":""},"tablet":{"background-color":"","background-image":"","background-repeat":"repeat","background-position":"center center","background-size":"auto","background-attachment":"scroll","background-type":"","background-media":"","overlay-type":"","overlay-color":"","overlay-opacity":"","overlay-gradient":""},"mobile":{"background-color":"","background-image":"","background-repeat":"repeat","background-position":"center center","background-size":"auto","background-attachment":"scroll","background-type":"","background-media":"","overlay-type":"","overlay-color":"","overlay-opacity":"","overlay-gradient":""}},"ast-content-background-meta":{"desktop":{"background-color":"var(--ast-global-color-5)","background-image":"","background-repeat":"repeat","background-position":"center center","background-size":"auto","background-attachment":"scroll","background-type":"","background-media":"","overlay-type":"","overlay-color":"","overlay-opacity":"","overlay-gradient":""},"tablet":{"background-color":"var(--ast-global-color-5)","background-image":"","background-repeat":"repeat","background-position":"center center","background-size":"auto","background-attachment":"scroll","background-type":"","background-media":"","overlay-type":"","overlay-color":"","overlay-opacity":"","overlay-gradient":""},"mobile":{"background-color":"var(--ast-global-color-5)","background-image":"","background-repeat":"repeat","background-position":"center center","background-size":"auto","background-attachment":"scroll","background-type":"","background-media":"","overlay-type":"","overlay-color":"","overlay-opacity":"","overlay-gradient":""}},"footnotes":""},"class_list":["post-13602","page","type-page","status-publish","hentry"],"post_mailing_queue_ids":[],"_links":{"self":[{"href":"https:\/\/agora.xtec.cat\/esc-antoniubachisoler\/wp-json\/wp\/v2\/pages\/13602","targetHints":{"allow":["GET"]}}],"collection":[{"href":"https:\/\/agora.xtec.cat\/esc-antoniubachisoler\/wp-json\/wp\/v2\/pages"}],"about":[{"href":"https:\/\/agora.xtec.cat\/esc-antoniubachisoler\/wp-json\/wp\/v2\/types\/page"}],"author":[{"embeddable":true,"href":"https:\/\/agora.xtec.cat\/esc-antoniubachisoler\/wp-json\/wp\/v2\/users\/29"}],"replies":[{"embeddable":true,"href":"https:\/\/agora.xtec.cat\/esc-antoniubachisoler\/wp-json\/wp\/v2\/comments?post=13602"}],"version-history":[{"count":5,"href":"https:\/\/agora.xtec.cat\/esc-antoniubachisoler\/wp-json\/wp\/v2\/pages\/13602\/revisions"}],"predecessor-version":[{"id":13899,"href":"https:\/\/agora.xtec.cat\/esc-antoniubachisoler\/wp-json\/wp\/v2\/pages\/13602\/revisions\/13899"}],"up":[{"embeddable":true,"href":"https:\/\/agora.xtec.cat\/esc-antoniubachisoler\/wp-json\/wp\/v2\/pages\/22"}],"wp:attachment":[{"href":"https:\/\/agora.xtec.cat\/esc-antoniubachisoler\/wp-json\/wp\/v2\/media?parent=13602"}],"curies":[{"name":"wp","href":"https:\/\/api.w.org\/{rel}","templated":true}]}}