{"id":9893,"date":"2019-03-12T14:08:53","date_gmt":"2019-03-12T13:08:53","guid":{"rendered":"http:\/\/agora.xtec.cat\/esc-antoniomachado\/?page_id=9893"},"modified":"2019-12-18T11:42:14","modified_gmt":"2019-12-18T10:42:14","slug":"ambients","status":"publish","type":"page","link":"https:\/\/agora.xtec.cat\/esc-antoniomachado\/projectepedagogic\/ambients\/","title":{"rendered":"Documents institucionals de l\u2019escola"},"content":{"rendered":"<p>La<a href=\"http:\/\/educacio.gencat.cat\/documents\/IPCNormativa\/DOIGC\/PEC_Documents_gestio.pdf\" target=\"_blank\" rel=\"noopener noreferrer\"> legislaci\u00f3 vigent<\/a> preveu que tots els centres elaborin els seus documents de gesti\u00f3, com a eines eficaces que els han de permetre un exercici responsable de l&#8217;autonomia reconeguda. Aquests documents s\u00f3n els seg\u00fcents:<\/p>\n<ul>\n<li>El projecte educatiu del centre (PEC), que inclou el projecte ling\u00fc\u00edstic (PL)<\/li>\n<li>Les normes d&#8217;organitzaci\u00f3 i funcionament del centre (NOFC)<\/li>\n<li>El projecte de direcci\u00f3 (PdD)<\/li>\n<li>La programaci\u00f3 general anual (PGA)<\/li>\n<li>L&#8217;avaluaci\u00f3 de l&#8217;assoliment dels objectius previstos a la PGA, recollits en la mem\u00f2ria anual corresponent.<\/li>\n<\/ul>\n<p>&nbsp;<\/p>\n<p><strong>Els centres p\u00fablics han de publicar els <a href=\"https:\/\/agora.xtec.cat\/esc-antoniomachado\/documents\/\">documents<\/a> de gesti\u00f3 que es detallen a continuaci\u00f3, de manera accessible, al web del centre i a la resta de sistemes d&#8217;informaci\u00f3 interns:<\/strong><\/p>\n<ul>\n<li>El projecte educatiu del centre (PEC), que inclou el projecte ling\u00fc\u00edstic (PLC)<\/li>\n<li>Les normes d&#8217;organitzaci\u00f3 i funcionament del centre (NOFC).<\/li>\n<li>La resta dels documents han d&#8217;estar disponibles per a la comunitat educativa, per\u00f2 no s\u00f3n de car\u00e0cter p\u00fablic, perqu\u00e8 poden contenir dades sensibles.<\/li>\n<\/ul>\n","protected":false},"excerpt":{"rendered":"<p>La legislaci\u00f3 vigent preveu que tots els centres elaborin els seus documents de gesti\u00f3, com a eines eficaces que els han de permetre un exercici responsable de l&#8217;autonomia reconeguda. Aquests documents s\u00f3n els seg\u00fcents: El projecte educatiu del centre (PEC), que inclou el projecte ling\u00fc\u00edstic (PL) Les normes d&#8217;organitzaci\u00f3 i funcionament del centre (NOFC) El [&hellip;]<\/p>\n","protected":false},"author":1,"featured_media":0,"parent":64,"menu_order":0,"comment_status":"closed","ping_status":"closed","template":"","meta":{"_bbp_topic_count":0,"_bbp_reply_count":0,"_bbp_total_topic_count":0,"_bbp_total_reply_count":0,"_bbp_voice_count":0,"_bbp_anonymous_reply_count":0,"_bbp_topic_count_hidden":0,"_bbp_reply_count_hidden":0,"_bbp_forum_subforum_count":0,"site-sidebar-layout":"default","site-content-layout":"","ast-site-content-layout":"","site-content-style":"default","site-sidebar-style":"default","ast-global-header-display":"","ast-banner-title-visibility":"","ast-main-header-display":"","ast-hfb-above-header-display":"","ast-hfb-below-header-display":"","ast-hfb-mobile-header-display":"","site-post-title":"","ast-breadcrumbs-content":"","ast-featured-img":"","footer-sml-layout":"","theme-transparent-header-meta":"","adv-header-id-meta":"","stick-header-meta":"","header-above-stick-meta":"","header-main-stick-meta":"","header-below-stick-meta":"","astra-migrate-meta-layouts":"default","ast-page-background-enabled":"default","ast-page-background-meta":{"desktop":{"background-color":"var(--ast-global-color-4)","background-image":"","background-repeat":"repeat","background-position":"center center","background-size":"auto","background-attachment":"scroll","background-type":"","background-media":"","overlay-type":"","overlay-color":"","overlay-opacity":"","overlay-gradient":""},"tablet":{"background-color":"","background-image":"","background-repeat":"repeat","background-position":"center center","background-size":"auto","background-attachment":"scroll","background-type":"","background-media":"","overlay-type":"","overlay-color":"","overlay-opacity":"","overlay-gradient":""},"mobile":{"background-color":"","background-image":"","background-repeat":"repeat","background-position":"center center","background-size":"auto","background-attachment":"scroll","background-type":"","background-media":"","overlay-type":"","overlay-color":"","overlay-opacity":"","overlay-gradient":""}},"ast-content-background-meta":{"desktop":{"background-color":"var(--ast-global-color-5)","background-image":"","background-repeat":"repeat","background-position":"center center","background-size":"auto","background-attachment":"scroll","background-type":"","background-media":"","overlay-type":"","overlay-color":"","overlay-opacity":"","overlay-gradient":""},"tablet":{"background-color":"var(--ast-global-color-5)","background-image":"","background-repeat":"repeat","background-position":"center center","background-size":"auto","background-attachment":"scroll","background-type":"","background-media":"","overlay-type":"","overlay-color":"","overlay-opacity":"","overlay-gradient":""},"mobile":{"background-color":"var(--ast-global-color-5)","background-image":"","background-repeat":"repeat","background-position":"center center","background-size":"auto","background-attachment":"scroll","background-type":"","background-media":"","overlay-type":"","overlay-color":"","overlay-opacity":"","overlay-gradient":""}},"footnotes":""},"class_list":["post-9893","page","type-page","status-publish","hentry"],"post_mailing_queue_ids":[],"_links":{"self":[{"href":"https:\/\/agora.xtec.cat\/esc-antoniomachado\/wp-json\/wp\/v2\/pages\/9893","targetHints":{"allow":["GET"]}}],"collection":[{"href":"https:\/\/agora.xtec.cat\/esc-antoniomachado\/wp-json\/wp\/v2\/pages"}],"about":[{"href":"https:\/\/agora.xtec.cat\/esc-antoniomachado\/wp-json\/wp\/v2\/types\/page"}],"author":[{"embeddable":true,"href":"https:\/\/agora.xtec.cat\/esc-antoniomachado\/wp-json\/wp\/v2\/users\/1"}],"replies":[{"embeddable":true,"href":"https:\/\/agora.xtec.cat\/esc-antoniomachado\/wp-json\/wp\/v2\/comments?post=9893"}],"version-history":[{"count":4,"href":"https:\/\/agora.xtec.cat\/esc-antoniomachado\/wp-json\/wp\/v2\/pages\/9893\/revisions"}],"predecessor-version":[{"id":12746,"href":"https:\/\/agora.xtec.cat\/esc-antoniomachado\/wp-json\/wp\/v2\/pages\/9893\/revisions\/12746"}],"up":[{"embeddable":true,"href":"https:\/\/agora.xtec.cat\/esc-antoniomachado\/wp-json\/wp\/v2\/pages\/64"}],"wp:attachment":[{"href":"https:\/\/agora.xtec.cat\/esc-antoniomachado\/wp-json\/wp\/v2\/media?parent=9893"}],"curies":[{"name":"wp","href":"https:\/\/api.w.org\/{rel}","templated":true}]}}