{"id":84,"date":"2014-09-18T14:11:31","date_gmt":"2014-09-18T12:11:31","guid":{"rendered":"http:\/\/agora.xtec.cat\/esc-antoniomachado\/?page_id=84"},"modified":"2026-02-05T11:46:12","modified_gmt":"2026-02-05T10:46:12","slug":"activitats-extraescolars","status":"publish","type":"page","link":"https:\/\/agora.xtec.cat\/esc-antoniomachado\/serveis\/activitats-extraescolars\/","title":{"rendered":"Activitats extraescolars"},"content":{"rendered":"<p><a href=\"https:\/\/agora.xtec.cat\/esc-antoniomachado\/serveis\/activitats-extraescolars\/attachment\/logo-vadelleure\/\" rel=\"attachment wp-att-23105\"><img loading=\"lazy\" decoding=\"async\" class=\"aligncenter wp-image-23105\" src=\"https:\/\/agora.xtec.cat\/esc-antoniomachado\/wp-content\/uploads\/usu1670\/2025\/09\/LOGO-VADELLEURE.png\" alt=\"\" width=\"354\" height=\"157\" \/><\/a><\/p>\n<p>VaDeLleure \u00e9s l\u2019entitat que realitza les activitats extraescolars de l\u2019escola, sota la gesti\u00f3 i supervisi\u00f3 de l\u2019AFA i l\u2019equip directiu de l\u2019escola.<\/p>\n<p>Les activitats extraescolars s\u00f3n un complement de lleure en sintonia amb la l\u00ednia pedag\u00f2gica de l\u2019escola. Aquest curs 2025-2026 ser\u00e0 el primer curs que VaDeLleure gestiona el servei d\u2019extraescolars, tot aportant una professionalitzaci\u00f3 en algunes de les activitats m\u00e9s t\u00e8cniques com ara angl\u00e8s, dansa o taekwondo.<\/p>\n<p>Paral\u00b7lelament, apostem per participar dels Jocs Escolars de Matar\u00f3, tot incorporant a les lligues escolars l\u2019equip de l\u2019escola.<\/p>\n<p>Es tracta d\u2019un servei que aposta per una oferta de qualitat amb un equip de monitors engrescador i la col\u00b7laboraci\u00f3 d\u2019entitats que complementen el nostre programa d\u2019activitats.<\/p>\n<p><strong>NORMATIVA D\u2019\u00daS I PREUS <\/strong><\/p>\n<p>Podeu consultar i descarregar la normativa d\u2019\u00fas del servei i els preus en el seg\u00fcent enlla\u00e7:<br \/>\n<a href=\"https:\/\/www.canva.com\/design\/DAGzC-Nitqg\/VQAMCldKksKlOgpCzC-wMQ\/view?utm_content=DAGzC-Nitqg&amp;utm_campaign=designshare&amp;utm_medium=link2&amp;utm_source=uniquelinks&amp;utlId=h8df65b1fcc\">NORMATIVA D\u2019\u00daS I PREUS CURS 2025-2026<\/a><\/p>\n<p><strong>INFORMACI\u00d3 GENERAL<\/strong><\/p>\n<ul>\n<li>La durada del servei \u00e9s de 16:30 h a 18:00 h. Fins a les 17:00 h \u00e9s berena i despr\u00e9s comen\u00e7a l\u2019activitat. Per tant, la primera mitja hora \u00e9s per berenar i recomanem altament portar menjar saludable.<\/li>\n<li>La sortida es far\u00e0 per la porta principal de l\u2019escola (Pla\u00e7a Antonio Machado, 1).<\/li>\n<li>Els monitors\/es recolliran a TOTS els infants fins a 2n de prim\u00e0ria a les seves aules i baixaran al pati.<\/li>\n<li>\u00c9s important avisar al coordinador si algun alumne no es queda a extraescolars.<\/li>\n<li>\u00c9s recomanable portar ampolla d\u2019aigua\/cantimplora personal.<\/li>\n<li>Per baixes, canvis i altes, s\u2019han de comunicar al coordinador abans del dia 25 del mes anterior.<\/li>\n<li>L\u2019atenci\u00f3 a les fam\u00edlies per part del coordinador ser\u00e0 mitjan\u00e7ant el correu electr\u00f2nic info@vadelleure.cat o el tel\u00e8fon <span style=\"font-weight: 400;\">938634658<\/span><\/li>\n<li>La comunicaci\u00f3 amb les fam\u00edlies participants dels Jocs Escolars ser\u00e0 mitjan\u00e7ant un grup de WhatsApp compartit amb la coordinaci\u00f3 del centre.<\/li>\n<\/ul>\n","protected":false},"excerpt":{"rendered":"<p>VaDeLleure \u00e9s l\u2019entitat que realitza les activitats extraescolars de l\u2019escola, sota la gesti\u00f3 i supervisi\u00f3 de l\u2019AFA i l\u2019equip directiu de l\u2019escola. Les activitats extraescolars s\u00f3n un complement de lleure en sintonia amb la l\u00ednia pedag\u00f2gica de l\u2019escola. Aquest curs 2025-2026 ser\u00e0 el primer curs que VaDeLleure gestiona el servei d\u2019extraescolars, tot aportant una professionalitzaci\u00f3 [&hellip;]<\/p>\n","protected":false},"author":1,"featured_media":0,"parent":66,"menu_order":2,"comment_status":"closed","ping_status":"closed","template":"","meta":{"_bbp_topic_count":0,"_bbp_reply_count":0,"_bbp_total_topic_count":0,"_bbp_total_reply_count":0,"_bbp_voice_count":0,"_bbp_anonymous_reply_count":0,"_bbp_topic_count_hidden":0,"_bbp_reply_count_hidden":0,"_bbp_forum_subforum_count":0,"site-sidebar-layout":"default","site-content-layout":"","ast-site-content-layout":"default","site-content-style":"default","site-sidebar-style":"default","ast-global-header-display":"","ast-banner-title-visibility":"","ast-main-header-display":"","ast-hfb-above-header-display":"","ast-hfb-below-header-display":"","ast-hfb-mobile-header-display":"","site-post-title":"","ast-breadcrumbs-content":"","ast-featured-img":"","footer-sml-layout":"","theme-transparent-header-meta":"","adv-header-id-meta":"","stick-header-meta":"","header-above-stick-meta":"","header-main-stick-meta":"","header-below-stick-meta":"","astra-migrate-meta-layouts":"set","ast-page-background-enabled":"default","ast-page-background-meta":{"desktop":{"background-color":"var(--ast-global-color-4)","background-image":"","background-repeat":"repeat","background-position":"center center","background-size":"auto","background-attachment":"scroll","background-type":"","background-media":"","overlay-type":"","overlay-color":"","overlay-opacity":"","overlay-gradient":""},"tablet":{"background-color":"","background-image":"","background-repeat":"repeat","background-position":"center center","background-size":"auto","background-attachment":"scroll","background-type":"","background-media":"","overlay-type":"","overlay-color":"","overlay-opacity":"","overlay-gradient":""},"mobile":{"background-color":"","background-image":"","background-repeat":"repeat","background-position":"center center","background-size":"auto","background-attachment":"scroll","background-type":"","background-media":"","overlay-type":"","overlay-color":"","overlay-opacity":"","overlay-gradient":""}},"ast-content-background-meta":{"desktop":{"background-color":"var(--ast-global-color-5)","background-image":"","background-repeat":"repeat","background-position":"center center","background-size":"auto","background-attachment":"scroll","background-type":"","background-media":"","overlay-type":"","overlay-color":"","overlay-opacity":"","overlay-gradient":""},"tablet":{"background-color":"var(--ast-global-color-5)","background-image":"","background-repeat":"repeat","background-position":"center center","background-size":"auto","background-attachment":"scroll","background-type":"","background-media":"","overlay-type":"","overlay-color":"","overlay-opacity":"","overlay-gradient":""},"mobile":{"background-color":"var(--ast-global-color-5)","background-image":"","background-repeat":"repeat","background-position":"center center","background-size":"auto","background-attachment":"scroll","background-type":"","background-media":"","overlay-type":"","overlay-color":"","overlay-opacity":"","overlay-gradient":""}},"footnotes":""},"class_list":["post-84","page","type-page","status-publish","hentry"],"post_mailing_queue_ids":[],"_links":{"self":[{"href":"https:\/\/agora.xtec.cat\/esc-antoniomachado\/wp-json\/wp\/v2\/pages\/84","targetHints":{"allow":["GET"]}}],"collection":[{"href":"https:\/\/agora.xtec.cat\/esc-antoniomachado\/wp-json\/wp\/v2\/pages"}],"about":[{"href":"https:\/\/agora.xtec.cat\/esc-antoniomachado\/wp-json\/wp\/v2\/types\/page"}],"author":[{"embeddable":true,"href":"https:\/\/agora.xtec.cat\/esc-antoniomachado\/wp-json\/wp\/v2\/users\/1"}],"replies":[{"embeddable":true,"href":"https:\/\/agora.xtec.cat\/esc-antoniomachado\/wp-json\/wp\/v2\/comments?post=84"}],"version-history":[{"count":6,"href":"https:\/\/agora.xtec.cat\/esc-antoniomachado\/wp-json\/wp\/v2\/pages\/84\/revisions"}],"predecessor-version":[{"id":23696,"href":"https:\/\/agora.xtec.cat\/esc-antoniomachado\/wp-json\/wp\/v2\/pages\/84\/revisions\/23696"}],"up":[{"embeddable":true,"href":"https:\/\/agora.xtec.cat\/esc-antoniomachado\/wp-json\/wp\/v2\/pages\/66"}],"wp:attachment":[{"href":"https:\/\/agora.xtec.cat\/esc-antoniomachado\/wp-json\/wp\/v2\/media?parent=84"}],"curies":[{"name":"wp","href":"https:\/\/api.w.org\/{rel}","templated":true}]}}