{"id":6217,"date":"2018-03-01T00:17:14","date_gmt":"2018-02-28T23:17:14","guid":{"rendered":"http:\/\/agora.xtec.cat\/esc-antoniomachado\/?page_id=6217"},"modified":"2026-02-25T13:50:22","modified_gmt":"2026-02-25T12:50:22","slug":"contacte-i-horaris-datencio","status":"publish","type":"page","link":"https:\/\/agora.xtec.cat\/esc-antoniomachado\/contacte-i-horaris-datencio\/","title":{"rendered":"Contacte i horaris d&#8217;atenci\u00f3"},"content":{"rendered":"<p><a href=\"https:\/\/agora.xtec.cat\/esc-antoniomachado\/contacte-i-horaris-datencio\/attachment\/telefon\/\" rel=\"attachment wp-att-21541\"><img loading=\"lazy\" decoding=\"async\" class=\"wp-image-21541 alignleft\" src=\"https:\/\/agora.xtec.cat\/esc-antoniomachado\/wp-content\/uploads\/usu1670\/2023\/07\/telefon-300x300.png\" alt=\"\" width=\"159\" height=\"159\" srcset=\"https:\/\/agora.xtec.cat\/esc-antoniomachado\/wp-content\/uploads\/usu1670\/2023\/07\/telefon-300x300.png 300w, https:\/\/agora.xtec.cat\/esc-antoniomachado\/wp-content\/uploads\/usu1670\/2023\/07\/telefon-150x150.png 150w, https:\/\/agora.xtec.cat\/esc-antoniomachado\/wp-content\/uploads\/usu1670\/2023\/07\/telefon.png 576w\" sizes=\"auto, (max-width: 159px) 100vw, 159px\" \/><\/a><\/p>\n<p style=\"text-align: justify;\"><strong>A CONSERGERIA<\/strong> per afavorir una millor organitzaci\u00f3 i funcionament, us demanem que <strong>feu arribar els avisos per tel\u00e8fon a partir de les 8:30h<\/strong>, que seran ateses per l&#8217;Eva, la conserge del nostre centre.<\/p>\n<p style=\"text-align: justify;\">Per donar qualsevol enc\u00e0rrec, adreceu-vos per tel\u00e8fon al 937589060. En cas de voler-vos comunicar amb el\/la mestre\/a tamb\u00e9 ho podeu fer mitjan\u00e7ant l\u2019agenda del vostre fill\/a o el correu electr\u00f2nic de l\u2019aula.<\/p>\n<p style=\"text-align: justify;\"><strong><a href=\"https:\/\/agora.xtec.cat\/esc-antoniomachado\/contacte-i-horaris-datencio\/attachment\/email-i-telefon\/\" rel=\"attachment wp-att-21545\"><img loading=\"lazy\" decoding=\"async\" class=\"wp-image-21545 alignleft\" src=\"https:\/\/agora.xtec.cat\/esc-antoniomachado\/wp-content\/uploads\/usu1670\/2023\/07\/email-i-telefon-300x284.jpg\" alt=\"\" width=\"146\" height=\"138\" srcset=\"https:\/\/agora.xtec.cat\/esc-antoniomachado\/wp-content\/uploads\/usu1670\/2023\/07\/email-i-telefon-300x284.jpg 300w, https:\/\/agora.xtec.cat\/esc-antoniomachado\/wp-content\/uploads\/usu1670\/2023\/07\/email-i-telefon.jpg 631w\" sizes=\"auto, (max-width: 146px) 100vw, 146px\" \/><\/a>A SECRETARIA<\/strong> per facilitar l\u2019atenci\u00f3 personal us agrairem que demaneu cita pr\u00e8viament a trav\u00e9s del correu electr\u00f2nic de l\u2019escola o b\u00e9 via telef\u00f2nica.<\/p>\n<table>\n<tbody>\n<tr>\n<td style=\"background-color: #b0b0b0; border-color: #000000;\"><strong>Horari d\u2019atenci\u00f3\u00a0<\/strong><\/td>\n<td style=\"border-color: #000000;\">dilluns i divendres de 9 a 10h i de 12 a 13h<\/td>\n<\/tr>\n<tr>\n<td style=\"background-color: #b0b0b0; border-color: #000000;\"><strong>Correu electr\u00f2nic<\/strong><\/td>\n<td style=\"border-color: #000000;\">secretaria@escolaantoniomachado.cat<\/td>\n<\/tr>\n<tr>\n<td style=\"background-color: #b0b0b0; border-color: #000000;\"><b>Tel\u00e8fon<\/b><\/td>\n<td style=\"border-color: #000000;\">93 758 90 60<\/td>\n<\/tr>\n<\/tbody>\n<\/table>\n<p style=\"text-align: justify;\"><strong><a href=\"https:\/\/agora.xtec.cat\/esc-antoniomachado\/contacte-i-horaris-datencio\/attachment\/email-i-telefon\/\" rel=\"attachment wp-att-21545\"><img loading=\"lazy\" decoding=\"async\" class=\" wp-image-21545 alignleft\" src=\"https:\/\/agora.xtec.cat\/esc-antoniomachado\/wp-content\/uploads\/usu1670\/2023\/07\/email-i-telefon-300x284.jpg\" alt=\"\" width=\"144\" height=\"136\" srcset=\"https:\/\/agora.xtec.cat\/esc-antoniomachado\/wp-content\/uploads\/usu1670\/2023\/07\/email-i-telefon-300x284.jpg 300w, https:\/\/agora.xtec.cat\/esc-antoniomachado\/wp-content\/uploads\/usu1670\/2023\/07\/email-i-telefon.jpg 631w\" sizes=\"auto, (max-width: 144px) 100vw, 144px\" \/><\/a>A DIRECCI\u00d3 <\/strong>per facilitar l\u2019atenci\u00f3 personal us agrairem que demaneu cita pr\u00e8viament a trav\u00e9s del correu electr\u00f2nic de l\u2019escola o b\u00e9 via telef\u00f2nica.<\/p>\n<table>\n<tbody>\n<tr>\n<td style=\"background-color: #b0b0b0; border-color: #000000;\"><strong>Correu Escola Antonio Machado<\/strong><\/td>\n<td style=\"border-color: #000000;\">a8063874@xtec.cat<\/td>\n<\/tr>\n<tr>\n<td style=\"background-color: #b0b0b0; border-color: #000000;\"><strong>Tel\u00e8fon<\/strong><\/td>\n<td style=\"border-color: #000000;\">93 758 90 60<\/td>\n<\/tr>\n<\/tbody>\n<\/table>\n","protected":false},"excerpt":{"rendered":"<p>A CONSERGERIA per afavorir una millor organitzaci\u00f3 i funcionament, us demanem que feu arribar els avisos per tel\u00e8fon a partir de les 8:30h, que seran ateses per l&#8217;Eva, la conserge del nostre centre. Per donar qualsevol enc\u00e0rrec, adreceu-vos per tel\u00e8fon al 937589060. En cas de voler-vos comunicar amb el\/la mestre\/a tamb\u00e9 ho podeu fer mitjan\u00e7ant [&hellip;]<\/p>\n","protected":false},"author":1,"featured_media":0,"parent":0,"menu_order":0,"comment_status":"closed","ping_status":"closed","template":"","meta":{"_bbp_topic_count":0,"_bbp_reply_count":0,"_bbp_total_topic_count":0,"_bbp_total_reply_count":0,"_bbp_voice_count":0,"_bbp_anonymous_reply_count":0,"_bbp_topic_count_hidden":0,"_bbp_reply_count_hidden":0,"_bbp_forum_subforum_count":0,"site-sidebar-layout":"no-sidebar","site-content-layout":"","ast-site-content-layout":"default","site-content-style":"default","site-sidebar-style":"default","ast-global-header-display":"","ast-banner-title-visibility":"","ast-main-header-display":"","ast-hfb-above-header-display":"","ast-hfb-below-header-display":"","ast-hfb-mobile-header-display":"","site-post-title":"","ast-breadcrumbs-content":"","ast-featured-img":"","footer-sml-layout":"","theme-transparent-header-meta":"default","adv-header-id-meta":"","stick-header-meta":"","header-above-stick-meta":"","header-main-stick-meta":"","header-below-stick-meta":"","astra-migrate-meta-layouts":"set","ast-page-background-enabled":"default","ast-page-background-meta":{"desktop":{"background-color":"var(--ast-global-color-4)","background-image":"","background-repeat":"repeat","background-position":"center center","background-size":"auto","background-attachment":"scroll","background-type":"","background-media":"","overlay-type":"","overlay-color":"","overlay-opacity":"","overlay-gradient":""},"tablet":{"background-color":"","background-image":"","background-repeat":"repeat","background-position":"center center","background-size":"auto","background-attachment":"scroll","background-type":"","background-media":"","overlay-type":"","overlay-color":"","overlay-opacity":"","overlay-gradient":""},"mobile":{"background-color":"","background-image":"","background-repeat":"repeat","background-position":"center center","background-size":"auto","background-attachment":"scroll","background-type":"","background-media":"","overlay-type":"","overlay-color":"","overlay-opacity":"","overlay-gradient":""}},"ast-content-background-meta":{"desktop":{"background-color":"var(--ast-global-color-5)","background-image":"","background-repeat":"repeat","background-position":"center center","background-size":"auto","background-attachment":"scroll","background-type":"","background-media":"","overlay-type":"","overlay-color":"","overlay-opacity":"","overlay-gradient":""},"tablet":{"background-color":"var(--ast-global-color-5)","background-image":"","background-repeat":"repeat","background-position":"center center","background-size":"auto","background-attachment":"scroll","background-type":"","background-media":"","overlay-type":"","overlay-color":"","overlay-opacity":"","overlay-gradient":""},"mobile":{"background-color":"var(--ast-global-color-5)","background-image":"","background-repeat":"repeat","background-position":"center center","background-size":"auto","background-attachment":"scroll","background-type":"","background-media":"","overlay-type":"","overlay-color":"","overlay-opacity":"","overlay-gradient":""}},"footnotes":""},"class_list":["post-6217","page","type-page","status-publish","hentry"],"post_mailing_queue_ids":[],"_links":{"self":[{"href":"https:\/\/agora.xtec.cat\/esc-antoniomachado\/wp-json\/wp\/v2\/pages\/6217","targetHints":{"allow":["GET"]}}],"collection":[{"href":"https:\/\/agora.xtec.cat\/esc-antoniomachado\/wp-json\/wp\/v2\/pages"}],"about":[{"href":"https:\/\/agora.xtec.cat\/esc-antoniomachado\/wp-json\/wp\/v2\/types\/page"}],"author":[{"embeddable":true,"href":"https:\/\/agora.xtec.cat\/esc-antoniomachado\/wp-json\/wp\/v2\/users\/1"}],"replies":[{"embeddable":true,"href":"https:\/\/agora.xtec.cat\/esc-antoniomachado\/wp-json\/wp\/v2\/comments?post=6217"}],"version-history":[{"count":5,"href":"https:\/\/agora.xtec.cat\/esc-antoniomachado\/wp-json\/wp\/v2\/pages\/6217\/revisions"}],"predecessor-version":[{"id":24133,"href":"https:\/\/agora.xtec.cat\/esc-antoniomachado\/wp-json\/wp\/v2\/pages\/6217\/revisions\/24133"}],"wp:attachment":[{"href":"https:\/\/agora.xtec.cat\/esc-antoniomachado\/wp-json\/wp\/v2\/media?parent=6217"}],"curies":[{"name":"wp","href":"https:\/\/api.w.org\/{rel}","templated":true}]}}