{"id":6202,"date":"2018-02-28T23:31:43","date_gmt":"2018-02-28T22:31:43","guid":{"rendered":"http:\/\/agora.xtec.cat\/esc-antoniomachado\/?page_id=6202"},"modified":"2026-01-26T12:39:07","modified_gmt":"2026-01-26T11:39:07","slug":"material-sortides-i-colonies","status":"publish","type":"page","link":"https:\/\/agora.xtec.cat\/esc-antoniomachado\/lescola\/material-sortides-i-colonies\/","title":{"rendered":"Quota anual"},"content":{"rendered":"<h4><strong><span style=\"color: #000000;\">QUOTA DE MATERIAL I SORTIDES<\/span><\/strong><\/h4>\n<p style=\"text-align: justify;\"><span style=\"color: #000000;\">El pagament de la quota fa possible que els infants facin \u00fas de tot el material que hi ha a l\u2019escola: des del fungible, did\u00e0ctic i l\u00fadic fins als materials i recursos de noves tecnologies aix\u00ed com del mobiliari, estructures dels patis, espais d\u2019experi\u00e8ncies, etc.<\/span><\/p>\n<p style=\"text-align: justify;\"><span style=\"color: #000000;\">A banda d\u2019aix\u00f2, les aules s\u2019autogestionen en relaci\u00f3 a les sortides que es realitzen al llarg del curs depenent dels contextos que es van treballant, per aquest motiu l\u2019escola estableix una quota de <strong>220\u20ac<\/strong> per alumne (150\u20ac estan destinats al material necessari per tot el curs escolar i 70\u20ac a les sortides d\u2019aquell any) que est\u00e0 destinada a cobrir aquestes necessitats. <u>En aquesta quota no estan incloses les col\u00f2nies.<\/u><\/span><\/p>\n<p style=\"text-align: justify;\"><span style=\"color: #000000;\">Aquesta es pot abonar en un sol pagament o b\u00e9 en dos, un en el moment de formalitzar la matr\u00edcula o la confirmaci\u00f3 de pla\u00e7a (entre els mesos de maig i juny) i l\u2019altre pels volts de Nadal (entre desembre i gener).<\/span><\/p>\n<p style=\"text-align: justify;\"><span style=\"color: #000000;\">Tanmateix s\u2019ofereix la possibilitat de realitzar-la en terminis acordats entre la fam\u00edlia i la secretaria del centre. Les fam\u00edlies nombroses i monoparentals que tinguin el carnet vigent i l&#8217;hagin presentat a la secretaria se&#8217;ls far\u00e0 un descompte de 30\u20ac en concepte de material i per fill\/a.<\/span><\/p>\n<p style=\"text-align: justify;\"><span style=\"color: #000000;\">El pagament es pot realitzar a secretaria o b\u00e9 a trav\u00e9s de transfer\u00e8ncia banc\u00e0ria al seg\u00fcent n\u00famero de compte:<\/span><\/p>\n<h3 style=\"text-align: center;\"><span style=\"color: #000000;\"><strong>Banc de Sabadell<\/strong><\/span><\/h3>\n<h3 style=\"text-align: center;\"><span style=\"color: #000000;\"><strong>ES43 0081 \u2013 5589 \u2013 1700 \u2013 0108 \u2013 8917 <\/strong><\/span><\/h3>\n<p style=\"text-align: justify;\"><span style=\"color: #000000;\">Pensem que val la pena sortir de les aules per un munt de raons, ja que les excursions, les sortides i col\u00f2nies ens ofereixen un gran ventall de possibilitats: con\u00e8ixer i interactuar activament amb l\u2019entorn i el medi m\u00e9s proper; observar en directe tot all\u00f2 que ens envolta; formular hip\u00f2tesis, experimentar, comprovar; descobrir l\u2019art, la m\u00fasica, la cultura; afavorir la conviv\u00e8ncia i la relaci\u00f3 entre alumnes i mestres&#8230; en definitiva, ens ajuden a treballar coneixements, capacitats, actituds i valors.<\/span><\/p>\n<h4 style=\"text-align: justify;\"><span style=\"color: #000000;\">\u00a0<\/span><\/h4>\n","protected":false},"excerpt":{"rendered":"<p>QUOTA DE MATERIAL I SORTIDES El pagament de la quota fa possible que els infants facin \u00fas de tot el material que hi ha a l\u2019escola: des del fungible, did\u00e0ctic i l\u00fadic fins als materials i recursos de noves tecnologies aix\u00ed com del mobiliari, estructures dels patis, espais d\u2019experi\u00e8ncies, etc. A banda d\u2019aix\u00f2, les aules [&hellip;]<\/p>\n","protected":false},"author":1,"featured_media":0,"parent":22,"menu_order":0,"comment_status":"closed","ping_status":"closed","template":"","meta":{"_bbp_topic_count":0,"_bbp_reply_count":0,"_bbp_total_topic_count":0,"_bbp_total_reply_count":0,"_bbp_voice_count":0,"_bbp_anonymous_reply_count":0,"_bbp_topic_count_hidden":0,"_bbp_reply_count_hidden":0,"_bbp_forum_subforum_count":0,"site-sidebar-layout":"default","site-content-layout":"","ast-site-content-layout":"default","site-content-style":"default","site-sidebar-style":"default","ast-global-header-display":"","ast-banner-title-visibility":"","ast-main-header-display":"","ast-hfb-above-header-display":"","ast-hfb-below-header-display":"","ast-hfb-mobile-header-display":"","site-post-title":"","ast-breadcrumbs-content":"","ast-featured-img":"","footer-sml-layout":"","theme-transparent-header-meta":"default","adv-header-id-meta":"","stick-header-meta":"","header-above-stick-meta":"","header-main-stick-meta":"","header-below-stick-meta":"","astra-migrate-meta-layouts":"set","ast-page-background-enabled":"default","ast-page-background-meta":{"desktop":{"background-color":"var(--ast-global-color-4)","background-image":"","background-repeat":"repeat","background-position":"center center","background-size":"auto","background-attachment":"scroll","background-type":"","background-media":"","overlay-type":"","overlay-color":"","overlay-opacity":"","overlay-gradient":""},"tablet":{"background-color":"","background-image":"","background-repeat":"repeat","background-position":"center center","background-size":"auto","background-attachment":"scroll","background-type":"","background-media":"","overlay-type":"","overlay-color":"","overlay-opacity":"","overlay-gradient":""},"mobile":{"background-color":"","background-image":"","background-repeat":"repeat","background-position":"center center","background-size":"auto","background-attachment":"scroll","background-type":"","background-media":"","overlay-type":"","overlay-color":"","overlay-opacity":"","overlay-gradient":""}},"ast-content-background-meta":{"desktop":{"background-color":"var(--ast-global-color-5)","background-image":"","background-repeat":"repeat","background-position":"center center","background-size":"auto","background-attachment":"scroll","background-type":"","background-media":"","overlay-type":"","overlay-color":"","overlay-opacity":"","overlay-gradient":""},"tablet":{"background-color":"var(--ast-global-color-5)","background-image":"","background-repeat":"repeat","background-position":"center center","background-size":"auto","background-attachment":"scroll","background-type":"","background-media":"","overlay-type":"","overlay-color":"","overlay-opacity":"","overlay-gradient":""},"mobile":{"background-color":"var(--ast-global-color-5)","background-image":"","background-repeat":"repeat","background-position":"center center","background-size":"auto","background-attachment":"scroll","background-type":"","background-media":"","overlay-type":"","overlay-color":"","overlay-opacity":"","overlay-gradient":""}},"footnotes":""},"class_list":["post-6202","page","type-page","status-publish","hentry"],"post_mailing_queue_ids":[],"_links":{"self":[{"href":"https:\/\/agora.xtec.cat\/esc-antoniomachado\/wp-json\/wp\/v2\/pages\/6202","targetHints":{"allow":["GET"]}}],"collection":[{"href":"https:\/\/agora.xtec.cat\/esc-antoniomachado\/wp-json\/wp\/v2\/pages"}],"about":[{"href":"https:\/\/agora.xtec.cat\/esc-antoniomachado\/wp-json\/wp\/v2\/types\/page"}],"author":[{"embeddable":true,"href":"https:\/\/agora.xtec.cat\/esc-antoniomachado\/wp-json\/wp\/v2\/users\/1"}],"replies":[{"embeddable":true,"href":"https:\/\/agora.xtec.cat\/esc-antoniomachado\/wp-json\/wp\/v2\/comments?post=6202"}],"version-history":[{"count":6,"href":"https:\/\/agora.xtec.cat\/esc-antoniomachado\/wp-json\/wp\/v2\/pages\/6202\/revisions"}],"predecessor-version":[{"id":23910,"href":"https:\/\/agora.xtec.cat\/esc-antoniomachado\/wp-json\/wp\/v2\/pages\/6202\/revisions\/23910"}],"up":[{"embeddable":true,"href":"https:\/\/agora.xtec.cat\/esc-antoniomachado\/wp-json\/wp\/v2\/pages\/22"}],"wp:attachment":[{"href":"https:\/\/agora.xtec.cat\/esc-antoniomachado\/wp-json\/wp\/v2\/media?parent=6202"}],"curies":[{"name":"wp","href":"https:\/\/api.w.org\/{rel}","templated":true}]}}