{"id":5841,"date":"2018-02-06T15:32:30","date_gmt":"2018-02-06T14:32:30","guid":{"rendered":"http:\/\/agora.xtec.cat\/esc-antoniomachado\/?page_id=5841"},"modified":"2022-10-12T10:57:58","modified_gmt":"2022-10-12T08:57:58","slug":"la-quota","status":"publish","type":"page","link":"https:\/\/agora.xtec.cat\/esc-antoniomachado\/families\/la-quota\/","title":{"rendered":"La quota"},"content":{"rendered":"<p>Els recursos econ\u00f2mics de l\u00b4AFA provenen principalment de les quotes anuals de les fam\u00edlies. \u00c9s molt important la col\u00b7laboraci\u00f3 de tothom per tal de poder seguir promovent totes aquestes activitats i serveis.<\/p>\n<p>La quota anual \u00e9s de tan sols\u00a0<strong>20\u20ac per fam\u00edlia.<\/strong><\/p>\n<p>Podeu fer efectiu el pagament mitjan\u00e7ant un ingr\u00e9s al compte corrent:<\/p>\n<h5><strong>IBAN: ES37 0081 5589 1200 0109 7612<\/strong><\/h5>\n<p>&nbsp;<\/p>\n<p>\u00c9s molt important la participaci\u00f3 de totes les fam\u00edlies en la gesti\u00f3 del dia a dia de l\u2019escola. Podeu col\u00b7laborar formant part de l\u2019AFA com a membres actius, o b\u00e9 a la borsa de voluntaris o a qualsevol dels espais que s\u2019hi ofereixen, totes les fam\u00edlies s\u00f3n benvingudes!<\/p>\n","protected":false},"excerpt":{"rendered":"<p>Els recursos econ\u00f2mics de l\u00b4AFA provenen principalment de les quotes anuals de les fam\u00edlies. \u00c9s molt important la col\u00b7laboraci\u00f3 de tothom per tal de poder seguir promovent totes aquestes activitats i serveis. La quota anual \u00e9s de tan sols\u00a020\u20ac per fam\u00edlia. Podeu fer efectiu el pagament mitjan\u00e7ant un ingr\u00e9s al compte corrent: IBAN: ES37 0081 [&hellip;]<\/p>\n","protected":false},"author":1,"featured_media":0,"parent":4813,"menu_order":7,"comment_status":"closed","ping_status":"closed","template":"page-templates\/side-menu.php","meta":{"_bbp_topic_count":0,"_bbp_reply_count":0,"_bbp_total_topic_count":0,"_bbp_total_reply_count":0,"_bbp_voice_count":0,"_bbp_anonymous_reply_count":0,"_bbp_topic_count_hidden":0,"_bbp_reply_count_hidden":0,"_bbp_forum_subforum_count":0,"site-sidebar-layout":"default","site-content-layout":"","ast-site-content-layout":"","site-content-style":"default","site-sidebar-style":"default","ast-global-header-display":"","ast-banner-title-visibility":"","ast-main-header-display":"","ast-hfb-above-header-display":"","ast-hfb-below-header-display":"","ast-hfb-mobile-header-display":"","site-post-title":"","ast-breadcrumbs-content":"","ast-featured-img":"","footer-sml-layout":"","theme-transparent-header-meta":"","adv-header-id-meta":"","stick-header-meta":"","header-above-stick-meta":"","header-main-stick-meta":"","header-below-stick-meta":"","astra-migrate-meta-layouts":"default","ast-page-background-enabled":"default","ast-page-background-meta":{"desktop":{"background-color":"var(--ast-global-color-4)","background-image":"","background-repeat":"repeat","background-position":"center center","background-size":"auto","background-attachment":"scroll","background-type":"","background-media":"","overlay-type":"","overlay-color":"","overlay-opacity":"","overlay-gradient":""},"tablet":{"background-color":"","background-image":"","background-repeat":"repeat","background-position":"center center","background-size":"auto","background-attachment":"scroll","background-type":"","background-media":"","overlay-type":"","overlay-color":"","overlay-opacity":"","overlay-gradient":""},"mobile":{"background-color":"","background-image":"","background-repeat":"repeat","background-position":"center center","background-size":"auto","background-attachment":"scroll","background-type":"","background-media":"","overlay-type":"","overlay-color":"","overlay-opacity":"","overlay-gradient":""}},"ast-content-background-meta":{"desktop":{"background-color":"var(--ast-global-color-5)","background-image":"","background-repeat":"repeat","background-position":"center center","background-size":"auto","background-attachment":"scroll","background-type":"","background-media":"","overlay-type":"","overlay-color":"","overlay-opacity":"","overlay-gradient":""},"tablet":{"background-color":"var(--ast-global-color-5)","background-image":"","background-repeat":"repeat","background-position":"center center","background-size":"auto","background-attachment":"scroll","background-type":"","background-media":"","overlay-type":"","overlay-color":"","overlay-opacity":"","overlay-gradient":""},"mobile":{"background-color":"var(--ast-global-color-5)","background-image":"","background-repeat":"repeat","background-position":"center center","background-size":"auto","background-attachment":"scroll","background-type":"","background-media":"","overlay-type":"","overlay-color":"","overlay-opacity":"","overlay-gradient":""}},"footnotes":""},"class_list":["post-5841","page","type-page","status-publish","hentry"],"post_mailing_queue_ids":[],"_links":{"self":[{"href":"https:\/\/agora.xtec.cat\/esc-antoniomachado\/wp-json\/wp\/v2\/pages\/5841","targetHints":{"allow":["GET"]}}],"collection":[{"href":"https:\/\/agora.xtec.cat\/esc-antoniomachado\/wp-json\/wp\/v2\/pages"}],"about":[{"href":"https:\/\/agora.xtec.cat\/esc-antoniomachado\/wp-json\/wp\/v2\/types\/page"}],"author":[{"embeddable":true,"href":"https:\/\/agora.xtec.cat\/esc-antoniomachado\/wp-json\/wp\/v2\/users\/1"}],"replies":[{"embeddable":true,"href":"https:\/\/agora.xtec.cat\/esc-antoniomachado\/wp-json\/wp\/v2\/comments?post=5841"}],"version-history":[{"count":3,"href":"https:\/\/agora.xtec.cat\/esc-antoniomachado\/wp-json\/wp\/v2\/pages\/5841\/revisions"}],"predecessor-version":[{"id":23909,"href":"https:\/\/agora.xtec.cat\/esc-antoniomachado\/wp-json\/wp\/v2\/pages\/5841\/revisions\/23909"}],"up":[{"embeddable":true,"href":"https:\/\/agora.xtec.cat\/esc-antoniomachado\/wp-json\/wp\/v2\/pages\/4813"}],"wp:attachment":[{"href":"https:\/\/agora.xtec.cat\/esc-antoniomachado\/wp-json\/wp\/v2\/media?parent=5841"}],"curies":[{"name":"wp","href":"https:\/\/api.w.org\/{rel}","templated":true}]}}