{"id":5155,"date":"2018-01-18T17:32:27","date_gmt":"2018-01-18T16:32:27","guid":{"rendered":"http:\/\/agora.xtec.cat\/esc-antoniomachado\/?page_id=5155"},"modified":"2026-02-09T17:37:20","modified_gmt":"2026-02-09T16:37:20","slug":"menjador2","status":"publish","type":"page","link":"https:\/\/agora.xtec.cat\/esc-antoniomachado\/serveis\/menjador2\/","title":{"rendered":"Menjador"},"content":{"rendered":"<p class=\"post-title entry-title\">El Menjador escolar \u00e9s un servei que gestiona l&#8217;equip directiu de l&#8217;escola i l&#8217;AFA a trav\u00e9s de l&#8217;empresa <a href=\"https:\/\/saned.net\/\" target=\"_blank\" rel=\"noopener\">Saned<\/a><\/p>\n<p><strong>Per donar-vos d&#8217;alta al servei i gestionar l&#8217;assist\u00e8ncia podeu accedir <a href=\"https:\/\/iara.saned.net\/padres\/\" target=\"_blank\" rel=\"noopener\">aqu\u00ed!<\/a><\/strong><\/p>\n<p>Aquestes s\u00f3n algunes de les activitats que tamb\u00e9 realitzem durant l&#8217;estona de menjador:<\/p>\n<table style=\"border-collapse: collapse; width: 100%;\">\n<tbody>\n<tr>\n<td style=\"width: 33.3333%;\"><a href=\"https:\/\/agora.xtec.cat\/esc-antoniomachado\/serveis\/menjador2\/attachment\/octubre\/\" rel=\"attachment wp-att-23749\"><img loading=\"lazy\" decoding=\"async\" class=\"aligncenter size-full wp-image-23749\" src=\"https:\/\/agora.xtec.cat\/esc-antoniomachado\/wp-content\/uploads\/usu1670\/2026\/02\/OCTUBRE.jpg\" alt=\"\" width=\"2340\" height=\"1655\" srcset=\"https:\/\/agora.xtec.cat\/esc-antoniomachado\/wp-content\/uploads\/usu1670\/2026\/02\/OCTUBRE.jpg 2340w, https:\/\/agora.xtec.cat\/esc-antoniomachado\/wp-content\/uploads\/usu1670\/2026\/02\/OCTUBRE-300x212.jpg 300w, https:\/\/agora.xtec.cat\/esc-antoniomachado\/wp-content\/uploads\/usu1670\/2026\/02\/OCTUBRE-1024x724.jpg 1024w, https:\/\/agora.xtec.cat\/esc-antoniomachado\/wp-content\/uploads\/usu1670\/2026\/02\/OCTUBRE-768x543.jpg 768w, https:\/\/agora.xtec.cat\/esc-antoniomachado\/wp-content\/uploads\/usu1670\/2026\/02\/OCTUBRE-1536x1086.jpg 1536w, https:\/\/agora.xtec.cat\/esc-antoniomachado\/wp-content\/uploads\/usu1670\/2026\/02\/OCTUBRE-2048x1448.jpg 2048w\" sizes=\"auto, (max-width: 2340px) 100vw, 2340px\" \/><\/a><\/td>\n<td style=\"width: 33.3333%;\"><a href=\"https:\/\/agora.xtec.cat\/esc-antoniomachado\/serveis\/menjador2\/attachment\/octubre_infantil\/\" rel=\"attachment wp-att-23748\"><img loading=\"lazy\" decoding=\"async\" class=\"aligncenter size-full wp-image-23748\" src=\"https:\/\/agora.xtec.cat\/esc-antoniomachado\/wp-content\/uploads\/usu1670\/2026\/02\/OCTUBRE_INFANTIL.jpg\" alt=\"\" width=\"2340\" height=\"1655\" srcset=\"https:\/\/agora.xtec.cat\/esc-antoniomachado\/wp-content\/uploads\/usu1670\/2026\/02\/OCTUBRE_INFANTIL.jpg 2340w, https:\/\/agora.xtec.cat\/esc-antoniomachado\/wp-content\/uploads\/usu1670\/2026\/02\/OCTUBRE_INFANTIL-300x212.jpg 300w, https:\/\/agora.xtec.cat\/esc-antoniomachado\/wp-content\/uploads\/usu1670\/2026\/02\/OCTUBRE_INFANTIL-1024x724.jpg 1024w, https:\/\/agora.xtec.cat\/esc-antoniomachado\/wp-content\/uploads\/usu1670\/2026\/02\/OCTUBRE_INFANTIL-768x543.jpg 768w, https:\/\/agora.xtec.cat\/esc-antoniomachado\/wp-content\/uploads\/usu1670\/2026\/02\/OCTUBRE_INFANTIL-1536x1086.jpg 1536w, https:\/\/agora.xtec.cat\/esc-antoniomachado\/wp-content\/uploads\/usu1670\/2026\/02\/OCTUBRE_INFANTIL-2048x1448.jpg 2048w\" sizes=\"auto, (max-width: 2340px) 100vw, 2340px\" \/><\/a><\/td>\n<td style=\"width: 33.3333%;\"><a href=\"https:\/\/agora.xtec.cat\/esc-antoniomachado\/serveis\/menjador2\/attachment\/octubre_1-2\/\" rel=\"attachment wp-att-23745\"><img loading=\"lazy\" decoding=\"async\" class=\"aligncenter size-medium wp-image-23745\" src=\"https:\/\/agora.xtec.cat\/esc-antoniomachado\/wp-content\/uploads\/usu1670\/2026\/02\/OCTUBRE_1-2-300x212.jpg\" alt=\"\" width=\"300\" height=\"212\" srcset=\"https:\/\/agora.xtec.cat\/esc-antoniomachado\/wp-content\/uploads\/usu1670\/2026\/02\/OCTUBRE_1-2-300x212.jpg 300w, https:\/\/agora.xtec.cat\/esc-antoniomachado\/wp-content\/uploads\/usu1670\/2026\/02\/OCTUBRE_1-2-1024x724.jpg 1024w, https:\/\/agora.xtec.cat\/esc-antoniomachado\/wp-content\/uploads\/usu1670\/2026\/02\/OCTUBRE_1-2-768x543.jpg 768w, https:\/\/agora.xtec.cat\/esc-antoniomachado\/wp-content\/uploads\/usu1670\/2026\/02\/OCTUBRE_1-2-1536x1086.jpg 1536w, https:\/\/agora.xtec.cat\/esc-antoniomachado\/wp-content\/uploads\/usu1670\/2026\/02\/OCTUBRE_1-2-2048x1448.jpg 2048w\" sizes=\"auto, (max-width: 300px) 100vw, 300px\" \/><\/a><\/td>\n<\/tr>\n<tr>\n<td style=\"width: 33.3333%;\"><a href=\"https:\/\/agora.xtec.cat\/esc-antoniomachado\/serveis\/menjador2\/attachment\/octubre_3-4\/\" rel=\"attachment wp-att-23746\"><img loading=\"lazy\" decoding=\"async\" class=\"aligncenter size-full wp-image-23746\" src=\"https:\/\/agora.xtec.cat\/esc-antoniomachado\/wp-content\/uploads\/usu1670\/2026\/02\/OCTUBRE_3-4.jpg\" alt=\"\" width=\"2340\" height=\"1655\" srcset=\"https:\/\/agora.xtec.cat\/esc-antoniomachado\/wp-content\/uploads\/usu1670\/2026\/02\/OCTUBRE_3-4.jpg 2340w, https:\/\/agora.xtec.cat\/esc-antoniomachado\/wp-content\/uploads\/usu1670\/2026\/02\/OCTUBRE_3-4-300x212.jpg 300w, https:\/\/agora.xtec.cat\/esc-antoniomachado\/wp-content\/uploads\/usu1670\/2026\/02\/OCTUBRE_3-4-1024x724.jpg 1024w, https:\/\/agora.xtec.cat\/esc-antoniomachado\/wp-content\/uploads\/usu1670\/2026\/02\/OCTUBRE_3-4-768x543.jpg 768w, https:\/\/agora.xtec.cat\/esc-antoniomachado\/wp-content\/uploads\/usu1670\/2026\/02\/OCTUBRE_3-4-1536x1086.jpg 1536w, https:\/\/agora.xtec.cat\/esc-antoniomachado\/wp-content\/uploads\/usu1670\/2026\/02\/OCTUBRE_3-4-2048x1448.jpg 2048w\" sizes=\"auto, (max-width: 2340px) 100vw, 2340px\" \/><\/a><\/td>\n<td style=\"width: 33.3333%;\"><a href=\"https:\/\/agora.xtec.cat\/esc-antoniomachado\/serveis\/menjador2\/attachment\/octubre_5-6\/\" rel=\"attachment wp-att-23747\"><img loading=\"lazy\" decoding=\"async\" class=\"aligncenter size-full wp-image-23747\" src=\"https:\/\/agora.xtec.cat\/esc-antoniomachado\/wp-content\/uploads\/usu1670\/2026\/02\/OCTUBRE_5-6.jpg\" alt=\"\" width=\"2340\" height=\"1655\" srcset=\"https:\/\/agora.xtec.cat\/esc-antoniomachado\/wp-content\/uploads\/usu1670\/2026\/02\/OCTUBRE_5-6.jpg 2340w, https:\/\/agora.xtec.cat\/esc-antoniomachado\/wp-content\/uploads\/usu1670\/2026\/02\/OCTUBRE_5-6-300x212.jpg 300w, https:\/\/agora.xtec.cat\/esc-antoniomachado\/wp-content\/uploads\/usu1670\/2026\/02\/OCTUBRE_5-6-1024x724.jpg 1024w, https:\/\/agora.xtec.cat\/esc-antoniomachado\/wp-content\/uploads\/usu1670\/2026\/02\/OCTUBRE_5-6-768x543.jpg 768w, https:\/\/agora.xtec.cat\/esc-antoniomachado\/wp-content\/uploads\/usu1670\/2026\/02\/OCTUBRE_5-6-1536x1086.jpg 1536w, https:\/\/agora.xtec.cat\/esc-antoniomachado\/wp-content\/uploads\/usu1670\/2026\/02\/OCTUBRE_5-6-2048x1448.jpg 2048w\" sizes=\"auto, (max-width: 2340px) 100vw, 2340px\" \/><\/a><\/td>\n<td style=\"width: 33.3333%;\"><\/td>\n<\/tr>\n<\/tbody>\n<\/table>\n<table style=\"border-collapse: collapse; width: 100%;\">\n<tbody>\n<tr>\n<td style=\"width: 33.3333%;\"><a href=\"https:\/\/agora.xtec.cat\/esc-antoniomachado\/serveis\/menjador2\/attachment\/musica-2\/\" rel=\"attachment wp-att-18435\"><img loading=\"lazy\" decoding=\"async\" class=\"size-medium wp-image-18435 aligncenter\" src=\"https:\/\/agora.xtec.cat\/esc-antoniomachado\/wp-content\/uploads\/usu1670\/2021\/11\/Musica-2-300x300.jpeg\" alt=\"\" width=\"300\" height=\"300\" srcset=\"https:\/\/agora.xtec.cat\/esc-antoniomachado\/wp-content\/uploads\/usu1670\/2021\/11\/Musica-2-300x300.jpeg 300w, https:\/\/agora.xtec.cat\/esc-antoniomachado\/wp-content\/uploads\/usu1670\/2021\/11\/Musica-2-1024x1024.jpeg 1024w, https:\/\/agora.xtec.cat\/esc-antoniomachado\/wp-content\/uploads\/usu1670\/2021\/11\/Musica-2-150x150.jpeg 150w, https:\/\/agora.xtec.cat\/esc-antoniomachado\/wp-content\/uploads\/usu1670\/2021\/11\/Musica-2-768x768.jpeg 768w, https:\/\/agora.xtec.cat\/esc-antoniomachado\/wp-content\/uploads\/usu1670\/2021\/11\/Musica-2-1536x1536.jpeg 1536w, https:\/\/agora.xtec.cat\/esc-antoniomachado\/wp-content\/uploads\/usu1670\/2021\/11\/Musica-2.jpeg 1920w\" sizes=\"auto, (max-width: 300px) 100vw, 300px\" \/><\/a><\/td>\n<td style=\"width: 33.3333%;\">\n<h3><a href=\"https:\/\/agora.xtec.cat\/esc-antoniomachado\/serveis\/menjador2\/attachment\/musica-1\/\" rel=\"attachment wp-att-18434\"><img loading=\"lazy\" decoding=\"async\" class=\"aligncenter size-medium wp-image-18434\" src=\"https:\/\/agora.xtec.cat\/esc-antoniomachado\/wp-content\/uploads\/usu1670\/2021\/11\/Musica-1-300x300.jpeg\" alt=\"\" width=\"300\" height=\"300\" srcset=\"https:\/\/agora.xtec.cat\/esc-antoniomachado\/wp-content\/uploads\/usu1670\/2021\/11\/Musica-1-300x300.jpeg 300w, https:\/\/agora.xtec.cat\/esc-antoniomachado\/wp-content\/uploads\/usu1670\/2021\/11\/Musica-1-1024x1024.jpeg 1024w, https:\/\/agora.xtec.cat\/esc-antoniomachado\/wp-content\/uploads\/usu1670\/2021\/11\/Musica-1-150x150.jpeg 150w, https:\/\/agora.xtec.cat\/esc-antoniomachado\/wp-content\/uploads\/usu1670\/2021\/11\/Musica-1-768x768.jpeg 768w, https:\/\/agora.xtec.cat\/esc-antoniomachado\/wp-content\/uploads\/usu1670\/2021\/11\/Musica-1-1536x1536.jpeg 1536w, https:\/\/agora.xtec.cat\/esc-antoniomachado\/wp-content\/uploads\/usu1670\/2021\/11\/Musica-1.jpeg 1920w\" sizes=\"auto, (max-width: 300px) 100vw, 300px\" \/><\/a><\/h3>\n<\/td>\n<td style=\"width: 33.3333%;\"><a href=\"https:\/\/agora.xtec.cat\/esc-antoniomachado\/serveis\/menjador2\/attachment\/tardor-1\/\" rel=\"attachment wp-att-18436\"><img loading=\"lazy\" decoding=\"async\" class=\"aligncenter size-medium wp-image-18436\" src=\"https:\/\/agora.xtec.cat\/esc-antoniomachado\/wp-content\/uploads\/usu1670\/2021\/11\/Tardor-1-300x300.jpeg\" alt=\"\" width=\"300\" height=\"300\" srcset=\"https:\/\/agora.xtec.cat\/esc-antoniomachado\/wp-content\/uploads\/usu1670\/2021\/11\/Tardor-1-300x300.jpeg 300w, https:\/\/agora.xtec.cat\/esc-antoniomachado\/wp-content\/uploads\/usu1670\/2021\/11\/Tardor-1-1024x1024.jpeg 1024w, https:\/\/agora.xtec.cat\/esc-antoniomachado\/wp-content\/uploads\/usu1670\/2021\/11\/Tardor-1-150x150.jpeg 150w, https:\/\/agora.xtec.cat\/esc-antoniomachado\/wp-content\/uploads\/usu1670\/2021\/11\/Tardor-1-768x768.jpeg 768w, https:\/\/agora.xtec.cat\/esc-antoniomachado\/wp-content\/uploads\/usu1670\/2021\/11\/Tardor-1-1536x1536.jpeg 1536w, https:\/\/agora.xtec.cat\/esc-antoniomachado\/wp-content\/uploads\/usu1670\/2021\/11\/Tardor-1.jpeg 1920w\" sizes=\"auto, (max-width: 300px) 100vw, 300px\" \/><\/a><\/td>\n<\/tr>\n<\/tbody>\n<\/table>\n<p>Consells pr\u00e0ctics per acompanyar l&#8217;\u00e0pat dels infants:<a href=\"https:\/\/agora.xtec.cat\/esc-antoniomachado\/wp-content\/uploads\/usu1670\/2026\/02\/consells-practics.jpg\" rel=\"attachment wp-att-23701\"><img loading=\"lazy\" decoding=\"async\" class=\"wp-image-23701 alignleft\" src=\"https:\/\/agora.xtec.cat\/esc-antoniomachado\/wp-content\/uploads\/usu1670\/2026\/02\/consells-practics.jpg\" alt=\"\" width=\"514\" height=\"363\" srcset=\"https:\/\/agora.xtec.cat\/esc-antoniomachado\/wp-content\/uploads\/usu1670\/2026\/02\/consells-practics.jpg 2233w, https:\/\/agora.xtec.cat\/esc-antoniomachado\/wp-content\/uploads\/usu1670\/2026\/02\/consells-practics-300x212.jpg 300w, https:\/\/agora.xtec.cat\/esc-antoniomachado\/wp-content\/uploads\/usu1670\/2026\/02\/consells-practics-1024x724.jpg 1024w, https:\/\/agora.xtec.cat\/esc-antoniomachado\/wp-content\/uploads\/usu1670\/2026\/02\/consells-practics-768x543.jpg 768w, https:\/\/agora.xtec.cat\/esc-antoniomachado\/wp-content\/uploads\/usu1670\/2026\/02\/consells-practics-1536x1086.jpg 1536w, https:\/\/agora.xtec.cat\/esc-antoniomachado\/wp-content\/uploads\/usu1670\/2026\/02\/consells-practics-2048x1448.jpg 2048w\" sizes=\"auto, (max-width: 514px) 100vw, 514px\" \/><\/a><\/p>\n<h3><\/h3>\n<h3><\/h3>\n<h3><\/h3>\n<h3><\/h3>\n<p>Informaci\u00f3 per a les fam\u00edlies:<br \/>\n<a href=\"https:\/\/agora.xtec.cat\/esc-antoniomachado\/wp-content\/uploads\/usu1670\/2026\/02\/informacio-families.pdf\" rel=\"attachment wp-att-23707\"><img loading=\"lazy\" decoding=\"async\" class=\"alignleft wp-image-23707\" src=\"https:\/\/agora.xtec.cat\/esc-antoniomachado\/wp-content\/uploads\/usu1670\/2026\/02\/Informacio-families_Pagina_1.jpg\" alt=\"\" width=\"280\" height=\"396\" srcset=\"https:\/\/agora.xtec.cat\/esc-antoniomachado\/wp-content\/uploads\/usu1670\/2026\/02\/Informacio-families_Pagina_1.jpg 1655w, https:\/\/agora.xtec.cat\/esc-antoniomachado\/wp-content\/uploads\/usu1670\/2026\/02\/Informacio-families_Pagina_1-212x300.jpg 212w, https:\/\/agora.xtec.cat\/esc-antoniomachado\/wp-content\/uploads\/usu1670\/2026\/02\/Informacio-families_Pagina_1-724x1024.jpg 724w, https:\/\/agora.xtec.cat\/esc-antoniomachado\/wp-content\/uploads\/usu1670\/2026\/02\/Informacio-families_Pagina_1-768x1086.jpg 768w, https:\/\/agora.xtec.cat\/esc-antoniomachado\/wp-content\/uploads\/usu1670\/2026\/02\/Informacio-families_Pagina_1-1086x1536.jpg 1086w, https:\/\/agora.xtec.cat\/esc-antoniomachado\/wp-content\/uploads\/usu1670\/2026\/02\/Informacio-families_Pagina_1-1448x2048.jpg 1448w\" sizes=\"auto, (max-width: 280px) 100vw, 280px\" \/><\/a><\/p>\n<h3><\/h3>\n<h3><\/h3>\n<h3><\/h3>\n<h3><\/h3>\n<h3><\/h3>\n<h3><\/h3>\n<h3><\/h3>\n<h3><\/h3>\n<h3 class=\"post-title entry-title\"><b style=\"font-size: 1.4375em;\">Contacte<\/b><\/h3>\n<div id=\"post-body-6660428656883965529\" class=\"post-body entry-content\">\n<ul>\n<li>Tel\u00e8fon del menjador: 625 45 30 37<\/li>\n<\/ul>\n<div class=\"separator\"><\/div>\n<\/div>\n<div><\/div>\n","protected":false},"excerpt":{"rendered":"<p>El Menjador escolar \u00e9s un servei que gestiona l&#8217;equip directiu de l&#8217;escola i l&#8217;AFA a trav\u00e9s de l&#8217;empresa Saned Per donar-vos d&#8217;alta al servei i gestionar l&#8217;assist\u00e8ncia podeu accedir aqu\u00ed! Aquestes s\u00f3n algunes de les activitats que tamb\u00e9 realitzem durant l&#8217;estona de menjador: Consells pr\u00e0ctics per acompanyar l&#8217;\u00e0pat dels infants: Informaci\u00f3 per a les fam\u00edlies: [&hellip;]<\/p>\n","protected":false},"author":1,"featured_media":0,"parent":66,"menu_order":1,"comment_status":"closed","ping_status":"closed","template":"","meta":{"_bbp_topic_count":0,"_bbp_reply_count":0,"_bbp_total_topic_count":0,"_bbp_total_reply_count":0,"_bbp_voice_count":0,"_bbp_anonymous_reply_count":0,"_bbp_topic_count_hidden":0,"_bbp_reply_count_hidden":0,"_bbp_forum_subforum_count":0,"site-sidebar-layout":"default","site-content-layout":"","ast-site-content-layout":"default","site-content-style":"default","site-sidebar-style":"default","ast-global-header-display":"","ast-banner-title-visibility":"","ast-main-header-display":"","ast-hfb-above-header-display":"","ast-hfb-below-header-display":"","ast-hfb-mobile-header-display":"","site-post-title":"","ast-breadcrumbs-content":"","ast-featured-img":"","footer-sml-layout":"","theme-transparent-header-meta":"","adv-header-id-meta":"","stick-header-meta":"","header-above-stick-meta":"","header-main-stick-meta":"","header-below-stick-meta":"","astra-migrate-meta-layouts":"set","ast-page-background-enabled":"default","ast-page-background-meta":{"desktop":{"background-color":"var(--ast-global-color-4)","background-image":"","background-repeat":"repeat","background-position":"center center","background-size":"auto","background-attachment":"scroll","background-type":"","background-media":"","overlay-type":"","overlay-color":"","overlay-opacity":"","overlay-gradient":""},"tablet":{"background-color":"","background-image":"","background-repeat":"repeat","background-position":"center center","background-size":"auto","background-attachment":"scroll","background-type":"","background-media":"","overlay-type":"","overlay-color":"","overlay-opacity":"","overlay-gradient":""},"mobile":{"background-color":"","background-image":"","background-repeat":"repeat","background-position":"center center","background-size":"auto","background-attachment":"scroll","background-type":"","background-media":"","overlay-type":"","overlay-color":"","overlay-opacity":"","overlay-gradient":""}},"ast-content-background-meta":{"desktop":{"background-color":"var(--ast-global-color-5)","background-image":"","background-repeat":"repeat","background-position":"center center","background-size":"auto","background-attachment":"scroll","background-type":"","background-media":"","overlay-type":"","overlay-color":"","overlay-opacity":"","overlay-gradient":""},"tablet":{"background-color":"var(--ast-global-color-5)","background-image":"","background-repeat":"repeat","background-position":"center center","background-size":"auto","background-attachment":"scroll","background-type":"","background-media":"","overlay-type":"","overlay-color":"","overlay-opacity":"","overlay-gradient":""},"mobile":{"background-color":"var(--ast-global-color-5)","background-image":"","background-repeat":"repeat","background-position":"center center","background-size":"auto","background-attachment":"scroll","background-type":"","background-media":"","overlay-type":"","overlay-color":"","overlay-opacity":"","overlay-gradient":""}},"footnotes":""},"class_list":["post-5155","page","type-page","status-publish","hentry"],"post_mailing_queue_ids":[],"_links":{"self":[{"href":"https:\/\/agora.xtec.cat\/esc-antoniomachado\/wp-json\/wp\/v2\/pages\/5155","targetHints":{"allow":["GET"]}}],"collection":[{"href":"https:\/\/agora.xtec.cat\/esc-antoniomachado\/wp-json\/wp\/v2\/pages"}],"about":[{"href":"https:\/\/agora.xtec.cat\/esc-antoniomachado\/wp-json\/wp\/v2\/types\/page"}],"author":[{"embeddable":true,"href":"https:\/\/agora.xtec.cat\/esc-antoniomachado\/wp-json\/wp\/v2\/users\/1"}],"replies":[{"embeddable":true,"href":"https:\/\/agora.xtec.cat\/esc-antoniomachado\/wp-json\/wp\/v2\/comments?post=5155"}],"version-history":[{"count":7,"href":"https:\/\/agora.xtec.cat\/esc-antoniomachado\/wp-json\/wp\/v2\/pages\/5155\/revisions"}],"predecessor-version":[{"id":24139,"href":"https:\/\/agora.xtec.cat\/esc-antoniomachado\/wp-json\/wp\/v2\/pages\/5155\/revisions\/24139"}],"up":[{"embeddable":true,"href":"https:\/\/agora.xtec.cat\/esc-antoniomachado\/wp-json\/wp\/v2\/pages\/66"}],"wp:attachment":[{"href":"https:\/\/agora.xtec.cat\/esc-antoniomachado\/wp-json\/wp\/v2\/media?parent=5155"}],"curies":[{"name":"wp","href":"https:\/\/api.w.org\/{rel}","templated":true}]}}