{"id":4840,"date":"2018-01-17T13:45:42","date_gmt":"2018-01-17T12:45:42","guid":{"rendered":"http:\/\/agora.xtec.cat\/esc-antoniomachado\/?page_id=4840"},"modified":"2025-09-28T11:25:59","modified_gmt":"2025-09-28T09:25:59","slug":"collaborar","status":"publish","type":"page","link":"https:\/\/agora.xtec.cat\/esc-antoniomachado\/families\/collaborar\/","title":{"rendered":"Contacta i Col\u00b7labora"},"content":{"rendered":"<p><a href=\"https:\/\/agora.xtec.cat\/esc-antoniomachado\/serveis\/attachment\/logo-afa-machado-2\/\" rel=\"attachment wp-att-23142\"><img loading=\"lazy\" decoding=\"async\" class=\"aligncenter  wp-image-23142\" src=\"https:\/\/agora.xtec.cat\/esc-antoniomachado\/wp-content\/uploads\/usu1670\/2025\/09\/LOGO-AFA-MACHADO-2.png\" alt=\"\" width=\"338\" height=\"185\" srcset=\"https:\/\/agora.xtec.cat\/esc-antoniomachado\/wp-content\/uploads\/usu1670\/2025\/09\/LOGO-AFA-MACHADO-2.png 1646w, https:\/\/agora.xtec.cat\/esc-antoniomachado\/wp-content\/uploads\/usu1670\/2025\/09\/LOGO-AFA-MACHADO-2-300x164.png 300w, https:\/\/agora.xtec.cat\/esc-antoniomachado\/wp-content\/uploads\/usu1670\/2025\/09\/LOGO-AFA-MACHADO-2-1024x561.png 1024w, https:\/\/agora.xtec.cat\/esc-antoniomachado\/wp-content\/uploads\/usu1670\/2025\/09\/LOGO-AFA-MACHADO-2-768x421.png 768w, https:\/\/agora.xtec.cat\/esc-antoniomachado\/wp-content\/uploads\/usu1670\/2025\/09\/LOGO-AFA-MACHADO-2-1536x842.png 1536w\" sizes=\"auto, (max-width: 338px) 100vw, 338px\" \/><\/a><\/p>\n<p>Pots contactar amb l&#8217;AFA a trav\u00e9s del correu <u><a href=\"mailto:afaescolaantoniomachado@gmail.com\">afaescolaantoniomachado@gmail.com<\/a><\/u><\/p>\n<p>Per estar al dia de les not\u00edcies i activitats de l&#8217;AFA et recomanem seguir les nostres publicacions a:<\/p>\n<ul>\n<li><u><a href=\"https:\/\/www.facebook.com\/AFAEscolaAntonioMachado\/\">Facebook<\/a><\/u><\/li>\n<li><u><a href=\"https:\/\/www.instagram.com\/escolamachadomataro\/\">Instagram<\/a><\/u><\/li>\n<li><u><a href=\"http:\/\/www.escolaantoniomachado.cat\/categoria\/families\/\">Bloc de l&#8217;AFA<\/a><\/u><\/li>\n<\/ul>\n<p><strong>Pots col\u00b7laborar econ\u00f2micament amb l&#8217;AFA pagant la quota anual de 20\u20ac per fam\u00edlia<\/strong>. De fet, \u00e9s molt important fer-ho. L&#8217;AFA es financia principalment de les quotes anuals dels socis i, puntualment, de la venda de merxandatge i els diners que s&#8217;obtenen a les festes de l&#8217;escola. Sense recursos econ\u00f2mics, la majoria d&#8217;activitats i serveis oferts a l&#8217;escola no es podrien realitzar.\u00a0<u><a href=\"http:\/\/agora.xtec.cat\/esc-antoniomachado\/families\/la-quota\/\">Fes-te soci!<\/a><\/u><\/p>\n<p>Al calendari trobar\u00e0s les activitats organitzades a l&#8217;escola, les reunions de les comissions o la convocat\u00f2ria mensual de la Junta de l&#8217;AFA. Totes les activitats i reunions s\u00f3n obertes a les fam\u00edlies del centre, participa!<\/p>\n<p><iframe loading=\"lazy\" src=\"https:\/\/calendar.google.com\/calendar\/embed?src=7s3lbmd4k68skoq6m5uj5e08tk%40group.calendar.google.com&amp;ctz=Europe%2FMadrid\" width=\"800\" height=\"600\" frameborder=\"0\" scrolling=\"no\"><\/iframe><\/p>\n<p>&nbsp;<\/p>\n","protected":false},"excerpt":{"rendered":"<p>Pots contactar amb l&#8217;AFA a trav\u00e9s del correu afaescolaantoniomachado@gmail.com Per estar al dia de les not\u00edcies i activitats de l&#8217;AFA et recomanem seguir les nostres publicacions a: Facebook Instagram Bloc de l&#8217;AFA Pots col\u00b7laborar econ\u00f2micament amb l&#8217;AFA pagant la quota anual de 20\u20ac per fam\u00edlia. De fet, \u00e9s molt important fer-ho. L&#8217;AFA es financia principalment [&hellip;]<\/p>\n","protected":false},"author":1,"featured_media":0,"parent":4813,"menu_order":6,"comment_status":"closed","ping_status":"closed","template":"page-templates\/side-menu.php","meta":{"_bbp_topic_count":0,"_bbp_reply_count":0,"_bbp_total_topic_count":0,"_bbp_total_reply_count":0,"_bbp_voice_count":0,"_bbp_anonymous_reply_count":0,"_bbp_topic_count_hidden":0,"_bbp_reply_count_hidden":0,"_bbp_forum_subforum_count":0,"site-sidebar-layout":"default","site-content-layout":"","ast-site-content-layout":"","site-content-style":"default","site-sidebar-style":"default","ast-global-header-display":"","ast-banner-title-visibility":"","ast-main-header-display":"","ast-hfb-above-header-display":"","ast-hfb-below-header-display":"","ast-hfb-mobile-header-display":"","site-post-title":"","ast-breadcrumbs-content":"","ast-featured-img":"","footer-sml-layout":"","theme-transparent-header-meta":"","adv-header-id-meta":"","stick-header-meta":"","header-above-stick-meta":"","header-main-stick-meta":"","header-below-stick-meta":"","astra-migrate-meta-layouts":"default","ast-page-background-enabled":"default","ast-page-background-meta":{"desktop":{"background-color":"var(--ast-global-color-4)","background-image":"","background-repeat":"repeat","background-position":"center center","background-size":"auto","background-attachment":"scroll","background-type":"","background-media":"","overlay-type":"","overlay-color":"","overlay-opacity":"","overlay-gradient":""},"tablet":{"background-color":"","background-image":"","background-repeat":"repeat","background-position":"center center","background-size":"auto","background-attachment":"scroll","background-type":"","background-media":"","overlay-type":"","overlay-color":"","overlay-opacity":"","overlay-gradient":""},"mobile":{"background-color":"","background-image":"","background-repeat":"repeat","background-position":"center center","background-size":"auto","background-attachment":"scroll","background-type":"","background-media":"","overlay-type":"","overlay-color":"","overlay-opacity":"","overlay-gradient":""}},"ast-content-background-meta":{"desktop":{"background-color":"var(--ast-global-color-5)","background-image":"","background-repeat":"repeat","background-position":"center center","background-size":"auto","background-attachment":"scroll","background-type":"","background-media":"","overlay-type":"","overlay-color":"","overlay-opacity":"","overlay-gradient":""},"tablet":{"background-color":"var(--ast-global-color-5)","background-image":"","background-repeat":"repeat","background-position":"center center","background-size":"auto","background-attachment":"scroll","background-type":"","background-media":"","overlay-type":"","overlay-color":"","overlay-opacity":"","overlay-gradient":""},"mobile":{"background-color":"var(--ast-global-color-5)","background-image":"","background-repeat":"repeat","background-position":"center center","background-size":"auto","background-attachment":"scroll","background-type":"","background-media":"","overlay-type":"","overlay-color":"","overlay-opacity":"","overlay-gradient":""}},"footnotes":""},"class_list":["post-4840","page","type-page","status-publish","hentry"],"post_mailing_queue_ids":[],"_links":{"self":[{"href":"https:\/\/agora.xtec.cat\/esc-antoniomachado\/wp-json\/wp\/v2\/pages\/4840","targetHints":{"allow":["GET"]}}],"collection":[{"href":"https:\/\/agora.xtec.cat\/esc-antoniomachado\/wp-json\/wp\/v2\/pages"}],"about":[{"href":"https:\/\/agora.xtec.cat\/esc-antoniomachado\/wp-json\/wp\/v2\/types\/page"}],"author":[{"embeddable":true,"href":"https:\/\/agora.xtec.cat\/esc-antoniomachado\/wp-json\/wp\/v2\/users\/1"}],"replies":[{"embeddable":true,"href":"https:\/\/agora.xtec.cat\/esc-antoniomachado\/wp-json\/wp\/v2\/comments?post=4840"}],"version-history":[{"count":5,"href":"https:\/\/agora.xtec.cat\/esc-antoniomachado\/wp-json\/wp\/v2\/pages\/4840\/revisions"}],"predecessor-version":[{"id":23145,"href":"https:\/\/agora.xtec.cat\/esc-antoniomachado\/wp-json\/wp\/v2\/pages\/4840\/revisions\/23145"}],"up":[{"embeddable":true,"href":"https:\/\/agora.xtec.cat\/esc-antoniomachado\/wp-json\/wp\/v2\/pages\/4813"}],"wp:attachment":[{"href":"https:\/\/agora.xtec.cat\/esc-antoniomachado\/wp-json\/wp\/v2\/media?parent=4840"}],"curies":[{"name":"wp","href":"https:\/\/api.w.org\/{rel}","templated":true}]}}