{"id":4817,"date":"2018-01-16T20:59:23","date_gmt":"2018-01-16T19:59:23","guid":{"rendered":"http:\/\/agora.xtec.cat\/esc-antoniomachado\/?page_id=4817"},"modified":"2025-10-28T15:27:54","modified_gmt":"2025-10-28T14:27:54","slug":"organitzacio","status":"publish","type":"page","link":"https:\/\/agora.xtec.cat\/esc-antoniomachado\/families\/organitzacio\/","title":{"rendered":"Organitzaci\u00f3"},"content":{"rendered":"<h2><strong>Curs 2025-2026<\/strong><\/h2>\n<h5><strong>Junta de l&#8217;AFA<\/strong><\/h5>\n<ol>\n<li dir=\"ltr\" role=\"presentation\"><span style=\"font-family: tahoma, sans-serif;\">Andrea Lissidini &#8211; Presidenta<\/span><\/li>\n<li dir=\"ltr\" role=\"presentation\"><span style=\"font-family: tahoma, sans-serif;\">Marta Campos &#8211; Secret\u00e0ria<\/span><\/li>\n<li dir=\"ltr\" role=\"presentation\"><span style=\"font-family: tahoma, sans-serif;\">Marta Otero &#8211; Tresorera <\/span><\/li>\n<li>Vicky Rivera <span style=\"font-family: tahoma, sans-serif;\">&#8211; Vocal<\/span><\/li>\n<li><span style=\"font-family: tahoma, sans-serif;\">Esther Ramos &#8211; Vocal\u00a0<\/span><\/li>\n<li><span style=\"font-family: tahoma, sans-serif;\">N\u00faria Molina \/ Carlos Montero &#8211; Vocal<\/span><\/li>\n<li>Bea Garcia <span style=\"font-family: tahoma, sans-serif;\">&#8211; Vocal<\/span><\/li>\n<li>Ines Dix &#8211; Vocal<\/li>\n<li dir=\"ltr\" role=\"presentation\"><span style=\"font-family: tahoma, sans-serif;\">Ramon Castell\u00f3 &#8211; Representant AFA al Consell Escolar\u00a0<\/span><\/li>\n<\/ol>\n<h5><strong>Comissi\u00f3 de Serveis<\/strong><\/h5>\n<p>Gestiona els <a href=\"https:\/\/agora.xtec.cat\/esc-antoniomachado\/serveis\/\" target=\"_blank\" rel=\"noopener\">serveis<\/a> de biblioteca, menjador, extraescolars, acollides i casals.<\/p>\n<h5><strong>Comissi\u00f3 de Festes<\/strong><\/h5>\n<p>Fomenta la participaci\u00f3 a trav\u00e9s de <a href=\"http:\/\/agora.xtec.cat\/esc-antoniomachado\/families\/festes-i-activitats\/\" target=\"_blank\" rel=\"noopener\">festes i activitats<\/a> coherents amb el projecte pedag\u00f2gic de l&#8217;escola.<\/p>\n<h5><strong>Comissi\u00f3 d&#8217;Espai Familiar<\/strong><\/h5>\n<p>Ofereix a les fam\u00edlies de l&#8217;escola nous <a href=\"http:\/\/agora.xtec.cat\/esc-antoniomachado\/families\/espai-familiar\/\" target=\"_blank\" rel=\"noopener\">espais de formaci\u00f3 i lleure<\/a> en horaris extraescolars.<\/p>\n<h5><strong>Comissi\u00f3 de Manteniment<\/strong><\/h5>\n<p>Fomenta la <a href=\"http:\/\/agora.xtec.cat\/esc-antoniomachado\/families\/participacio\/\" target=\"_blank\" rel=\"noopener\">participaci\u00f3 activa<\/a> de les fam\u00edlies en la gesti\u00f3 i manteniment del centre educatiu.<\/p>\n<h5><strong>Comissi\u00f3 de Gegants i Nans<\/strong><\/h5>\n<p>Promou la <a href=\"http:\/\/agora.xtec.cat\/esc-antoniomachado\/families\/colla-gegantera\/\" target=\"_blank\" rel=\"noopener\">colla gegantera<\/a> de l\u2019escola Antonio Machado i defineix activitats complement\u00e0ries que permetin la seva m\u00e0xima posada en valor.<\/p>\n<h5><strong>Comissi\u00f3 de Comunicaci\u00f3<\/strong><\/h5>\n<p>Gestiona la <a href=\"https:\/\/agora.xtec.cat\/esc-antoniomachado\/categoria\/families\/\" target=\"_blank\" rel=\"noopener\">comunicaci\u00f3<\/a> amb relaci\u00f3 a totes les activitats i informacions d\u2019inter\u00e8s per a les fam\u00edlies i mitjans de comunicaci\u00f3 externs.<\/p>\n","protected":false},"excerpt":{"rendered":"<p>Curs 2025-2026 Junta de l&#8217;AFA Andrea Lissidini &#8211; Presidenta Marta Campos &#8211; Secret\u00e0ria Marta Otero &#8211; Tresorera Vicky Rivera &#8211; Vocal Esther Ramos &#8211; Vocal\u00a0 N\u00faria Molina \/ Carlos Montero &#8211; Vocal Bea Garcia &#8211; Vocal Ines Dix &#8211; Vocal Ramon Castell\u00f3 &#8211; Representant AFA al Consell Escolar\u00a0 Comissi\u00f3 de Serveis Gestiona els serveis de [&hellip;]<\/p>\n","protected":false},"author":1,"featured_media":0,"parent":4813,"menu_order":1,"comment_status":"closed","ping_status":"closed","template":"page-templates\/side-menu.php","meta":{"_bbp_topic_count":0,"_bbp_reply_count":0,"_bbp_total_topic_count":0,"_bbp_total_reply_count":0,"_bbp_voice_count":0,"_bbp_anonymous_reply_count":0,"_bbp_topic_count_hidden":0,"_bbp_reply_count_hidden":0,"_bbp_forum_subforum_count":0,"site-sidebar-layout":"default","site-content-layout":"","ast-site-content-layout":"","site-content-style":"default","site-sidebar-style":"default","ast-global-header-display":"","ast-banner-title-visibility":"","ast-main-header-display":"","ast-hfb-above-header-display":"","ast-hfb-below-header-display":"","ast-hfb-mobile-header-display":"","site-post-title":"","ast-breadcrumbs-content":"","ast-featured-img":"","footer-sml-layout":"","theme-transparent-header-meta":"","adv-header-id-meta":"","stick-header-meta":"","header-above-stick-meta":"","header-main-stick-meta":"","header-below-stick-meta":"","astra-migrate-meta-layouts":"default","ast-page-background-enabled":"default","ast-page-background-meta":{"desktop":{"background-color":"var(--ast-global-color-4)","background-image":"","background-repeat":"repeat","background-position":"center center","background-size":"auto","background-attachment":"scroll","background-type":"","background-media":"","overlay-type":"","overlay-color":"","overlay-opacity":"","overlay-gradient":""},"tablet":{"background-color":"","background-image":"","background-repeat":"repeat","background-position":"center center","background-size":"auto","background-attachment":"scroll","background-type":"","background-media":"","overlay-type":"","overlay-color":"","overlay-opacity":"","overlay-gradient":""},"mobile":{"background-color":"","background-image":"","background-repeat":"repeat","background-position":"center center","background-size":"auto","background-attachment":"scroll","background-type":"","background-media":"","overlay-type":"","overlay-color":"","overlay-opacity":"","overlay-gradient":""}},"ast-content-background-meta":{"desktop":{"background-color":"var(--ast-global-color-5)","background-image":"","background-repeat":"repeat","background-position":"center center","background-size":"auto","background-attachment":"scroll","background-type":"","background-media":"","overlay-type":"","overlay-color":"","overlay-opacity":"","overlay-gradient":""},"tablet":{"background-color":"var(--ast-global-color-5)","background-image":"","background-repeat":"repeat","background-position":"center center","background-size":"auto","background-attachment":"scroll","background-type":"","background-media":"","overlay-type":"","overlay-color":"","overlay-opacity":"","overlay-gradient":""},"mobile":{"background-color":"var(--ast-global-color-5)","background-image":"","background-repeat":"repeat","background-position":"center center","background-size":"auto","background-attachment":"scroll","background-type":"","background-media":"","overlay-type":"","overlay-color":"","overlay-opacity":"","overlay-gradient":""}},"footnotes":""},"class_list":["post-4817","page","type-page","status-publish","hentry"],"post_mailing_queue_ids":[],"_links":{"self":[{"href":"https:\/\/agora.xtec.cat\/esc-antoniomachado\/wp-json\/wp\/v2\/pages\/4817","targetHints":{"allow":["GET"]}}],"collection":[{"href":"https:\/\/agora.xtec.cat\/esc-antoniomachado\/wp-json\/wp\/v2\/pages"}],"about":[{"href":"https:\/\/agora.xtec.cat\/esc-antoniomachado\/wp-json\/wp\/v2\/types\/page"}],"author":[{"embeddable":true,"href":"https:\/\/agora.xtec.cat\/esc-antoniomachado\/wp-json\/wp\/v2\/users\/1"}],"replies":[{"embeddable":true,"href":"https:\/\/agora.xtec.cat\/esc-antoniomachado\/wp-json\/wp\/v2\/comments?post=4817"}],"version-history":[{"count":7,"href":"https:\/\/agora.xtec.cat\/esc-antoniomachado\/wp-json\/wp\/v2\/pages\/4817\/revisions"}],"predecessor-version":[{"id":24138,"href":"https:\/\/agora.xtec.cat\/esc-antoniomachado\/wp-json\/wp\/v2\/pages\/4817\/revisions\/24138"}],"up":[{"embeddable":true,"href":"https:\/\/agora.xtec.cat\/esc-antoniomachado\/wp-json\/wp\/v2\/pages\/4813"}],"wp:attachment":[{"href":"https:\/\/agora.xtec.cat\/esc-antoniomachado\/wp-json\/wp\/v2\/media?parent=4817"}],"curies":[{"name":"wp","href":"https:\/\/api.w.org\/{rel}","templated":true}]}}