{"id":23889,"date":"2026-02-18T13:51:15","date_gmt":"2026-02-18T12:51:15","guid":{"rendered":"https:\/\/agora.xtec.cat\/esc-antoniomachado\/?page_id=23889"},"modified":"2026-02-27T20:57:43","modified_gmt":"2026-02-27T19:57:43","slug":"espais-dexperiencies","status":"publish","type":"page","link":"https:\/\/agora.xtec.cat\/esc-antoniomachado\/com-ho-fem\/espais-dexperiencies\/","title":{"rendered":"Els espais d&#8217;experi\u00e8ncies a Prim\u00e0ria"},"content":{"rendered":"\n<p style=\"padding-top:0;padding-right:0;padding-bottom:0;padding-left:0;font-size:25px\">A la nostra escola entenem l\u2019aprenentatge com una experi\u00e8ncia connectada amb els interessos dels infants i amb el seu entorn m\u00e9s proper. En aquesta l\u00ednia, a prim\u00e0ria dediquem <strong><mark style=\"background-color:rgba(0, 0, 0, 0)\" class=\"has-inline-color has-ast-global-color-0-color\">una sessi\u00f3 setmanal <\/mark><\/strong>als <em>espais d\u2019experi\u00e8ncies<\/em>: un temps pensat perqu\u00e8 l\u2019alumnat pugui aprendre des de la<mark style=\"background-color:rgba(0, 0, 0, 0)\" class=\"has-inline-color has-ast-global-color-0-color\"> <strong>viv\u00e8ncia, la tria i la participaci\u00f3 activa<\/strong>.<\/mark><\/p>\n\n\n\n<p style=\"font-size:25px\">Els espais s\u00f3n <strong><mark style=\"background-color:rgba(0, 0, 0, 0)\" class=\"has-inline-color has-ast-global-color-0-color\">aules tem\u00e0tiques<\/mark><\/strong> distribu\u00efdes per tota l\u2019escola que simulen entorns reals \u2014com el laboratori, la ciutat, el museu, la biblioteca o l\u2019espai tecnol\u00f2gic\u2014 i ofereixen materials i propostes per a les diferents edats. <strong><mark style=\"background-color:rgba(0, 0, 0, 0)\" class=\"has-inline-color has-ast-global-color-0-color\">Cada infant decideix a quin espai vol anar, assumint un paper actiu en el seu proc\u00e9s d\u2019aprenentatge<\/mark><\/strong>.<\/p>\n\n\n\n<p style=\"font-size:25px\">Aquesta organitzaci\u00f3 fomenta l<mark style=\"background-color:rgba(0, 0, 0, 0)\" class=\"has-inline-color has-ast-global-color-0-color\">\u2019<strong>autonomia, la responsabilitat i la presa de decisions<\/strong><\/mark>. Tamb\u00e9 afavoreix la cooperaci\u00f3, ja que els infants comparteixen experi\u00e8ncies amb companys i companyes del mateix cicle, resolen reptes conjuntament i construeixen coneixement des de l\u2019acci\u00f3 i la conversa.<\/p>\n\n\n\n<p style=\"font-size:25px\">El <mark style=\"background-color:rgba(0, 0, 0, 0)\" class=\"has-inline-color has-ast-global-color-0-color\"><strong>paper del mestre<\/strong> <\/mark>o mestra \u00e9s acompanyar, orientar i plantejar nous reptes, respectant el ritme i els interessos de cada alumne o alumna. Aix\u00ed, els espais d\u2019experi\u00e8ncies esdevenen <mark style=\"background-color:rgba(0, 0, 0, 0)\" class=\"has-inline-color has-ast-global-color-0-color\"><strong>un context d\u2019aprenentatge competencial, significatiu i connectat amb el m\u00f3n que els envolta<\/strong>.<\/mark><\/p>\n\n\n\n<p style=\"padding-top:0;padding-right:0;padding-bottom:0;padding-left:0;font-size:25px\">En <strong><mark style=\"background-color:rgba(0, 0, 0, 0)\" class=\"has-inline-color has-ast-global-color-0-color\">aquesta presentaci\u00f3<\/mark><\/strong> podreu con\u00e8ixer amb m\u00e9s detall els diferents espais i la intencionalitat pedag\u00f2gica que hi ha darrere de cadascun d\u2019ells.<\/p>\n\n\n\n<p><\/p>\n\n\n\n<div style=\"max-width: 1100px; margin: 0 auto;\">\n  <div style=\"position: relative; width: 100%; height: 0; padding-top: 56.25%;\n   box-shadow: 0 2px 8px 0 rgba(63,69,81,0.16); \n   margin-top: 1.6em; margin-bottom: 0.9em; \n   overflow: hidden; border-radius: 8px;\">\n  <iframe loading=\"lazy\" style=\"position: absolute; width: 100%; height: 100%; top: 0; left: 0; border: none; padding: 0;margin: 0;\"\n    src=\"https:\/\/www.canva.com\/design\/DAGe44sDJfw\/OqambiJCxScDFGSidpZtFg\/view?embed\" allowfullscreen=\"allowfullscreen\" allow=\"fullscreen\">\n  <\/iframe>\n<\/div>\n<a href=\"https:&#x2F;&#x2F;www.canva.com&#x2F;design&#x2F;DAGe44sDJfw&#x2F;OqambiJCxScDFGSidpZtFg&#x2F;view?utm_content=DAGe44sDJfw&amp;utm_campaign=designshare&amp;utm_medium=embeds&amp;utm_source=link\" target=\"_blank\" rel=\"noopener\">\n\n\n\n<div class=\"wp-block-buttons alignwide is-content-justification-center is-layout-flex wp-container-core-buttons-is-layout-1 wp-block-buttons-is-layout-flex\"><\/div>\n\n\n\n<p><\/p>\n\n\n\n<p style=\"font-size:25px\">Algunes imatges dels espais d&#8217;experi\u00e8ncies <strong><mark style=\"background-color:rgba(0, 0, 0, 0)\" class=\"has-inline-color has-ast-global-color-0-color\">aqu\u00ed. <\/mark><mark style=\"background-color:rgba(0, 0, 0, 0)\" class=\"has-inline-color has-ast-global-color-0-color\"><\/mark><\/strong><\/p>\n\n\n\n<p><\/p>\n","protected":false},"excerpt":{"rendered":"<p>A la nostra escola entenem l\u2019aprenentatge com una experi\u00e8ncia connectada amb els interessos dels infants i amb el seu entorn m\u00e9s proper. En aquesta l\u00ednia, a prim\u00e0ria dediquem una sessi\u00f3 setmanal als espais d\u2019experi\u00e8ncies: un temps pensat perqu\u00e8 l\u2019alumnat pugui aprendre des de la viv\u00e8ncia, la tria i la participaci\u00f3 activa. Els espais s\u00f3n aules [&hellip;]<\/p>\n","protected":false},"author":1,"featured_media":0,"parent":23605,"menu_order":0,"comment_status":"closed","ping_status":"close","template":"","meta":{"_bbp_topic_count":0,"_bbp_reply_count":0,"_bbp_total_topic_count":0,"_bbp_total_reply_count":0,"_bbp_voice_count":0,"_bbp_anonymous_reply_count":0,"_bbp_topic_count_hidden":0,"_bbp_reply_count_hidden":0,"_bbp_forum_subforum_count":0,"site-sidebar-layout":"no-sidebar","site-content-layout":"","ast-site-content-layout":"default","site-content-style":"default","site-sidebar-style":"default","ast-global-header-display":"","ast-banner-title-visibility":"","ast-main-header-display":"","ast-hfb-above-header-display":"","ast-hfb-below-header-display":"","ast-hfb-mobile-header-display":"","site-post-title":"","ast-breadcrumbs-content":"","ast-featured-img":"","footer-sml-layout":"","theme-transparent-header-meta":"","adv-header-id-meta":"","stick-header-meta":"","header-above-stick-meta":"","header-main-stick-meta":"","header-below-stick-meta":"","astra-migrate-meta-layouts":"set","ast-page-background-enabled":"default","ast-page-background-meta":{"desktop":{"background-color":"var(--ast-global-color-4)","background-image":"","background-repeat":"repeat","background-position":"center center","background-size":"auto","background-attachment":"scroll","background-type":"","background-media":"","overlay-type":"","overlay-color":"","overlay-opacity":"","overlay-gradient":""},"tablet":{"background-color":"","background-image":"","background-repeat":"repeat","background-position":"center center","background-size":"auto","background-attachment":"scroll","background-type":"","background-media":"","overlay-type":"","overlay-color":"","overlay-opacity":"","overlay-gradient":""},"mobile":{"background-color":"","background-image":"","background-repeat":"repeat","background-position":"center center","background-size":"auto","background-attachment":"scroll","background-type":"","background-media":"","overlay-type":"","overlay-color":"","overlay-opacity":"","overlay-gradient":""}},"ast-content-background-meta":{"desktop":{"background-color":"var(--ast-global-color-5)","background-image":"","background-repeat":"repeat","background-position":"center center","background-size":"auto","background-attachment":"scroll","background-type":"","background-media":"","overlay-type":"","overlay-color":"","overlay-opacity":"","overlay-gradient":""},"tablet":{"background-color":"var(--ast-global-color-5)","background-image":"","background-repeat":"repeat","background-position":"center center","background-size":"auto","background-attachment":"scroll","background-type":"","background-media":"","overlay-type":"","overlay-color":"","overlay-opacity":"","overlay-gradient":""},"mobile":{"background-color":"var(--ast-global-color-5)","background-image":"","background-repeat":"repeat","background-position":"center center","background-size":"auto","background-attachment":"scroll","background-type":"","background-media":"","overlay-type":"","overlay-color":"","overlay-opacity":"","overlay-gradient":""}},"footnotes":""},"class_list":["post-23889","page","type-page","status-publish","hentry"],"post_mailing_queue_ids":[],"_links":{"self":[{"href":"https:\/\/agora.xtec.cat\/esc-antoniomachado\/wp-json\/wp\/v2\/pages\/23889","targetHints":{"allow":["GET"]}}],"collection":[{"href":"https:\/\/agora.xtec.cat\/esc-antoniomachado\/wp-json\/wp\/v2\/pages"}],"about":[{"href":"https:\/\/agora.xtec.cat\/esc-antoniomachado\/wp-json\/wp\/v2\/types\/page"}],"author":[{"embeddable":true,"href":"https:\/\/agora.xtec.cat\/esc-antoniomachado\/wp-json\/wp\/v2\/users\/1"}],"replies":[{"embeddable":true,"href":"https:\/\/agora.xtec.cat\/esc-antoniomachado\/wp-json\/wp\/v2\/comments?post=23889"}],"version-history":[{"count":5,"href":"https:\/\/agora.xtec.cat\/esc-antoniomachado\/wp-json\/wp\/v2\/pages\/23889\/revisions"}],"predecessor-version":[{"id":24200,"href":"https:\/\/agora.xtec.cat\/esc-antoniomachado\/wp-json\/wp\/v2\/pages\/23889\/revisions\/24200"}],"up":[{"embeddable":true,"href":"https:\/\/agora.xtec.cat\/esc-antoniomachado\/wp-json\/wp\/v2\/pages\/23605"}],"wp:attachment":[{"href":"https:\/\/agora.xtec.cat\/esc-antoniomachado\/wp-json\/wp\/v2\/media?parent=23889"}],"curies":[{"name":"wp","href":"https:\/\/api.w.org\/{rel}","templated":true}]}}