{"id":23863,"date":"2026-02-18T13:26:03","date_gmt":"2026-02-18T12:26:03","guid":{"rendered":"https:\/\/agora.xtec.cat\/esc-antoniomachado\/?page_id=23863"},"modified":"2026-02-27T20:56:47","modified_gmt":"2026-02-27T19:56:47","slug":"ambients","status":"publish","type":"page","link":"https:\/\/agora.xtec.cat\/esc-antoniomachado\/com-ho-fem\/ambients\/","title":{"rendered":"Els ambients d\u2019Educaci\u00f3 Infantil"},"content":{"rendered":"\n<p style=\"padding-top:0;padding-right:0;padding-bottom:0;padding-left:0;font-size:25px\">Els ambients permeten que cada infant sigui <strong><mark style=\"background-color:rgba(0, 0, 0, 0)\" class=\"has-inline-color has-ast-global-color-0-color\">protagonista<\/mark><\/strong> del seu propi proc\u00e9s d\u2019aprenentatge. Poden triar, prendre decisions, equivocar-se, tornar-ho a intentar i construir coneixement amb els altres. Aquesta manera d\u2019organitzar-nos <strong><mark style=\"background-color:rgba(0, 0, 0, 0)\" class=\"has-inline-color has-ast-global-color-0-color\">afavoreix <\/mark><\/strong>l\u2019autonomia, el pensament cr\u00edtic, la cooperaci\u00f3 i el respecte pels diferents ritmes i maneres d\u2019aprendre.<\/p>\n\n\n\n<p style=\"padding-top:0;padding-right:0;padding-bottom:0;padding-left:0;font-size:25px\">A la nostra escola entenem que els infants <mark style=\"background-color:rgba(0, 0, 0, 0)\" class=\"has-inline-color has-ast-global-color-0-color\"><strong>aprenen fent, explorant, provant i compartint<\/strong>.<\/mark> Per aix\u00f2 que per nosaltres s\u00f3n tan importants els <em>ambients d\u2019aprenentatge a educaci\u00f3 infantil<\/em>: espais pensats amb cura que <strong><mark style=\"background-color:rgba(0, 0, 0, 0)\" class=\"has-inline-color has-ast-global-color-0-color\">conviden a descobrir,<\/mark> <\/strong><mark style=\"background-color:rgba(0, 0, 0, 0)\" class=\"has-inline-color has-ast-global-color-0-color\"><strong>experimentar, crear, conversar i cr\u00e9ixer<\/strong>.<\/mark><\/p>\n\n\n\n<p style=\"padding-top:0;padding-right:0;padding-bottom:0;padding-left:0;font-size:25px\">Disposem de <strong><mark style=\"background-color:rgba(0, 0, 0, 0)\" class=\"has-inline-color has-ast-global-color-0-color\">set ambients estables<\/mark><\/strong> \u2014cos, descoberta, creatiu, natural, lector, jocs de taula i art\u00edstic\u2014 que acullen infants d\u2019I3, I4 i I5. Aquesta organitzaci\u00f3 tamb\u00e9 facilita la relaci\u00f3 entre edats diferents i enriqueix les experi\u00e8ncies compartides.<\/p>\n\n\n\n<p style=\"padding-top:0;padding-right:0;padding-bottom:0;padding-left:0;font-size:25px\">L\u2019<strong><mark style=\"background-color:rgba(0, 0, 0, 0)\" class=\"has-inline-color has-ast-global-color-0-color\">equip docent<\/mark><\/strong> observa, acompanya i guia amb preguntes que obren camins, respectant el proc\u00e9s \u00fanic de cada infant. Perqu\u00e8 educar, per a nosaltres, no \u00e9s omplir, sin\u00f3 <mark style=\"background-color:rgba(0, 0, 0, 0)\" class=\"has-inline-color has-ast-global-color-0-color\"><strong>encendre la curiositat i el desig d\u2019aprendre<\/strong>.<\/mark><\/p>\n\n\n\n<p style=\"padding-top:0;padding-right:0;padding-bottom:0;padding-left:0;font-size:25px\">En <mark style=\"background-color:rgba(0, 0, 0, 0)\" class=\"has-inline-color has-ast-global-color-0-color\"><strong>aquesta presentaci\u00f3<\/strong> <\/mark>podreu con\u00e8ixer amb m\u00e9s detall com funcionen els ambients i quina intencionalitat educativa hi ha darrere de cada proposta.<\/p>\n\n\n\n<p><\/p>\n\n\n\n<div style=\"max-width: 1100px; margin: 0 auto;\">\n  <div style=\"position: relative; width: 100%; height: 0; padding-top: 56.25%;\n   box-shadow: 0 2px 8px 0 rgba(63,69,81,0.16); \n   margin-top: 1.6em; margin-bottom: 0.9em; \n   overflow: hidden; border-radius: 8px;\">\n    \n    <iframe loading=\"lazy\"\n      style=\"position: absolute; width: 100%; height: 100%; top: 0; left: 0; border: none;\"\n      src=\"https:\/\/www.canva.com\/design\/DAGe4raLkro\/guYfRjpq1geFU7z46gaAfg\/view?embed\"\n      allowfullscreen=\"allowfullscreen\"\n      allow=\"fullscreen\">\n    <\/iframe>\n    \n  <\/div>\n\n  <p style=\"text-align:center;\">\n    <a href=\"https:\/\/www.canva.com\/design\/DAGe4raLkro\/guYfRjpq1geFU7z46gaAfg\/view\"\n       target=\"_blank\" rel=\"noopener\">\n\n\n\n<div class=\"wp-block-buttons alignwide is-content-justification-center is-layout-flex wp-container-core-buttons-is-layout-1 wp-block-buttons-is-layout-flex\"><\/div>\n\n\n\n<p style=\"font-size:25px\">Algunes imatges dels ambients <strong><mark style=\"background-color:rgba(0, 0, 0, 0)\" class=\"has-inline-color has-ast-global-color-0-color\"><a href=\"https:\/\/agora.xtec.cat\/esc-antoniomachado\/lescola\/instal\u00b7lacions\/aules-infantil\/ambients\/\" data-type=\"link\" data-id=\"https:\/\/agora.xtec.cat\/esc-antoniomachado\/lescola\/instal\u00b7lacions\/aules-infantil\/ambients\/\">aqu\u00ed<\/a><\/mark><\/strong><\/p>\n\n\n\n<p><\/p>\n","protected":false},"excerpt":{"rendered":"<p>Els ambients permeten que cada infant sigui protagonista del seu propi proc\u00e9s d\u2019aprenentatge. Poden triar, prendre decisions, equivocar-se, tornar-ho a intentar i construir coneixement amb els altres. Aquesta manera d\u2019organitzar-nos afavoreix l\u2019autonomia, el pensament cr\u00edtic, la cooperaci\u00f3 i el respecte pels diferents ritmes i maneres d\u2019aprendre. A la nostra escola entenem que els infants aprenen [&hellip;]<\/p>\n","protected":false},"author":1,"featured_media":0,"parent":23605,"menu_order":0,"comment_status":"closed","ping_status":"close","template":"","meta":{"_bbp_topic_count":0,"_bbp_reply_count":0,"_bbp_total_topic_count":0,"_bbp_total_reply_count":0,"_bbp_voice_count":0,"_bbp_anonymous_reply_count":0,"_bbp_topic_count_hidden":0,"_bbp_reply_count_hidden":0,"_bbp_forum_subforum_count":0,"site-sidebar-layout":"no-sidebar","site-content-layout":"","ast-site-content-layout":"default","site-content-style":"default","site-sidebar-style":"default","ast-global-header-display":"","ast-banner-title-visibility":"","ast-main-header-display":"","ast-hfb-above-header-display":"","ast-hfb-below-header-display":"","ast-hfb-mobile-header-display":"","site-post-title":"","ast-breadcrumbs-content":"","ast-featured-img":"","footer-sml-layout":"","theme-transparent-header-meta":"","adv-header-id-meta":"","stick-header-meta":"","header-above-stick-meta":"","header-main-stick-meta":"","header-below-stick-meta":"","astra-migrate-meta-layouts":"set","ast-page-background-enabled":"default","ast-page-background-meta":{"desktop":{"background-color":"var(--ast-global-color-4)","background-image":"","background-repeat":"repeat","background-position":"center center","background-size":"auto","background-attachment":"scroll","background-type":"","background-media":"","overlay-type":"","overlay-color":"","overlay-opacity":"","overlay-gradient":""},"tablet":{"background-color":"","background-image":"","background-repeat":"repeat","background-position":"center center","background-size":"auto","background-attachment":"scroll","background-type":"","background-media":"","overlay-type":"","overlay-color":"","overlay-opacity":"","overlay-gradient":""},"mobile":{"background-color":"","background-image":"","background-repeat":"repeat","background-position":"center center","background-size":"auto","background-attachment":"scroll","background-type":"","background-media":"","overlay-type":"","overlay-color":"","overlay-opacity":"","overlay-gradient":""}},"ast-content-background-meta":{"desktop":{"background-color":"var(--ast-global-color-5)","background-image":"","background-repeat":"repeat","background-position":"center center","background-size":"auto","background-attachment":"scroll","background-type":"","background-media":"","overlay-type":"","overlay-color":"","overlay-opacity":"","overlay-gradient":""},"tablet":{"background-color":"var(--ast-global-color-5)","background-image":"","background-repeat":"repeat","background-position":"center center","background-size":"auto","background-attachment":"scroll","background-type":"","background-media":"","overlay-type":"","overlay-color":"","overlay-opacity":"","overlay-gradient":""},"mobile":{"background-color":"var(--ast-global-color-5)","background-image":"","background-repeat":"repeat","background-position":"center center","background-size":"auto","background-attachment":"scroll","background-type":"","background-media":"","overlay-type":"","overlay-color":"","overlay-opacity":"","overlay-gradient":""}},"footnotes":""},"class_list":["post-23863","page","type-page","status-publish","hentry"],"post_mailing_queue_ids":[],"_links":{"self":[{"href":"https:\/\/agora.xtec.cat\/esc-antoniomachado\/wp-json\/wp\/v2\/pages\/23863","targetHints":{"allow":["GET"]}}],"collection":[{"href":"https:\/\/agora.xtec.cat\/esc-antoniomachado\/wp-json\/wp\/v2\/pages"}],"about":[{"href":"https:\/\/agora.xtec.cat\/esc-antoniomachado\/wp-json\/wp\/v2\/types\/page"}],"author":[{"embeddable":true,"href":"https:\/\/agora.xtec.cat\/esc-antoniomachado\/wp-json\/wp\/v2\/users\/1"}],"replies":[{"embeddable":true,"href":"https:\/\/agora.xtec.cat\/esc-antoniomachado\/wp-json\/wp\/v2\/comments?post=23863"}],"version-history":[{"count":6,"href":"https:\/\/agora.xtec.cat\/esc-antoniomachado\/wp-json\/wp\/v2\/pages\/23863\/revisions"}],"predecessor-version":[{"id":24198,"href":"https:\/\/agora.xtec.cat\/esc-antoniomachado\/wp-json\/wp\/v2\/pages\/23863\/revisions\/24198"}],"up":[{"embeddable":true,"href":"https:\/\/agora.xtec.cat\/esc-antoniomachado\/wp-json\/wp\/v2\/pages\/23605"}],"wp:attachment":[{"href":"https:\/\/agora.xtec.cat\/esc-antoniomachado\/wp-json\/wp\/v2\/media?parent=23863"}],"curies":[{"name":"wp","href":"https:\/\/api.w.org\/{rel}","templated":true}]}}