{"id":23248,"date":"2025-10-29T16:45:55","date_gmt":"2025-10-29T15:45:55","guid":{"rendered":"https:\/\/agora.xtec.cat\/esc-antoniomachado\/?page_id=23248"},"modified":"2025-10-29T16:56:18","modified_gmt":"2025-10-29T15:56:18","slug":"criteris-davaluacio","status":"publish","type":"page","link":"https:\/\/agora.xtec.cat\/esc-antoniomachado\/projectepedagogic\/criteris-davaluacio\/","title":{"rendered":"Criteris d&#8217;avaluaci\u00f3"},"content":{"rendered":"<p style=\"text-align: justify;\"><span style=\"font-weight: 400;\">Amb la voluntat d\u2019oferir transpar\u00e8ncia i facilitar la comprensi\u00f3 del proc\u00e9s d\u2019aprenentatge dels infants, l\u2019escola posa a disposici\u00f3 de les fam\u00edlies els <\/span><b>criteris d\u2019avaluaci\u00f3 de final de cada cicle d\u2019Educaci\u00f3 Prim\u00e0ria<\/b><span style=\"font-weight: 400;\">.<\/span><\/p>\n<p style=\"text-align: justify;\"><span style=\"font-weight: 400;\">Aquests documents recullen els aprenentatges clau que s\u2019esperen al final de cada etapa i serveixen de referent per orientar i acompanyar el progr\u00e9s dels alumnes al llarg del seu recorregut escolar.<\/span><\/p>\n<h3><span style=\"color: #33cccc;\"><strong>PRIMER CICLE (1r-2n)<\/strong><\/span><\/h3>\n<p><iframe loading=\"lazy\" src=\"https:\/\/drive.google.com\/file\/d\/16uSZuCgpkvBCnF_4AfRPp6WCDWRaIvfq\/preview\" width=\"640\" height=\"480\"><\/iframe><\/p>\n<h3><strong><span style=\"color: #33cccc;\">SEGON CICLE (3r-4t)<\/span><\/strong><\/h3>\n<p><iframe loading=\"lazy\" src=\"https:\/\/drive.google.com\/file\/d\/1ygAE_pmpvljFYvaBPqleyB49q9I4qrP8\/preview\" width=\"640\" height=\"480\"><\/iframe><\/p>\n<h3><strong><span style=\"color: #33cccc;\">TERCER CICLE (5\u00e8-6\u00e8)<\/span><\/strong><\/h3>\n<p><iframe loading=\"lazy\" src=\"https:\/\/drive.google.com\/file\/d\/1Io7S4ZmFnVaDrVWuA6QWEdcnQxE5SPyf\/preview\" width=\"640\" height=\"480\"><\/iframe><\/p>\n<p>&nbsp;<\/p>\n","protected":false},"excerpt":{"rendered":"<p>Amb la voluntat d\u2019oferir transpar\u00e8ncia i facilitar la comprensi\u00f3 del proc\u00e9s d\u2019aprenentatge dels infants, l\u2019escola posa a disposici\u00f3 de les fam\u00edlies els criteris d\u2019avaluaci\u00f3 de final de cada cicle d\u2019Educaci\u00f3 Prim\u00e0ria. Aquests documents recullen els aprenentatges clau que s\u2019esperen al final de cada etapa i serveixen de referent per orientar i acompanyar el progr\u00e9s dels [&hellip;]<\/p>\n","protected":false},"author":1,"featured_media":0,"parent":64,"menu_order":0,"comment_status":"closed","ping_status":"closed","template":"","meta":{"_bbp_topic_count":0,"_bbp_reply_count":0,"_bbp_total_topic_count":0,"_bbp_total_reply_count":0,"_bbp_voice_count":0,"_bbp_anonymous_reply_count":0,"_bbp_topic_count_hidden":0,"_bbp_reply_count_hidden":0,"_bbp_forum_subforum_count":0,"site-sidebar-layout":"default","site-content-layout":"","ast-site-content-layout":"","site-content-style":"default","site-sidebar-style":"default","ast-global-header-display":"","ast-banner-title-visibility":"","ast-main-header-display":"","ast-hfb-above-header-display":"","ast-hfb-below-header-display":"","ast-hfb-mobile-header-display":"","site-post-title":"","ast-breadcrumbs-content":"","ast-featured-img":"","footer-sml-layout":"","theme-transparent-header-meta":"","adv-header-id-meta":"","stick-header-meta":"","header-above-stick-meta":"","header-main-stick-meta":"","header-below-stick-meta":"","astra-migrate-meta-layouts":"default","ast-page-background-enabled":"default","ast-page-background-meta":{"desktop":{"background-color":"var(--ast-global-color-4)","background-image":"","background-repeat":"repeat","background-position":"center center","background-size":"auto","background-attachment":"scroll","background-type":"","background-media":"","overlay-type":"","overlay-color":"","overlay-opacity":"","overlay-gradient":""},"tablet":{"background-color":"","background-image":"","background-repeat":"repeat","background-position":"center center","background-size":"auto","background-attachment":"scroll","background-type":"","background-media":"","overlay-type":"","overlay-color":"","overlay-opacity":"","overlay-gradient":""},"mobile":{"background-color":"","background-image":"","background-repeat":"repeat","background-position":"center center","background-size":"auto","background-attachment":"scroll","background-type":"","background-media":"","overlay-type":"","overlay-color":"","overlay-opacity":"","overlay-gradient":""}},"ast-content-background-meta":{"desktop":{"background-color":"var(--ast-global-color-5)","background-image":"","background-repeat":"repeat","background-position":"center center","background-size":"auto","background-attachment":"scroll","background-type":"","background-media":"","overlay-type":"","overlay-color":"","overlay-opacity":"","overlay-gradient":""},"tablet":{"background-color":"var(--ast-global-color-5)","background-image":"","background-repeat":"repeat","background-position":"center center","background-size":"auto","background-attachment":"scroll","background-type":"","background-media":"","overlay-type":"","overlay-color":"","overlay-opacity":"","overlay-gradient":""},"mobile":{"background-color":"var(--ast-global-color-5)","background-image":"","background-repeat":"repeat","background-position":"center center","background-size":"auto","background-attachment":"scroll","background-type":"","background-media":"","overlay-type":"","overlay-color":"","overlay-opacity":"","overlay-gradient":""}},"footnotes":""},"class_list":["post-23248","page","type-page","status-publish","hentry"],"post_mailing_queue_ids":[],"_links":{"self":[{"href":"https:\/\/agora.xtec.cat\/esc-antoniomachado\/wp-json\/wp\/v2\/pages\/23248","targetHints":{"allow":["GET"]}}],"collection":[{"href":"https:\/\/agora.xtec.cat\/esc-antoniomachado\/wp-json\/wp\/v2\/pages"}],"about":[{"href":"https:\/\/agora.xtec.cat\/esc-antoniomachado\/wp-json\/wp\/v2\/types\/page"}],"author":[{"embeddable":true,"href":"https:\/\/agora.xtec.cat\/esc-antoniomachado\/wp-json\/wp\/v2\/users\/1"}],"replies":[{"embeddable":true,"href":"https:\/\/agora.xtec.cat\/esc-antoniomachado\/wp-json\/wp\/v2\/comments?post=23248"}],"version-history":[{"count":4,"href":"https:\/\/agora.xtec.cat\/esc-antoniomachado\/wp-json\/wp\/v2\/pages\/23248\/revisions"}],"predecessor-version":[{"id":23256,"href":"https:\/\/agora.xtec.cat\/esc-antoniomachado\/wp-json\/wp\/v2\/pages\/23248\/revisions\/23256"}],"up":[{"embeddable":true,"href":"https:\/\/agora.xtec.cat\/esc-antoniomachado\/wp-json\/wp\/v2\/pages\/64"}],"wp:attachment":[{"href":"https:\/\/agora.xtec.cat\/esc-antoniomachado\/wp-json\/wp\/v2\/media?parent=23248"}],"curies":[{"name":"wp","href":"https:\/\/api.w.org\/{rel}","templated":true}]}}