{"id":21619,"date":"2023-09-03T19:10:37","date_gmt":"2023-09-03T17:10:37","guid":{"rendered":"https:\/\/agora.xtec.cat\/esc-antoniomachado\/?page_id=21619"},"modified":"2025-10-09T13:45:29","modified_gmt":"2025-10-09T11:45:29","slug":"documentacio-fotografica","status":"publish","type":"page","link":"https:\/\/agora.xtec.cat\/esc-antoniomachado\/documentacio-fotografica\/","title":{"rendered":"Reculls Fotogr\u00e0fics Aules"},"content":{"rendered":"<p>Aqu\u00ed trobareu els enlla\u00e7os a les carpetes de documentaci\u00f3 i imatges dels vostres fills i filles. Nom\u00e9s hi teniu acc\u00e9s fent \u00fas del correu electr\u00f2nic que vau proporcionar per les carpetes compartides.<\/p>\n<p><a href=\"https:\/\/drive.google.com\/drive\/folders\/1yva_nZW7CYhX3OpR3G2SvJN2PubTUwfn?usp=drive_link\" target=\"_blank\" rel=\"noopener\"><img loading=\"lazy\" decoding=\"async\" class=\"alignleft wp-image-21640\" style=\"border: none; color: #2795b6;\" src=\"https:\/\/agora.xtec.cat\/esc-antoniomachado\/wp-content\/uploads\/usu1670\/2023\/09\/YAYOI-300x265.jpg\" alt=\"\" width=\"101\" height=\"89\" srcset=\"https:\/\/agora.xtec.cat\/esc-antoniomachado\/wp-content\/uploads\/usu1670\/2023\/09\/YAYOI-300x265.jpg 300w, https:\/\/agora.xtec.cat\/esc-antoniomachado\/wp-content\/uploads\/usu1670\/2023\/09\/YAYOI.jpg 633w\" sizes=\"auto, (max-width: 101px) 100vw, 101px\" \/><\/a><a href=\"https:\/\/drive.google.com\/drive\/folders\/14TwvAtfb9qHQll15b8iSLa2Hz4IgVh_N?usp=drive_link\" target=\"_blank\" rel=\"noopener\"><img loading=\"lazy\" decoding=\"async\" class=\"alignleft wp-image-21641\" src=\"https:\/\/agora.xtec.cat\/esc-antoniomachado\/wp-content\/uploads\/usu1670\/2023\/09\/gerard.png\" alt=\"\" width=\"96\" height=\"89\" \/><\/a><a href=\"https:\/\/drive.google.com\/drive\/folders\/1TP50V0zwViEUPNoL5WbavaXueymWR4eo?usp=drive_link\" target=\"_blank\" rel=\"noopener\"><img loading=\"lazy\" decoding=\"async\" class=\"alignleft wp-image-21638\" src=\"https:\/\/agora.xtec.cat\/esc-antoniomachado\/wp-content\/uploads\/usu1670\/2023\/09\/mondrian.png\" alt=\"\" width=\"96\" height=\"89\" \/><\/a><\/p>\n<p><span style=\"color: #2795b6;\"><a href=\"https:\/\/drive.google.com\/drive\/folders\/1lrUuVT2R5SDDYeU-OEAnpC4nyZrlQXV7?usp=drive_link\" target=\"_blank\" rel=\"noopener\"><img loading=\"lazy\" decoding=\"async\" class=\"alignleft wp-image-21642\" src=\"https:\/\/agora.xtec.cat\/esc-antoniomachado\/wp-content\/uploads\/usu1670\/2023\/09\/manchado.png\" alt=\"\" width=\"96\" height=\"90\" \/><\/a><a href=\"https:\/\/drive.google.com\/drive\/folders\/1yakzcRw_o6h5i6V7pTQA9L_E4EQH0Doj?usp=drive_link\" target=\"_blank\" rel=\"noopener\"><img loading=\"lazy\" decoding=\"async\" class=\"alignleft wp-image-21639\" src=\"https:\/\/agora.xtec.cat\/esc-antoniomachado\/wp-content\/uploads\/usu1670\/2023\/09\/warhol.png\" alt=\"\" width=\"96\" height=\"89\" \/><\/a> <\/span><\/p>\n<p>&nbsp;<\/p>\n<p>&nbsp;<\/p>\n<p>&nbsp;<\/p>\n<p><a href=\"https:\/\/drive.google.com\/drive\/folders\/1Du8c4sRU_JdT0oAMAM_-ZL0H9npt5N-d?usp=drive_link\" target=\"_blank\" rel=\"attachment noopener wp-att-22668\"><img loading=\"lazy\" decoding=\"async\" class=\"alignleft wp-image-22668\" src=\"https:\/\/agora.xtec.cat\/esc-antoniomachado\/wp-content\/uploads\/usu1670\/2024\/10\/chillida.jpg\" alt=\"\" width=\"91\" height=\"91\" srcset=\"https:\/\/agora.xtec.cat\/esc-antoniomachado\/wp-content\/uploads\/usu1670\/2024\/10\/chillida.jpg 288w, https:\/\/agora.xtec.cat\/esc-antoniomachado\/wp-content\/uploads\/usu1670\/2024\/10\/chillida-150x150.jpg 150w\" sizes=\"auto, (max-width: 91px) 100vw, 91px\" \/><\/a><a href=\"https:\/\/drive.google.com\/drive\/folders\/1_zxcjuW_0nEwINffMU1Nt-ePg9-7q51m?usp=drive_link\" target=\"_blank\" rel=\"attachment noopener wp-att-22667\"><img loading=\"lazy\" decoding=\"async\" class=\"alignleft wp-image-22667\" src=\"https:\/\/agora.xtec.cat\/esc-antoniomachado\/wp-content\/uploads\/usu1670\/2024\/10\/nevelson.jpg\" alt=\"\" width=\"99\" height=\"99\" srcset=\"https:\/\/agora.xtec.cat\/esc-antoniomachado\/wp-content\/uploads\/usu1670\/2024\/10\/nevelson.jpg 288w, https:\/\/agora.xtec.cat\/esc-antoniomachado\/wp-content\/uploads\/usu1670\/2024\/10\/nevelson-150x150.jpg 150w\" sizes=\"auto, (max-width: 99px) 100vw, 99px\" \/><\/a><a href=\"https:\/\/drive.google.com\/drive\/folders\/1oY_c9GOcsHGMOPdAPPN4DaJZVUAWNI_Q?usp=drive_link\" target=\"_blank\" rel=\"attachment noopener wp-att-22666\"><img loading=\"lazy\" decoding=\"async\" class=\"alignleft wp-image-22666\" src=\"https:\/\/agora.xtec.cat\/esc-antoniomachado\/wp-content\/uploads\/usu1670\/2024\/10\/cusachs.jpg\" alt=\"\" width=\"94\" height=\"94\" srcset=\"https:\/\/agora.xtec.cat\/esc-antoniomachado\/wp-content\/uploads\/usu1670\/2024\/10\/cusachs.jpg 288w, https:\/\/agora.xtec.cat\/esc-antoniomachado\/wp-content\/uploads\/usu1670\/2024\/10\/cusachs-150x150.jpg 150w\" sizes=\"auto, (max-width: 94px) 100vw, 94px\" \/><\/a><a href=\"https:\/\/drive.google.com\/drive\/folders\/1BgTii2yGDgfpbIMou5pgQt5ro5WRjVmL?usp=drive_link\" target=\"_blank\" rel=\"attachment noopener wp-att-22665\"><img loading=\"lazy\" decoding=\"async\" class=\"alignleft wp-image-22665\" src=\"https:\/\/agora.xtec.cat\/esc-antoniomachado\/wp-content\/uploads\/usu1670\/2024\/10\/hepworth.jpg\" alt=\"\" width=\"94\" height=\"94\" srcset=\"https:\/\/agora.xtec.cat\/esc-antoniomachado\/wp-content\/uploads\/usu1670\/2024\/10\/hepworth.jpg 288w, https:\/\/agora.xtec.cat\/esc-antoniomachado\/wp-content\/uploads\/usu1670\/2024\/10\/hepworth-150x150.jpg 150w\" sizes=\"auto, (max-width: 94px) 100vw, 94px\" \/><\/a><\/p>\n<p>&nbsp;<\/p>\n<p>&nbsp;<\/p>\n<p>&nbsp;<\/p>\n<p><a href=\"https:\/\/drive.google.com\/drive\/folders\/17PhaPxxsQ9A0X1Gks1f9wN4wJm02qYhc?usp=drive_link\" target=\"_blank\" rel=\"noopener\"><img loading=\"lazy\" decoding=\"async\" class=\"alignleft wp-image-23113\" style=\"border: none; color: #2795b6;\" src=\"https:\/\/agora.xtec.cat\/esc-antoniomachado\/wp-content\/uploads\/usu1670\/2025\/09\/Gehry-150x150.png\" alt=\"\" width=\"94\" height=\"94\" srcset=\"https:\/\/agora.xtec.cat\/esc-antoniomachado\/wp-content\/uploads\/usu1670\/2025\/09\/Gehry-150x150.png 150w, https:\/\/agora.xtec.cat\/esc-antoniomachado\/wp-content\/uploads\/usu1670\/2025\/09\/Gehry-300x300.png 300w, https:\/\/agora.xtec.cat\/esc-antoniomachado\/wp-content\/uploads\/usu1670\/2025\/09\/Gehry-768x768.png 768w, https:\/\/agora.xtec.cat\/esc-antoniomachado\/wp-content\/uploads\/usu1670\/2025\/09\/Gehry.png 793w\" sizes=\"auto, (max-width: 94px) 100vw, 94px\" \/><\/a> <a href=\"https:\/\/drive.google.com\/drive\/folders\/1i5hpH48S5J-_VanzkVd_0_w-OTdY4BrL?usp=drive_link\" target=\"_blank\" rel=\"attachment noopener wp-att-23115\"><img loading=\"lazy\" decoding=\"async\" class=\"alignleft wp-image-23115\" src=\"https:\/\/agora.xtec.cat\/esc-antoniomachado\/wp-content\/uploads\/usu1670\/2025\/09\/morgan.png\" alt=\"\" width=\"94\" height=\"94\" srcset=\"https:\/\/agora.xtec.cat\/esc-antoniomachado\/wp-content\/uploads\/usu1670\/2025\/09\/morgan.png 795w, https:\/\/agora.xtec.cat\/esc-antoniomachado\/wp-content\/uploads\/usu1670\/2025\/09\/morgan-300x300.png 300w, https:\/\/agora.xtec.cat\/esc-antoniomachado\/wp-content\/uploads\/usu1670\/2025\/09\/morgan-150x150.png 150w, https:\/\/agora.xtec.cat\/esc-antoniomachado\/wp-content\/uploads\/usu1670\/2025\/09\/morgan-768x770.png 768w\" sizes=\"auto, (max-width: 94px) 100vw, 94px\" \/><\/a> <a href=\"https:\/\/drive.google.com\/drive\/folders\/1SoLWWWzhWcNljH7_VkIt45zbF7G0F9do?usp=drive_link\" target=\"_blank\" rel=\"attachment noopener wp-att-23116\"><img loading=\"lazy\" decoding=\"async\" class=\"alignleft wp-image-23116\" src=\"https:\/\/agora.xtec.cat\/esc-antoniomachado\/wp-content\/uploads\/usu1670\/2025\/09\/puig-i-cadafalch.png\" alt=\"\" width=\"94\" height=\"94\" srcset=\"https:\/\/agora.xtec.cat\/esc-antoniomachado\/wp-content\/uploads\/usu1670\/2025\/09\/puig-i-cadafalch.png 796w, https:\/\/agora.xtec.cat\/esc-antoniomachado\/wp-content\/uploads\/usu1670\/2025\/09\/puig-i-cadafalch-300x298.png 300w, https:\/\/agora.xtec.cat\/esc-antoniomachado\/wp-content\/uploads\/usu1670\/2025\/09\/puig-i-cadafalch-150x150.png 150w, https:\/\/agora.xtec.cat\/esc-antoniomachado\/wp-content\/uploads\/usu1670\/2025\/09\/puig-i-cadafalch-768x764.png 768w\" sizes=\"auto, (max-width: 94px) 100vw, 94px\" \/><\/a><\/p>\n<p><a href=\"https:\/\/drive.google.com\/drive\/folders\/1y_AFNmlp25orUtlUDFiM_xgGmIPMwYR0?usp=drive_link\" target=\"_blank\" rel=\"attachment noopener wp-att-23114\"><img loading=\"lazy\" decoding=\"async\" class=\"alignleft wp-image-23114\" src=\"https:\/\/agora.xtec.cat\/esc-antoniomachado\/wp-content\/uploads\/usu1670\/2025\/09\/hadid-150x150.png\" alt=\"\" width=\"94\" height=\"94\" srcset=\"https:\/\/agora.xtec.cat\/esc-antoniomachado\/wp-content\/uploads\/usu1670\/2025\/09\/hadid-150x150.png 150w, https:\/\/agora.xtec.cat\/esc-antoniomachado\/wp-content\/uploads\/usu1670\/2025\/09\/hadid-300x300.png 300w, https:\/\/agora.xtec.cat\/esc-antoniomachado\/wp-content\/uploads\/usu1670\/2025\/09\/hadid-768x767.png 768w, https:\/\/agora.xtec.cat\/esc-antoniomachado\/wp-content\/uploads\/usu1670\/2025\/09\/hadid.png 792w\" sizes=\"auto, (max-width: 94px) 100vw, 94px\" \/><\/a><\/p>\n<p>&nbsp;<\/p>\n<p>&nbsp;<\/p>\n<p>&nbsp;<\/p>\n<p><a href=\"https:\/\/drive.google.com\/drive\/folders\/1waIg90pHRh1TVGKjTq6ovnvkpQ8XIYyY?usp=drive_link\" target=\"_blank\" rel=\"noopener\"><img loading=\"lazy\" decoding=\"async\" class=\"alignleft wp-image-21631\" src=\"https:\/\/agora.xtec.cat\/esc-antoniomachado\/wp-content\/uploads\/usu1670\/2023\/09\/5EA.png\" alt=\"\" width=\"96\" height=\"89\" \/><\/a><\/p>\n<p><a href=\"https:\/\/drive.google.com\/drive\/folders\/1qYN-OsjqZlhtf1Lc2Iysba2NGWCSpdLu?usp=drive_link\" target=\"_blank\" rel=\"noopener\"><img loading=\"lazy\" decoding=\"async\" class=\"alignleft wp-image-21632\" src=\"https:\/\/agora.xtec.cat\/esc-antoniomachado\/wp-content\/uploads\/usu1670\/2023\/09\/5EB.png\" alt=\"\" width=\"96\" height=\"90\" \/><\/a><\/p>\n<p><a style=\"color: #2795b6;\" href=\"https:\/\/drive.google.com\/drive\/folders\/1zo-4b9j0WYgfJ8tgOXOxqyhGZUZXsuVt?usp=drive_link\" target=\"_blank\" rel=\"noopener\"><img loading=\"lazy\" decoding=\"async\" class=\"alignleft wp-image-21634\" src=\"https:\/\/agora.xtec.cat\/esc-antoniomachado\/wp-content\/uploads\/usu1670\/2023\/09\/6EA.png\" alt=\"\" width=\"96\" height=\"89\" \/><\/a><a href=\"https:\/\/drive.google.com\/drive\/folders\/1GcudoRsHQUxsU_cXGdI7zdYZXnzBZvBf?usp=drive_link\" target=\"_blank\" rel=\"noopener\"><img loading=\"lazy\" decoding=\"async\" class=\"alignleft wp-image-21635\" src=\"https:\/\/agora.xtec.cat\/esc-antoniomachado\/wp-content\/uploads\/usu1670\/2023\/09\/6EB.png\" alt=\"\" width=\"93\" height=\"87\" \/><\/a><\/p>\n<p>&nbsp;<\/p>\n<p>&nbsp;<\/p>\n<p>&nbsp;<\/p>\n<p>&nbsp;<\/p>\n<p>&nbsp;<\/p>\n","protected":false},"excerpt":{"rendered":"<p>Aqu\u00ed trobareu els enlla\u00e7os a les carpetes de documentaci\u00f3 i imatges dels vostres fills i filles. Nom\u00e9s hi teniu acc\u00e9s fent \u00fas del correu electr\u00f2nic que vau proporcionar per les carpetes compartides. &nbsp; &nbsp; &nbsp; &nbsp; &nbsp; &nbsp; &nbsp; &nbsp; &nbsp; &nbsp; &nbsp; &nbsp; &nbsp; &nbsp;<\/p>\n","protected":false},"author":1,"featured_media":0,"parent":0,"menu_order":0,"comment_status":"closed","ping_status":"closed","template":"","meta":{"_bbp_topic_count":0,"_bbp_reply_count":0,"_bbp_total_topic_count":0,"_bbp_total_reply_count":0,"_bbp_voice_count":0,"_bbp_anonymous_reply_count":0,"_bbp_topic_count_hidden":0,"_bbp_reply_count_hidden":0,"_bbp_forum_subforum_count":0,"site-sidebar-layout":"default","site-content-layout":"","ast-site-content-layout":"","site-content-style":"default","site-sidebar-style":"default","ast-global-header-display":"","ast-banner-title-visibility":"","ast-main-header-display":"","ast-hfb-above-header-display":"","ast-hfb-below-header-display":"","ast-hfb-mobile-header-display":"","site-post-title":"","ast-breadcrumbs-content":"","ast-featured-img":"","footer-sml-layout":"","theme-transparent-header-meta":"","adv-header-id-meta":"","stick-header-meta":"","header-above-stick-meta":"","header-main-stick-meta":"","header-below-stick-meta":"","astra-migrate-meta-layouts":"default","ast-page-background-enabled":"default","ast-page-background-meta":{"desktop":{"background-color":"var(--ast-global-color-4)","background-image":"","background-repeat":"repeat","background-position":"center center","background-size":"auto","background-attachment":"scroll","background-type":"","background-media":"","overlay-type":"","overlay-color":"","overlay-opacity":"","overlay-gradient":""},"tablet":{"background-color":"","background-image":"","background-repeat":"repeat","background-position":"center center","background-size":"auto","background-attachment":"scroll","background-type":"","background-media":"","overlay-type":"","overlay-color":"","overlay-opacity":"","overlay-gradient":""},"mobile":{"background-color":"","background-image":"","background-repeat":"repeat","background-position":"center center","background-size":"auto","background-attachment":"scroll","background-type":"","background-media":"","overlay-type":"","overlay-color":"","overlay-opacity":"","overlay-gradient":""}},"ast-content-background-meta":{"desktop":{"background-color":"var(--ast-global-color-5)","background-image":"","background-repeat":"repeat","background-position":"center center","background-size":"auto","background-attachment":"scroll","background-type":"","background-media":"","overlay-type":"","overlay-color":"","overlay-opacity":"","overlay-gradient":""},"tablet":{"background-color":"var(--ast-global-color-5)","background-image":"","background-repeat":"repeat","background-position":"center center","background-size":"auto","background-attachment":"scroll","background-type":"","background-media":"","overlay-type":"","overlay-color":"","overlay-opacity":"","overlay-gradient":""},"mobile":{"background-color":"var(--ast-global-color-5)","background-image":"","background-repeat":"repeat","background-position":"center center","background-size":"auto","background-attachment":"scroll","background-type":"","background-media":"","overlay-type":"","overlay-color":"","overlay-opacity":"","overlay-gradient":""}},"footnotes":""},"class_list":["post-21619","page","type-page","status-publish","hentry"],"post_mailing_queue_ids":[],"_links":{"self":[{"href":"https:\/\/agora.xtec.cat\/esc-antoniomachado\/wp-json\/wp\/v2\/pages\/21619","targetHints":{"allow":["GET"]}}],"collection":[{"href":"https:\/\/agora.xtec.cat\/esc-antoniomachado\/wp-json\/wp\/v2\/pages"}],"about":[{"href":"https:\/\/agora.xtec.cat\/esc-antoniomachado\/wp-json\/wp\/v2\/types\/page"}],"author":[{"embeddable":true,"href":"https:\/\/agora.xtec.cat\/esc-antoniomachado\/wp-json\/wp\/v2\/users\/1"}],"replies":[{"embeddable":true,"href":"https:\/\/agora.xtec.cat\/esc-antoniomachado\/wp-json\/wp\/v2\/comments?post=21619"}],"version-history":[{"count":6,"href":"https:\/\/agora.xtec.cat\/esc-antoniomachado\/wp-json\/wp\/v2\/pages\/21619\/revisions"}],"predecessor-version":[{"id":23193,"href":"https:\/\/agora.xtec.cat\/esc-antoniomachado\/wp-json\/wp\/v2\/pages\/21619\/revisions\/23193"}],"wp:attachment":[{"href":"https:\/\/agora.xtec.cat\/esc-antoniomachado\/wp-json\/wp\/v2\/media?parent=21619"}],"curies":[{"name":"wp","href":"https:\/\/api.w.org\/{rel}","templated":true}]}}