{"id":28,"date":"2014-09-18T12:29:35","date_gmt":"2014-09-18T11:29:35","guid":{"rendered":"http:\/\/agora.xtec.cat\/esc-altasegarra-calaf\/?page_id=28"},"modified":"2025-12-03T08:39:21","modified_gmt":"2025-12-03T07:39:21","slug":"consell-escolar","status":"publish","type":"page","link":"https:\/\/agora.xtec.cat\/esc-altasegarra-calaf\/informacions\/consell-escolar\/","title":{"rendered":"Consell escolar"},"content":{"rendered":"<p>La composici\u00f3 del Consell Escolar aquest curs 2024-2025 \u00e9s la seg\u00fcent:<\/p>\n<p><strong>President:<\/strong><br \/>\nRosa Maria Caballol P\u00e9rez<\/p>\n<p><strong>Cap d\u2019estudis:<\/strong><br \/>\nElisenda S\u00e1nchez i Do\u00f1ate<\/p>\n<p><strong>Secret\u00e0ria:<\/strong><br \/>\nJordi Rial Prat<\/p>\n<p style=\"text-align: justify;\"><strong>Representants dels \/ de les Professors\/es:<\/strong><\/p>\n<p style=\"text-align: justify;\">Anna Campo Xuriguera<\/p>\n<p style=\"text-align: justify;\">Cati Morros Santalla<\/p>\n<p style=\"text-align: justify;\">Esther Ortiga Pifarr\u00e9<\/p>\n<p>N\u00faria Vilagr\u00e0 Ribalta<\/p>\n<p>Marta Garc\u00eda Montes<\/p>\n<p>Gl\u00f2ria Valls Argent<\/p>\n<p><strong>Representants dels\/de les pares \/mares:<\/strong><br \/>\nNayma Oubihi Ourhi<\/p>\n<p>Meritxell Borr\u00e0s Espinasa<\/p>\n<p>Gerard Corominas Auguets<\/p>\n<p>Mart\u00ed Riera Duocastella<\/p>\n<p>Laia Mart\u00ed Mas<\/p>\n<p><strong>Representant de l\u2019Ampa:<\/strong><br \/>\nJordi Vila Mart\u00ednez<\/p>\n<p><strong>Representant del PAS:<\/strong><br \/>\nMaria Arjona G\u00f3mez<\/p>\n<p><strong>Representant del PAE:<\/strong><\/p>\n<p>Montse Clav\u00e9 Puigfarregut<\/p>\n<p><strong>Representant de l\u2019 Ajuntament:<\/strong><br \/>\nMontserrat Isern\/ Solenn Lamour<\/p>\n","protected":false},"excerpt":{"rendered":"<p>La composici\u00f3 del Consell Escolar aquest curs 2024-2025 \u00e9s la seg\u00fcent: President: Rosa Maria Caballol P\u00e9rez Cap d\u2019estudis: Elisenda S\u00e1nchez i Do\u00f1ate Secret\u00e0ria: Jordi Rial Prat Representants dels \/ de les Professors\/es: Anna Campo Xuriguera Cati Morros Santalla Esther Ortiga Pifarr\u00e9 N\u00faria Vilagr\u00e0 Ribalta Marta Garc\u00eda Montes Gl\u00f2ria Valls Argent Representants dels\/de les pares \/mares: [&hellip;]<\/p>\n","protected":false},"author":1,"featured_media":0,"parent":461,"menu_order":20,"comment_status":"closed","ping_status":"closed","template":"","meta":{"_bbp_topic_count":0,"_bbp_reply_count":0,"_bbp_total_topic_count":0,"_bbp_total_reply_count":0,"_bbp_voice_count":0,"_bbp_anonymous_reply_count":0,"_bbp_topic_count_hidden":0,"_bbp_reply_count_hidden":0,"_bbp_forum_subforum_count":0,"site-sidebar-layout":"default","site-content-layout":"","ast-site-content-layout":"default","site-content-style":"default","site-sidebar-style":"default","ast-global-header-display":"","ast-banner-title-visibility":"","ast-main-header-display":"","ast-hfb-above-header-display":"","ast-hfb-below-header-display":"","ast-hfb-mobile-header-display":"","site-post-title":"","ast-breadcrumbs-content":"","ast-featured-img":"","footer-sml-layout":"","theme-transparent-header-meta":"default","adv-header-id-meta":"","stick-header-meta":"","header-above-stick-meta":"","header-main-stick-meta":"","header-below-stick-meta":"","astra-migrate-meta-layouts":"set","ast-page-background-enabled":"default","ast-page-background-meta":{"desktop":{"background-color":"var(--ast-global-color-4)","background-image":"","background-repeat":"repeat","background-position":"center center","background-size":"auto","background-attachment":"scroll","background-type":"","background-media":"","overlay-type":"","overlay-color":"","overlay-opacity":"","overlay-gradient":""},"tablet":{"background-color":"","background-image":"","background-repeat":"repeat","background-position":"center center","background-size":"auto","background-attachment":"scroll","background-type":"","background-media":"","overlay-type":"","overlay-color":"","overlay-opacity":"","overlay-gradient":""},"mobile":{"background-color":"","background-image":"","background-repeat":"repeat","background-position":"center center","background-size":"auto","background-attachment":"scroll","background-type":"","background-media":"","overlay-type":"","overlay-color":"","overlay-opacity":"","overlay-gradient":""}},"ast-content-background-meta":{"desktop":{"background-color":"var(--ast-global-color-5)","background-image":"","background-repeat":"repeat","background-position":"center center","background-size":"auto","background-attachment":"scroll","background-type":"","background-media":"","overlay-type":"","overlay-color":"","overlay-opacity":"","overlay-gradient":""},"tablet":{"background-color":"var(--ast-global-color-5)","background-image":"","background-repeat":"repeat","background-position":"center center","background-size":"auto","background-attachment":"scroll","background-type":"","background-media":"","overlay-type":"","overlay-color":"","overlay-opacity":"","overlay-gradient":""},"mobile":{"background-color":"var(--ast-global-color-5)","background-image":"","background-repeat":"repeat","background-position":"center center","background-size":"auto","background-attachment":"scroll","background-type":"","background-media":"","overlay-type":"","overlay-color":"","overlay-opacity":"","overlay-gradient":""}},"footnotes":""},"class_list":["post-28","page","type-page","status-publish","hentry"],"post_mailing_queue_ids":[],"_links":{"self":[{"href":"https:\/\/agora.xtec.cat\/esc-altasegarra-calaf\/wp-json\/wp\/v2\/pages\/28","targetHints":{"allow":["GET"]}}],"collection":[{"href":"https:\/\/agora.xtec.cat\/esc-altasegarra-calaf\/wp-json\/wp\/v2\/pages"}],"about":[{"href":"https:\/\/agora.xtec.cat\/esc-altasegarra-calaf\/wp-json\/wp\/v2\/types\/page"}],"author":[{"embeddable":true,"href":"https:\/\/agora.xtec.cat\/esc-altasegarra-calaf\/wp-json\/wp\/v2\/users\/1"}],"replies":[{"embeddable":true,"href":"https:\/\/agora.xtec.cat\/esc-altasegarra-calaf\/wp-json\/wp\/v2\/comments?post=28"}],"version-history":[{"count":6,"href":"https:\/\/agora.xtec.cat\/esc-altasegarra-calaf\/wp-json\/wp\/v2\/pages\/28\/revisions"}],"predecessor-version":[{"id":7396,"href":"https:\/\/agora.xtec.cat\/esc-altasegarra-calaf\/wp-json\/wp\/v2\/pages\/28\/revisions\/7396"}],"up":[{"embeddable":true,"href":"https:\/\/agora.xtec.cat\/esc-altasegarra-calaf\/wp-json\/wp\/v2\/pages\/461"}],"wp:attachment":[{"href":"https:\/\/agora.xtec.cat\/esc-altasegarra-calaf\/wp-json\/wp\/v2\/media?parent=28"}],"curies":[{"name":"wp","href":"https:\/\/api.w.org\/{rel}","templated":true}]}}