{"id":26,"date":"2014-09-18T12:24:32","date_gmt":"2014-09-18T11:24:32","guid":{"rendered":"http:\/\/agora.xtec.cat\/esc-altasegarra-calaf\/?page_id=26"},"modified":"2021-07-07T12:52:34","modified_gmt":"2021-07-07T10:52:34","slug":"historia","status":"publish","type":"page","link":"https:\/\/agora.xtec.cat\/esc-altasegarra-calaf\/historia\/","title":{"rendered":"Qui som?"},"content":{"rendered":"<p style=\"text-align: justify;\">L&#8217;<strong>ESCOLA ALTA SEGARRA<\/strong> es troba a Calaf, un poble d\u2019uns 3538 habitants que compta amb un ampli territori d\u2019influ\u00e8ncia: Prats de Rei, Sant Mart\u00ed Sesgaioles, Pujalt, Calonge de Segarra, La Molsosa, Pin\u00f3s, Castellfollit de Riubreg\u00f3s, Aguilar de Segarra, Veciana, \u2026 i encara que el centre va ser concebut com una agrupaci\u00f3 comarcal, avui en dia la proporci\u00f3 d\u2019alumnes que v\u00e9nen dels pobles ve\u00efns \u00e9s minsa, ja que en alguns d\u2019ells, hi ha escoles p\u00fabliques agrupades en la ZER \u201cVent d\u2019Avall\u201d.<\/p>\n<p style=\"text-align: justify;\">Calaf, tamb\u00e9 disposa d\u2019un centre p\u00fablic d\u2019 Ensenyament Secundari Obligatori: IES Alexandre de Riquer, on es poden cursar l\u2019Ensenyament Obligatori i el Batxillerat i, d\u2019una Escola de M\u00fasica.<\/p>\n<p style=\"text-align: justify;\">Els conreus propis de la Comarca s\u00f3n els cereals de sec\u00e0, en especial el blat i l\u2019ordi. Tamb\u00e9 hi ha un bon nombre d\u2019explotacions ramaderes intensives.<\/p>\n<p style=\"text-align: justify;\">L\u2019activitat econ\u00f2mica gira entorn els serveis i la ind\u00fastria, especialment la referent als materials de construcci\u00f3, maquin\u00e0ria agr\u00edcola, t\u00e8xtil i mec\u00e0nica.<\/p>\n<p style=\"text-align: justify;\">En quan a la infraestructura cultural i esportiva, a Calaf hi ha un Casal, un Centre C\u00edvic, La Uni\u00f3 Calafina, un Poliesportiu, \u2026 on agrupacions de teatre, m\u00fasica, dansa tradicional, futbol, b\u00e0squet, futbol sala, ciclisme, escacs,\u2026 organitzen i participen peri\u00f2dicament en trobades i esdeveniments.<\/p>\n<p>&nbsp;<\/p>\n","protected":false},"excerpt":{"rendered":"<p>L&#8217;ESCOLA ALTA SEGARRA es troba a Calaf, un poble d\u2019uns 3538 habitants que compta amb un ampli territori d\u2019influ\u00e8ncia: Prats de Rei, Sant Mart\u00ed Sesgaioles, Pujalt, Calonge de Segarra, La Molsosa, Pin\u00f3s, Castellfollit de Riubreg\u00f3s, Aguilar de Segarra, Veciana, \u2026 i encara que el centre va ser concebut com una agrupaci\u00f3 comarcal, avui en dia [&hellip;]<\/p>\n","protected":false},"author":1,"featured_media":0,"parent":0,"menu_order":20,"comment_status":"closed","ping_status":"closed","template":"page-templates\/side-menu.php","meta":{"_bbp_topic_count":0,"_bbp_reply_count":0,"_bbp_total_topic_count":0,"_bbp_total_reply_count":0,"_bbp_voice_count":0,"_bbp_anonymous_reply_count":0,"_bbp_topic_count_hidden":0,"_bbp_reply_count_hidden":0,"_bbp_forum_subforum_count":0,"site-sidebar-layout":"default","site-content-layout":"","ast-site-content-layout":"","site-content-style":"default","site-sidebar-style":"default","ast-global-header-display":"","ast-banner-title-visibility":"","ast-main-header-display":"","ast-hfb-above-header-display":"","ast-hfb-below-header-display":"","ast-hfb-mobile-header-display":"","site-post-title":"","ast-breadcrumbs-content":"","ast-featured-img":"","footer-sml-layout":"","theme-transparent-header-meta":"","adv-header-id-meta":"","stick-header-meta":"","header-above-stick-meta":"","header-main-stick-meta":"","header-below-stick-meta":"","astra-migrate-meta-layouts":"default","ast-page-background-enabled":"default","ast-page-background-meta":{"desktop":{"background-color":"var(--ast-global-color-4)","background-image":"","background-repeat":"repeat","background-position":"center center","background-size":"auto","background-attachment":"scroll","background-type":"","background-media":"","overlay-type":"","overlay-color":"","overlay-opacity":"","overlay-gradient":""},"tablet":{"background-color":"","background-image":"","background-repeat":"repeat","background-position":"center center","background-size":"auto","background-attachment":"scroll","background-type":"","background-media":"","overlay-type":"","overlay-color":"","overlay-opacity":"","overlay-gradient":""},"mobile":{"background-color":"","background-image":"","background-repeat":"repeat","background-position":"center center","background-size":"auto","background-attachment":"scroll","background-type":"","background-media":"","overlay-type":"","overlay-color":"","overlay-opacity":"","overlay-gradient":""}},"ast-content-background-meta":{"desktop":{"background-color":"var(--ast-global-color-5)","background-image":"","background-repeat":"repeat","background-position":"center center","background-size":"auto","background-attachment":"scroll","background-type":"","background-media":"","overlay-type":"","overlay-color":"","overlay-opacity":"","overlay-gradient":""},"tablet":{"background-color":"var(--ast-global-color-5)","background-image":"","background-repeat":"repeat","background-position":"center center","background-size":"auto","background-attachment":"scroll","background-type":"","background-media":"","overlay-type":"","overlay-color":"","overlay-opacity":"","overlay-gradient":""},"mobile":{"background-color":"var(--ast-global-color-5)","background-image":"","background-repeat":"repeat","background-position":"center center","background-size":"auto","background-attachment":"scroll","background-type":"","background-media":"","overlay-type":"","overlay-color":"","overlay-opacity":"","overlay-gradient":""}},"footnotes":""},"class_list":["post-26","page","type-page","status-publish","hentry"],"post_mailing_queue_ids":[],"_links":{"self":[{"href":"https:\/\/agora.xtec.cat\/esc-altasegarra-calaf\/wp-json\/wp\/v2\/pages\/26","targetHints":{"allow":["GET"]}}],"collection":[{"href":"https:\/\/agora.xtec.cat\/esc-altasegarra-calaf\/wp-json\/wp\/v2\/pages"}],"about":[{"href":"https:\/\/agora.xtec.cat\/esc-altasegarra-calaf\/wp-json\/wp\/v2\/types\/page"}],"author":[{"embeddable":true,"href":"https:\/\/agora.xtec.cat\/esc-altasegarra-calaf\/wp-json\/wp\/v2\/users\/1"}],"replies":[{"embeddable":true,"href":"https:\/\/agora.xtec.cat\/esc-altasegarra-calaf\/wp-json\/wp\/v2\/comments?post=26"}],"version-history":[{"count":4,"href":"https:\/\/agora.xtec.cat\/esc-altasegarra-calaf\/wp-json\/wp\/v2\/pages\/26\/revisions"}],"predecessor-version":[{"id":3888,"href":"https:\/\/agora.xtec.cat\/esc-altasegarra-calaf\/wp-json\/wp\/v2\/pages\/26\/revisions\/3888"}],"wp:attachment":[{"href":"https:\/\/agora.xtec.cat\/esc-altasegarra-calaf\/wp-json\/wp\/v2\/media?parent=26"}],"curies":[{"name":"wp","href":"https:\/\/api.w.org\/{rel}","templated":true}]}}