{"id":73,"date":"2014-09-18T14:01:51","date_gmt":"2014-09-18T13:01:51","guid":{"rendered":"http:\/\/agora.xtec.cat\/esc-almoster\/?page_id=73"},"modified":"2018-01-31T10:32:39","modified_gmt":"2018-01-31T09:32:39","slug":"menjador-escolar","status":"publish","type":"page","link":"https:\/\/agora.xtec.cat\/esc-almoster\/serveis\/menjador-escolar\/","title":{"rendered":"Menjador escolar"},"content":{"rendered":"<p>La junta comarcal de govern del Consell Comarcal del Baix Camp, en la sessi\u00f3 de 13 de gener de 2017, va aprovar conveni de col\u00b7laboraci\u00f3 amb l\u2019AMPA de l\u2019Escola Ram\u00f3n Sugra\u00f1es d&#8217;Almoster per a la gesti\u00f3 del servei de menjador escolar. Actualment \u00e9s gestionat per l&#8217;AMPA de l&#8217;escola.<\/p>\n<p>La capacitat m\u00e0xima \u00e9s entre 40 i 45 comensals per torn.<\/p>\n<p>Totes les nenes i els nens mengen en dos torns a les 12.30\u00a0 i a les 13.30 hores.<\/p>\n<p>Quatre monitores s\u00f3n les encarregades de vetllar pel servei de menjador.<\/p>\n<p>En cas de malaltia puntual es podria fer un men\u00fa adequat.<\/p>\n<p>Al comen\u00e7ament de curs s\u2019enviar\u00e0 una nota informativa comunicant a les mares i els pares dels alumnes el funcionament del menjador.Es poden demanar ajuts al Consell Comarcal del Baix Camp en les dates de la convocat\u00f2ria.<\/p>\n<p>Per qualsevol consulta podeu adre\u00e7ar-vos al menjador escolar tots els dies de 07.45 a 09.00 hores.<\/p>\n<div class=\"addtoany_share_save_container addtoany_content_bottom\"><\/div>\n","protected":false},"excerpt":{"rendered":"<p>La junta comarcal de govern del Consell Comarcal del Baix Camp, en la sessi\u00f3 de 13 de gener de 2017, va aprovar conveni de col\u00b7laboraci\u00f3 amb l\u2019AMPA de l\u2019Escola Ram\u00f3n Sugra\u00f1es d&#8217;Almoster per a la gesti\u00f3 del servei de menjador escolar. Actualment \u00e9s gestionat per&hellip;  <a href=\"https:\/\/agora.xtec.cat\/esc-almoster\/serveis\/menjador-escolar\/\" title=\"Read Menjador escolar\">Llegeix m\u00e9s\u00bb<\/a><\/p>\n","protected":false},"author":1,"featured_media":0,"parent":66,"menu_order":30,"comment_status":"closed","ping_status":"closed","template":"page-templates\/side-menu.php","meta":{"_bbp_topic_count":0,"_bbp_reply_count":0,"_bbp_total_topic_count":0,"_bbp_total_reply_count":0,"_bbp_voice_count":0,"_bbp_anonymous_reply_count":0,"_bbp_topic_count_hidden":0,"_bbp_reply_count_hidden":0,"_bbp_forum_subforum_count":0,"footnotes":""},"class_list":["post-73","page","type-page","status-publish","hentry"],"post_mailing_queue_ids":[],"_links":{"self":[{"href":"https:\/\/agora.xtec.cat\/esc-almoster\/wp-json\/wp\/v2\/pages\/73","targetHints":{"allow":["GET"]}}],"collection":[{"href":"https:\/\/agora.xtec.cat\/esc-almoster\/wp-json\/wp\/v2\/pages"}],"about":[{"href":"https:\/\/agora.xtec.cat\/esc-almoster\/wp-json\/wp\/v2\/types\/page"}],"author":[{"embeddable":true,"href":"https:\/\/agora.xtec.cat\/esc-almoster\/wp-json\/wp\/v2\/users\/1"}],"replies":[{"embeddable":true,"href":"https:\/\/agora.xtec.cat\/esc-almoster\/wp-json\/wp\/v2\/comments?post=73"}],"version-history":[{"count":3,"href":"https:\/\/agora.xtec.cat\/esc-almoster\/wp-json\/wp\/v2\/pages\/73\/revisions"}],"predecessor-version":[{"id":613,"href":"https:\/\/agora.xtec.cat\/esc-almoster\/wp-json\/wp\/v2\/pages\/73\/revisions\/613"}],"up":[{"embeddable":true,"href":"https:\/\/agora.xtec.cat\/esc-almoster\/wp-json\/wp\/v2\/pages\/66"}],"wp:attachment":[{"href":"https:\/\/agora.xtec.cat\/esc-almoster\/wp-json\/wp\/v2\/media?parent=73"}],"curies":[{"name":"wp","href":"https:\/\/api.w.org\/{rel}","templated":true}]}}