{"id":34,"date":"2014-09-18T12:32:18","date_gmt":"2014-09-18T11:32:18","guid":{"rendered":"http:\/\/agora.xtec.cat\/esc-almoster\/?page_id=34"},"modified":"2018-02-07T11:06:13","modified_gmt":"2018-02-07T10:06:13","slug":"oferta-educativa","status":"publish","type":"page","link":"https:\/\/agora.xtec.cat\/esc-almoster\/lescola\/oferta-educativa\/","title":{"rendered":"Programes i experi\u00e8ncies"},"content":{"rendered":"<ul>\n<li>Ensenyament de lleng\u00fces estrangeres: angl\u00e8s com a primera llengua des de P4 i franc\u00e8s com a segona llengua estrangera des de 3r.<\/li>\n<li>Projecte de biblioteca escolar i foment de la lectura.<\/li>\n<li>Formem part de la xarxa d\u2019escoles verdes.<\/li>\n<li>Ensenyament d\u2019escacs a prim\u00e0ria.<\/li>\n<li>Impartici\u00f3 de pl\u00e0stica a prim\u00e0ria per part d\u2019una especialista.<\/li>\n<li>Col\u00f2nies i\/o sortides.<\/li>\n<li>Tenim cura de l\u2019hort ecol\u00f2gic.<\/li>\n<li>Celebraci\u00f3 de festes tradicionals catalanes pr\u00f2pies de l\u2019entorn.<\/li>\n<li>Participem en programes d\u2019h\u00e0bits saludables.<\/li>\n<li>Coneixement i arrelament al poble.<\/li>\n<li>Atenci\u00f3 a la diversitat<\/li>\n<\/ul>\n","protected":false},"excerpt":{"rendered":"<ul>\n<li>Ensenyament de lleng\u00fces estrangeres: angl\u00e8s com a primera llengua des de P4 i franc\u00e8s com a segona llengua estrangera des de 3r.<\/li>\n<li>Projecte de biblioteca escolar i foment de la lectura.<\/li>\n<li>Formem part de la xarxa d\u2019escoles verdes.<\/li>\n<li>Ensenyament d\u2019escacs a prim\u00e0ria.<\/li>\n<li>Impartici\u00f3 de pl\u00e0stica a prim\u00e0ria per part&hellip;  <a href=\"https:\/\/agora.xtec.cat\/esc-almoster\/lescola\/oferta-educativa\/\" title=\"Read Programes i experi\u00e8ncies\">Llegeix m\u00e9s\u00bb<\/a><br \/>\n","protected":false},"author":1,"featured_media":0,"parent":22,"menu_order":60,"comment_status":"closed","ping_status":"closed","template":"page-templates\/side-menu.php","meta":{"_bbp_topic_count":0,"_bbp_reply_count":0,"_bbp_total_topic_count":0,"_bbp_total_reply_count":0,"_bbp_voice_count":0,"_bbp_anonymous_reply_count":0,"_bbp_topic_count_hidden":0,"_bbp_reply_count_hidden":0,"_bbp_forum_subforum_count":0,"footnotes":""},"class_list":["post-34","page","type-page","status-publish","hentry"],"post_mailing_queue_ids":[],"_links":{"self":[{"href":"https:\/\/agora.xtec.cat\/esc-almoster\/wp-json\/wp\/v2\/pages\/34","targetHints":{"allow":["GET"]}}],"collection":[{"href":"https:\/\/agora.xtec.cat\/esc-almoster\/wp-json\/wp\/v2\/pages"}],"about":[{"href":"https:\/\/agora.xtec.cat\/esc-almoster\/wp-json\/wp\/v2\/types\/page"}],"author":[{"embeddable":true,"href":"https:\/\/agora.xtec.cat\/esc-almoster\/wp-json\/wp\/v2\/users\/1"}],"replies":[{"embeddable":true,"href":"https:\/\/agora.xtec.cat\/esc-almoster\/wp-json\/wp\/v2\/comments?post=34"}],"version-history":[{"count":2,"href":"https:\/\/agora.xtec.cat\/esc-almoster\/wp-json\/wp\/v2\/pages\/34\/revisions"}],"predecessor-version":[{"id":561,"href":"https:\/\/agora.xtec.cat\/esc-almoster\/wp-json\/wp\/v2\/pages\/34\/revisions\/561"}],"up":[{"embeddable":true,"href":"https:\/\/agora.xtec.cat\/esc-almoster\/wp-json\/wp\/v2\/pages\/22"}],"wp:attachment":[{"href":"https:\/\/agora.xtec.cat\/esc-almoster\/wp-json\/wp\/v2\/media?parent=34"}],"curies":[{"name":"wp","href":"https:\/\/api.w.org\/{rel}","templated":true}]}}